{"id":1825,"date":"2024-12-16T02:30:24","date_gmt":"2024-12-16T02:30:24","guid":{"rendered":"https:\/\/mj-clothing.com\/?post_type=product&#038;p=1825"},"modified":"2024-12-17T06:30:13","modified_gmt":"2024-12-17T06:30:13","slug":"alchemai-hoodie","status":"publish","type":"product","link":"https:\/\/mj-clothing.com\/sk\/manufacturer\/alchemai-hoodie\/","title":{"rendered":"Mikina s kapuc\u0148ou Alchemai"},"content":{"rendered":"<h3 data-sourcepos=\"1:1-1:266\">Mikina s kapuc\u0148ou Alchemai<\/h3>\n<p data-sourcepos=\"1:1-1:266\">Mikina Alchemai je \u0161t\u00fdlov\u00fd a pohodln\u00fd k\u00fasok oble\u010denia, ktor\u00fd je ide\u00e1lny na ka\u017edodenn\u00e9 nosenie. Je vyroben\u00e1 z vysokokvalitn\u00fdch materi\u00e1lov a je k dispoz\u00edcii v r\u00f4znych farb\u00e1ch. Mikina je tie\u017e cenovo ve\u013emi dostupn\u00e1, tak\u017ee je skvelou vo\u013ebou pre \u013eud\u00ed s obmedzen\u00fdm rozpo\u010dtom.<\/p>\n<p data-sourcepos=\"3:1-3:57\">Tu s\u00fa niektor\u00e9 z k\u013e\u00fa\u010dov\u00fdch vlastnost\u00ed mikiny Alchemai:<\/p>\n<ul data-sourcepos=\"5:1-10:0\">\n<li data-sourcepos=\"5:1-5:153\"><strong>Vyroben\u00e9 z vysokokvalitn\u00fdch materi\u00e1lov:<\/strong> Mikina je vyroben\u00e1 z m\u00e4kk\u00e9ho a pr\u00edjemn\u00e9ho fl\u00edsov\u00e9ho materi\u00e1lu, ktor\u00fd je ide\u00e1lny na udr\u017eanie tepla po\u010das chladn\u00fdch dn\u00ed.<\/li>\n<li data-sourcepos=\"6:1-6:122\"><strong>K dispoz\u00edcii v r\u00f4znych farb\u00e1ch:<\/strong> M\u00f4\u017eete si vybra\u0165 z r\u00f4znych farieb a n\u00e1js\u0165 si dokonal\u00fa mikinu pre svoj \u0161t\u00fdl.<\/li>\n<li data-sourcepos=\"7:1-7:97\"><strong>Cenovo dostupn\u00e9:<\/strong> Mikina je cenovo ve\u013emi dostupn\u00e1, tak\u017ee je skvelou vo\u013ebou pre \u013eud\u00ed s obmedzen\u00fdm rozpo\u010dtom.<\/li>\n<li data-sourcepos=\"8:1-8:103\"><strong>Pohodln\u00e9:<\/strong> Mikina je ve\u013emi pohodln\u00e1 na nosenie v\u010faka m\u00e4kk\u00e9mu a vo\u013en\u00e9mu strihu.<\/li>\n<li data-sourcepos=\"9:1-10:0\"><strong>\u0160t\u00fdlov\u00e9:<\/strong> Mikina je tie\u017e ve\u013emi \u0161t\u00fdlov\u00e1 a d\u00e1 sa \u013eahko obliec\u0165 hore alebo dole.<\/li>\n<\/ul>\n<p data-sourcepos=\"11:1-11:174\">Ak h\u013ead\u00e1te \u0161t\u00fdlov\u00fa a pohodln\u00fa mikinu s kapuc\u0148ou, ktor\u00e1 je z\u00e1rove\u0148 cenovo dostupn\u00e1, potom je mikina Alchemai Hoodie skvelou vo\u013ebou. N\u00e1jdete ju online alebo u miestneho predajcu.<\/p>","protected":false},"excerpt":{"rendered":"<table style=\"height: 538px;\" width=\"470\">\n<tbody>\n<tr>\n<td width=\"146\"><strong><b>Produkt<\/b><\/strong>\u00a0<strong><b>N\u00e1zov:<\/b><\/strong><\/td>\n<td width=\"601\"><strong>Mikina s kapuc\u0148ou Alchemai<\/strong><\/td>\n<\/tr>\n<tr>\n<td width=\"146\"><strong><b>Materstvo:<\/b><\/strong><\/td>\n<td width=\"601\">Polyester\/bavlna<\/td>\n<\/tr>\n<tr>\n<td width=\"146\"><strong><b>Technika:<\/b><\/strong><\/td>\n<td width=\"601\">Tla\u010d a farbenie<\/td>\n<\/tr>\n<tr>\n<td width=\"146\"><strong><b>\u0160t\u00fdl:<\/b><\/strong><\/td>\n<td width=\"601\">Pr\u00edle\u017eitostn\u00e9<\/td>\n<\/tr>\n<tr>\n<td width=\"146\"><strong><b>Farba<\/b><\/strong><strong><b>:<\/b><\/strong><\/td>\n<td width=\"601\">\u00a0Vlastn\u00e9 farby<\/td>\n<\/tr>\n<tr>\n<td width=\"146\"><strong><b>Ve\u013ekos\u0165:<\/b><\/strong><\/td>\n<td width=\"601\">S \/M \/L \/XL \/2XL<\/td>\n<\/tr>\n<tr>\n<td width=\"146\"><strong><b>OEM\/ODM:<\/b><\/strong><\/td>\n<td width=\"601\">Prijate\u013en\u00e9<\/td>\n<\/tr>\n<tr>\n<td width=\"146\"><strong><b>Kvalita:<\/b><\/strong><\/td>\n<td width=\"601\">100% Vysok\u00e1 kvalita<\/td>\n<\/tr>\n<tr>\n<td width=\"146\"><strong><b>M<\/b><\/strong><strong><b>OQ:<\/b><\/strong><\/td>\n<td width=\"601\">200 ks<\/td>\n<\/tr>\n<\/tbody>\n<\/table>","protected":false},"featured_media":1826,"template":"","meta":[],"product_brand":[],"product_cat":[38],"product_tag":[],"class_list":{"0":"post-1825","1":"product","2":"type-product","3":"status-publish","4":"has-post-thumbnail","6":"product_cat-mens-clothing","8":"first","9":"instock","10":"shipping-taxable","11":"product-type-simple"},"_links":{"self":[{"href":"https:\/\/mj-clothing.com\/sk\/wp-json\/wp\/v2\/product\/1825","targetHints":{"allow":["GET"]}}],"collection":[{"href":"https:\/\/mj-clothing.com\/sk\/wp-json\/wp\/v2\/product"}],"about":[{"href":"https:\/\/mj-clothing.com\/sk\/wp-json\/wp\/v2\/types\/product"}],"wp:featuredmedia":[{"embeddable":true,"href":"https:\/\/mj-clothing.com\/sk\/wp-json\/wp\/v2\/media\/1826"}],"wp:attachment":[{"href":"https:\/\/mj-clothing.com\/sk\/wp-json\/wp\/v2\/media?parent=1825"}],"wp:term":[{"taxonomy":"product_brand","embeddable":true,"href":"https:\/\/mj-clothing.com\/sk\/wp-json\/wp\/v2\/product_brand?post=1825"},{"taxonomy":"product_cat","embeddable":true,"href":"https:\/\/mj-clothing.com\/sk\/wp-json\/wp\/v2\/product_cat?post=1825"},{"taxonomy":"product_tag","embeddable":true,"href":"https:\/\/mj-clothing.com\/sk\/wp-json\/wp\/v2\/product_tag?post=1825"}],"curies":[{"name":"wp","href":"https:\/\/api.w.org\/{rel}","templated":true}]}}