{"id":1834,"date":"2024-12-16T03:01:13","date_gmt":"2024-12-16T03:01:13","guid":{"rendered":"https:\/\/mj-clothing.com\/?post_type=product&#038;p=1834"},"modified":"2024-12-17T06:27:12","modified_gmt":"2024-12-17T06:27:12","slug":"pullover-hoodie","status":"publish","type":"product","link":"https:\/\/mj-clothing.com\/sk\/manufacturer\/pullover-hoodie\/","title":{"rendered":"Pul\u00f3ver s kapuc\u0148ou"},"content":{"rendered":"<p data-sourcepos=\"1:1-1:345\"><span class=\"citation-0 recitation citation-end-0\">Mikina s kapuc\u0148ou je le\u017e\u00e9rny a pohodln\u00fd kus oble\u010denia, ktor\u00fd je ide\u00e1lny na ka\u017edodenn\u00e9 nosenie.<\/span> <span class=\"citation-1 recitation citation-end-1\">Zvy\u010dajne m\u00e1 kapuc\u0148u, klokanie vrecko a elastick\u00e9 man\u017eety a p\u00e1s.<\/span> <span class=\"citation-2 recitation citation-end-2\">Pul\u00f3vre s kapuc\u0148ou s\u00fa \u010dasto vyroben\u00e9 z m\u00e4kk\u00fdch a tepl\u00fdch materi\u00e1lov, ako je fleece alebo bavlna, tak\u017ee s\u00fa ide\u00e1lne do chladnej\u0161ieho po\u010dasia.<\/span><\/p>\n<h3 data-sourcepos=\"3:1-3:38\"><strong>K\u013e\u00fa\u010dov\u00e9 vlastnosti pul\u00f3vra s kapuc\u0148ou:<\/strong><\/h3>\n<ul data-sourcepos=\"5:1-9:0\">\n<li data-sourcepos=\"5:1-5:61\"><strong>Kapuc\u0148a:<\/strong> Poskytuje teplo a ochranu pred nepriazniv\u00fdmi vplyvmi.<\/li>\n<li data-sourcepos=\"6:1-6:125\"><strong><span class=\"citation-3 recitation\">Klokanie vrecko:<\/span><\/strong><span class=\"citation-3 recitation citation-end-3\"> Ve\u013ek\u00e9 predn\u00e9 vrecko, ktor\u00e9 je ide\u00e1lne na udr\u017eanie r\u00fak v teple alebo na pren\u00e1\u0161anie drobn\u00fdch predmetov.<\/span><span class=\"button-container hide-from-message-actions ng-star-inserted\"> \u00a0<\/span>\n<div class=\"container ng-tns-c2946245707-75 hide\">\n<div class=\"carousel-container ng-tns-c2946245707-75\"><\/div>\n<\/div>\n<\/li>\n<li data-sourcepos=\"7:1-7:74\"><strong>Elastick\u00e9 man\u017eety a p\u00e1s:<\/strong> Zabezpe\u010duje pohodln\u00e9 a priliehav\u00e9 nosenie.<\/li>\n<li data-sourcepos=\"8:1-9:0\"><strong><span class=\"citation-4 recitation\">M\u00e4kk\u00fd a tepl\u00fd materi\u00e1l:<\/span><\/strong><span class=\"citation-4 recitation citation-end-4\"> \u010casto s\u00fa vyroben\u00e9 z fl\u00edsu alebo bavlny pre optim\u00e1lne pohodlie.<\/span>\n<div class=\"container ng-tns-c2946245707-76 hide\">\n<div class=\"carousel-container ng-tns-c2946245707-76\">\n<div class=\"carousel-content ng-tns-c2946245707-76\">\n<div class=\"sources-carousel-source ng-tns-c2946245707-76 hide ng-star-inserted\" data-test-id=\"sources-carousel-source\"><\/div>\n<\/div>\n<\/div>\n<\/div>\n<\/li>\n<\/ul>\n<h3 data-sourcepos=\"10:1-10:35\"><strong>Ako si obliec\u0165 pul\u00f3ver s kapuc\u0148ou:<\/strong><\/h3>\n<p data-sourcepos=\"12:1-12:118\"><span class=\"citation-5 recitation citation-end-5\">Pul\u00f3vre s kapuc\u0148ou s\u00fa neuverite\u013ene v\u0161estrann\u00e9 a daj\u00fa sa kombinova\u0165 r\u00f4znymi sp\u00f4sobmi.<\/span> Tu je nieko\u013eko n\u00e1padov:<\/p>\n<p data-sourcepos=\"12:1-12:118\"><strong>Pr\u00edle\u017eitostn\u00e9:<\/strong> Mikinu s kapuc\u0148ou skombinujte s d\u017e\u00ednsami a teniskami, aby ste dosiahli uvo\u013enen\u00fd a pohodln\u00fd vzh\u013ead.<\/p>\n<ul data-sourcepos=\"14:1-18:0\">\n<li data-sourcepos=\"15:1-15:93\"><strong>\u0160portov\u00e9:<\/strong> Oble\u010dte si pul\u00f3ver s kapuc\u0148ou s tepl\u00e1kmi alebo joggermi, aby ste vyzerali \u0161portovo a akt\u00edvne.<\/li>\n<li data-sourcepos=\"16:1-16:92\"><strong>Vrstven\u00e9:<\/strong> Pre v\u00e4\u010d\u0161ie teplo navrstvite pul\u00f3ver s kapuc\u0148ou na tri\u010dko alebo ko\u0161e\u013eu s dlh\u00fdm ruk\u00e1vom.<\/li>\n<li data-sourcepos=\"17:1-18:0\"><strong>\u0160aty na vo\u013en\u00fd \u010das:<\/strong> Oble\u010dte si pul\u00f3ver s kapuc\u0148ou v kombin\u00e1cii s ko\u017eenou bundou, tmav\u00fdmi d\u017e\u00ednsami a \u010di\u017emami.<\/li>\n<\/ul>\n<h3 data-sourcepos=\"19:1-19:39\"><strong>Ob\u013e\u00faben\u00e9 zna\u010dky mik\u00edn s kapuc\u0148ou:<\/strong><\/h3>\n<ul data-sourcepos=\"21:1-26:0\">\n<li data-sourcepos=\"21:1-21:77\"><strong><span class=\"citation-6 recitation\">\u0160ampi\u00f3n:<\/span><\/strong><span class=\"citation-6 recitation citation-end-6\"> Zn\u00e1me pre svoje vysokokvalitn\u00e9 a klasick\u00e9 \u0161t\u00fdly.<\/span><span class=\"button-container hide-from-message-actions ng-star-inserted\"> \u00a0<\/span>\n<div class=\"container ng-tns-c2946245707-78 hide\">\n<div class=\"carousel-container ng-tns-c2946245707-78\"><\/div>\n<\/div>\n<\/li>\n<li data-sourcepos=\"22:1-22:81\"><strong>Nike:<\/strong> Pon\u00faka \u0161irok\u00fa \u0161k\u00e1lu mik\u00edn s kapuc\u0148ou v r\u00f4znych \u0161t\u00fdloch a farb\u00e1ch.<\/li>\n<li data-sourcepos=\"23:1-23:58\"><strong>Adidas:<\/strong> Zn\u00e1me pre svoje atletick\u00e9 a \u0161portov\u00e9 dizajny.<\/li>\n<li data-sourcepos=\"24:1-24:63\"><strong>H&amp;M:<\/strong> Pon\u00faka cenovo dostupn\u00e9 a m\u00f3dne pul\u00f3vre s kapuc\u0148ou.<\/li>\n<li data-sourcepos=\"25:1-26:0\"><strong>Zara:<\/strong> Pon\u00faka \u0161t\u00fdlov\u00e9 a m\u00f3dne pul\u00f3vre s kapuc\u0148ou.<\/li>\n<\/ul>","protected":false},"excerpt":{"rendered":"<table style=\"height: 508px;\" width=\"446\">\n<tbody>\n<tr>\n<td width=\"146\"><strong><b>Produkt<\/b><\/strong>\u00a0<strong><b>N\u00e1zov:<\/b><\/strong><\/td>\n<td width=\"601\"><strong>Pul\u00f3ver s kapuc\u0148ou<\/strong><\/td>\n<\/tr>\n<tr>\n<td width=\"146\"><strong><b>Materstvo:<\/b><\/strong><\/td>\n<td width=\"601\">Polyester\/bavlna<\/td>\n<\/tr>\n<tr>\n<td width=\"146\"><strong><b>Technika:<\/b><\/strong><\/td>\n<td width=\"601\">Tla\u010d a farbenie<\/td>\n<\/tr>\n<tr>\n<td width=\"146\"><strong><b>\u0160t\u00fdl:<\/b><\/strong><\/td>\n<td width=\"601\">Pr\u00edle\u017eitostn\u00e9<\/td>\n<\/tr>\n<tr>\n<td width=\"146\"><strong><b>Farba<\/b><\/strong><strong><b>:<\/b><\/strong><\/td>\n<td width=\"601\">\u00a0Vlastn\u00e9 farby<\/td>\n<\/tr>\n<tr>\n<td width=\"146\"><strong><b>Ve\u013ekos\u0165:<\/b><\/strong><\/td>\n<td width=\"601\">S \/M \/L \/XL \/2XL<\/td>\n<\/tr>\n<tr>\n<td width=\"146\"><strong><b>OEM\/ODM:<\/b><\/strong><\/td>\n<td width=\"601\">Prijate\u013en\u00e9<\/td>\n<\/tr>\n<tr>\n<td width=\"146\"><strong><b>Kvalita:<\/b><\/strong><\/td>\n<td width=\"601\">100% Vysok\u00e1 kvalita<\/td>\n<\/tr>\n<tr>\n<td width=\"146\"><strong><b>M<\/b><\/strong><strong><b>OQ:<\/b><\/strong><\/td>\n<td width=\"601\">200 ks<\/td>\n<\/tr>\n<\/tbody>\n<\/table>","protected":false},"featured_media":1836,"template":"","meta":[],"product_brand":[],"product_cat":[38],"product_tag":[],"class_list":{"0":"post-1834","1":"product","2":"type-product","3":"status-publish","4":"has-post-thumbnail","6":"product_cat-mens-clothing","8":"first","9":"instock","10":"shipping-taxable","11":"product-type-simple"},"_links":{"self":[{"href":"https:\/\/mj-clothing.com\/sk\/wp-json\/wp\/v2\/product\/1834","targetHints":{"allow":["GET"]}}],"collection":[{"href":"https:\/\/mj-clothing.com\/sk\/wp-json\/wp\/v2\/product"}],"about":[{"href":"https:\/\/mj-clothing.com\/sk\/wp-json\/wp\/v2\/types\/product"}],"wp:featuredmedia":[{"embeddable":true,"href":"https:\/\/mj-clothing.com\/sk\/wp-json\/wp\/v2\/media\/1836"}],"wp:attachment":[{"href":"https:\/\/mj-clothing.com\/sk\/wp-json\/wp\/v2\/media?parent=1834"}],"wp:term":[{"taxonomy":"product_brand","embeddable":true,"href":"https:\/\/mj-clothing.com\/sk\/wp-json\/wp\/v2\/product_brand?post=1834"},{"taxonomy":"product_cat","embeddable":true,"href":"https:\/\/mj-clothing.com\/sk\/wp-json\/wp\/v2\/product_cat?post=1834"},{"taxonomy":"product_tag","embeddable":true,"href":"https:\/\/mj-clothing.com\/sk\/wp-json\/wp\/v2\/product_tag?post=1834"}],"curies":[{"name":"wp","href":"https:\/\/api.w.org\/{rel}","templated":true}]}}