{"id":1837,"date":"2024-12-16T03:05:25","date_gmt":"2024-12-16T03:05:25","guid":{"rendered":"https:\/\/mj-clothing.com\/?post_type=product&#038;p=1837"},"modified":"2024-12-17T06:26:09","modified_gmt":"2024-12-17T06:26:09","slug":"akimbo-hoodie","status":"publish","type":"product","link":"https:\/\/mj-clothing.com\/sk\/manufacturer\/akimbo-hoodie\/","title":{"rendered":"Mikina s kapuc\u0148ou Akimbo"},"content":{"rendered":"<p data-sourcepos=\"1:1-1:237\">Mikina Akimbo je ob\u013e\u00faben\u00fd \u0161t\u00fdl zn\u00e1my svoj\u00edm uvo\u013enen\u00fdm, nadrozmern\u00fdm strihom a m\u00e4kk\u00fdm, pohodln\u00fdm materi\u00e1lom. \u010casto je vyroben\u00e1 z kvalitn\u00e9ho fl\u00edsu alebo bavlny a m\u00e1 kapuc\u0148u so s\u0165ahovacou \u0161n\u00farkou, klokanie vrecko a rebrovan\u00e9 man\u017eety a p\u00e1s.<\/p>\n<h3 data-sourcepos=\"3:1-3:38\"><strong>K\u013e\u00fa\u010dov\u00e9 vlastnosti mikiny Akimbo:<\/strong><\/h3>\n<ul data-sourcepos=\"5:1-10:0\">\n<li data-sourcepos=\"5:1-5:77\"><strong>Nadrozmern\u00fd strih:<\/strong> Vo\u013en\u00fd a pohodln\u00fd strih, ktor\u00fd je ide\u00e1lny na vrstvenie.<\/li>\n<li data-sourcepos=\"6:1-6:91\"><strong>M\u00e4kk\u00fd materi\u00e1l:<\/strong> Zvy\u010dajne s\u00fa vyroben\u00e9 z vysokokvalitn\u00e9ho r\u00fana alebo bavlny pre maxim\u00e1lne pohodlie.<\/li>\n<li data-sourcepos=\"7:1-7:89\"><strong>Kapuc\u0148a so \u0161n\u00farkou na stiahnutie:<\/strong> Nastavite\u013en\u00e1 kapuc\u0148a pre v\u00e4\u010d\u0161ie teplo a ochranu pred nepriazniv\u00fdmi vplyvmi.<\/li>\n<li data-sourcepos=\"8:1-8:111\"><strong><span class=\"citation-0 recitation\">Klokanie vrecko:<\/span><\/strong><span class=\"citation-0 recitation citation-end-0\"> Priestrann\u00e9 predn\u00e9 vrecko na udr\u017eanie r\u00fak v teple alebo na ulo\u017eenie drobn\u00fdch predmetov.<\/span><span class=\"button-container hide-from-message-actions ng-star-inserted\"> \u00a0<\/span>\n<div class=\"container ng-tns-c2946245707-91 hide\">\n<div class=\"carousel-container ng-tns-c2946245707-91\"><\/div>\n<\/div>\n<\/li>\n<li data-sourcepos=\"9:1-10:0\"><strong>Rebrovan\u00e9 man\u017eety a p\u00e1s:<\/strong> Zabezpe\u010duje pevn\u00e9 a pohodln\u00e9 nosenie.<\/li>\n<\/ul>\n<h3 data-sourcepos=\"11:1-11:35\"><strong>Ako na \u0161t\u00fdl mikiny Akimbo Hoodie:<\/strong><\/h3>\n<p data-sourcepos=\"13:1-13:103\">Mikina Akimbo Hoodie je univerz\u00e1lny k\u00fasok, ktor\u00fd sa d\u00e1 kombinova\u0165 r\u00f4znymi sp\u00f4sobmi. Tu je nieko\u013eko n\u00e1padov:<\/p>\n<ul data-sourcepos=\"15:1-18:0\">\n<li data-sourcepos=\"15:1-15:105\"><strong>Pr\u00edle\u017eitostn\u00e9:<\/strong> Kombinujte ju s d\u017e\u00ednsami, tepl\u00e1kmi alebo be\u017eeck\u00fdmi nohavicami a teniskami, aby ste dosiahli uvo\u013enen\u00fd a pohodln\u00fd vzh\u013ead.<\/li>\n<li data-sourcepos=\"16:1-16:77\"><strong>Vrstven\u00e9:<\/strong> Navrstvite ho na tri\u010dko alebo ko\u0161e\u013eu s dlh\u00fdm ruk\u00e1vom, aby ste sa zahriali.<\/li>\n<li data-sourcepos=\"17:1-18:0\"><strong>\u0160aty na vo\u013en\u00fd \u010das:<\/strong> Oble\u010dte si ho s ko\u017eenou bundou, tmav\u00fdmi d\u017e\u00ednsami a \u010di\u017emami.<\/li>\n<\/ul>","protected":false},"excerpt":{"rendered":"<table style=\"height: 490px;\" width=\"435\">\n<tbody>\n<tr>\n<td width=\"146\"><strong><b>Produkt<\/b><\/strong>\u00a0<strong><b>N\u00e1zov:<\/b><\/strong><\/td>\n<td width=\"601\"><strong>Mikina s kapuc\u0148ou Akimbo<\/strong><\/td>\n<\/tr>\n<tr>\n<td width=\"146\"><strong><b>Materstvo:<\/b><\/strong><\/td>\n<td width=\"601\">Polyester\/bavlna<\/td>\n<\/tr>\n<tr>\n<td width=\"146\"><strong><b>Technika:<\/b><\/strong><\/td>\n<td width=\"601\">Tla\u010d a farbenie<\/td>\n<\/tr>\n<tr>\n<td width=\"146\"><strong><b>\u0160t\u00fdl:<\/b><\/strong><\/td>\n<td width=\"601\">Pr\u00edle\u017eitostn\u00e9<\/td>\n<\/tr>\n<tr>\n<td width=\"146\"><strong><b>Farba<\/b><\/strong><strong><b>:<\/b><\/strong><\/td>\n<td width=\"601\">\u00a0Vlastn\u00e9 farby<\/td>\n<\/tr>\n<tr>\n<td width=\"146\"><strong><b>Ve\u013ekos\u0165:<\/b><\/strong><\/td>\n<td width=\"601\">S \/M \/L \/XL \/2XL<\/td>\n<\/tr>\n<tr>\n<td width=\"146\"><strong><b>OEM\/ODM:<\/b><\/strong><\/td>\n<td width=\"601\">Prijate\u013en\u00e9<\/td>\n<\/tr>\n<tr>\n<td width=\"146\"><strong><b>Kvalita:<\/b><\/strong><\/td>\n<td width=\"601\">100% Vysok\u00e1 kvalita<\/td>\n<\/tr>\n<tr>\n<td width=\"146\"><strong><b>M<\/b><\/strong><strong><b>OQ:<\/b><\/strong><\/td>\n<td width=\"601\">200 ks<\/td>\n<\/tr>\n<\/tbody>\n<\/table>","protected":false},"featured_media":1839,"template":"","meta":[],"product_brand":[],"product_cat":[38],"product_tag":[],"class_list":{"0":"post-1837","1":"product","2":"type-product","3":"status-publish","4":"has-post-thumbnail","6":"product_cat-mens-clothing","8":"first","9":"instock","10":"shipping-taxable","11":"product-type-simple"},"_links":{"self":[{"href":"https:\/\/mj-clothing.com\/sk\/wp-json\/wp\/v2\/product\/1837","targetHints":{"allow":["GET"]}}],"collection":[{"href":"https:\/\/mj-clothing.com\/sk\/wp-json\/wp\/v2\/product"}],"about":[{"href":"https:\/\/mj-clothing.com\/sk\/wp-json\/wp\/v2\/types\/product"}],"wp:featuredmedia":[{"embeddable":true,"href":"https:\/\/mj-clothing.com\/sk\/wp-json\/wp\/v2\/media\/1839"}],"wp:attachment":[{"href":"https:\/\/mj-clothing.com\/sk\/wp-json\/wp\/v2\/media?parent=1837"}],"wp:term":[{"taxonomy":"product_brand","embeddable":true,"href":"https:\/\/mj-clothing.com\/sk\/wp-json\/wp\/v2\/product_brand?post=1837"},{"taxonomy":"product_cat","embeddable":true,"href":"https:\/\/mj-clothing.com\/sk\/wp-json\/wp\/v2\/product_cat?post=1837"},{"taxonomy":"product_tag","embeddable":true,"href":"https:\/\/mj-clothing.com\/sk\/wp-json\/wp\/v2\/product_tag?post=1837"}],"curies":[{"name":"wp","href":"https:\/\/api.w.org\/{rel}","templated":true}]}}