{"id":1843,"date":"2024-12-16T03:21:20","date_gmt":"2024-12-16T03:21:20","guid":{"rendered":"https:\/\/mj-clothing.com\/?post_type=product&#038;p=1843"},"modified":"2024-12-17T06:40:16","modified_gmt":"2024-12-17T06:40:16","slug":"golf-hoodie","status":"publish","type":"product","link":"https:\/\/mj-clothing.com\/sk\/manufacturer\/golf-hoodie\/","title":{"rendered":"Golfov\u00e1 mikina s kapuc\u0148ou"},"content":{"rendered":"<p data-sourcepos=\"1:1-1:192\">Golfov\u00e1 mikina s kapuc\u0148ou je typ \u0161portov\u00e9ho oble\u010denia \u0161peci\u00e1lne navrhnut\u00e9ho pre hr\u00e1\u010dov golfu, ktor\u00e9 kombinuje pohodlie a teplo tradi\u010dnej mikiny s kapuc\u0148ou s v\u00fdkonnostn\u00fdmi vlastnos\u0165ami vhodn\u00fdmi na golfov\u00e9 ihrisko.<\/p>\n<h3 data-sourcepos=\"3:1-3:34\"><strong>K\u013e\u00fa\u010dov\u00e9 vlastnosti golfovej mikiny:<\/strong><\/h3>\n<ul data-sourcepos=\"5:1-10:0\">\n<li data-sourcepos=\"5:1-5:283\"><strong>V\u00fdkonn\u00e9 tkaniny:<\/strong> Golfov\u00e9 mikiny s\u00fa \u010dasto vyroben\u00e9 z vysoko v\u00fdkonn\u00fdch tkan\u00edn, ako je polyester alebo zmes polyesteru a bavlny. Tieto tkaniny s\u00fa navrhnut\u00e9 tak, aby odv\u00e1dzali vlhkos\u0165, boli priedu\u0161n\u00e9 a elastick\u00e9, aby golfisti zostali v suchu, pohodl\u00ed a neobmedzovali sa po\u010das \u0161vihu.<\/li>\n<li data-sourcepos=\"6:1-6:207\"><strong>Odolnos\u0165 vo\u010di poveternostn\u00fdm vplyvom:<\/strong> Mnoh\u00e9 golfov\u00e9 \u010diapky s\u00fa vodeodoln\u00e9 alebo vodoodpudiv\u00e9 a chr\u00e1nia golfistov pred \u013eahk\u00fdm da\u017e\u010fom alebo mrholen\u00edm. Niektor\u00e9 maj\u00fa aj tepeln\u00fa izol\u00e1ciu, ktor\u00e1 udr\u017e\u00ed golfistov v teple v chladnej\u0161om po\u010das\u00ed.<\/li>\n<li data-sourcepos=\"7:1-7:100\"><strong>Ochrana pred slnkom:<\/strong> Niektor\u00e9 golfov\u00e9 mikiny s kapuc\u0148ou pon\u00fakaj\u00fa ochranu proti UV \u017eiareniu, ktor\u00e1 chr\u00e1ni golfistov pred \u0161kodliv\u00fdmi slne\u010dn\u00fdmi l\u00fa\u010dmi.<\/li>\n<li data-sourcepos=\"8:1-8:162\"><strong>Funk\u010dn\u00fd dizajn:<\/strong> Golfov\u00e9 mikiny \u010dasto obsahuj\u00fa prvky, ako s\u00fa vreck\u00e1 na zips na zabezpe\u010denie cennost\u00ed, nastavite\u013en\u00e9 kapucne a otvory na palce, ktor\u00e9 udr\u017euj\u00fa ruk\u00e1vy na svojom mieste.<\/li>\n<li data-sourcepos=\"9:1-10:0\"><strong>\u0160t\u00fdlov\u00fd dizajn:<\/strong> Golfov\u00e9 tri\u010dk\u00e1 sa vyr\u00e1baj\u00fa v r\u00f4znych \u0161t\u00fdloch, farb\u00e1ch a vzoroch, \u010do golfistom umo\u017e\u0148uje vyjadri\u0165 svoj osobn\u00fd \u0161t\u00fdl a z\u00e1rove\u0148 zosta\u0165 funk\u010dn\u00fdmi.<\/li>\n<\/ul>\n<h3 data-sourcepos=\"11:1-11:31\"><strong>Kedy nosi\u0165 golfov\u00fa mikinu s kapuc\u0148ou:<\/strong><\/h3>\n<p data-sourcepos=\"13:1-13:112\">Golfov\u00e9 mikiny s\u00fa univerz\u00e1lne a daj\u00fa sa nosi\u0165 v r\u00f4znych poveternostn\u00fdch podmienkach. S\u00fa obzvl\u00e1\u0161\u0165 u\u017eito\u010dn\u00e9 na:<\/p>\n<ul data-sourcepos=\"15:1-18:0\">\n<li data-sourcepos=\"15:1-15:87\"><strong>Chladnej\u0161ie po\u010dasie:<\/strong> Golfov\u00e9 mikiny s kapuc\u0148ou m\u00f4\u017eu poskytn\u00fa\u0165 teplo a pohodlie po\u010das chladnej\u0161\u00edch k\u00f4l.<\/li>\n<li data-sourcepos=\"16:1-16:101\"><strong>Da\u017ediv\u00e9 po\u010dasie:<\/strong> Vodoodoln\u00e9 golfov\u00e9 mikiny dok\u00e1\u017eu udr\u017ea\u0165 golfistov v suchu a pohodl\u00ed aj v miernom da\u017edi.<\/li>\n<li data-sourcepos=\"17:1-18:0\"><strong>Vrstvenie:<\/strong> Golfov\u00e9 tri\u010dk\u00e1 sa daj\u00fa vrstvi\u0165 s in\u00fdm golfov\u00fdm oble\u010den\u00edm a vytvori\u0165 tak oble\u010denie prisp\u00f4soben\u00e9 r\u00f4znym poveternostn\u00fdm podmienkam.<\/li>\n<\/ul>\n<p data-sourcepos=\"19:1-19:138\">V\u00fdberom golfovej mikiny s kapuc\u0148ou, ktor\u00e1 sp\u013a\u0148a va\u0161e \u0161pecifick\u00e9 potreby a preferencie, m\u00f4\u017eete zlep\u0161i\u0165 svoje pohodlie a v\u00fdkon na golfovom ihrisku.<\/p>","protected":false},"excerpt":{"rendered":"<table style=\"height: 543px;\" width=\"471\">\n<tbody>\n<tr>\n<td width=\"146\"><strong><b>Produkt<\/b><\/strong>\u00a0<strong><b>N\u00e1zov:<\/b><\/strong><\/td>\n<td width=\"601\">\n<p data-sourcepos=\"3:1-3:34\"><strong>Golfov\u00e1 mikina s kapuc\u0148ou<\/strong><\/p>\n<\/td>\n<\/tr>\n<tr>\n<td width=\"146\"><strong><b>Materstvo:<\/b><\/strong><\/td>\n<td width=\"601\">Polyester\/bavlna<\/td>\n<\/tr>\n<tr>\n<td width=\"146\"><strong><b>Technika: <\/b><\/strong><\/td>\n<td width=\"601\">Tla\u010d a farbenie<\/td>\n<\/tr>\n<tr>\n<td width=\"146\"><strong><b>\u0160t\u00fdl: <\/b><\/strong><\/td>\n<td width=\"601\">Pr\u00edle\u017eitostn\u00e9<\/td>\n<\/tr>\n<tr>\n<td width=\"146\"><strong><b>Farba<\/b><\/strong><strong><b>:<\/b><\/strong><\/td>\n<td width=\"601\">Biele a vlastn\u00e9 farby<\/td>\n<\/tr>\n<tr>\n<td width=\"146\"><strong><b>Ve\u013ekos\u0165:<\/b><\/strong><\/td>\n<td width=\"601\">S \/M \/L \/XL \/2XL<\/td>\n<\/tr>\n<tr>\n<td width=\"146\"><strong><b>OEM\/ODM:<\/b><\/strong><\/td>\n<td width=\"601\">Prijate\u013en\u00e9<\/td>\n<\/tr>\n<tr>\n<td width=\"146\"><strong><b>Kvalita:<\/b><\/strong><\/td>\n<td width=\"601\">100% Vysok\u00e1 kvalita<\/td>\n<\/tr>\n<tr>\n<td width=\"146\"><strong><b>M<\/b><\/strong><strong><b>OQ:<\/b><\/strong><\/td>\n<td width=\"601\">200 ks<\/td>\n<\/tr>\n<\/tbody>\n<\/table>","protected":false},"featured_media":1844,"template":"","meta":[],"product_brand":[],"product_cat":[38],"product_tag":[],"class_list":{"0":"post-1843","1":"product","2":"type-product","3":"status-publish","4":"has-post-thumbnail","6":"product_cat-mens-clothing","8":"first","9":"instock","10":"shipping-taxable","11":"product-type-simple"},"_links":{"self":[{"href":"https:\/\/mj-clothing.com\/sk\/wp-json\/wp\/v2\/product\/1843","targetHints":{"allow":["GET"]}}],"collection":[{"href":"https:\/\/mj-clothing.com\/sk\/wp-json\/wp\/v2\/product"}],"about":[{"href":"https:\/\/mj-clothing.com\/sk\/wp-json\/wp\/v2\/types\/product"}],"wp:featuredmedia":[{"embeddable":true,"href":"https:\/\/mj-clothing.com\/sk\/wp-json\/wp\/v2\/media\/1844"}],"wp:attachment":[{"href":"https:\/\/mj-clothing.com\/sk\/wp-json\/wp\/v2\/media?parent=1843"}],"wp:term":[{"taxonomy":"product_brand","embeddable":true,"href":"https:\/\/mj-clothing.com\/sk\/wp-json\/wp\/v2\/product_brand?post=1843"},{"taxonomy":"product_cat","embeddable":true,"href":"https:\/\/mj-clothing.com\/sk\/wp-json\/wp\/v2\/product_cat?post=1843"},{"taxonomy":"product_tag","embeddable":true,"href":"https:\/\/mj-clothing.com\/sk\/wp-json\/wp\/v2\/product_tag?post=1843"}],"curies":[{"name":"wp","href":"https:\/\/api.w.org\/{rel}","templated":true}]}}