{"id":1846,"date":"2024-12-16T03:37:19","date_gmt":"2024-12-16T03:37:19","guid":{"rendered":"https:\/\/mj-clothing.com\/?post_type=product&#038;p=1846"},"modified":"2024-12-17T06:24:41","modified_gmt":"2024-12-17T06:24:41","slug":"weighted-hoodie","status":"publish","type":"product","link":"https:\/\/mj-clothing.com\/sk\/manufacturer\/weighted-hoodie\/","title":{"rendered":"Mikina s kapuc\u0148ou so z\u00e1va\u017e\u00edm"},"content":{"rendered":"<p data-sourcepos=\"1:1-1:292\"><span class=\"citation-0 recitation citation-end-0\">Z\u00e1\u0165a\u017eov\u00e1 mikina je typ odevu, ktor\u00fd obsahuje z\u00e1\u0165a\u017eov\u00e9 materi\u00e1ly, zvy\u010dajne sklenen\u00e9 gu\u013e\u00f4\u010dky alebo plastov\u00e9 pelety, ktor\u00e9 poskytuj\u00fa upokojuj\u00faci a uzem\u0148uj\u00faci \u00fa\u010dinok.<\/span> <span class=\"citation-1 recitation citation-end-1\">Tento jemn\u00fd tlak m\u00f4\u017ee pom\u00f4c\u0165 zn\u00ed\u017ei\u0165 \u00fazkos\u0165, zlep\u0161i\u0165 s\u00fastredenie a podpori\u0165 lep\u0161\u00ed sp\u00e1nok.<\/span><span class=\"button-container hide-from-message-actions ng-star-inserted\"> \u00a0<\/span><\/p>\n<h3 data-sourcepos=\"3:1-3:38\"><strong>K\u013e\u00fa\u010dov\u00e9 vlastnosti mikiny s kapuc\u0148ou:<\/strong><\/h3>\n<ul data-sourcepos=\"5:1-10:0\">\n<li data-sourcepos=\"5:1-5:145\"><strong>V\u00e1\u017een\u00e9 materi\u00e1ly:<\/strong> <span class=\"citation-2 recitation citation-end-2\">Mal\u00e9 gu\u013e\u00f4\u010dky alebo pelety s\u00fa rovnomerne rozmiestnen\u00e9 po celej kapucni a poskytuj\u00fa jemn\u00fd, upokojuj\u00faci tlak.<\/span><span class=\"button-container hide-from-message-actions ng-star-inserted\"> \u00a0<\/span>\n<div class=\"container ng-tns-c2946245707-171 hide\">\n<div class=\"carousel-container ng-tns-c2946245707-171\"><\/div>\n<\/div>\n<\/li>\n<li data-sourcepos=\"6:1-6:93\"><strong>Pohodlie:<\/strong> <span class=\"citation-3 recitation citation-end-3\">Mikina je navrhnut\u00e1 tak, aby bola m\u00e4kk\u00e1, pr\u00edjemn\u00e1 a pohodln\u00e1 na nosenie.<\/span><span class=\"button-container hide-from-message-actions ng-star-inserted\"> \u00a0<\/span>\n<div class=\"container ng-tns-c2946245707-172 hide\">\n<div class=\"carousel-container ng-tns-c2946245707-172\"><\/div>\n<\/div>\n<\/li>\n<li data-sourcepos=\"7:1-7:108\"><strong>V\u0161estrannos\u0165:<\/strong> <span class=\"citation-4 recitation citation-end-4\">M\u00f4\u017eete ho nosi\u0165 po\u010das d\u0148a na relax\u00e1ciu alebo v noci na zlep\u0161enie sp\u00e1nku.<\/span><span class=\"button-container hide-from-message-actions ng-star-inserted\"> \u00a0<\/span>\n<div class=\"container ng-tns-c2946245707-173 hide\">\n<div class=\"carousel-container ng-tns-c2946245707-173\"><\/div>\n<\/div>\n<\/li>\n<li data-sourcepos=\"8:1-8:127\"><strong>Upokojuj\u00faci \u00fa\u010dinok:<\/strong> <span class=\"citation-5 recitation citation-end-5\">Hmotnos\u0165 m\u00f4\u017ee pom\u00f4c\u0165 zn\u00ed\u017ei\u0165 stres a \u00fazkos\u0165 a podpori\u0165 pocit pokoja a pohody.<\/span><span class=\"button-container hide-from-message-actions ng-star-inserted\">\u00a0<\/span>\n<div class=\"container ng-tns-c2946245707-174 hide\">\n<div class=\"carousel-container ng-tns-c2946245707-174\"><\/div>\n<\/div>\n<\/li>\n<li data-sourcepos=\"9:1-10:0\"><strong><span class=\"citation-6 recitation\">Zlep\u0161en\u00e9 zameranie:<\/span><\/strong><span class=\"citation-6 recitation citation-end-6\"> Jemn\u00fd tlak m\u00f4\u017ee pom\u00f4c\u0165 zlep\u0161i\u0165 s\u00fastredenie a koncentr\u00e1ciu.<\/span><span class=\"button-container hide-from-message-actions ng-star-inserted\"> \u00a0<\/span>\n<div class=\"container ng-tns-c2946245707-175 hide\">\n<div class=\"carousel-container ng-tns-c2946245707-175\"><\/div>\n<\/div>\n<\/li>\n<\/ul>\n<h3 data-sourcepos=\"11:1-11:36\"><strong>Ako si vybra\u0165 mikinu s kapuc\u0148ou:<\/strong><\/h3>\n<ul data-sourcepos=\"13:1-17:0\">\n<li data-sourcepos=\"13:1-13:82\"><strong>Hmotnos\u0165:<\/strong> Hmotnos\u0165 mikiny by mala by\u0165 pribli\u017ene 5-10% va\u0161ej telesnej hmotnosti.<\/li>\n<li data-sourcepos=\"14:1-14:75\"><strong>Materi\u00e1l:<\/strong> H\u013eadajte m\u00e4kk\u00fd, priedu\u0161n\u00fd materi\u00e1l, ako je bavlna alebo fleece.<\/li>\n<li data-sourcepos=\"15:1-15:92\"><strong>Rozlo\u017eenie hmotnosti:<\/strong> Dbajte na rovnomern\u00e9 rozlo\u017eenie hmotnosti v celej mikine.<\/li>\n<li data-sourcepos=\"16:1-17:0\"><strong>Pohodlie:<\/strong> Mikina by mala pohodlne sedie\u0165 a nemala by by\u0165 pr\u00edli\u0161 tesn\u00e1 ani pr\u00edli\u0161 vo\u013en\u00e1.<\/li>\n<\/ul>\n<h3 data-sourcepos=\"18:1-18:33\"><strong>Ako pou\u017e\u00edva\u0165 mikinu so z\u00e1\u0165a\u017eou:<\/strong><\/h3>\n<ul data-sourcepos=\"20:1-23:0\">\n<li data-sourcepos=\"20:1-20:72\"><strong>Relax\u00e1cia:<\/strong> Mikinu si m\u00f4\u017eete obliec\u0165 pri odpo\u010dinku na gau\u010di alebo v posteli.<\/li>\n<li data-sourcepos=\"21:1-21:81\"><strong><span class=\"citation-7 recitation\">Sp\u00e1nok:<\/span><\/strong><span class=\"citation-7 recitation citation-end-7\"> Mikinu pou\u017e\u00edvajte ako pom\u00f4cku na zlep\u0161enie kvality sp\u00e1nku.<\/span><span class=\"button-container hide-from-message-actions ng-star-inserted\"> \u00a0<\/span>\n<div class=\"container ng-tns-c2946245707-176 hide\">\n<div class=\"carousel-container ng-tns-c2946245707-176\"><\/div>\n<\/div>\n<\/li>\n<li data-sourcepos=\"22:1-23:0\"><strong><span class=\"citation-8 recitation\">Zameranie:<\/span><\/strong><span class=\"citation-8 recitation citation-end-8\"> Mikinu noste po\u010das \u0161t\u00fadia, pr\u00e1ce alebo in\u00fdch \u010dinnost\u00ed, ktor\u00e9 si vy\u017eaduj\u00fa s\u00fastredenie.<\/span><span class=\"button-container hide-from-message-actions ng-star-inserted\">\u00a0 \u00a0<\/span>\n<div class=\"container ng-tns-c2946245707-177 hide\">\n<div class=\"carousel-container ng-tns-c2946245707-177\"><\/div>\n<\/div>\n<\/li>\n<\/ul>\n<h3 data-sourcepos=\"24:1-24:40\"><strong>V\u00fdhody pou\u017e\u00edvania mikiny s kapuc\u0148ou:<\/strong><\/h3>\n<ul data-sourcepos=\"26:1-30:0\">\n<li data-sourcepos=\"26:1-26:92\"><strong>Zn\u00ed\u017een\u00e1 \u00fazkos\u0165:<\/strong> <span class=\"citation-9 recitation citation-end-9\">Jemn\u00fd tlak m\u00f4\u017ee pom\u00f4c\u0165 upokoji\u0165 nervov\u00fd syst\u00e9m.<\/span><span class=\"button-container hide-from-message-actions ng-star-inserted\"> \u00a0<\/span>\n<div class=\"container ng-tns-c2946245707-178 hide\">\n<div class=\"carousel-container ng-tns-c2946245707-178\"><\/div>\n<\/div>\n<\/li>\n<li data-sourcepos=\"27:1-27:87\"><strong><span class=\"citation-10 recitation\">Zlep\u0161enie sp\u00e1nku:<\/span><\/strong><span class=\"citation-10 recitation citation-end-10\"> Hmotnos\u0165 m\u00f4\u017ee podpori\u0165 hlb\u0161\u00ed a pokojnej\u0161\u00ed sp\u00e1nok.<\/span><span class=\"button-container hide-from-message-actions ng-star-inserted\">\u00a0<\/span>\n<div class=\"container ng-tns-c2946245707-179 hide\">\n<div class=\"carousel-container ng-tns-c2946245707-179\"><\/div>\n<\/div>\n<\/li>\n<li data-sourcepos=\"28:1-28:101\"><strong><span class=\"citation-11 recitation\">Lep\u0161ie zameranie:<\/span><\/strong><span class=\"citation-11 recitation citation-end-11\"> Tlak m\u00f4\u017ee pom\u00f4c\u0165 zlep\u0161i\u0165 koncentr\u00e1ciu a pozornos\u0165.<\/span><span class=\"button-container hide-from-message-actions ng-star-inserted\">\u00a0 \u00a0<\/span>\n<div class=\"container ng-tns-c2946245707-180 hide\">\n<div class=\"carousel-container ng-tns-c2946245707-180\"><\/div>\n<\/div>\n<\/li>\n<li data-sourcepos=\"29:1-30:0\"><strong><span class=\"citation-12 recitation\">Zn\u00ed\u017eenie stresu:<\/span><\/strong><span class=\"citation-12 recitation citation-end-12\"> Upokojuj\u00faci \u00fa\u010dinok hmotnosti m\u00f4\u017ee pom\u00f4c\u0165 zn\u00ed\u017ei\u0165 hladinu stresu.<\/span><span class=\"button-container hide-from-message-actions ng-star-inserted\">\u00a0<\/span>\n<div class=\"container ng-tns-c2946245707-181 hide\">\n<div class=\"carousel-container ng-tns-c2946245707-181\"><\/div>\n<\/div>\n<\/li>\n<\/ul>\n<p data-sourcepos=\"31:1-31:269\">Ak h\u013ead\u00e1te prirodzen\u00fd sp\u00f4sob, ako zn\u00ed\u017ei\u0165 stres a \u00fazkos\u0165, m\u00f4\u017ee by\u0165 pre v\u00e1s dobrou vo\u013ebou mikina so z\u00e1\u0165a\u017eou. Pred pou\u017eit\u00edm v\u00fdrobku so z\u00e1\u0165a\u017eou je v\u0161ak d\u00f4le\u017eit\u00e9 poradi\u0165 sa so zdravotn\u00edckym pracovn\u00edkom, najm\u00e4 ak m\u00e1te nejak\u00e9 z\u00e1kladn\u00e9 zdravotn\u00e9 \u0165a\u017ekosti.<\/p>","protected":false},"excerpt":{"rendered":"<table style=\"height: 478px;\" width=\"402\">\n<tbody>\n<tr>\n<td width=\"146\"><strong><b>Produkt<\/b><\/strong>\u00a0<strong><b>N\u00e1zov:<\/b><\/strong><\/td>\n<td width=\"601\"><strong>Mikina s kapuc\u0148ou so z\u00e1va\u017e\u00edm<\/strong><\/td>\n<\/tr>\n<tr>\n<td width=\"146\"><strong><b>Materstvo:<\/b><\/strong><\/td>\n<td width=\"601\">Polyester\/bavlna<\/td>\n<\/tr>\n<tr>\n<td width=\"146\"><strong><b>Technika:<\/b><\/strong><\/td>\n<td width=\"601\">Tla\u010d a farbenie<\/td>\n<\/tr>\n<tr>\n<td width=\"146\"><strong><b>\u0160t\u00fdl:<\/b><\/strong><\/td>\n<td width=\"601\">Pr\u00edle\u017eitostn\u00e9<\/td>\n<\/tr>\n<tr>\n<td width=\"146\"><strong><b>Farba<\/b><\/strong><strong><b>:<\/b><\/strong><\/td>\n<td width=\"601\">\u00a0Vlastn\u00e9 farby<\/td>\n<\/tr>\n<tr>\n<td width=\"146\"><strong><b>Ve\u013ekos\u0165:<\/b><\/strong><\/td>\n<td width=\"601\">S \/M \/L \/XL \/2XL<\/td>\n<\/tr>\n<tr>\n<td width=\"146\"><strong><b>OEM\/ODM:<\/b><\/strong><\/td>\n<td width=\"601\">Prijate\u013en\u00e9<\/td>\n<\/tr>\n<tr>\n<td width=\"146\"><strong><b>Kvalita:<\/b><\/strong><\/td>\n<td width=\"601\">100% Vysok\u00e1 kvalita<\/td>\n<\/tr>\n<tr>\n<td width=\"146\"><strong><b>M<\/b><\/strong><strong><b>OQ:<\/b><\/strong><\/td>\n<td width=\"601\">200 ks<\/td>\n<\/tr>\n<\/tbody>\n<\/table>","protected":false},"featured_media":1848,"template":"","meta":[],"product_brand":[],"product_cat":[38],"product_tag":[],"class_list":{"0":"post-1846","1":"product","2":"type-product","3":"status-publish","4":"has-post-thumbnail","6":"product_cat-mens-clothing","8":"first","9":"instock","10":"shipping-taxable","11":"product-type-simple"},"_links":{"self":[{"href":"https:\/\/mj-clothing.com\/sk\/wp-json\/wp\/v2\/product\/1846","targetHints":{"allow":["GET"]}}],"collection":[{"href":"https:\/\/mj-clothing.com\/sk\/wp-json\/wp\/v2\/product"}],"about":[{"href":"https:\/\/mj-clothing.com\/sk\/wp-json\/wp\/v2\/types\/product"}],"wp:featuredmedia":[{"embeddable":true,"href":"https:\/\/mj-clothing.com\/sk\/wp-json\/wp\/v2\/media\/1848"}],"wp:attachment":[{"href":"https:\/\/mj-clothing.com\/sk\/wp-json\/wp\/v2\/media?parent=1846"}],"wp:term":[{"taxonomy":"product_brand","embeddable":true,"href":"https:\/\/mj-clothing.com\/sk\/wp-json\/wp\/v2\/product_brand?post=1846"},{"taxonomy":"product_cat","embeddable":true,"href":"https:\/\/mj-clothing.com\/sk\/wp-json\/wp\/v2\/product_cat?post=1846"},{"taxonomy":"product_tag","embeddable":true,"href":"https:\/\/mj-clothing.com\/sk\/wp-json\/wp\/v2\/product_tag?post=1846"}],"curies":[{"name":"wp","href":"https:\/\/api.w.org\/{rel}","templated":true}]}}