{"id":1853,"date":"2024-12-16T06:19:44","date_gmt":"2024-12-16T06:19:44","guid":{"rendered":"https:\/\/mj-clothing.com\/?post_type=product&#038;p=1853"},"modified":"2024-12-17T06:22:58","modified_gmt":"2024-12-17T06:22:58","slug":"drake-hoodie","status":"publish","type":"product","link":"https:\/\/mj-clothing.com\/sk\/manufacturer\/drake-hoodie\/","title":{"rendered":"Mikina s kapuc\u0148ou Drake"},"content":{"rendered":"<p data-sourcepos=\"1:1-1:226\"><span class=\"citation-0 recitation citation-end-0\">Drake Hoodie, zn\u00e1my kanadsk\u00fd raper, in\u0161piroval cel\u00fd rad tovarov vr\u00e1tane mik\u00edn s kapuc\u0148ou.<\/span> <span class=\"citation-1 recitation citation-end-1\">Tieto mikiny \u010dasto obsahuj\u00fa jeho ikonick\u00e9 logo, obal albumu alebo texty piesn\u00ed, \u010d\u00edm oslovuj\u00fa jeho oddan\u00fa fan\u00fa\u0161ikovsk\u00fa z\u00e1klad\u0148u.<\/span><\/p>\n<h3 data-sourcepos=\"1:1-1:226\"><strong>K\u013e\u00fa\u010dov\u00e9 vlastnosti mikiny Drake:<\/strong><\/h3>\n<ul data-sourcepos=\"5:1-9:0\">\n<li data-sourcepos=\"5:1-5:125\"><strong><span class=\"citation-2 recitation\">Vysokokvalitn\u00fd materi\u00e1l:<\/span><\/strong><span class=\"citation-2 recitation citation-end-2\"> \u010casto sa vyr\u00e1baj\u00fa z prvotriednych materi\u00e1lov, ako je bavlna alebo r\u00fano, aby boli pohodln\u00e9 a odoln\u00e9.<\/span><span class=\"button-container hide-from-message-actions ng-star-inserted\"> \u00a0<\/span><\/li>\n<li data-sourcepos=\"5:1-5:125\"><span class=\"button-container hide-from-message-actions ng-star-inserted\"><strong style=\"font-size: 14.4px;\"><span class=\"citation-3 recitation\">\u0160t\u00fdlov\u00fd dizajn:<\/span><\/strong><span class=\"citation-3 recitation citation-end-3\" style=\"font-size: 14.4px;\"> Obsahuje m\u00f3dne vzory, odv\u00e1\u017enu grafiku a charakteristick\u00fa estetiku zna\u010dky Drake.<\/span><span class=\"button-container hide-from-message-actions ng-star-inserted\" style=\"font-size: 14.4px;\"> \u00a0<\/span><\/span>\n<div class=\"container ng-tns-c2946245707-199 hide\">\n<div class=\"carousel-container ng-tns-c2946245707-199\"><\/div>\n<\/div>\n<\/li>\n<li data-sourcepos=\"7:1-7:80\"><strong>Pohodln\u00e9 nosenie:<\/strong> Poskytuje uvo\u013enen\u00fd a pohodln\u00fd strih na ka\u017edodenn\u00e9 nosenie.<\/li>\n<li data-sourcepos=\"8:1-9:0\"><strong>Odvolanie fan\u00fa\u0161ikov:<\/strong> <span class=\"citation-4 recitation citation-end-4\">Obsahuje ikonick\u00e9 obr\u00e1zky a zna\u010dku Drake.<\/span><span class=\"button-container hide-from-message-actions ng-star-inserted\"> \u00a0<\/span>\n<div class=\"container ng-tns-c2946245707-200 hide\">\n<div class=\"carousel-container ng-tns-c2946245707-200\"><\/div>\n<\/div>\n<\/li>\n<\/ul>\n<h3 data-sourcepos=\"10:1-10:32\"><strong>Kde k\u00fapi\u0165 mikinu Drake:<\/strong><\/h3>\n<ul data-sourcepos=\"12:1-15:0\">\n<li data-sourcepos=\"12:1-12:146\"><strong>Ofici\u00e1lne obchody s tovarom:<\/strong> <span class=\"citation-5 recitation citation-end-5\">Ofici\u00e1lny obchod s tovarom Drake alebo autorizovan\u00ed predajcovia \u010dasto pred\u00e1vaj\u00fa ofici\u00e1lne licencovan\u00e9 mikiny.<\/span><span class=\"button-container hide-from-message-actions ng-star-inserted\">\u00a0 \u00a0<\/span>\n<div class=\"container ng-tns-c2946245707-201 hide\">\n<div class=\"carousel-container ng-tns-c2946245707-201\"><\/div>\n<\/div>\n<\/li>\n<li data-sourcepos=\"13:1-13:162\"><strong><span class=\"citation-6 recitation\">Online trhovisk\u00e1:<\/span><\/strong><span class=\"citation-6 recitation citation-end-6\"> Platformy ako eBay, StockX a Grailed pon\u00fakaj\u00fa \u0161irok\u00fa \u0161k\u00e1lu Drake -hoodies vr\u00e1tane limitovan\u00fdch ed\u00edci\u00ed a vintage predmetov.<\/span><span class=\"button-container hide-from-message-actions ng-star-inserted\"> \u00a0<\/span>\n<div class=\"container ng-tns-c2946245707-202 hide\">\n<div class=\"carousel-container ng-tns-c2946245707-202\"><\/div>\n<\/div>\n<\/li>\n<li data-sourcepos=\"14:1-15:0\"><strong>Predajne pre \u010fal\u0161\u00ed predaj:<\/strong> Pozrite sa do miestnych butikov so streetwearov\u00fdm oble\u010den\u00edm a obchodov s \u010fal\u0161\u00edm predajom, kde n\u00e1jdete potenci\u00e1lne n\u00e1lezy.<\/li>\n<\/ul>\n<h3 data-sourcepos=\"16:1-16:35\"><strong>Tipy na n\u00e1kup mikiny Drake:<\/strong><\/h3>\n<ul data-sourcepos=\"18:1-22:0\">\n<li data-sourcepos=\"18:1-18:101\"><strong>Autentickos\u0165:<\/strong> Overte si pravos\u0165 mikiny t\u00fdm, \u017ee skontrolujete, \u010di m\u00e1 ofici\u00e1lne visa\u010dky a zna\u010dku.<\/li>\n<li data-sourcepos=\"19:1-19:85\"><strong>Stav:<\/strong> Ak kupujete pou\u017eit\u00fa mikinu, skontrolujte, \u010di na nej nie s\u00fa zn\u00e1mky opotrebovania alebo po\u0161kodenia.<\/li>\n<li data-sourcepos=\"20:1-20:84\"><strong>Ve\u013ekos\u0165:<\/strong> Aby ste sa uistili, \u017ee v\u00e1m spr\u00e1vne padne, pozrite si tabu\u013eku ve\u013ekost\u00ed poskytnut\u00fa predajcom.<\/li>\n<li data-sourcepos=\"21:1-22:0\"><strong>Cena:<\/strong> Presk\u00famajte aktu\u00e1lne trhov\u00e9 ceny, aby ste sa vyhli prepl\u00e1caniu.<\/li>\n<\/ul>\n<p data-sourcepos=\"23:1-23:123\">Pod\u013ea t\u00fdchto tipov si m\u00f4\u017eete n\u00e1js\u0165 dokonal\u00fa mikinu Drake, ktor\u00e1 v\u00e1m uk\u00e1\u017ee va\u0161u l\u00e1sku k tomuto umelcovi a pozdvihne v\u00e1\u0161 \u0161t\u00fdl.<\/p>","protected":false},"excerpt":{"rendered":"<table style=\"height: 547px;\" width=\"443\">\n<tbody>\n<tr>\n<td width=\"146\"><strong><b>Produkt<\/b><\/strong>\u00a0<strong><b>N\u00e1zov:<\/b><\/strong><\/td>\n<td width=\"601\"><strong>Mikina s kapuc\u0148ou Drake<\/strong><\/td>\n<\/tr>\n<tr>\n<td width=\"146\"><strong><b>Materstvo:<\/b><\/strong><\/td>\n<td width=\"601\">Polyester\/bavlna<\/td>\n<\/tr>\n<tr>\n<td width=\"146\"><strong><b>Technika:<\/b><\/strong><\/td>\n<td width=\"601\">Tla\u010d a farbenie<\/td>\n<\/tr>\n<tr>\n<td width=\"146\"><strong><b>\u0160t\u00fdl:<\/b><\/strong><\/td>\n<td width=\"601\">Pr\u00edle\u017eitostn\u00e9<\/td>\n<\/tr>\n<tr>\n<td width=\"146\"><strong><b>Farba<\/b><\/strong><strong><b>:<\/b><\/strong><\/td>\n<td width=\"601\">\u00a0\u010cierna a vlastn\u00e9 farby<\/td>\n<\/tr>\n<tr>\n<td width=\"146\"><strong><b>Ve\u013ekos\u0165:<\/b><\/strong><\/td>\n<td width=\"601\">S \/M \/L \/XL \/2XL<\/td>\n<\/tr>\n<tr>\n<td width=\"146\"><strong><b>OEM\/ODM:<\/b><\/strong><\/td>\n<td width=\"601\">Prijate\u013en\u00e9<\/td>\n<\/tr>\n<tr>\n<td width=\"146\"><strong><b>Kvalita:<\/b><\/strong><\/td>\n<td width=\"601\">100% Vysok\u00e1 kvalita<\/td>\n<\/tr>\n<tr>\n<td width=\"146\"><strong><b>M<\/b><\/strong><strong><b>OQ:<\/b><\/strong><\/td>\n<td width=\"601\">200 ks<\/td>\n<\/tr>\n<\/tbody>\n<\/table>","protected":false},"featured_media":1857,"template":"","meta":[],"product_brand":[],"product_cat":[38],"product_tag":[],"class_list":{"0":"post-1853","1":"product","2":"type-product","3":"status-publish","4":"has-post-thumbnail","6":"product_cat-mens-clothing","8":"first","9":"instock","10":"shipping-taxable","11":"product-type-simple"},"_links":{"self":[{"href":"https:\/\/mj-clothing.com\/sk\/wp-json\/wp\/v2\/product\/1853","targetHints":{"allow":["GET"]}}],"collection":[{"href":"https:\/\/mj-clothing.com\/sk\/wp-json\/wp\/v2\/product"}],"about":[{"href":"https:\/\/mj-clothing.com\/sk\/wp-json\/wp\/v2\/types\/product"}],"wp:featuredmedia":[{"embeddable":true,"href":"https:\/\/mj-clothing.com\/sk\/wp-json\/wp\/v2\/media\/1857"}],"wp:attachment":[{"href":"https:\/\/mj-clothing.com\/sk\/wp-json\/wp\/v2\/media?parent=1853"}],"wp:term":[{"taxonomy":"product_brand","embeddable":true,"href":"https:\/\/mj-clothing.com\/sk\/wp-json\/wp\/v2\/product_brand?post=1853"},{"taxonomy":"product_cat","embeddable":true,"href":"https:\/\/mj-clothing.com\/sk\/wp-json\/wp\/v2\/product_cat?post=1853"},{"taxonomy":"product_tag","embeddable":true,"href":"https:\/\/mj-clothing.com\/sk\/wp-json\/wp\/v2\/product_tag?post=1853"}],"curies":[{"name":"wp","href":"https:\/\/api.w.org\/{rel}","templated":true}]}}