{"id":1859,"date":"2024-12-16T06:23:43","date_gmt":"2024-12-16T06:23:43","guid":{"rendered":"https:\/\/mj-clothing.com\/?post_type=product&#038;p=1859"},"modified":"2024-12-17T06:20:37","modified_gmt":"2024-12-17T06:20:37","slug":"white-crew-neck-sweatshirt","status":"publish","type":"product","link":"https:\/\/mj-clothing.com\/sk\/manufacturer\/white-crew-neck-sweatshirt\/","title":{"rendered":"Biela mikina s v\u00fdstrihom"},"content":{"rendered":"<p data-sourcepos=\"1:1-1:170\"><span class=\"citation-0 recitation citation-end-0\">Biela mikina s v\u00fdstrihom je klasick\u00fd a univerz\u00e1lny k\u00fasok oble\u010denia, ktor\u00fd sa d\u00e1 obliec\u0165 hore aj dole.<\/span> Je to z\u00e1klad \u0161atn\u00edka, ktor\u00fd sa d\u00e1 nosi\u0165 celoro\u010dne.<span class=\"button-container hide-from-message-actions ng-star-inserted\"> \u00a0<\/span><\/p>\n<h3 data-sourcepos=\"3:1-3:49\"><strong>K\u013e\u00fa\u010dov\u00e9 vlastnosti bielej mikiny Crew Neck:<\/strong><\/h3>\n<ul data-sourcepos=\"5:1-9:0\">\n<li data-sourcepos=\"5:1-5:89\"><strong>Jednoduch\u00fd dizajn:<\/strong> Klasick\u00fd, minimalistick\u00fd dizajn s okr\u00fahlym v\u00fdstrihom a dlh\u00fdmi ruk\u00e1vmi.<\/li>\n<li data-sourcepos=\"6:1-6:97\"><strong>Pohodlie:<\/strong> <span class=\"citation-1 recitation citation-end-1\">Zvy\u010dajne s\u00fa vyroben\u00e9 z m\u00e4kk\u00fdch, priedu\u0161n\u00fdch materi\u00e1lov, ako je bavlna alebo r\u00fano.<\/span><span class=\"button-container hide-from-message-actions ng-star-inserted\"> \u00a0<\/span>\n<div class=\"container ng-tns-c2946245707-216 hide\">\n<div class=\"carousel-container ng-tns-c2946245707-216\"><\/div>\n<\/div>\n<\/li>\n<li data-sourcepos=\"7:1-7:91\"><strong><span class=\"citation-2 recitation\">V\u0161estrannos\u0165:<\/span><\/strong><span class=\"citation-2 recitation citation-end-2\"> Daj\u00fa sa kombinova\u0165 s d\u017e\u00ednsami, leg\u00ednami, suk\u0148ami alebo spolo\u010densk\u00fdmi nohavicami.<\/span>\n<div class=\"container ng-tns-c2946245707-217 hide\">\n<div class=\"carousel-container ng-tns-c2946245707-217\"><\/div>\n<\/div>\n<\/li>\n<li data-sourcepos=\"8:1-9:0\"><strong>Nad\u010dasov\u00e9:<\/strong> Nad\u010dasov\u00fd k\u00fasok, ktor\u00fd nikdy nevyjde z m\u00f3dy.<\/li>\n<\/ul>\n<h3 data-sourcepos=\"10:1-10:46\"><strong>Ako si obliec\u0165 bielu mikinu s v\u00fdstrihom:<\/strong><\/h3>\n<p data-sourcepos=\"12:1-12:66\">Tu je nieko\u013eko n\u00e1padov na \u0161t\u00fdl bielej mikiny s v\u00fdstrihom:<\/p>\n<ul data-sourcepos=\"14:1-18:0\">\n<li data-sourcepos=\"14:1-14:67\"><strong>Pr\u00edle\u017eitostn\u00e9:<\/strong> Kombinujte ho s d\u017e\u00ednsami a teniskami, aby ste vyzerali uvo\u013enene.<\/li>\n<li data-sourcepos=\"15:1-15:69\"><strong>\u0160portov\u00e9:<\/strong> Noste ho s tepl\u00e1kmi alebo leg\u00ednami a \u0161portovou obuvou.<\/li>\n<li data-sourcepos=\"16:1-16:73\"><strong>\u0160aty na vo\u013en\u00fd \u010das:<\/strong> Oble\u010dte si ho so sakom, spolo\u010densk\u00fdmi nohavicami a mokas\u00ednami.<\/li>\n<li data-sourcepos=\"17:1-18:0\"><strong>Vrstven\u00e9:<\/strong> Navrstvite ju pod d\u017e\u00ednsov\u00fa bundu alebo ko\u017een\u00fa bundu a z\u00edskajte \u0161t\u00fdlov\u00fd vzh\u013ead.<\/li>\n<\/ul>\n<h3 data-sourcepos=\"19:1-19:51\"><strong>Tipy na v\u00fdber bieleho tri\u010dka s v\u00fdstrihom:<\/strong><\/h3>\n<ul data-sourcepos=\"21:1-24:0\">\n<li data-sourcepos=\"21:1-21:88\"><strong>Materi\u00e1l:<\/strong> H\u013eadajte m\u00e4kk\u00fd a kvalitn\u00fd materi\u00e1l, ktor\u00fd sa v\u00e1m bude pohodlne nosi\u0165.<\/li>\n<li data-sourcepos=\"22:1-22:109\"><strong>Vhodn\u00e1:<\/strong> Vyberte si strih, ktor\u00fd vyhovuje v\u00e1\u0161mu osobn\u00e9mu \u0161t\u00fdlu. M\u00f4\u017eete sa rozhodn\u00fa\u0165 pre vo\u013en\u00fd strih alebo viac priliehav\u00fd \u0161t\u00fdl.<\/li>\n<li data-sourcepos=\"23:1-24:0\"><strong>Starostlivos\u0165:<\/strong> Aby va\u0161a mikina vyzerala \u010do najlep\u0161ie, dodr\u017eiavajte pokyny na o\u0161etrovanie uveden\u00e9 na \u0161t\u00edtku.<\/li>\n<\/ul>\n<p data-sourcepos=\"25:1-25:101\">Pod\u013ea t\u00fdchto tipov m\u00f4\u017eete n\u00e1js\u0165 dokonal\u00fa bielu mikinu s v\u00fdstrihom, ktor\u00fa zarad\u00edte do svojho \u0161atn\u00edka.<\/p>","protected":false},"excerpt":{"rendered":"<table style=\"height: 481px;\" width=\"465\">\n<tbody>\n<tr>\n<td width=\"146\"><strong><b>Produkt<\/b><\/strong>\u00a0<strong><b>N\u00e1zov:<\/b><\/strong><\/td>\n<td width=\"601\"><strong>Biela mikina s v\u00fdstrihom<\/strong><\/td>\n<\/tr>\n<tr>\n<td width=\"146\"><strong><b>Materstvo:<\/b><\/strong><\/td>\n<td width=\"601\">Polyester\/bavlna<\/td>\n<\/tr>\n<tr>\n<td width=\"146\"><strong><b>Technika:<\/b><\/strong><\/td>\n<td width=\"601\">Tla\u010d a farbenie<\/td>\n<\/tr>\n<tr>\n<td width=\"146\"><strong><b>\u0160t\u00fdl:<\/b><\/strong><\/td>\n<td width=\"601\">Pr\u00edle\u017eitostn\u00e9<\/td>\n<\/tr>\n<tr>\n<td width=\"146\"><strong><b>Farba<\/b><\/strong><strong><b>:<\/b><\/strong><\/td>\n<td width=\"601\">\u00a0Vlastn\u00e9 farby<\/td>\n<\/tr>\n<tr>\n<td width=\"146\"><strong><b>Ve\u013ekos\u0165:<\/b><\/strong><\/td>\n<td width=\"601\">S \/M \/L \/XL \/2XL<\/td>\n<\/tr>\n<tr>\n<td width=\"146\"><strong><b>OEM\/ODM:<\/b><\/strong><\/td>\n<td width=\"601\">Prijate\u013en\u00e9<\/td>\n<\/tr>\n<tr>\n<td width=\"146\"><strong><b>Kvalita:<\/b><\/strong><\/td>\n<td width=\"601\">100% Vysok\u00e1 kvalita<\/td>\n<\/tr>\n<tr>\n<td width=\"146\"><strong><b>M<\/b><\/strong><strong><b>OQ:<\/b><\/strong><\/td>\n<td width=\"601\">200 ks<\/td>\n<\/tr>\n<\/tbody>\n<\/table>","protected":false},"featured_media":1860,"template":"","meta":[],"product_brand":[],"product_cat":[38],"product_tag":[],"class_list":{"0":"post-1859","1":"product","2":"type-product","3":"status-publish","4":"has-post-thumbnail","6":"product_cat-mens-clothing","8":"first","9":"instock","10":"shipping-taxable","11":"product-type-simple"},"_links":{"self":[{"href":"https:\/\/mj-clothing.com\/sk\/wp-json\/wp\/v2\/product\/1859","targetHints":{"allow":["GET"]}}],"collection":[{"href":"https:\/\/mj-clothing.com\/sk\/wp-json\/wp\/v2\/product"}],"about":[{"href":"https:\/\/mj-clothing.com\/sk\/wp-json\/wp\/v2\/types\/product"}],"wp:featuredmedia":[{"embeddable":true,"href":"https:\/\/mj-clothing.com\/sk\/wp-json\/wp\/v2\/media\/1860"}],"wp:attachment":[{"href":"https:\/\/mj-clothing.com\/sk\/wp-json\/wp\/v2\/media?parent=1859"}],"wp:term":[{"taxonomy":"product_brand","embeddable":true,"href":"https:\/\/mj-clothing.com\/sk\/wp-json\/wp\/v2\/product_brand?post=1859"},{"taxonomy":"product_cat","embeddable":true,"href":"https:\/\/mj-clothing.com\/sk\/wp-json\/wp\/v2\/product_cat?post=1859"},{"taxonomy":"product_tag","embeddable":true,"href":"https:\/\/mj-clothing.com\/sk\/wp-json\/wp\/v2\/product_tag?post=1859"}],"curies":[{"name":"wp","href":"https:\/\/api.w.org\/{rel}","templated":true}]}}