{"id":1878,"date":"2024-12-16T07:13:21","date_gmt":"2024-12-16T07:13:21","guid":{"rendered":"https:\/\/mj-clothing.com\/?post_type=product&#038;p=1878"},"modified":"2024-12-17T03:45:36","modified_gmt":"2024-12-17T03:45:36","slug":"sewing-patterns-for-womens-tops","status":"publish","type":"product","link":"https:\/\/mj-clothing.com\/sk\/manufacturer\/sewing-patterns-for-womens-tops\/","title":{"rendered":"\u0160ijacie vzory pre d\u00e1mske topy"},"content":{"rendered":"<p data-sourcepos=\"1:1-1:100\">Existuj\u00fa \u0161ijacie vzory pre d\u00e1mske topy pre \u0161ijacie vzory pre d\u00e1mske topy. Tu je nieko\u013eko popul\u00e1rnych mo\u017enost\u00ed:<\/p>\n<h2 data-sourcepos=\"3:1-3:29\"><strong>Online \u0161ijacie vzory pre d\u00e1mske topy:<\/strong><\/h2>\n<ul data-sourcepos=\"5:1-15:0\">\n<li data-sourcepos=\"5:1-6:37\"><strong>Jednoduchos\u0165:<\/strong> Pon\u00faka \u0161irok\u00fa \u0161k\u00e1lu vzorov pre v\u0161etky \u00farovne zru\u010dnosti vr\u00e1tane topov, bl\u00fazok a tun\u00edk.<\/li>\n<li data-sourcepos=\"5:1-6:37\"><strong style=\"font-size: 14.4px;\">McCall's:<\/strong><span style=\"font-size: 14.4px;\"> Zn\u00e1me s\u00fa svojimi \u0161t\u00fdlov\u00fdmi a modern\u00fdmi vzormi vr\u00e1tane topov s r\u00f4znymi d\u013a\u017ekami ruk\u00e1vov, v\u00fdstrihmi a detailmi.<\/span><\/li>\n<li data-sourcepos=\"5:1-6:37\"><strong style=\"font-size: 14.4px;\">Vzory Vogue:<\/strong><span style=\"font-size: 14.4px;\"> Poskytuje vysoko m\u00f3dne vzory pre pokro\u010dil\u00e9 \u0161i\u010dky vr\u00e1tane zlo\u017eit\u00fdch bl\u00fazok a topov s jedine\u010dn\u00fdmi vzormi.<\/span><\/li>\n<li data-sourcepos=\"5:1-6:37\"><strong style=\"font-size: 14.4px;\">BurdaStyle:<\/strong><span style=\"font-size: 14.4px;\"> Pon\u00faka r\u00f4zne vzory, od klasick\u00fdch a\u017e po m\u00f3dne, s jasn\u00fdmi pokynmi a podrobn\u00fdmi ilustr\u00e1ciami.<\/span><\/li>\n<li data-sourcepos=\"5:1-6:37\"><strong style=\"font-size: 14.4px;\">Nov\u00fd vzh\u013ead:<\/strong><span style=\"font-size: 14.4px;\"> Poskytuje cenovo dostupn\u00e9 a \u013eahko pou\u017eite\u013en\u00e9 vzory vr\u00e1tane z\u00e1kladn\u00fdch topov, bl\u00fazok a tun\u00edk.<\/span>\n<div class=\"attachment-container search-images\">\n<div class=\"image-container hide-from-message-actions ng-star-inserted\">\n<div class=\"caption ellipsis gmat-caption ng-star-inserted\" aria-hidden=\"true\"><\/div>\n<\/div>\n<\/div>\n<\/li>\n<\/ul>\n<h3><strong>Nez\u00e1visl\u00e9 \u0161ijacie vzory pre d\u00e1mske topy N\u00e1vrh\u00e1ri vzorov:<\/strong><\/h3>\n<ul data-sourcepos=\"18:1-26:0\">\n<li data-sourcepos=\"18:1-19:43\"><strong>\u0160t\u00fadio Grainline:<\/strong> S\u00fa zn\u00e1me svojimi dobre vypracovan\u00fdmi vzormi a modern\u00fdm dizajnom.<\/li>\n<li data-sourcepos=\"18:1-19:43\"><strong style=\"font-size: 14.4px;\">Osloboden\u00fd \u0161it\u00edm:<\/strong><span style=\"font-size: 14.4px;\"> Pon\u00faka vzory pre v\u0161etky typy post\u00e1v vr\u00e1tane vrchn\u00fdch dielov s r\u00f4znymi mo\u017enos\u0165ami strihu a \u0161t\u00fdlu.<\/span><\/li>\n<li data-sourcepos=\"18:1-19:43\"><strong style=\"font-size: 14.4px;\">Spolo\u010dnos\u0165 Friday Pattern Company:<\/strong><span style=\"font-size: 14.4px;\"> Pon\u00faka \u0161t\u00fdlov\u00e9 a modern\u00e9 vzory vr\u00e1tane vrchn\u00fdch dielov s jedine\u010dn\u00fdmi detailmi a zauj\u00edmav\u00fdmi siluetami.<\/span><\/li>\n<li data-sourcepos=\"18:1-19:43\"><strong style=\"font-size: 14.4px;\">Megan Nielsenov\u00e1:<\/strong><span style=\"font-size: 14.4px;\"> Pon\u00faka dobre vypracovan\u00e9 vzory so zameran\u00edm na strih a \u0161t\u00fdl.<\/span>\n<div class=\"attachment-container search-images\">\n<div class=\"image-container hide-from-message-actions ng-star-inserted\">\n<div class=\"caption ellipsis gmat-caption ng-star-inserted\" aria-hidden=\"true\"><\/div>\n<\/div>\n<\/div>\n<\/li>\n<\/ul>","protected":false},"excerpt":{"rendered":"<table style=\"height: 475px;\" width=\"411\">\n<tbody>\n<tr>\n<td width=\"146\"><strong><b>Produkt<\/b><\/strong>\u00a0<strong><b>N\u00e1zov:<\/b><\/strong><\/td>\n<td width=\"601\"><strong>\u0160ijacie vzory pre d\u00e1mske topy<\/strong><\/td>\n<\/tr>\n<tr>\n<td width=\"146\"><strong><b>Materstvo:<\/b><\/strong><\/td>\n<td width=\"601\">Pletenie<\/td>\n<\/tr>\n<tr>\n<td width=\"146\"><strong><b>Technika:<\/b><\/strong><\/td>\n<td width=\"601\">Vy\u0161\u00edvan\u00e9<\/td>\n<\/tr>\n<tr>\n<td width=\"146\"><strong><b>\u0160t\u00fdl:<\/b><\/strong><\/td>\n<td width=\"601\">Pr\u00edle\u017eitostn\u00e9<\/td>\n<\/tr>\n<tr>\n<td width=\"146\"><strong><b>Farba<\/b><\/strong><strong><b>:<\/b><\/strong><\/td>\n<td width=\"601\">\u00a0Vlastn\u00e9 farby<\/td>\n<\/tr>\n<tr>\n<td width=\"146\"><strong><b>Ve\u013ekos\u0165:<\/b><\/strong><\/td>\n<td width=\"601\">S \/M \/L \/XL \/2XL<\/td>\n<\/tr>\n<tr>\n<td width=\"146\"><strong><b>OEM\/ODM:<\/b><\/strong><\/td>\n<td width=\"601\">Prijate\u013en\u00e9<\/td>\n<\/tr>\n<tr>\n<td width=\"146\"><strong><b>Kvalita:<\/b><\/strong><\/td>\n<td width=\"601\">100% Vysok\u00e1 kvalita<\/td>\n<\/tr>\n<tr>\n<td width=\"146\"><strong><b>M<\/b><\/strong><strong><b>OQ:<\/b><\/strong><\/td>\n<td width=\"601\">200 ks<\/td>\n<\/tr>\n<\/tbody>\n<\/table>","protected":false},"featured_media":1881,"template":"","meta":[],"product_brand":[],"product_cat":[39],"product_tag":[],"class_list":{"0":"post-1878","1":"product","2":"type-product","3":"status-publish","4":"has-post-thumbnail","6":"product_cat-womens-clothing","8":"first","9":"instock","10":"shipping-taxable","11":"product-type-simple"},"_links":{"self":[{"href":"https:\/\/mj-clothing.com\/sk\/wp-json\/wp\/v2\/product\/1878","targetHints":{"allow":["GET"]}}],"collection":[{"href":"https:\/\/mj-clothing.com\/sk\/wp-json\/wp\/v2\/product"}],"about":[{"href":"https:\/\/mj-clothing.com\/sk\/wp-json\/wp\/v2\/types\/product"}],"wp:featuredmedia":[{"embeddable":true,"href":"https:\/\/mj-clothing.com\/sk\/wp-json\/wp\/v2\/media\/1881"}],"wp:attachment":[{"href":"https:\/\/mj-clothing.com\/sk\/wp-json\/wp\/v2\/media?parent=1878"}],"wp:term":[{"taxonomy":"product_brand","embeddable":true,"href":"https:\/\/mj-clothing.com\/sk\/wp-json\/wp\/v2\/product_brand?post=1878"},{"taxonomy":"product_cat","embeddable":true,"href":"https:\/\/mj-clothing.com\/sk\/wp-json\/wp\/v2\/product_cat?post=1878"},{"taxonomy":"product_tag","embeddable":true,"href":"https:\/\/mj-clothing.com\/sk\/wp-json\/wp\/v2\/product_tag?post=1878"}],"curies":[{"name":"wp","href":"https:\/\/api.w.org\/{rel}","templated":true}]}}