{"id":1891,"date":"2024-12-16T07:27:51","date_gmt":"2024-12-16T07:27:51","guid":{"rendered":"https:\/\/mj-clothing.com\/?post_type=product&#038;p=1891"},"modified":"2024-12-17T03:45:11","modified_gmt":"2024-12-17T03:45:11","slug":"african-print-womens-tops","status":"publish","type":"product","link":"https:\/\/mj-clothing.com\/sk\/manufacturer\/african-print-womens-tops\/","title":{"rendered":"D\u00e1mske topy s africkou potla\u010dou"},"content":{"rendered":"<div id=\"model-response-message-contentr_ec3773cab81b3474\" class=\"markdown markdown-main-panel response-optimization\" dir=\"ltr\">\n<p data-sourcepos=\"1:1-1:255\"><span class=\"citation-0 recitation citation-end-0\">D\u00e1mske topy s africkou potla\u010dou s\u00fa \u017eiv\u00e9 a \u0161t\u00fdlov\u00e9 odevy, ktor\u00e9 oslavuj\u00fa bohat\u00e9 kult\u00farne dedi\u010dstvo Afriky.<\/span> <span class=\"citation-1 recitation citation-end-1\">Tieto topy s\u00fa \u010dasto vyroben\u00e9 z l\u00e1tky Ankara, farebnej a vzorovanej bavlnenej l\u00e1tky, ktor\u00e1 je ob\u013e\u00faben\u00e1 v z\u00e1padnej Afrike.<\/span><span class=\"button-container hide-from-message-actions ng-star-inserted\">\u00a0 \u00a0<\/span><\/p>\n<h3 data-sourcepos=\"5:1-5:58\">D\u00e1mske topy s africkou potla\u010dou sa dod\u00e1vaj\u00fa v r\u00f4znych \u0161t\u00fdloch vr\u00e1tane:<\/h3>\n<ul data-sourcepos=\"7:1-11:0\">\n<li data-sourcepos=\"7:1-7:88\"><strong>Bl\u00fazky:<\/strong> Tieto topy s\u00fa \u010dasto vypasovan\u00e9 a daj\u00fa sa nosi\u0165 so suk\u0148ami, nohavicami alebo d\u017e\u00ednsami.<\/li>\n<li data-sourcepos=\"8:1-8:80\"><strong>\u0160aty:<\/strong> \u0160aty s africkou potla\u010dou s\u00fa ob\u013e\u00fabenou vo\u013ebou na \u0161peci\u00e1lne pr\u00edle\u017eitosti.<\/li>\n<li data-sourcepos=\"9:1-9:77\"><strong><span class=\"citation-2 recitation\">Tri\u010dk\u00e1:<\/span><\/strong><span class=\"citation-2 recitation citation-end-2\"> Tieto le\u017e\u00e9rne topy s\u00fa ide\u00e1lne na ka\u017edodenn\u00e9 nosenie.<\/span><span class=\"button-container hide-from-message-actions ng-star-inserted\"> \u00a0<\/span><\/li>\n<li data-sourcepos=\"9:1-9:77\"><strong style=\"font-size: 14.4px;\"><span class=\"citation-3 recitation\">Obleky na skok:<\/span><\/strong><span class=\"citation-3 recitation citation-end-3\" style=\"font-size: 14.4px;\"> Tieto \u0161t\u00fdlov\u00e9 kombin\u00e9zy s\u00fa ide\u00e1lne na ve\u010dern\u00e9 vych\u00e1dzky.<\/span><span class=\"button-container hide-from-message-actions ng-star-inserted\" style=\"font-size: 14.4px;\">\u00a0\u00a0<\/span>\n<div class=\"container ng-tns-c2946245707-271 hide\">\n<div class=\"carousel-container ng-tns-c2946245707-271\">\n<div class=\"carousel-content ng-tns-c2946245707-271\">\n<div class=\"sources-carousel-source ng-tns-c2946245707-271 hide ng-star-inserted\" data-test-id=\"sources-carousel-source\"><\/div>\n<\/div>\n<\/div>\n<\/div>\n<\/li>\n<\/ul>\n<p data-sourcepos=\"12:1-12:147\">Topy s africkou potla\u010dou s\u00fa nielen kr\u00e1sne, ale aj pohodln\u00e9 a v\u0161estrann\u00e9. Daj\u00fa sa obliec\u0165 hore aj dole, tak\u017ee s\u00fa ide\u00e1lne na ka\u017ed\u00fa pr\u00edle\u017eitos\u0165.<\/p>\n<h3 data-sourcepos=\"14:1-14:50\">Tu je nieko\u013eko tipov na \u0161tyliz\u00e1ciu d\u00e1mskych tiel s africkou potla\u010dou:<\/h3>\n<ul data-sourcepos=\"16:1-20:0\">\n<li data-sourcepos=\"16:1-16:100\"><strong>Kombinujte a prisp\u00f4sobte:<\/strong> Nebojte sa kombinova\u0165 africk\u00e9 vzory s in\u00fdmi vzormi a farbami.<\/li>\n<li data-sourcepos=\"17:1-17:102\"><strong><span class=\"citation-4 recitation\">Doplnky:<\/span><\/strong><span class=\"citation-4 recitation citation-end-4\"> Doplnky ako \u0161perky, \u0161\u00e1ly a klob\u00faky dotvoria v\u00e1\u0161 vzh\u013ead.<\/span><span class=\"button-container hide-from-message-actions ng-star-inserted\"> \u00a0<\/span><\/li>\n<li data-sourcepos=\"17:1-17:102\"><strong style=\"font-size: 14.4px;\">Zachovajte jednoduchos\u0165:<\/strong><span style=\"font-size: 14.4px;\"> Ak m\u00e1te na sebe top s v\u00fdraznou africkou potla\u010dou, zvy\u0161ok oble\u010denia nechajte jednoduch\u00fd.<\/span><\/li>\n<li data-sourcepos=\"19:1-20:0\"><strong>Prijmite svoju individualitu:<\/strong> <span class=\"citation-5 recitation citation-end-5\">Topy s africkou potla\u010dou s\u00fa skvel\u00fdm sp\u00f4sobom, ako vyjadri\u0165 svoj osobn\u00fd \u0161t\u00fdl.<\/span><span class=\"button-container hide-from-message-actions ng-star-inserted\"> \u00a0<\/span>\n<div class=\"container ng-tns-c2946245707-273 hide\">\n<div class=\"carousel-container ng-tns-c2946245707-273\"><\/div>\n<\/div>\n<\/li>\n<\/ul>\n<p data-sourcepos=\"21:1-21:147\">Topy s africkou potla\u010dou s\u00fa skvelou vo\u013ebou, \u010di u\u017e h\u013ead\u00e1te le\u017e\u00e9rny top na nosenie okolo domu alebo \u0161t\u00fdlov\u00fd outfit na \u0161peci\u00e1lnu pr\u00edle\u017eitos\u0165.<\/p>\n<\/div>","protected":false},"excerpt":{"rendered":"<table style=\"height: 455px;\" width=\"420\">\n<tbody>\n<tr>\n<td width=\"146\"><strong><b>Produkt<\/b><\/strong>\u00a0<strong><b>N\u00e1zov:<\/b><\/strong><\/td>\n<td width=\"601\"><strong>D\u00e1mske topy s africkou potla\u010dou<\/strong><\/td>\n<\/tr>\n<tr>\n<td width=\"146\"><strong><b>Materstvo:<\/b><\/strong><\/td>\n<td width=\"601\">Pletenie<\/td>\n<\/tr>\n<tr>\n<td width=\"146\"><strong><b>Technika:<\/b><\/strong><\/td>\n<td width=\"601\">Vy\u0161\u00edvan\u00e9<\/td>\n<\/tr>\n<tr>\n<td width=\"146\"><strong><b>\u0160t\u00fdl:<\/b><\/strong><\/td>\n<td width=\"601\">Pr\u00edle\u017eitostn\u00e9<\/td>\n<\/tr>\n<tr>\n<td width=\"146\"><strong><b>Farba<\/b><\/strong><strong><b>:<\/b><\/strong><\/td>\n<td width=\"601\">\u00a0Vlastn\u00e9 farby<\/td>\n<\/tr>\n<tr>\n<td width=\"146\"><strong><b>Ve\u013ekos\u0165:<\/b><\/strong><\/td>\n<td width=\"601\">S \/M \/L \/XL \/2XL<\/td>\n<\/tr>\n<tr>\n<td width=\"146\"><strong><b>OEM\/ODM:<\/b><\/strong><\/td>\n<td width=\"601\">Prijate\u013en\u00e9<\/td>\n<\/tr>\n<tr>\n<td width=\"146\"><strong><b>Kvalita:<\/b><\/strong><\/td>\n<td width=\"601\">100% Vysok\u00e1 kvalita<\/td>\n<\/tr>\n<tr>\n<td width=\"146\"><strong><b>M<\/b><\/strong><strong><b>OQ:<\/b><\/strong><\/td>\n<td width=\"601\">200 ks<\/td>\n<\/tr>\n<\/tbody>\n<\/table>","protected":false},"featured_media":1892,"template":"","meta":[],"product_brand":[],"product_cat":[39],"product_tag":[],"class_list":{"0":"post-1891","1":"product","2":"type-product","3":"status-publish","4":"has-post-thumbnail","6":"product_cat-womens-clothing","8":"first","9":"instock","10":"shipping-taxable","11":"product-type-simple"},"_links":{"self":[{"href":"https:\/\/mj-clothing.com\/sk\/wp-json\/wp\/v2\/product\/1891","targetHints":{"allow":["GET"]}}],"collection":[{"href":"https:\/\/mj-clothing.com\/sk\/wp-json\/wp\/v2\/product"}],"about":[{"href":"https:\/\/mj-clothing.com\/sk\/wp-json\/wp\/v2\/types\/product"}],"wp:featuredmedia":[{"embeddable":true,"href":"https:\/\/mj-clothing.com\/sk\/wp-json\/wp\/v2\/media\/1892"}],"wp:attachment":[{"href":"https:\/\/mj-clothing.com\/sk\/wp-json\/wp\/v2\/media?parent=1891"}],"wp:term":[{"taxonomy":"product_brand","embeddable":true,"href":"https:\/\/mj-clothing.com\/sk\/wp-json\/wp\/v2\/product_brand?post=1891"},{"taxonomy":"product_cat","embeddable":true,"href":"https:\/\/mj-clothing.com\/sk\/wp-json\/wp\/v2\/product_cat?post=1891"},{"taxonomy":"product_tag","embeddable":true,"href":"https:\/\/mj-clothing.com\/sk\/wp-json\/wp\/v2\/product_tag?post=1891"}],"curies":[{"name":"wp","href":"https:\/\/api.w.org\/{rel}","templated":true}]}}