{"id":1919,"date":"2024-12-16T08:23:18","date_gmt":"2024-12-16T08:23:18","guid":{"rendered":"https:\/\/mj-clothing.com\/?post_type=product&#038;p=1919"},"modified":"2024-12-17T03:44:00","modified_gmt":"2024-12-17T03:44:00","slug":"womens-pink-long-sleeve-tops","status":"publish","type":"product","link":"https:\/\/mj-clothing.com\/sk\/manufacturer\/womens-pink-long-sleeve-tops\/","title":{"rendered":"D\u00e1mske ru\u017eov\u00e9 topy s dlh\u00fdm ruk\u00e1vom"},"content":{"rendered":"<p data-sourcepos=\"1:1-1:189\">D\u00e1mske ru\u017eov\u00e9 topy s dlh\u00fdm ruk\u00e1vom s\u00fa univerz\u00e1lnou a \u0161t\u00fdlovou vo\u013ebou pre \u017eeny. <span class=\"citation-0 recitation citation-end-0\">Dod\u00e1vaj\u00fa sa v r\u00f4znych odtie\u0148och, od jemnej ru\u017eovej a\u017e po \u017eiariv\u00fa hor\u00facu ru\u017eov\u00fa, a daj\u00fa sa upravi\u0165 na r\u00f4zne pr\u00edle\u017eitosti.<\/span><span class=\"button-container hide-from-message-actions ng-star-inserted\"> \u00a0<\/span><\/p>\n<h3 data-sourcepos=\"5:1-5:54\">\u00a0 \u00a0 \u00a0 Tu s\u00fa niektor\u00e9 popul\u00e1rne \u0161t\u00fdly d\u00e1mskych ru\u017eov\u00fdch topov s dlh\u00fdm ruk\u00e1vom:<\/h3>\n<ul data-sourcepos=\"7:1-18:0\">\n<li data-sourcepos=\"7:1-9:0\">\n<p data-sourcepos=\"7:3-8:22\"><strong><span class=\"citation-1 recitation\">Bl\u00fazky:<\/span><\/strong><span class=\"citation-1 recitation citation-end-1\"> Ru\u017eov\u00e9 bl\u00fazky m\u00f4\u017eu by\u0165 vyroben\u00e9 z r\u00f4znych tkan\u00edn, napr\u00edklad z hodv\u00e1bu, bavlny alebo \u013eanu.<\/span> Daj\u00fa sa kombinova\u0165 so suk\u0148ami, nohavicami alebo d\u017e\u00ednsami, aby p\u00f4sobili elegantne a sofistikovane.<span class=\"button-container hide-from-message-actions ng-star-inserted\">\u00a0 \u00a0<\/span><\/p>\n<\/li>\n<li data-sourcepos=\"7:1-9:0\">\n<p data-sourcepos=\"7:3-8:22\"><strong style=\"font-size: 14.4px;\"><span class=\"citation-2 recitation\">Tri\u010dk\u00e1:<\/span><\/strong><span class=\"citation-2 recitation citation-end-2\" style=\"font-size: 14.4px;\"> Ru\u017eov\u00e9 tri\u010dk\u00e1 s\u00fa le\u017e\u00e9rnou a pohodlnou vo\u013ebou, ktor\u00fa m\u00f4\u017eete kombinova\u0165 s d\u017e\u00ednsami, \u0161ortkami alebo suk\u0148ami.<\/span><span class=\"button-container hide-from-message-actions ng-star-inserted\" style=\"font-size: 14.4px;\">\u00a0 \u00a0<\/span><\/p>\n<\/li>\n<li data-sourcepos=\"7:1-9:0\">\n<p data-sourcepos=\"7:3-8:22\"><strong style=\"font-size: 14.4px;\"><span class=\"citation-3 recitation\">Svetre:<\/span><\/strong><span class=\"citation-3 recitation citation-end-3\" style=\"font-size: 14.4px;\"> Ru\u017eov\u00e9 svetre s\u00fa ide\u00e1lne na chladnej\u0161ie po\u010dasie.<\/span><span style=\"font-size: 14.4px;\"> Daj\u00fa sa nosi\u0165 k d\u017e\u00ednsom, leg\u00ednam alebo sukniam.<\/span><\/p>\n<\/li>\n<li data-sourcepos=\"7:1-9:0\">\n<p data-sourcepos=\"7:3-8:22\"><strong style=\"font-size: 14.4px;\"><span class=\"citation-4 recitation\">Tielka:<\/span><\/strong><span class=\"citation-4 recitation citation-end-4\" style=\"font-size: 14.4px;\"> Ru\u017eov\u00e9 tielka s\u00fa univerz\u00e1lnym k\u00faskom, ktor\u00fd sa d\u00e1 vrstvi\u0165 pod in\u00e9 topy alebo nosi\u0165 samostatne.<\/span><span class=\"button-container hide-from-message-actions ng-star-inserted\" style=\"font-size: 14.4px;\">\u00a0 \u00a0<\/span><\/p>\n<div class=\"container ng-tns-c2946245707-318 hide\">\n<div class=\"carousel-container ng-tns-c2946245707-318\"><\/div>\n<\/div>\n<div class=\"attachment-container search-images\">\n<div class=\"image-container hide-from-message-actions ng-star-inserted\">\n<div class=\"caption ellipsis gmat-caption ng-star-inserted\" aria-hidden=\"true\"><span style=\"font-size: 20.16px;\">Pri d\u00e1mskych ru\u017eov\u00fdch topoch s dlh\u00fdm ruk\u00e1vom zv\u00e1\u017ete nasleduj\u00face tipy:<\/span><\/div>\n<\/div>\n<\/div>\n<\/li>\n<\/ul>\n<ul data-sourcepos=\"21:1-25:0\">\n<li data-sourcepos=\"21:1-21:94\"><strong>Doplnky:<\/strong> Doplnky ako n\u00e1hrdeln\u00edky, n\u00e1u\u0161nice a \u0161atky v\u00e1\u0161 vzh\u013ead e\u0161te zv\u00fdraznia.<\/li>\n<li data-sourcepos=\"22:1-22:121\"><strong>Hrajte sa s text\u00farami:<\/strong> Kombinujte r\u00f4zne text\u00fary, napr\u00edklad \u010dipku, zamat alebo \u00faplet, a vytvorte si zauj\u00edmav\u00e9 oble\u010denie.<\/li>\n<li data-sourcepos=\"23:1-23:114\"><strong>Experimentujte s farbami:<\/strong> Ru\u017eov\u00fd top skombinujte s in\u00fdmi farbami, napr\u00edklad \u010diernou, bielou alebo d\u017e\u00ednsovou, aby ste dosiahli klasick\u00fd vzh\u013ead.<\/li>\n<li data-sourcepos=\"24:1-25:0\"><strong>Zachovajte jednoduchos\u0165:<\/strong> Ak m\u00e1te na sebe v\u00fdrazn\u00fd ru\u017eov\u00fd top, zvy\u0161ok oble\u010denia nechajte jednoduch\u00fd.<\/li>\n<\/ul>\n<p data-sourcepos=\"26:1-26:192\">Ru\u017eov\u00e9 topy s dlh\u00fdm ruk\u00e1vom s\u00fa univerz\u00e1lnou a \u0161t\u00fdlovou vo\u013ebou, ktor\u00fa si m\u00f4\u017eete obliec\u0165 na ak\u00fako\u013evek pr\u00edle\u017eitos\u0165. Pod\u013ea t\u00fdchto tipov si m\u00f4\u017eete vytvori\u0165 \u00fa\u017easn\u00e9 oble\u010denie, v ktorom budete vyzera\u0165 a c\u00edti\u0165 sa \u010do najlep\u0161ie.<\/p>","protected":false},"excerpt":{"rendered":"<table style=\"height: 488px;\" width=\"438\">\n<tbody>\n<tr>\n<td width=\"146\"><strong><b>Produkt<\/b><\/strong>\u00a0<strong><b>N\u00e1zov:<\/b><\/strong><\/td>\n<td width=\"601\"><strong>D\u00e1mske ru\u017eov\u00e9 topy s dlh\u00fdm ruk\u00e1vom<\/strong><\/td>\n<\/tr>\n<tr>\n<td width=\"146\"><strong><b>Materstvo:<\/b><\/strong><\/td>\n<td width=\"601\">Pletenie<\/td>\n<\/tr>\n<tr>\n<td width=\"146\"><strong><b>Technika:<\/b><\/strong><\/td>\n<td width=\"601\">Vy\u0161\u00edvan\u00e9<\/td>\n<\/tr>\n<tr>\n<td width=\"146\"><strong><b>\u0160t\u00fdl:<\/b><\/strong><\/td>\n<td width=\"601\">Pr\u00edle\u017eitostn\u00e9<\/td>\n<\/tr>\n<tr>\n<td width=\"146\"><strong><b>Farba<\/b><\/strong><strong><b>:<\/b><\/strong><\/td>\n<td width=\"601\">\u00a0Vlastn\u00e9 farby<\/td>\n<\/tr>\n<tr>\n<td width=\"146\"><strong><b>Ve\u013ekos\u0165:<\/b><\/strong><\/td>\n<td width=\"601\">S \/M \/L \/XL \/2XL<\/td>\n<\/tr>\n<tr>\n<td width=\"146\"><strong><b>OEM\/ODM:<\/b><\/strong><\/td>\n<td width=\"601\">Prijate\u013en\u00e9<\/td>\n<\/tr>\n<tr>\n<td width=\"146\"><strong><b>Kvalita:<\/b><\/strong><\/td>\n<td width=\"601\">100% Vysok\u00e1 kvalita<\/td>\n<\/tr>\n<tr>\n<td width=\"146\"><strong><b>M<\/b><\/strong><strong><b>OQ:<\/b><\/strong><\/td>\n<td width=\"601\">200 ks<\/td>\n<\/tr>\n<\/tbody>\n<\/table>","protected":false},"featured_media":1922,"template":"","meta":[],"product_brand":[],"product_cat":[39],"product_tag":[],"class_list":{"0":"post-1919","1":"product","2":"type-product","3":"status-publish","4":"has-post-thumbnail","6":"product_cat-womens-clothing","8":"first","9":"instock","10":"shipping-taxable","11":"product-type-simple"},"_links":{"self":[{"href":"https:\/\/mj-clothing.com\/sk\/wp-json\/wp\/v2\/product\/1919","targetHints":{"allow":["GET"]}}],"collection":[{"href":"https:\/\/mj-clothing.com\/sk\/wp-json\/wp\/v2\/product"}],"about":[{"href":"https:\/\/mj-clothing.com\/sk\/wp-json\/wp\/v2\/types\/product"}],"wp:featuredmedia":[{"embeddable":true,"href":"https:\/\/mj-clothing.com\/sk\/wp-json\/wp\/v2\/media\/1922"}],"wp:attachment":[{"href":"https:\/\/mj-clothing.com\/sk\/wp-json\/wp\/v2\/media?parent=1919"}],"wp:term":[{"taxonomy":"product_brand","embeddable":true,"href":"https:\/\/mj-clothing.com\/sk\/wp-json\/wp\/v2\/product_brand?post=1919"},{"taxonomy":"product_cat","embeddable":true,"href":"https:\/\/mj-clothing.com\/sk\/wp-json\/wp\/v2\/product_cat?post=1919"},{"taxonomy":"product_tag","embeddable":true,"href":"https:\/\/mj-clothing.com\/sk\/wp-json\/wp\/v2\/product_tag?post=1919"}],"curies":[{"name":"wp","href":"https:\/\/api.w.org\/{rel}","templated":true}]}}