{"id":1937,"date":"2024-12-16T08:58:11","date_gmt":"2024-12-16T08:58:11","guid":{"rendered":"https:\/\/mj-clothing.com\/?post_type=product&#038;p=1937"},"modified":"2024-12-18T06:12:05","modified_gmt":"2024-12-18T06:12:05","slug":"womens-flowy-tops","status":"publish","type":"product","link":"https:\/\/mj-clothing.com\/sk\/manufacturer\/womens-flowy-tops\/","title":{"rendered":"D\u00e1mske spl\u00fdvav\u00e9 topy"},"content":{"rendered":"<div id=\"model-response-message-contentr_088ece0303c648c2\" class=\"markdown markdown-main-panel response-optimization\" dir=\"ltr\">\n<p data-sourcepos=\"1:1-1:232\">D\u00e1mske spl\u00fdvav\u00e9 topy s\u00fa ob\u013e\u00fabenou vo\u013ebou pre \u017eeny v\u010faka svojmu pohodliu a v\u0161estrannosti. <span class=\"citation-0 recitation citation-end-0\">Dod\u00e1vaj\u00fa sa v r\u00f4znych \u0161t\u00fdloch, farb\u00e1ch a materi\u00e1loch, tak\u017ee s\u00fa vhodn\u00e9 na r\u00f4zne pr\u00edle\u017eitosti.<\/span> Tu je nieko\u013eko ob\u013e\u00faben\u00fdch \u0161t\u00fdlov spl\u00fdvav\u00fdch zvr\u0161kov:<span class=\"button-container hide-from-message-actions ng-star-inserted\">\u00a0<\/span><\/p>\n<h3 data-sourcepos=\"3:1-3:21\"><strong>1. D\u00e1mske spl\u00fdvav\u00e9 topy bl\u00fazky:<\/strong><\/h3>\n<ul data-sourcepos=\"5:1-11:0\">\n<li data-sourcepos=\"5:1-6:31\"><strong><span class=\"citation-1 recitation\">Bl\u00fazky s vol\u00e1nov\u00fdm ruk\u00e1vom:<\/span><\/strong><span class=\"citation-1 recitation citation-end-1\"> Tieto bl\u00fazky dodaj\u00fa ka\u017ed\u00e9mu oble\u010deniu n\u00e1dych \u017eenskosti a romantiky.<\/span><\/li>\n<li data-sourcepos=\"5:1-6:31\"><span class=\"button-container hide-from-message-actions ng-star-inserted\"><strong style=\"font-size: 14.4px;\"><span class=\"citation-2 recitation\">Bl\u00fazky bez ramien:<\/span><\/strong><span class=\"citation-2 recitation citation-end-2\" style=\"font-size: 14.4px;\"> Tieto bl\u00fazky s\u00fa ide\u00e1lne na odhalenie ramien a vytvorenie koketn\u00e9ho vzh\u013eadu.<\/span><\/span><\/li>\n<li data-sourcepos=\"5:1-6:31\"><strong><span class=\"citation-3 recitation\">Bl\u00fazky so zav\u00e4zovan\u00edm vpredu:<\/span><\/strong><span class=\"citation-3 recitation citation-end-3\"> Tieto bl\u00fazky maj\u00fa lichotiv\u00fd a prisp\u00f4sobiv\u00fd strih.<\/span>\n<div class=\"container ng-tns-c2946245707-355 hide\">\n<div class=\"carousel-container ng-tns-c2946245707-355\"><\/div>\n<\/div>\n<div class=\"attachment-container search-images\">\n<div class=\"image-container hide-from-message-actions ng-star-inserted\">\n<div class=\"caption ellipsis gmat-caption ng-star-inserted\" aria-hidden=\"true\"><\/div>\n<\/div>\n<\/div>\n<\/li>\n<\/ul>\n<h3 data-sourcepos=\"12:1-12:20\"><strong>2. D\u00e1mske spl\u00fdvav\u00e9 topy tuniky:<\/strong><\/h3>\n<ul data-sourcepos=\"14:1-20:0\">\n<li data-sourcepos=\"14:1-15:24\"><strong><span class=\"citation-4 recitation\">Tuniky s potla\u010dou:<\/span><\/strong><span class=\"citation-4 recitation citation-end-4\"> Tieto tuniky s\u00fa ide\u00e1lne na doplnenie v\u00e1\u0161ho \u0161atn\u00edka o farby a vzory.<\/span><\/li>\n<li data-sourcepos=\"14:1-15:24\"><strong style=\"font-size: 14.4px;\">Jednofarebn\u00e9 tuniky:<\/strong><span style=\"font-size: 14.4px;\"> Tieto tuniky s\u00fa univerz\u00e1lne a m\u00f4\u017eete ich obliec\u0165 hore alebo dole.<\/span><\/li>\n<li data-sourcepos=\"14:1-15:24\"><strong style=\"font-size: 14.4px;\">Vy\u0161\u00edvan\u00e9 tuniky:<\/strong><span style=\"font-size: 14.4px;\"> Tieto tuniky dod\u00e1vaj\u00fa eleganciu a sofistikovanos\u0165.<\/span>\n<div class=\"attachment-container search-images\">\n<div class=\"image-container hide-from-message-actions ng-star-inserted\">\n<div class=\"caption ellipsis gmat-caption ng-star-inserted\" aria-hidden=\"true\"><\/div>\n<\/div>\n<\/div>\n<\/li>\n<\/ul>\n<h3 data-sourcepos=\"21:1-21:23\"><strong>3.D\u00e1mske tielka Flowy Tank Tops:<\/strong><\/h3>\n<ul data-sourcepos=\"23:1-29:0\">\n<li data-sourcepos=\"23:1-24:24\"><strong>\u010cipkovan\u00e9 tielka:<\/strong> Tieto tielka s\u00fa ide\u00e1lne na to, aby dodali ka\u017ed\u00e9mu oble\u010deniu n\u00e1dych \u017eenskosti a romantiky.<\/li>\n<li data-sourcepos=\"23:1-24:24\"><strong style=\"font-size: 14.4px;\">Strappy tielka:<\/strong><span style=\"font-size: 14.4px;\"> Tieto tielka s\u00fa ide\u00e1lne na vrstvenie alebo samostatn\u00e9 nosenie.<\/span><\/li>\n<li data-sourcepos=\"23:1-24:24\"><span class=\"button-container hide-from-message-actions ng-star-inserted\"><strong style=\"font-size: 14.4px;\"><span class=\"citation-5 recitation\">Vol\u00e1nov\u00e9 tielka:<\/span><\/strong><span class=\"citation-5 recitation citation-end-5\" style=\"font-size: 14.4px;\"> Tieto tielka dodaj\u00fa hrav\u00fd a koketn\u00fd n\u00e1dych ka\u017ed\u00e9mu oble\u010deniu.<\/span><span class=\"button-container hide-from-message-actions ng-star-inserted\" style=\"font-size: 14.4px;\"> \u00a0<\/span><\/span>\n<div class=\"container ng-tns-c2946245707-357 hide\">\n<div class=\"carousel-container ng-tns-c2946245707-357\"><\/div>\n<\/div>\n<div class=\"attachment-container search-images\"><\/div>\n<\/li>\n<\/ul>\n<h4 data-sourcepos=\"30:1-30:22\"><strong>4. Vliesov\u00e9 svetre:<\/strong><\/h4>\n<ul data-sourcepos=\"32:1-38:0\">\n<li data-sourcepos=\"32:1-33:28\"><strong><span class=\"citation-6 recitation\">Nadrozmern\u00e9 svetre:<\/span><\/strong><span class=\"citation-6 recitation citation-end-6\"> Tieto svetre s\u00fa ide\u00e1lne na z\u00fatulnenie po\u010das chladn\u00e9ho d\u0148a.<\/span><span class=\"button-container hide-from-message-actions ng-star-inserted\">\u00a0 \u00a0<\/span>\n<div class=\"container ng-tns-c2946245707-358 hide\">\n<div class=\"carousel-container ng-tns-c2946245707-358\"><\/div>\n<\/div>\n<div class=\"attachment-container search-images\"><\/div>\n<\/li>\n<li data-sourcepos=\"34:1-35:29\"><strong><span class=\"citation-7 recitation\">K\u00e1bel pleten\u00e9 svetre:<\/span><\/strong><span class=\"citation-7 recitation citation-end-7\"> Tieto svetre s\u00fa klasickou a nad\u010dasovou vo\u013ebou.<\/span><span class=\"button-container hide-from-message-actions ng-star-inserted\"> \u00a0<\/span><\/li>\n<li data-sourcepos=\"34:1-35:29\"><span class=\"button-container hide-from-message-actions ng-star-inserted\"><strong style=\"font-size: 14.4px;\"><span class=\"citation-8 recitation\">Kardig\u00e1nov\u00e9 svetre:<\/span><\/strong><span class=\"citation-8 recitation citation-end-8\" style=\"font-size: 14.4px;\"> Tieto svetre s\u00fa ide\u00e1lne na vrstvenie a daj\u00fa sa obliec\u0165 hore aj dole.<\/span><span class=\"button-container hide-from-message-actions ng-star-inserted\" style=\"font-size: 14.4px;\"> \u00a0<\/span><\/span>\n<div class=\"container ng-tns-c2946245707-360 hide\">\n<div class=\"carousel-container ng-tns-c2946245707-360\"><\/div>\n<\/div>\n<div class=\"attachment-container search-images\">\n<div class=\"image-container hide-from-message-actions ng-star-inserted\">\n<div class=\"caption ellipsis gmat-caption ng-star-inserted\" aria-hidden=\"true\"><\/div>\n<\/div>\n<\/div>\n<\/li>\n<\/ul>\n<h3 data-sourcepos=\"39:1-39:53\">Pri \u0161tyliz\u00e1cii spl\u00fdvav\u00fdch zvr\u0161kov zoh\u013eadnite nasleduj\u00face tipy:<\/h3>\n<ul data-sourcepos=\"41:1-45:0\">\n<li data-sourcepos=\"41:1-41:94\"><strong>Doplnky:<\/strong> Doplnky ako n\u00e1hrdeln\u00edky, n\u00e1u\u0161nice a \u0161atky v\u00e1\u0161 vzh\u013ead e\u0161te zv\u00fdraznia.<\/li>\n<li data-sourcepos=\"42:1-42:121\"><strong>Hrajte sa s text\u00farami:<\/strong> Kombinujte r\u00f4zne text\u00fary, napr\u00edklad \u010dipku, zamat alebo \u00faplet, a vytvorte si zauj\u00edmav\u00e9 oble\u010denie.<\/li>\n<li data-sourcepos=\"43:1-43:112\"><strong>Experimentujte s farbami:<\/strong> Zla\u010fte si spl\u00fdvav\u00fd top s in\u00fdmi farbami a vytvorte si \u0161t\u00fdlov\u00fd a p\u00fatav\u00fd outfit.<\/li>\n<li data-sourcepos=\"44:1-45:0\"><strong>Zachovajte jednoduchos\u0165:<\/strong> Ak si oble\u010diete v\u00fdrazn\u00fd a farebn\u00fd spl\u00fdvav\u00fd top, zvy\u0161ok oble\u010denia nechajte jednoduch\u00fd.<\/li>\n<\/ul>\n<\/div>","protected":false},"excerpt":{"rendered":"<table style=\"height: 541px;\" width=\"431\">\n<tbody>\n<tr>\n<td width=\"146\"><strong><b>Produkt<\/b><\/strong>\u00a0<strong><b>N\u00e1zov:<\/b><\/strong><\/td>\n<td width=\"601\"><strong>D\u00e1mske spl\u00fdvav\u00e9 topy<\/strong><\/td>\n<\/tr>\n<tr>\n<td width=\"146\"><strong><b>Materstvo:<\/b><\/strong><\/td>\n<td width=\"601\">Pletenie<\/td>\n<\/tr>\n<tr>\n<td width=\"146\"><strong><b>Technika:<\/b><\/strong><\/td>\n<td width=\"601\">Vy\u0161\u00edvan\u00e9<\/td>\n<\/tr>\n<tr>\n<td width=\"146\"><strong><b>\u0160t\u00fdl:<\/b><\/strong><\/td>\n<td width=\"601\">Pr\u00edle\u017eitostn\u00e9<\/td>\n<\/tr>\n<tr>\n<td width=\"146\"><strong><b>Farba<\/b><\/strong><strong><b>:<\/b><\/strong><\/td>\n<td width=\"601\">\u00a0Vlastn\u00e9 farby<\/td>\n<\/tr>\n<tr>\n<td width=\"146\"><strong><b>Ve\u013ekos\u0165:<\/b><\/strong><\/td>\n<td width=\"601\">S \/M \/L \/XL \/2XL<\/td>\n<\/tr>\n<tr>\n<td width=\"146\"><strong><b>OEM\/ODM:<\/b><\/strong><\/td>\n<td width=\"601\">Prijate\u013en\u00e9<\/td>\n<\/tr>\n<tr>\n<td width=\"146\"><strong><b>Kvalita:<\/b><\/strong><\/td>\n<td width=\"601\">100% Vysok\u00e1 kvalita<\/td>\n<\/tr>\n<tr>\n<td width=\"146\"><strong><b>M<\/b><\/strong><strong><b>OQ:<\/b><\/strong><\/td>\n<td width=\"601\">200 ks<\/td>\n<\/tr>\n<\/tbody>\n<\/table>","protected":false},"featured_media":1938,"template":"","meta":[],"product_brand":[],"product_cat":[39],"product_tag":[],"class_list":{"0":"post-1937","1":"product","2":"type-product","3":"status-publish","4":"has-post-thumbnail","6":"product_cat-womens-clothing","8":"first","9":"instock","10":"shipping-taxable","11":"product-type-simple"},"_links":{"self":[{"href":"https:\/\/mj-clothing.com\/sk\/wp-json\/wp\/v2\/product\/1937","targetHints":{"allow":["GET"]}}],"collection":[{"href":"https:\/\/mj-clothing.com\/sk\/wp-json\/wp\/v2\/product"}],"about":[{"href":"https:\/\/mj-clothing.com\/sk\/wp-json\/wp\/v2\/types\/product"}],"wp:featuredmedia":[{"embeddable":true,"href":"https:\/\/mj-clothing.com\/sk\/wp-json\/wp\/v2\/media\/1938"}],"wp:attachment":[{"href":"https:\/\/mj-clothing.com\/sk\/wp-json\/wp\/v2\/media?parent=1937"}],"wp:term":[{"taxonomy":"product_brand","embeddable":true,"href":"https:\/\/mj-clothing.com\/sk\/wp-json\/wp\/v2\/product_brand?post=1937"},{"taxonomy":"product_cat","embeddable":true,"href":"https:\/\/mj-clothing.com\/sk\/wp-json\/wp\/v2\/product_cat?post=1937"},{"taxonomy":"product_tag","embeddable":true,"href":"https:\/\/mj-clothing.com\/sk\/wp-json\/wp\/v2\/product_tag?post=1937"}],"curies":[{"name":"wp","href":"https:\/\/api.w.org\/{rel}","templated":true}]}}