{"id":1939,"date":"2024-12-16T09:14:41","date_gmt":"2024-12-16T09:14:41","guid":{"rendered":"https:\/\/mj-clothing.com\/?post_type=product&#038;p=1939"},"modified":"2024-12-17T03:42:51","modified_gmt":"2024-12-17T03:42:51","slug":"womens-spring-tops-2024","status":"publish","type":"product","link":"https:\/\/mj-clothing.com\/sk\/manufacturer\/womens-spring-tops-2024\/","title":{"rendered":"D\u00e1mske jarn\u00e9 topy 2024"},"content":{"rendered":"<p data-sourcepos=\"1:1-1:118\"><span class=\"citation-0 recitation citation-end-0\">D\u00e1mske topy na jar 2024 s\u00fa zmesou klasick\u00fdch \u0161t\u00fdlov s modern\u00fdmi zvratmi.<\/span> Tu s\u00fa niektor\u00e9 z hlavn\u00fdch trendov:<\/p>\n<h3 data-sourcepos=\"1:1-1:118\"><strong>1. D\u00e1mske jarn\u00e9 topy 2024 Vzory:<\/strong><\/h3>\n<ul data-sourcepos=\"5:1-7:0\">\n<li data-sourcepos=\"5:1-5:80\"><strong>Jemn\u00e9 kvety:<\/strong> Jemn\u00e9, romantick\u00e9 kvetinov\u00e9 vzory s\u00fa klasick\u00fdm jarn\u00fdm trendom.<\/li>\n<li data-sourcepos=\"6:1-7:0\"><strong>Odv\u00e1\u017ene kvety:<\/strong> Ve\u013ek\u00e9, \u017eiv\u00e9 kvetinov\u00e9 vzory s\u00fa v\u00fdrazn\u00e9.<\/li>\n<\/ul>\n<h3 data-sourcepos=\"8:1-8:20\"><strong>2. D\u00e1mske jarn\u00e9 topy 2024 Relaxed Fits:<\/strong><\/h3>\n<ul data-sourcepos=\"10:1-12:0\">\n<li data-sourcepos=\"10:1-10:99\"><strong>Nadrozmern\u00e9 siluety:<\/strong> Pohodln\u00e9 a \u0161t\u00fdlov\u00e9 topy nadrozmern\u00fdch ve\u013ekost\u00ed s\u00fa ide\u00e1lne na le\u017e\u00e9rny vzh\u013ead.<\/li>\n<li data-sourcepos=\"11:1-12:0\"><strong>Vliesov\u00e9 bl\u00fazky:<\/strong> \u013dahk\u00e9 a vzdu\u0161n\u00e9 bl\u00fazky s\u00fa ide\u00e1lne do teplej\u0161ieho po\u010dasia.<\/li>\n<\/ul>\n<h3 data-sourcepos=\"13:1-13:21\"><strong>3. D\u00e1mske jarn\u00e9 topy 2024 Jasn\u00e9 farby:<\/strong><\/h3>\n<ul data-sourcepos=\"15:1-17:0\">\n<li data-sourcepos=\"15:1-15:83\"><strong>Odv\u00e1\u017ene odtiene:<\/strong> \u017diariv\u00e9 farby, ako je ru\u017eov\u00e1, \u017elt\u00e1 a oran\u017eov\u00e1, dod\u00e1vaj\u00fa vesel\u00fd n\u00e1dych.<\/li>\n<li data-sourcepos=\"16:1-17:0\"><strong>Pastelov\u00e9 t\u00f3ny:<\/strong> Jemn\u00e9 pastelov\u00e9 farby ako levandu\u013eov\u00e1, m\u00e4tovo zelen\u00e1 a detsky modr\u00e1 s\u00fa ide\u00e1lne pre romantick\u00fd vzh\u013ead.<\/li>\n<\/ul>\n<h3 data-sourcepos=\"18:1-18:24\"><strong>4. Jedine\u010dn\u00e9 v\u00fdstrihy:<\/strong><\/h3>\n<ul data-sourcepos=\"20:1-23:0\">\n<li data-sourcepos=\"20:1-20:59\"><strong>Mimo ramien:<\/strong> \u017densk\u00fd a lichotiv\u00fd v\u00fdstrih.<\/li>\n<li data-sourcepos=\"21:1-21:55\"><strong>\u0160tvorcov\u00fd v\u00fdstrih:<\/strong> Modern\u00fd a sofistikovan\u00fd vzh\u013ead.<\/li>\n<li data-sourcepos=\"22:1-23:0\"><strong>Jedno rameno:<\/strong> Odv\u00e1\u017ena a dramatick\u00e1 vo\u013eba.<\/li>\n<\/ul>\n<h3 data-sourcepos=\"24:1-24:24\"><strong>5. Text\u00farovan\u00e9 text\u00edlie:<\/strong><\/h3>\n<ul data-sourcepos=\"26:1-29:0\">\n<li data-sourcepos=\"26:1-26:52\"><strong>\u010cipky:<\/strong> Dod\u00e1va eleganciu a \u017eenskos\u0165.<\/li>\n<li data-sourcepos=\"27:1-27:49\"><strong>Pleten\u00e9:<\/strong> Pohodln\u00e9 a pr\u00edjemn\u00e9 na chladnej\u0161ie dni.<\/li>\n<li data-sourcepos=\"28:1-29:0\"><strong>Sat\u00e9n:<\/strong> Luxusn\u00e1 a o\u010daruj\u00faca tkanina.<\/li>\n<\/ul>\n<h3 data-sourcepos=\"30:1-30:27\"><strong>6. Udr\u017eate\u013en\u00e9 tkaniny:<\/strong><\/h3>\n<ul data-sourcepos=\"32:1-35:0\">\n<li data-sourcepos=\"32:1-32:44\"><strong>Organick\u00e1 bavlna:<\/strong> \u0160etrn\u00e9 k \u017eivotn\u00e9mu prostrediu a m\u00e4kk\u00e9.<\/li>\n<li data-sourcepos=\"33:1-33:50\"><strong>Recyklovan\u00fd polyester:<\/strong> Trvalo udr\u017eate\u013en\u00e9 a odoln\u00e9.<\/li>\n<li data-sourcepos=\"34:1-35:0\"><strong><span class=\"citation-1 recitation\">Tencel:<\/span><\/strong><span class=\"citation-1 recitation citation-end-1\"> Priedu\u0161n\u00e1 tkanina odv\u00e1dzaj\u00faca vlhkos\u0165.<\/span><span class=\"button-container hide-from-message-actions ng-star-inserted\"> \u00a0<\/span>\n<div class=\"container ng-tns-c2946245707-383 hide\">\n<div class=\"carousel-container ng-tns-c2946245707-383\"><\/div>\n<\/div>\n<\/li>\n<\/ul>\n<p data-sourcepos=\"36:1-36:226\">Nezabudnite, \u017ee najlep\u0161\u00ed sp\u00f4sob, ako n\u00e1js\u0165 perfektn\u00fd jarn\u00fd top, je experimentova\u0165 s r\u00f4znymi \u0161t\u00fdlmi, farbami a materi\u00e1lmi. Pri v\u00fdbere zv\u00e1\u017ete svoj osobn\u00fd \u0161t\u00fdl a pr\u00edle\u017eitos\u0165, na ktor\u00fa budete top nosi\u0165.<\/p>","protected":false},"excerpt":{"rendered":"<table style=\"height: 470px;\" width=\"398\">\n<tbody>\n<tr>\n<td width=\"146\"><strong><b>Produkt<\/b><\/strong>\u00a0<strong><b>N\u00e1zov:<\/b><\/strong><\/td>\n<td width=\"601\"><strong>D\u00e1mske jarn\u00e9 topy 2024<\/strong><\/td>\n<\/tr>\n<tr>\n<td width=\"146\"><strong><b>Materstvo:<\/b><\/strong><\/td>\n<td width=\"601\">Pletenie<\/td>\n<\/tr>\n<tr>\n<td width=\"146\"><strong><b>Technika:<\/b><\/strong><\/td>\n<td width=\"601\">Vy\u0161\u00edvan\u00e9<\/td>\n<\/tr>\n<tr>\n<td width=\"146\"><strong><b>\u0160t\u00fdl:<\/b><\/strong><\/td>\n<td width=\"601\">Pr\u00edle\u017eitostn\u00e9<\/td>\n<\/tr>\n<tr>\n<td width=\"146\"><strong><b>Farba<\/b><\/strong><strong><b>:<\/b><\/strong><\/td>\n<td width=\"601\">\u00a0Vlastn\u00e9 farby<\/td>\n<\/tr>\n<tr>\n<td width=\"146\"><strong><b>Ve\u013ekos\u0165:<\/b><\/strong><\/td>\n<td width=\"601\">S \/M \/L \/XL \/2XL<\/td>\n<\/tr>\n<tr>\n<td width=\"146\"><strong><b>OEM\/ODM:<\/b><\/strong><\/td>\n<td width=\"601\">Prijate\u013en\u00e9<\/td>\n<\/tr>\n<tr>\n<td width=\"146\"><strong><b>Kvalita:<\/b><\/strong><\/td>\n<td width=\"601\">100% Vysok\u00e1 kvalita<\/td>\n<\/tr>\n<tr>\n<td width=\"146\"><strong><b>M<\/b><\/strong><strong><b>OQ:<\/b><\/strong><\/td>\n<td width=\"601\">200 ks<\/td>\n<\/tr>\n<\/tbody>\n<\/table>","protected":false},"featured_media":1940,"template":"","meta":[],"product_brand":[],"product_cat":[39],"product_tag":[],"class_list":{"0":"post-1939","1":"product","2":"type-product","3":"status-publish","4":"has-post-thumbnail","6":"product_cat-womens-clothing","8":"first","9":"instock","10":"shipping-taxable","11":"product-type-simple"},"_links":{"self":[{"href":"https:\/\/mj-clothing.com\/sk\/wp-json\/wp\/v2\/product\/1939","targetHints":{"allow":["GET"]}}],"collection":[{"href":"https:\/\/mj-clothing.com\/sk\/wp-json\/wp\/v2\/product"}],"about":[{"href":"https:\/\/mj-clothing.com\/sk\/wp-json\/wp\/v2\/types\/product"}],"wp:featuredmedia":[{"embeddable":true,"href":"https:\/\/mj-clothing.com\/sk\/wp-json\/wp\/v2\/media\/1940"}],"wp:attachment":[{"href":"https:\/\/mj-clothing.com\/sk\/wp-json\/wp\/v2\/media?parent=1939"}],"wp:term":[{"taxonomy":"product_brand","embeddable":true,"href":"https:\/\/mj-clothing.com\/sk\/wp-json\/wp\/v2\/product_brand?post=1939"},{"taxonomy":"product_cat","embeddable":true,"href":"https:\/\/mj-clothing.com\/sk\/wp-json\/wp\/v2\/product_cat?post=1939"},{"taxonomy":"product_tag","embeddable":true,"href":"https:\/\/mj-clothing.com\/sk\/wp-json\/wp\/v2\/product_tag?post=1939"}],"curies":[{"name":"wp","href":"https:\/\/api.w.org\/{rel}","templated":true}]}}