{"id":1946,"date":"2024-12-17T02:48:08","date_gmt":"2024-12-17T02:48:08","guid":{"rendered":"https:\/\/mj-clothing.com\/?post_type=product&#038;p=1946"},"modified":"2024-12-17T03:42:21","modified_gmt":"2024-12-17T03:42:21","slug":"easy-to-sew-womens-tops","status":"publish","type":"product","link":"https:\/\/mj-clothing.com\/sk\/manufacturer\/easy-to-sew-womens-tops\/","title":{"rendered":"Jednoduch\u00e9 \u0161itie d\u00e1mskych topov"},"content":{"rendered":"<div class=\"experimental-mode-disclaimer-container ng-star-inserted\">\n<div class=\"disclaimer\">\n<div class=\"disclaimer-text ng-star-inserted\"><\/div>\n<\/div>\n<\/div>\n<div id=\"model-response-message-contentr_97504a3a3735aa12\" class=\"markdown markdown-main-panel response-optimization\" dir=\"ltr\">\n<p data-sourcepos=\"1:1-1:139\">Znie to, akoby ste h\u013eadali \u013eahko u\u0161i\u0165 d\u00e1mske topy! Tu je rozpis n\u00e1padov a zdrojov, ktor\u00e9 v\u00e1m pom\u00f4\u017eu za\u010da\u0165:<\/p>\n<h3 data-sourcepos=\"3:1-3:33\"><strong>K\u013e\u00fa\u010dov\u00e9 prvky pre \u013eahk\u00e9 \u0161itie d\u00e1mskych topov:<\/strong><\/h3>\n<ul data-sourcepos=\"5:1-9:0\">\n<li data-sourcepos=\"5:1-5:153\"><strong>Jednoduch\u00e9 tvary:<\/strong> H\u013eadajte vzory so z\u00e1kladn\u00fdmi tvarmi, ako s\u00fa obd\u013a\u017eniky, \u0161tvorce alebo minim\u00e1lne krivky. Tie si vy\u017eaduj\u00fa menej zlo\u017eit\u00e9 strihanie a ob\u0161\u00edvanie.<\/li>\n<li data-sourcepos=\"6:1-6:172\"><strong><span class=\"citation-0 recitation\">Pleten\u00e9 text\u00edlie:<\/span><\/strong><span class=\"citation-0 recitation citation-end-0\"> Tieto l\u00e1tky s\u00fa elastick\u00e9, tak\u017ee s\u00fa pre za\u010diato\u010dn\u00edkov \u0161etrnej\u0161ie.<\/span> \u010casto tie\u017e nevy\u017eaduj\u00fa dokon\u010denie okrajov, \u010do \u0161etr\u00ed v\u00e1\u0161 \u010das.<span class=\"button-container hide-from-message-actions ng-star-inserted\">\u00a0 \u00a0<\/span>\n<div class=\"container ng-tns-c2960411664-24 hide\">\n<div class=\"carousel-container ng-tns-c2960411664-24\"><\/div>\n<\/div>\n<\/li>\n<li data-sourcepos=\"7:1-7:95\"><strong>Minim\u00e1lne \u0161vy:<\/strong> \u010c\u00edm menej \u0161vov m\u00e1 vzor, t\u00fdm r\u00fdchlej\u0161ie a jednoduch\u0161ie bude \u0161i\u0165.<\/li>\n<li data-sourcepos=\"8:1-9:0\"><strong>\u017diadne komplikovan\u00e9 uz\u00e1very:<\/strong> Na za\u010diatku sa vyhnite vzorom so zipsami, gomb\u00edkov\u00fdmi dierkami alebo zlo\u017eit\u00fdm zap\u00ednan\u00edm.<\/li>\n<\/ul>\n<h3 data-sourcepos=\"10:1-10:32\"><strong>Jednoduch\u00e9 \u0161itie d\u00e1mskych topov na zv\u00e1\u017eenie:<\/strong><\/h3>\n<ul data-sourcepos=\"12:1-17:0\">\n<li data-sourcepos=\"12:1-12:133\"><strong>Tri\u010dk\u00e1:<\/strong> Klasika z nejak\u00e9ho d\u00f4vodu! <span class=\"citation-1 recitation citation-end-1\">Z\u00e1kladn\u00e9 vzory tri\u010diek s\u00fa \u013eahko dostupn\u00e9 a pon\u00fakaj\u00fa skvel\u00fd v\u00fdchodiskov\u00fd bod.<\/span><span class=\"button-container hide-from-message-actions ng-star-inserted\"> \u00a0<\/span>\n<div class=\"container ng-tns-c2960411664-25 hide\">\n<div class=\"carousel-container ng-tns-c2960411664-25\"><\/div>\n<\/div>\n<\/li>\n<li data-sourcepos=\"13:1-13:96\"><strong>Tielka:<\/strong> Jednoduch\u00e9 tielka so \u0161irok\u00fdmi ramienkami alebo z\u00e1kladn\u00fdmi tvarmi s\u00fa ve\u013emi jednoduch\u00e9.<\/li>\n<li data-sourcepos=\"14:1-14:110\"><strong>Vrchn\u00e9 diely kimon:<\/strong> Tie \u010dasto zah\u0155\u0148aj\u00fa \u0161itie rovn\u00fdch l\u00edni\u00ed a m\u00f4\u017eu by\u0165 vyroben\u00e9 z kr\u00e1snych drap\u00e9ri\u00ed.<\/li>\n<li data-sourcepos=\"15:1-15:97\"><strong>Jednoduch\u00e9 tuniky:<\/strong> Vo\u013en\u00e9 tuniky s minim\u00e1lnym tvarovan\u00edm s\u00fa pohodln\u00e9 a \u013eahko sa \u0161ij\u00fa.<\/li>\n<li data-sourcepos=\"16:1-17:0\"><strong>Zhrnut\u00e9 topy:<\/strong> Topy s elastick\u00fdmi v\u00fdstrihmi alebo zhroma\u017eden\u00fdmi \u010das\u0165ami m\u00f4\u017eu by\u0165 prekvapivo jednoduch\u00e9 na v\u00fdrobu.<\/li>\n<\/ul>\n<h3 data-sourcepos=\"18:1-18:43\"><strong>Kde \u013eahko u\u0161i\u0165 d\u00e1mske topy N\u00e1js\u0165 vzory a in\u0161pir\u00e1ciu:<\/strong><\/h3>\n<ul data-sourcepos=\"20:1-24:0\">\n<li data-sourcepos=\"20:1-20:97\"><strong>\u0160itie Essential:<\/strong> T\u00e1to webov\u00e1 str\u00e1nka pon\u00faka r\u00f4zne vzory a zdroje pre za\u010diato\u010dn\u00edkov.<\/li>\n<li data-sourcepos=\"21:1-21:99\"><strong>Jednoduch\u00e9 \u0161itie:<\/strong> <span class=\"citation-2 recitation citation-end-2\">Zameriavaj\u00fa sa na jednoduch\u00e9 a \u0161t\u00fdlov\u00e9 vzory s jasn\u00fdmi pokynmi.<\/span><span class=\"button-container hide-from-message-actions ng-star-inserted\">\u00a0<\/span>\n<div class=\"container ng-tns-c2960411664-26 hide\">\n<div class=\"carousel-container ng-tns-c2960411664-26\"><\/div>\n<\/div>\n<\/li>\n<li data-sourcepos=\"22:1-22:120\"><strong><span class=\"citation-3 recitation\">Pinterest:<\/span><\/strong><span class=\"citation-3 recitation citation-end-3\"> Pokladnica n\u00e1padov pre dom\u00e1cich majstrov vr\u00e1tane mnoh\u00fdch bezplatn\u00fdch n\u00e1vodov a vzorov na jednoduch\u00e9 topy.<\/span><span class=\"button-container hide-from-message-actions ng-star-inserted\"> \u00a0<\/span>\n<div class=\"container ng-tns-c2960411664-27 hide\">\n<div class=\"carousel-container ng-tns-c2960411664-27\"><\/div>\n<\/div>\n<\/li>\n<li data-sourcepos=\"23:1-24:0\"><strong>Simplicity, McCall's, Butterick:<\/strong> Tieto spolo\u010dnosti pon\u00fakaj\u00fa \u0161irok\u00fa \u0161k\u00e1lu vzorov, \u010dasto rozdelen\u00fdch pod\u013ea \u00farovne zru\u010dnosti.<\/li>\n<\/ul>\n<h3 data-sourcepos=\"25:1-25:23\"><strong>Tipy pre za\u010diato\u010dn\u00edkov:<\/strong><\/h3>\n<ul data-sourcepos=\"27:1-31:0\">\n<li data-sourcepos=\"27:1-27:102\"><strong>Za\u010dnite s jednoduch\u00fdm projektom:<\/strong> Na prv\u00fd pokus sa nepok\u00fa\u0161ajte rie\u0161i\u0165 nie\u010do pr\u00edli\u0161 zlo\u017eit\u00e9.<\/li>\n<li data-sourcepos=\"28:1-28:99\"><strong>Vyberte si spr\u00e1vnu l\u00e1tku:<\/strong> S pleteninami sa vo v\u0161eobecnosti pracuje \u013eah\u0161ie ako s tkaninami.<\/li>\n<li data-sourcepos=\"29:1-29:93\"><strong>Pozorne si pre\u010d\u00edtajte pokyny:<\/strong> Pred za\u010dat\u00edm sa uistite, \u017ee ste pochopili jednotliv\u00e9 kroky.<\/li>\n<li data-sourcepos=\"30:1-31:0\"><strong>Nebojte sa po\u017eiada\u0165 o pomoc:<\/strong> Ak sa dostanete do \u0165a\u017ekost\u00ed, k dispoz\u00edcii je mnoho online komun\u00edt a zdrojov, ktor\u00e9 v\u00e1m pom\u00f4\u017eu.<\/li>\n<\/ul>\n<p data-sourcepos=\"32:1-32:128\">Som pripraven\u00fd v\u00e1m pom\u00f4c\u0165, ak m\u00e1te konkr\u00e9tne ot\u00e1zky alebo chcete presk\u00fama\u0165 konkr\u00e9tny \u0161t\u00fdl topu. Sta\u010d\u00ed mi da\u0165 vedie\u0165!<\/p>\n<\/div>\n<div class=\"skeleton-loader-container\"><\/div>","protected":false},"excerpt":{"rendered":"<table style=\"height: 518px;\" width=\"411\">\n<tbody>\n<tr>\n<td width=\"146\"><strong><b>Produkt<\/b><\/strong>\u00a0<strong><b>N\u00e1zov:<\/b><\/strong><\/td>\n<td width=\"601\"><strong>Jednoduch\u00e9 \u0161itie d\u00e1mskych topov<\/strong><\/td>\n<\/tr>\n<tr>\n<td width=\"146\"><strong><b>Materstvo:<\/b><\/strong><\/td>\n<td width=\"601\">Pletenie<\/td>\n<\/tr>\n<tr>\n<td width=\"146\"><strong><b>Technika:<\/b><\/strong><\/td>\n<td width=\"601\">Vy\u0161\u00edvan\u00e9<\/td>\n<\/tr>\n<tr>\n<td width=\"146\"><strong><b>\u0160t\u00fdl:<\/b><\/strong><\/td>\n<td width=\"601\">Pr\u00edle\u017eitostn\u00e9<\/td>\n<\/tr>\n<tr>\n<td width=\"146\"><strong><b>Farba<\/b><\/strong><strong><b>:<\/b><\/strong><\/td>\n<td width=\"601\">\u00a0Vlastn\u00e9 farby<\/td>\n<\/tr>\n<tr>\n<td width=\"146\"><strong><b>Ve\u013ekos\u0165:<\/b><\/strong><\/td>\n<td width=\"601\">S \/M \/L \/XL \/2XL<\/td>\n<\/tr>\n<tr>\n<td width=\"146\"><strong><b>OEM\/ODM:<\/b><\/strong><\/td>\n<td width=\"601\">Prijate\u013en\u00e9<\/td>\n<\/tr>\n<tr>\n<td width=\"146\"><strong><b>Kvalita:<\/b><\/strong><\/td>\n<td width=\"601\">100% Vysok\u00e1 kvalita<\/td>\n<\/tr>\n<tr>\n<td width=\"146\"><strong><b>M<\/b><\/strong><strong><b>OQ:<\/b><\/strong><\/td>\n<td width=\"601\">200 ks<\/td>\n<\/tr>\n<\/tbody>\n<\/table>","protected":false},"featured_media":1956,"template":"","meta":[],"product_brand":[],"product_cat":[39],"product_tag":[],"class_list":{"0":"post-1946","1":"product","2":"type-product","3":"status-publish","4":"has-post-thumbnail","6":"product_cat-womens-clothing","8":"first","9":"instock","10":"shipping-taxable","11":"product-type-simple"},"_links":{"self":[{"href":"https:\/\/mj-clothing.com\/sk\/wp-json\/wp\/v2\/product\/1946","targetHints":{"allow":["GET"]}}],"collection":[{"href":"https:\/\/mj-clothing.com\/sk\/wp-json\/wp\/v2\/product"}],"about":[{"href":"https:\/\/mj-clothing.com\/sk\/wp-json\/wp\/v2\/types\/product"}],"wp:featuredmedia":[{"embeddable":true,"href":"https:\/\/mj-clothing.com\/sk\/wp-json\/wp\/v2\/media\/1956"}],"wp:attachment":[{"href":"https:\/\/mj-clothing.com\/sk\/wp-json\/wp\/v2\/media?parent=1946"}],"wp:term":[{"taxonomy":"product_brand","embeddable":true,"href":"https:\/\/mj-clothing.com\/sk\/wp-json\/wp\/v2\/product_brand?post=1946"},{"taxonomy":"product_cat","embeddable":true,"href":"https:\/\/mj-clothing.com\/sk\/wp-json\/wp\/v2\/product_cat?post=1946"},{"taxonomy":"product_tag","embeddable":true,"href":"https:\/\/mj-clothing.com\/sk\/wp-json\/wp\/v2\/product_tag?post=1946"}],"curies":[{"name":"wp","href":"https:\/\/api.w.org\/{rel}","templated":true}]}}