{"id":1960,"date":"2024-12-17T03:10:50","date_gmt":"2024-12-17T03:10:50","guid":{"rendered":"https:\/\/mj-clothing.com\/?post_type=product&#038;p=1960"},"modified":"2024-12-17T03:10:50","modified_gmt":"2024-12-17T03:10:50","slug":"periwinkle-womens-tops","status":"publish","type":"product","link":"https:\/\/mj-clothing.com\/sk\/manufacturer\/periwinkle-womens-tops\/","title":{"rendered":"Ru\u017eovka D\u00e1mske topy"},"content":{"rendered":"<div id=\"model-response-message-contentr_7f973865284483ec\" class=\"markdown markdown-main-panel response-optimization\" dir=\"ltr\">\n<p data-sourcepos=\"1:1-1:279\">Ru\u017eovkast\u00e9 d\u00e1mske topy s\u00fa kr\u00e1snou, jemnou a univerz\u00e1lnou farbou, ktor\u00e1 dok\u00e1\u017ee doda\u0165 ka\u017ed\u00e9mu oble\u010deniu n\u00e1dych elegancie a \u017eenskosti. <span class=\"citation-0 recitation citation-end-0\">Je to svetlo fialov\u00e1 s n\u00e1dychom modrej, \u010dasto opisovan\u00e1 ako bled\u00e1 levandu\u013ea alebo svetlo fialov\u00e1.<\/span> Tu sa dozviete, \u010do rob\u00ed d\u00e1mske topy periwinkle tak pr\u00ed\u0165a\u017eliv\u00fdmi:<span class=\"button-container hide-from-message-actions ng-star-inserted\">\u00a0 \u00a0<\/span><\/p>\n<h3 data-sourcepos=\"3:1-3:39\"><strong>Pre\u010do Periwinkle Womens Tops funguje dobre pre topy:<\/strong><\/h3>\n<ul data-sourcepos=\"5:1-9:0\">\n<li data-sourcepos=\"5:1-5:138\"><strong>Lichot\u00ed mnoh\u00fdm odtie\u0148om pleti:<\/strong> Ru\u017eovka m\u00e1 studen\u00e9 aj tepl\u00e9 t\u00f3ny, tak\u017ee lichot\u00ed \u0161irokej \u0161k\u00e1le pleti.<\/li>\n<li data-sourcepos=\"6:1-6:105\"><strong>Jemn\u00e1 a upokojuj\u00faca:<\/strong> <span class=\"citation-1 recitation citation-end-1\">Je to jemn\u00e1 farba, ktor\u00e1 vyvol\u00e1va pocity pokoja a mieru.<\/span><span class=\"button-container hide-from-message-actions ng-star-inserted\"> \u00a0<\/span>\n<div class=\"container ng-tns-c2960411664-45 hide\">\n<div class=\"carousel-container ng-tns-c2960411664-45\"><\/div>\n<\/div>\n<\/li>\n<li data-sourcepos=\"7:1-7:111\"><strong><span class=\"citation-2 recitation\">V\u0161estrannos\u0165:<\/span><\/strong><span class=\"citation-2 recitation citation-end-2\"> Periwinkle sa d\u00e1 obliec\u0165 hore alebo dole, tak\u017ee sa hod\u00ed na r\u00f4zne pr\u00edle\u017eitosti.<\/span><span class=\"button-container hide-from-message-actions ng-star-inserted\"> \u00a0<\/span>\n<div class=\"container ng-tns-c2960411664-46 hide\">\n<div class=\"carousel-container ng-tns-c2960411664-46\"><\/div>\n<\/div>\n<\/li>\n<li data-sourcepos=\"8:1-9:0\"><strong>Dobre sa kombinuje s in\u00fdmi farbami:<\/strong> Dop\u013a\u0148a neutr\u00e1lne farby, ako je biela, siv\u00e1 a b\u00e9\u017eov\u00e1, ako aj in\u00e9 farby, napr\u00edklad ru\u017eov\u00fa, zelen\u00fa a dokonca \u017elt\u00fa.<\/li>\n<\/ul>\n<h3 data-sourcepos=\"10:1-10:44\"><strong>Typy d\u00e1mskych topov Periwinkle, ktor\u00e9 m\u00f4\u017eete n\u00e1js\u0165:<\/strong><\/h3>\n<ul data-sourcepos=\"12:1-16:0\">\n<li data-sourcepos=\"12:1-12:164\"><strong>Tri\u010dk\u00e1 a topy na vo\u013en\u00fd \u010das:<\/strong> Ru\u017eov\u00e9 tri\u010dko alebo le\u017e\u00e9rny top je ide\u00e1lny na ka\u017edodenn\u00e9 nosenie. Pre uvo\u013enen\u00fd vzh\u013ead ho skombinujte s d\u017e\u00ednsami, \u0161ortkami alebo le\u017e\u00e9rnou suk\u0148ou.<\/li>\n<li data-sourcepos=\"13:1-13:198\"><strong><span class=\"citation-3 recitation\">Bl\u00fazky a oblie\u010dky:<\/span><\/strong><span class=\"citation-3 recitation citation-end-3\"> Ru\u017eov\u00fa bl\u00fazku z hodv\u00e1bu, sat\u00e9nu alebo \u0161if\u00f3nu m\u00f4\u017eete obliec\u0165 na form\u00e1lnej\u0161ie pr\u00edle\u017eitosti.<\/span> Kombinujte ho s nohavicami, suk\u0148ou alebo aj pod sakom.<span class=\"button-container hide-from-message-actions ng-star-inserted\"> \u00a0<\/span>\n<div class=\"container ng-tns-c2960411664-47 hide\">\n<div class=\"carousel-container ng-tns-c2960411664-47\"><\/div>\n<\/div>\n<\/li>\n<li data-sourcepos=\"14:1-14:110\"><strong>Svetre a svetr\u00edky:<\/strong> Ru\u017eovkast\u00fd sveter alebo kardig\u00e1n je skvel\u00fd vrstven\u00fd k\u00fasok do chladnej\u0161ieho po\u010dasia.<\/li>\n<li data-sourcepos=\"15:1-16:0\"><strong><span class=\"citation-4 recitation\">Tielka a tielka:<\/span><\/strong><span class=\"citation-4 recitation citation-end-4\"> Ru\u017eovkast\u00e9 tielko alebo kamizolku m\u00f4\u017eete nosi\u0165 samostatne v teplom po\u010das\u00ed alebo ich vrstvi\u0165 pod in\u00e9 topy.<\/span><span class=\"button-container hide-from-message-actions ng-star-inserted\">\u00a0<\/span>\n<div class=\"container ng-tns-c2960411664-48 hide\">\n<div class=\"carousel-container ng-tns-c2960411664-48\">\n<div class=\"carousel-content ng-tns-c2960411664-48\">\n<div class=\"sources-carousel-source ng-tns-c2960411664-48 hide ng-star-inserted\" data-test-id=\"sources-carousel-source\"><\/div>\n<\/div>\n<\/div>\n<\/div>\n<\/li>\n<\/ul>\n<h3 data-sourcepos=\"17:1-17:33\"><strong>Ako \u0161t\u00fdlovo upravi\u0165 zvonov\u00e9 topy:<\/strong><\/h3>\n<ul data-sourcepos=\"19:1-23:0\">\n<li data-sourcepos=\"19:1-19:100\"><strong>Pr\u00edle\u017eitostn\u00e9:<\/strong> Svie\u017ei a le\u017e\u00e9rny vzh\u013ead dosiahnete, ak si tri\u010dko v ru\u017eovej farbe skombinujete s bielymi d\u017e\u00ednsami a teniskami.<\/li>\n<li data-sourcepos=\"20:1-20:117\"><strong>Business Casual:<\/strong> Oble\u010dte si ru\u017eov\u00fa bl\u00fazku so siv\u00fdmi nohavicami a podp\u00e4tkami, aby ste z\u00edskali profesion\u00e1lny a z\u00e1rove\u0148 \u0161t\u00fdlov\u00fd outfit.<\/li>\n<li data-sourcepos=\"21:1-21:104\"><strong>\u0160aty:<\/strong> Elegantn\u00fd ve\u010dern\u00fd vzh\u013ead dosiahnete kombin\u00e1ciou ru\u017eovkast\u00e9ho sat\u00e9nov\u00e9ho topu s \u010diernou suk\u0148ou a podp\u00e4tkami.<\/li>\n<li data-sourcepos=\"22:1-23:0\"><strong>Bohemian:<\/strong> Zostavte si krik\u013eav\u00fd zvlnen\u00fd top s dlhou suk\u0148ou a sand\u00e1lmi, aby ste p\u00f4sobili boh\u00e9mskym dojmom.<\/li>\n<\/ul>\n<p data-sourcepos=\"32:1-32:113\">\n<\/div>","protected":false},"excerpt":{"rendered":"<table style=\"height: 501px;\" width=\"369\">\n<tbody>\n<tr>\n<td width=\"146\"><strong><b>Produkt<\/b><\/strong>\u00a0<strong><b>N\u00e1zov:<\/b><\/strong><\/td>\n<td width=\"601\"><strong>Ru\u017eovka D\u00e1mske topy<\/strong><\/td>\n<\/tr>\n<tr>\n<td width=\"146\"><strong><b>Materstvo:<\/b><\/strong><\/td>\n<td width=\"601\">Pletenie<\/td>\n<\/tr>\n<tr>\n<td width=\"146\"><strong><b>Technika: <\/b><\/strong><\/td>\n<td width=\"601\">Vy\u0161\u00edvan\u00e9<\/td>\n<\/tr>\n<tr>\n<td width=\"146\"><strong><b>\u0160t\u00fdl: <\/b><\/strong><\/td>\n<td width=\"601\">Pr\u00edle\u017eitostn\u00e9<\/td>\n<\/tr>\n<tr>\n<td width=\"146\"><strong><b>Farba<\/b><\/strong><strong><b>:<\/b><\/strong><\/td>\n<td width=\"601\">\u00a0Vlastn\u00e9 farby<\/td>\n<\/tr>\n<tr>\n<td width=\"146\"><strong><b>Ve\u013ekos\u0165:<\/b><\/strong><\/td>\n<td width=\"601\">S \/M \/L \/XL \/2XL<\/td>\n<\/tr>\n<tr>\n<td width=\"146\"><strong><b>OEM\/ODM:<\/b><\/strong><\/td>\n<td width=\"601\">Prijate\u013en\u00e9<\/td>\n<\/tr>\n<tr>\n<td width=\"146\"><strong><b>Kvalita:<\/b><\/strong><\/td>\n<td width=\"601\">100% Vysok\u00e1 kvalita<\/td>\n<\/tr>\n<tr>\n<td width=\"146\"><strong><b>M<\/b><\/strong><strong><b>OQ:<\/b><\/strong><\/td>\n<td width=\"601\">200 ks<\/td>\n<\/tr>\n<\/tbody>\n<\/table>","protected":false},"featured_media":1961,"template":"","meta":[],"product_brand":[],"product_cat":[39],"product_tag":[],"class_list":{"0":"post-1960","1":"product","2":"type-product","3":"status-publish","4":"has-post-thumbnail","6":"product_cat-womens-clothing","8":"first","9":"instock","10":"shipping-taxable","11":"product-type-simple"},"_links":{"self":[{"href":"https:\/\/mj-clothing.com\/sk\/wp-json\/wp\/v2\/product\/1960","targetHints":{"allow":["GET"]}}],"collection":[{"href":"https:\/\/mj-clothing.com\/sk\/wp-json\/wp\/v2\/product"}],"about":[{"href":"https:\/\/mj-clothing.com\/sk\/wp-json\/wp\/v2\/types\/product"}],"wp:featuredmedia":[{"embeddable":true,"href":"https:\/\/mj-clothing.com\/sk\/wp-json\/wp\/v2\/media\/1961"}],"wp:attachment":[{"href":"https:\/\/mj-clothing.com\/sk\/wp-json\/wp\/v2\/media?parent=1960"}],"wp:term":[{"taxonomy":"product_brand","embeddable":true,"href":"https:\/\/mj-clothing.com\/sk\/wp-json\/wp\/v2\/product_brand?post=1960"},{"taxonomy":"product_cat","embeddable":true,"href":"https:\/\/mj-clothing.com\/sk\/wp-json\/wp\/v2\/product_cat?post=1960"},{"taxonomy":"product_tag","embeddable":true,"href":"https:\/\/mj-clothing.com\/sk\/wp-json\/wp\/v2\/product_tag?post=1960"}],"curies":[{"name":"wp","href":"https:\/\/api.w.org\/{rel}","templated":true}]}}