{"id":1999,"date":"2024-12-17T07:46:21","date_gmt":"2024-12-17T07:46:21","guid":{"rendered":"https:\/\/mj-clothing.com\/?post_type=product&#038;p=1999"},"modified":"2024-12-17T08:30:43","modified_gmt":"2024-12-17T08:30:43","slug":"womens-shell-tops","status":"publish","type":"product","link":"https:\/\/mj-clothing.com\/sk\/manufacturer\/womens-shell-tops\/","title":{"rendered":"D\u00e1mske \u0161krupinov\u00e9 topy"},"content":{"rendered":"<p data-sourcepos=\"1:1-1:189\">Zd\u00e1 sa, \u017ee m\u00e1te z\u00e1ujem o d\u00e1mske topy! S\u00fa klasick\u00fdm a univerz\u00e1lnym z\u00e1kladom \u0161atn\u00edka. Tu je rozpis toho, \u010do s\u00fa, ich k\u013e\u00fa\u010dov\u00e9 vlastnosti a pre\u010do s\u00fa tak\u00e9 ob\u013e\u00faben\u00e9:<\/p>\n<h3 data-sourcepos=\"3:1-3:24\"><strong>\u010co je to d\u00e1mske tri\u010dko?<\/strong><\/h3>\n<p data-sourcepos=\"5:1-5:161\"><span class=\"citation-0 recitation citation-end-0\">Vrchn\u00fd diel je jednoduch\u00fd vrchn\u00fd diel bez ruk\u00e1vov so z\u00e1kladn\u00fdm v\u00fdstrihom.<\/span> Pova\u017eujte ho za pr\u00e1zdne pl\u00e1tno pre svoj outfit. Tu s\u00fa charakteristick\u00e9 vlastnosti:<span class=\"button-container hide-from-message-actions ng-star-inserted\"> \u00a0<\/span><\/p>\n<ul data-sourcepos=\"7:1-12:0\">\n<li data-sourcepos=\"7:1-7:148\"><strong>Bez ruk\u00e1vov:<\/strong> Toto je najd\u00f4le\u017eitej\u0161ia funkcia. \u0160krupinov\u00e9 topy s\u00fa v\u017edy bez ruk\u00e1vov, tak\u017ee s\u00fa ide\u00e1lne na vrstvenie alebo nosenie v teplom po\u010das\u00ed.<\/li>\n<li data-sourcepos=\"8:1-8:137\"><strong>Jednoduch\u00fd v\u00fdstrih:<\/strong> <span class=\"citation-1 recitation citation-end-1\">Medzi be\u017en\u00e9 v\u00fdstrihy patria v\u00fdstrih, v\u00fdstrih pos\u00e1dky, v\u00e9\u010dkov\u00fd v\u00fdstrih alebo dokonca vy\u0161\u0161\u00ed v\u00fdstrih, ako je napr\u00edklad maketa v\u00fdstrihu.<\/span><span class=\"button-container hide-from-message-actions ng-star-inserted\"> \u00a0<\/span>\n<div class=\"container ng-tns-c2960411664-59 hide\">\n<div class=\"carousel-container ng-tns-c2960411664-59\"><\/div>\n<\/div>\n<\/li>\n<li data-sourcepos=\"9:1-9:165\"><strong>\u010cist\u00fd dizajn:<\/strong> Mu\u0161\u013eov\u00e9 topy s\u00fa zvy\u010dajne bez nadmern\u00fdch ozd\u00f4b, ako s\u00fa vol\u00e1niky, \u010dipky alebo ve\u013ek\u00e9 potla\u010de. V\u010faka tejto jednoduchosti s\u00fa neuverite\u013ene univerz\u00e1lne.<\/li>\n<li data-sourcepos=\"10:1-10:226\"><strong><span class=\"citation-2 recitation\">R\u00f4zne tkaniny:<\/span><\/strong><span class=\"citation-2 recitation citation-end-2\"> M\u00f4\u017eu by\u0165 vyroben\u00e9 zo \u0161irokej \u0161k\u00e1ly tkan\u00edn vr\u00e1tane bavlny, hodv\u00e1bu, \u013eanu, umel\u00e9ho hodv\u00e1bu, polyesteru alebo zmes\u00ed.<\/span> <span class=\"citation-3 recitation citation-end-3\">V\u00fdber l\u00e1tky ovplyv\u0148uje z\u00e1ves, pocit a form\u00e1lnos\u0165 zvr\u0161ku.<\/span><span class=\"button-container hide-from-message-actions ng-star-inserted\"> \u00a0<\/span>\n<div class=\"container ng-tns-c2960411664-60 hide\">\n<div class=\"carousel-container ng-tns-c2960411664-60\"><\/div>\n<\/div>\n<\/li>\n<li data-sourcepos=\"11:1-12:0\"><strong>Vybaven\u00e9 alebo \u010diasto\u010dne vybaven\u00e9:<\/strong> V\u0161eobecne maj\u00fa priliehav\u00fd strih, ale nie v\u017edy tesn\u00fd. <span class=\"citation-4 recitation citation-end-4\">Niektor\u00e9 zvr\u0161ky maj\u00fa mierne vo\u013enej\u0161\u00ed, uvo\u013enenej\u0161\u00ed strih.<\/span><span class=\"button-container hide-from-message-actions ng-star-inserted\"> \u00a0<\/span>\n<div class=\"container ng-tns-c2960411664-61 hide\">\n<div class=\"carousel-container ng-tns-c2960411664-61\"><\/div>\n<\/div>\n<\/li>\n<\/ul>\n<h3 data-sourcepos=\"13:1-13:34\"><strong>Pre\u010do s\u00fa d\u00e1mske \u0161krupinov\u00e9 topy tak\u00e9 ob\u013e\u00faben\u00e9?<\/strong><\/h3>\n<ul data-sourcepos=\"15:1-19:0\">\n<li data-sourcepos=\"15:1-15:143\"><strong>V\u0161estrannos\u0165:<\/strong> To je ich najv\u00e4\u010d\u0161ia sila. <span class=\"citation-5 recitation citation-end-5\">Daj\u00fa sa obliec\u0165 hore alebo dole, tak\u017ee s\u00fa vhodn\u00e9 takmer na ka\u017ed\u00fa pr\u00edle\u017eitos\u0165.<\/span><span class=\"button-container hide-from-message-actions ng-star-inserted\">\u00a0 \u00a0<\/span>\n<div class=\"container ng-tns-c2960411664-62 hide\">\n<div class=\"carousel-container ng-tns-c2960411664-62\"><\/div>\n<\/div>\n<\/li>\n<li data-sourcepos=\"16:1-16:168\"><strong>Vrstvenie:<\/strong> S\u00fa ide\u00e1lne na vrstvenie pod svetre, sak\u00e1, bundy a dokonca aj pod priesvitn\u00e9 topy. Poskytuj\u00fa hladk\u00fa z\u00e1kladn\u00fa vrstvu bez pridania objemu na ramen\u00e1ch.<\/li>\n<li data-sourcepos=\"17:1-17:127\"><strong>Pohodlie:<\/strong> V\u010faka dizajnu bez ruk\u00e1vov a \u010dasto \u013eahk\u00fdm materi\u00e1lom sa pohodlne nosia, najm\u00e4 v teplom po\u010das\u00ed.<\/li>\n<li data-sourcepos=\"18:1-19:0\"><strong>Nad\u010dasov\u00fd \u0161t\u00fdl:<\/strong> Mu\u0161\u013eov\u00e9 topy s\u00fa klasick\u00fdm z\u00e1kladom \u0161atn\u00edka, ktor\u00fd nikdy nevyjde z m\u00f3dy.<\/li>\n<\/ul>\n<h3 data-sourcepos=\"20:1-20:28\"><strong>Ako nosi\u0165 d\u00e1mske \u0161krupinov\u00e9 topy:<\/strong><\/h3>\n<ul data-sourcepos=\"22:1-26:0\">\n<li data-sourcepos=\"22:1-22:90\"><strong>Pr\u00edle\u017eitostn\u00e9:<\/strong> Kombinujte ju s d\u017e\u00ednsami, \u0161ortkami alebo le\u017e\u00e9rnou suk\u0148ou a z\u00edskajte uvo\u013enen\u00fd ka\u017edodenn\u00fd vzh\u013ead.<\/li>\n<li data-sourcepos=\"23:1-23:122\"><strong>Business Casual:<\/strong> Oble\u010dte si ho pod sako s nohavicami alebo ceruzkovou suk\u0148ou a vytvorte si profesion\u00e1lny, ale pohodln\u00fd outfit.<\/li>\n<li data-sourcepos=\"24:1-24:138\"><strong>\u0160aty:<\/strong> Vyberte si mu\u0161el\u00ednov\u00fd top z luxusnej l\u00e1tky, ako je hodv\u00e1b alebo sat\u00e9n, a na ve\u010dern\u00fa udalos\u0165 ho skombinujte s elegantnou suk\u0148ou alebo nohavicami.<\/li>\n<li data-sourcepos=\"25:1-26:0\"><strong>Vrstvenie:<\/strong> Navrstvite ho pod sveter, bundu alebo dokonca \u0161aty, aby ste z\u00edskali viac tepla a \u0161t\u00fdlu.<\/li>\n<\/ul>\n<h3 data-sourcepos=\"27:1-27:28\"><strong>D\u00e1mske topy Pr\u00edklady a vari\u00e1cie:<\/strong><\/h3>\n<ul data-sourcepos=\"29:1-33:0\">\n<li data-sourcepos=\"29:1-29:89\"><strong>Vrchn\u00e1 \u010das\u0165 z hodv\u00e1bnej \u0161krupiny:<\/strong> Ide\u00e1lne na sl\u00e1vnostnej\u0161ie pr\u00edle\u017eitosti a pon\u00faka hladk\u00fd a elegantn\u00fd vzh\u013ead.<\/li>\n<li data-sourcepos=\"30:1-30:87\"><strong>Bavlnen\u00fd \u0161krupinov\u00fd top:<\/strong> Ide\u00e1lne na be\u017en\u00e9 nosenie, poskytuj\u00fa pohodlie a priedu\u0161nos\u0165.<\/li>\n<li data-sourcepos=\"31:1-31:89\"><strong><span class=\"citation-6 recitation\">Vrchn\u00fd diel z rebrovan\u00e9ho \u00fapletu:<\/span><\/strong><span class=\"citation-6 recitation citation-end-6\"> Pon\u00faka text\u00farovanej\u0161\u00ed vzh\u013ead a lep\u0161ie prilieha.<\/span><span class=\"button-container hide-from-message-actions ng-star-inserted\"> \u00a0<\/span>\n<div class=\"container ng-tns-c2960411664-63 hide\">\n<div class=\"carousel-container ng-tns-c2960411664-63\"><\/div>\n<\/div>\n<\/li>\n<li data-sourcepos=\"32:1-33:0\"><strong>\u010cipkovan\u00fd vrchn\u00fd diel:<\/strong> Dod\u00e1va im n\u00e1dych \u017eenskosti a mo\u017eno ich obliec\u0165 hore alebo dole.<\/li>\n<\/ul>","protected":false},"excerpt":{"rendered":"<table style=\"height: 542px;\" width=\"437\">\n<tbody>\n<tr>\n<td width=\"146\"><strong><b>Produkt<\/b><\/strong>\u00a0<strong><b>N\u00e1zov:<\/b><\/strong><\/td>\n<td width=\"601\">D\u00e1mske \u0161krupinov\u00e9 topy<\/td>\n<\/tr>\n<tr>\n<td width=\"146\"><strong><b>Materstvo:<\/b><\/strong><\/td>\n<td width=\"601\">Pletenie<\/td>\n<\/tr>\n<tr>\n<td width=\"146\"><strong><b>Technika:<\/b><\/strong><\/td>\n<td width=\"601\">Vy\u0161\u00edvan\u00e9<\/td>\n<\/tr>\n<tr>\n<td width=\"146\"><strong><b>\u0160t\u00fdl:<\/b><\/strong><\/td>\n<td width=\"601\">Pr\u00edle\u017eitostn\u00e9<\/td>\n<\/tr>\n<tr>\n<td width=\"146\"><strong><b>Farba<\/b><\/strong><strong><b>:<\/b><\/strong><\/td>\n<td width=\"601\">\u00a0Vlastn\u00e9 farby<\/td>\n<\/tr>\n<tr>\n<td width=\"146\"><strong><b>Ve\u013ekos\u0165:<\/b><\/strong><\/td>\n<td width=\"601\">S \/M \/L \/XL \/2XL<\/td>\n<\/tr>\n<tr>\n<td width=\"146\"><strong><b>OEM\/ODM:<\/b><\/strong><\/td>\n<td width=\"601\">Prijate\u013en\u00e9<\/td>\n<\/tr>\n<tr>\n<td width=\"146\"><strong><b>Kvalita:<\/b><\/strong><\/td>\n<td width=\"601\">100% Vysok\u00e1 kvalita<\/td>\n<\/tr>\n<tr>\n<td width=\"146\"><strong><b>M<\/b><\/strong><strong><b>OQ:<\/b><\/strong><\/td>\n<td width=\"601\">200 ks<\/td>\n<\/tr>\n<\/tbody>\n<\/table>","protected":false},"featured_media":2007,"template":"","meta":[],"product_brand":[],"product_cat":[39],"product_tag":[],"class_list":{"0":"post-1999","1":"product","2":"type-product","3":"status-publish","4":"has-post-thumbnail","6":"product_cat-womens-clothing","8":"first","9":"instock","10":"shipping-taxable","11":"product-type-simple"},"_links":{"self":[{"href":"https:\/\/mj-clothing.com\/sk\/wp-json\/wp\/v2\/product\/1999","targetHints":{"allow":["GET"]}}],"collection":[{"href":"https:\/\/mj-clothing.com\/sk\/wp-json\/wp\/v2\/product"}],"about":[{"href":"https:\/\/mj-clothing.com\/sk\/wp-json\/wp\/v2\/types\/product"}],"wp:featuredmedia":[{"embeddable":true,"href":"https:\/\/mj-clothing.com\/sk\/wp-json\/wp\/v2\/media\/2007"}],"wp:attachment":[{"href":"https:\/\/mj-clothing.com\/sk\/wp-json\/wp\/v2\/media?parent=1999"}],"wp:term":[{"taxonomy":"product_brand","embeddable":true,"href":"https:\/\/mj-clothing.com\/sk\/wp-json\/wp\/v2\/product_brand?post=1999"},{"taxonomy":"product_cat","embeddable":true,"href":"https:\/\/mj-clothing.com\/sk\/wp-json\/wp\/v2\/product_cat?post=1999"},{"taxonomy":"product_tag","embeddable":true,"href":"https:\/\/mj-clothing.com\/sk\/wp-json\/wp\/v2\/product_tag?post=1999"}],"curies":[{"name":"wp","href":"https:\/\/api.w.org\/{rel}","templated":true}]}}