{"id":2001,"date":"2024-12-17T08:02:02","date_gmt":"2024-12-17T08:02:02","guid":{"rendered":"https:\/\/mj-clothing.com\/?post_type=product&#038;p=2001"},"modified":"2024-12-17T08:57:32","modified_gmt":"2024-12-17T08:57:32","slug":"womens-surplice-top","status":"publish","type":"product","link":"https:\/\/mj-clothing.com\/sk\/manufacturer\/womens-surplice-top\/","title":{"rendered":"D\u00e1msky vrchn\u00fd diel s presahmi"},"content":{"rendered":"<p data-sourcepos=\"1:1-1:164\">D\u00e1msky top s v\u00fdstrihom je \u0161t\u00fdlov\u00fd a lichotiv\u00fd odev zn\u00e1my svoj\u00edm v\u00fdrazn\u00fdm v\u00fdstrihom. Tu je preh\u013ead jeho k\u013e\u00fa\u010dov\u00fdch vlastnost\u00ed a d\u00f4vodov, pre\u010do je ob\u013e\u00faben\u00fd:<\/p>\n<h3 data-sourcepos=\"3:1-3:27\"><strong>\u010co je to d\u00e1mske tri\u010dko s v\u00fdstrihom?<\/strong><\/h3>\n<p data-sourcepos=\"5:1-5:212\">Charakteristick\u00fdm znakom zvr\u0161ku je jeho <strong>prekr\u00fdvaj\u00face sa predn\u00e9 panely<\/strong> ktor\u00e9 vytv\u00e1raj\u00fa diagon\u00e1lny v\u00fdstrih alebo v\u00fdstrih v tvare p\u00edsmena V. Tento dizajn je in\u0161pirovan\u00fd tradi\u010dn\u00fdm cirkevn\u00fdm odevom naz\u00fdvan\u00fdm surpila.<\/p>\n<p data-sourcepos=\"7:1-7:27\">Tu je nieko\u013eko k\u013e\u00fa\u010dov\u00fdch funkci\u00ed:<\/p>\n<ul data-sourcepos=\"9:1-14:0\">\n<li data-sourcepos=\"9:1-9:98\"><strong>Prekr\u00fdvaj\u00faca sa fronta:<\/strong> L\u00e1tka sa prekr\u00fdva cez seba a vytv\u00e1ra efekt zabalenia alebo falo\u0161n\u00e9ho zabalenia.<\/li>\n<li data-sourcepos=\"10:1-10:131\"><strong>V\u00fdstrih do V alebo diagon\u00e1lny v\u00fdstrih:<\/strong> Tento v\u00fdstrih je zvy\u010dajne pomerne hlbok\u00fd a predl\u017euj\u00faci, \u010do lichot\u00ed mnoh\u00fdm typom postavy.<\/li>\n<li data-sourcepos=\"11:1-11:133\"><strong>R\u00f4zne \u0161t\u00fdly ruk\u00e1vov:<\/strong> Vrchn\u00e9 diely m\u00f4\u017eu ma\u0165 kr\u00e1tke ruk\u00e1vy, dlh\u00e9 ruk\u00e1vy, troj\u0161tvr\u0165ov\u00e9 ruk\u00e1vy alebo dokonca m\u00f4\u017eu by\u0165 bez ruk\u00e1vov.<\/li>\n<li data-sourcepos=\"12:1-12:179\"><strong>R\u00f4zne tkaniny:<\/strong> M\u00f4\u017eu by\u0165 vyroben\u00e9 z r\u00f4znych tkan\u00edn vr\u00e1tane \u00fapletov, tkan\u00edn, hodv\u00e1bu, d\u017eerseja a \u010fal\u0161\u00edch. V\u00fdber l\u00e1tky ovplyv\u0148uje z\u00e1ves a celkov\u00fd vzh\u013ead zvr\u0161ku.<\/li>\n<li data-sourcepos=\"13:1-14:0\"><strong>Vhodn\u00fd alebo vo\u013en\u00fd:<\/strong> Strih sa m\u00f4\u017ee l\u00ed\u0161i\u0165 od priliehav\u00e9ho po vo\u013en\u00fd a spl\u00fdvav\u00fd v z\u00e1vislosti od dizajnu a l\u00e1tky.<\/li>\n<\/ul>\n<h3 data-sourcepos=\"15:1-15:34\"><strong>Pre\u010do je d\u00e1msky top s v\u00fdstrihom popul\u00e1rny?<\/strong><\/h3>\n<ul data-sourcepos=\"17:1-21:0\">\n<li data-sourcepos=\"17:1-17:188\"><strong>Lichotiv\u00fd v\u00fdstrih:<\/strong> V\u00fdstrih do V alebo diagon\u00e1lny v\u00fdstrih predl\u017euje krk a trup a vytv\u00e1ra zo\u0161t\u00edh\u013euj\u00faci efekt. Z\u00e1rove\u0148 lichotivo zv\u00fdraz\u0148uje k\u013e\u00fa\u010dnu kos\u0165 a oblas\u0165 poprsia.<\/li>\n<li data-sourcepos=\"18:1-18:107\"><strong>\u017densk\u00fd a elegantn\u00fd:<\/strong> Prekr\u00fdvaj\u00faci sa dizajn dod\u00e1 ka\u017ed\u00e9mu oble\u010deniu n\u00e1dych \u017eenskosti a elegancie.<\/li>\n<li data-sourcepos=\"19:1-19:103\"><strong>V\u0161estrannos\u0165:<\/strong> Vrchn\u00e9 diely sa daj\u00fa obliec\u0165 hore alebo dole, tak\u017ee s\u00fa vhodn\u00e9 na r\u00f4zne pr\u00edle\u017eitosti.<\/li>\n<li data-sourcepos=\"20:1-21:0\"><strong>Pohodln\u00e9:<\/strong> V z\u00e1vislosti od materi\u00e1lu a strihu m\u00f4\u017eu by\u0165 ve\u013emi pohodln\u00e9 na nosenie.<\/li>\n<\/ul>\n<h3 data-sourcepos=\"22:1-22:32\"><strong>Ako si obliec\u0165 d\u00e1msky top s v\u00fdstrihom:<\/strong><\/h3>\n<ul data-sourcepos=\"24:1-28:0\">\n<li data-sourcepos=\"24:1-24:90\"><strong>Pr\u00edle\u017eitostn\u00e9:<\/strong> Kombinujte ju s d\u017e\u00ednsami, \u0161ortkami alebo le\u017e\u00e9rnou suk\u0148ou a z\u00edskajte uvo\u013enen\u00fd ka\u017edodenn\u00fd vzh\u013ead.<\/li>\n<li data-sourcepos=\"25:1-25:114\"><strong>Business Casual:<\/strong> Noste ho s nohavicami, ceruzkovou suk\u0148ou alebo pod sakom, aby ste p\u00f4sobili profesion\u00e1lnej\u0161ie.<\/li>\n<li data-sourcepos=\"26:1-26:140\"><strong>\u0160aty:<\/strong> Vyberte si zvr\u0161ok z luxusnej l\u00e1tky, ako je hodv\u00e1b alebo sat\u00e9n, a skombinujte ho so \u0161atov\u00fdmi nohavicami alebo suk\u0148ou na ve\u010dern\u00fa udalos\u0165.<\/li>\n<li data-sourcepos=\"27:1-28:0\"><strong>Vrstvenie:<\/strong> Vrchn\u00fd diel so surfy m\u00f4\u017eete navrstvi\u0165 pod sveter alebo bundu, aby ste z\u00edskali viac tepla a \u0161t\u00fdlu.<\/li>\n<\/ul>","protected":false},"excerpt":{"rendered":"<table style=\"height: 571px;\" width=\"446\">\n<tbody>\n<tr>\n<td width=\"146\"><strong><b>Produkt<\/b><\/strong>\u00a0<strong><b>N\u00e1zov:<\/b><\/strong><\/td>\n<td width=\"601\"><strong>D\u00e1msky vrchn\u00fd diel s presahmi<\/strong><\/td>\n<\/tr>\n<tr>\n<td width=\"146\"><strong><b>Materstvo:<\/b><\/strong><\/td>\n<td width=\"601\">Pletenie<\/td>\n<\/tr>\n<tr>\n<td width=\"146\"><strong><b>Technika:<\/b><\/strong><\/td>\n<td width=\"601\">Vy\u0161\u00edvan\u00e9<\/td>\n<\/tr>\n<tr>\n<td width=\"146\"><strong><b>\u0160t\u00fdl:<\/b><\/strong><\/td>\n<td width=\"601\">Pr\u00edle\u017eitostn\u00e9<\/td>\n<\/tr>\n<tr>\n<td width=\"146\"><strong><b>Farba<\/b><\/strong><strong><b>:<\/b><\/strong><\/td>\n<td width=\"601\">\u00a0Vlastn\u00e9 farby<\/td>\n<\/tr>\n<tr>\n<td width=\"146\"><strong><b>Ve\u013ekos\u0165:<\/b><\/strong><\/td>\n<td width=\"601\">S \/M \/L \/XL \/2XL<\/td>\n<\/tr>\n<tr>\n<td width=\"146\"><strong><b>OEM\/ODM:<\/b><\/strong><\/td>\n<td width=\"601\">Prijate\u013en\u00e9<\/td>\n<\/tr>\n<tr>\n<td width=\"146\"><strong><b>Kvalita:<\/b><\/strong><\/td>\n<td width=\"601\">100% Vysok\u00e1 kvalita<\/td>\n<\/tr>\n<tr>\n<td width=\"146\"><strong><b>M<\/b><\/strong><strong><b>OQ:<\/b><\/strong><\/td>\n<td width=\"601\">200 ks<\/td>\n<\/tr>\n<\/tbody>\n<\/table>","protected":false},"featured_media":2002,"template":"","meta":[],"product_brand":[],"product_cat":[39],"product_tag":[],"class_list":{"0":"post-2001","1":"product","2":"type-product","3":"status-publish","4":"has-post-thumbnail","6":"product_cat-womens-clothing","8":"first","9":"instock","10":"shipping-taxable","11":"product-type-simple"},"_links":{"self":[{"href":"https:\/\/mj-clothing.com\/sk\/wp-json\/wp\/v2\/product\/2001","targetHints":{"allow":["GET"]}}],"collection":[{"href":"https:\/\/mj-clothing.com\/sk\/wp-json\/wp\/v2\/product"}],"about":[{"href":"https:\/\/mj-clothing.com\/sk\/wp-json\/wp\/v2\/types\/product"}],"wp:featuredmedia":[{"embeddable":true,"href":"https:\/\/mj-clothing.com\/sk\/wp-json\/wp\/v2\/media\/2002"}],"wp:attachment":[{"href":"https:\/\/mj-clothing.com\/sk\/wp-json\/wp\/v2\/media?parent=2001"}],"wp:term":[{"taxonomy":"product_brand","embeddable":true,"href":"https:\/\/mj-clothing.com\/sk\/wp-json\/wp\/v2\/product_brand?post=2001"},{"taxonomy":"product_cat","embeddable":true,"href":"https:\/\/mj-clothing.com\/sk\/wp-json\/wp\/v2\/product_cat?post=2001"},{"taxonomy":"product_tag","embeddable":true,"href":"https:\/\/mj-clothing.com\/sk\/wp-json\/wp\/v2\/product_tag?post=2001"}],"curies":[{"name":"wp","href":"https:\/\/api.w.org\/{rel}","templated":true}]}}