{"id":2003,"date":"2024-12-17T08:19:49","date_gmt":"2024-12-17T08:19:49","guid":{"rendered":"https:\/\/mj-clothing.com\/?post_type=product&#038;p=2003"},"modified":"2025-01-04T03:04:40","modified_gmt":"2025-01-04T03:04:40","slug":"womens-tops-for-winter","status":"publish","type":"product","link":"https:\/\/mj-clothing.com\/sk\/manufacturer\/womens-tops-for-winter\/","title":{"rendered":"D\u00e1mske topy na zimu"},"content":{"rendered":"<p data-sourcepos=\"1:1-1:137\">Pokia\u013e ide o d\u00e1mske topy na zimu, k\u013e\u00fa\u010dom k \u00faspechu je vyv\u00e1\u017ei\u0165 \u0161t\u00fdl s teplom a pohodl\u00edm. Tu je nieko\u013eko ob\u013e\u00faben\u00fdch a praktick\u00fdch mo\u017enost\u00ed pre \u017eeny:<\/p>\n<h3 data-sourcepos=\"3:1-3:28\"><strong>Pre d\u00e1mske topy Pre zimn\u00e9 teplo a vrstvenie:<\/strong><\/h3>\n<ul data-sourcepos=\"5:1-9:0\">\n<li data-sourcepos=\"5:1-5:239\"><strong>Rol\u00e1ky a krky s v\u00fdstrihom:<\/strong> S\u00fa vynikaj\u00face na udr\u017eanie tepla na krku a m\u00f4\u017eete ich nosi\u0165 samostatne alebo ich vrstvi\u0165 pod svetre \u010di bundy. H\u013eadajte ich v materi\u00e1loch, ako je merino vlna, ka\u0161m\u00edr alebo term\u00e1lne \u00faplety, aby boli e\u0161te teplej\u0161ie.<\/li>\n<li data-sourcepos=\"6:1-6:205\"><strong>Termo tri\u010dk\u00e1 s dlh\u00fdm ruk\u00e1vom:<\/strong> S\u00fa navrhnut\u00e9 tak, aby zachyt\u00e1vali teplo a udr\u017eiavali v\u00e1s v teple aj vo ve\u013emi chladn\u00fdch podmienkach. S\u00fa skvel\u00e9 na vrstvenie pod in\u00e9 zvr\u0161ky alebo na samostatn\u00e9 nosenie pri outdoorov\u00fdch aktivit\u00e1ch.<\/li>\n<li data-sourcepos=\"7:1-7:199\"><strong>Svetre:<\/strong> Klasick\u00e9 zimn\u00e9 svetre sa vyr\u00e1baj\u00fa v r\u00f4znych \u0161t\u00fdloch vr\u00e1tane svetrov s v\u00fdstrihom, s v\u00fdstrihom do V, svetrov a rol\u00e1kov. Vyberte si materi\u00e1ly ako vlna, ka\u0161m\u00edr alebo fleece, aby ste dosiahli maxim\u00e1lne teplo.<\/li>\n<li data-sourcepos=\"8:1-9:0\"><strong>Fleecov\u00e9 topy:<\/strong> S\u00fa neuverite\u013ene m\u00e4kk\u00e9, tepl\u00e9 a pohodln\u00e9. S\u00fa ide\u00e1lne na be\u017en\u00e9 nosenie a outdoorov\u00e9 aktivity.<\/li>\n<\/ul>\n<h3 data-sourcepos=\"10:1-10:20\"><strong>D\u00e1mske topy na zimu \u0160t\u00fdlov\u00e9 mo\u017enosti:<\/strong><\/h3>\n<ul data-sourcepos=\"12:1-16:0\">\n<li data-sourcepos=\"12:1-12:140\"><strong>Svetrov\u00e9 \u0161aty:<\/strong> S\u00fa m\u00f3dnou a \u00fatulnou vo\u013ebou na zimu. M\u00f4\u017eete ich skombinova\u0165 s pan\u010duchami a \u010di\u017emami a vytvori\u0165 tak kompletn\u00fd outfit.<\/li>\n<li data-sourcepos=\"13:1-13:144\"><strong>Pleten\u00e9 tuniky:<\/strong> Tieto nohavice pon\u00fakaj\u00fa uvo\u013enen\u00fd a pohodln\u00fd strih a z\u00e1rove\u0148 vyzeraj\u00fa \u0161t\u00fdlovo. Daj\u00fa sa kombinova\u0165 s leg\u00ednami alebo \u00fazkymi d\u017e\u00ednsami.<\/li>\n<li data-sourcepos=\"14:1-14:142\"><strong>Zamatov\u00e9 topy:<\/strong> Zamat dod\u00e1 ka\u017ed\u00e9mu oble\u010deniu n\u00e1dych elegancie a tepla. S\u00fa ide\u00e1lne na sviato\u010dn\u00e9 ve\u010dierky alebo in\u00e9 v\u00fdnimo\u010dn\u00e9 pr\u00edle\u017eitosti.<\/li>\n<li data-sourcepos=\"15:1-16:0\"><strong>Ko\u0161ele na gomb\u00edky (flanelov\u00e9 alebo man\u0161estrov\u00e9):<\/strong> M\u00f4\u017eete ich nosi\u0165 samostatne alebo ich navrstvite na rol\u00e1k \u010di termotri\u010dko pre v\u00e4\u010d\u0161ie teplo.<\/li>\n<\/ul>\n<h3 data-sourcepos=\"17:1-17:26\"><strong>D\u00e1mske topy na zimu:<\/strong><\/h3>\n<ul data-sourcepos=\"19:1-24:0\">\n<li data-sourcepos=\"19:1-19:68\"><strong>Vlna:<\/strong> Prirodzen\u00fd izolant, ktor\u00fd udr\u017e\u00ed teplo aj ke\u010f je mokr\u00fd.<\/li>\n<li data-sourcepos=\"20:1-20:90\"><strong>Ka\u0161m\u00edr:<\/strong> Luxusn\u00fd a neuverite\u013ene m\u00e4kk\u00fd materi\u00e1l, ktor\u00fd poskytuje vynikaj\u00face teplo.<\/li>\n<li data-sourcepos=\"21:1-21:91\"><strong>R\u00fano:<\/strong> M\u00e4kk\u00fd a tepl\u00fd syntetick\u00fd materi\u00e1l, ktor\u00fd je z\u00e1rove\u0148 \u013eahk\u00fd a priedu\u0161n\u00fd.<\/li>\n<li data-sourcepos=\"22:1-22:82\"><strong>Term\u00e1lne \u00faplety:<\/strong> Navrhnut\u00e9 tak, aby zachyt\u00e1vali teplo a udr\u017eiavali v\u00e1s v teple v chladn\u00fdch podmienkach.<\/li>\n<li data-sourcepos=\"23:1-24:0\"><strong>Bavlna:<\/strong> Hoci bavlna nie je tak\u00e1 tepl\u00e1 ako vlna alebo fleece, je priedu\u0161n\u00e1 a pohodln\u00e1 na vrstvenie.<\/li>\n<\/ul>\n<h3 data-sourcepos=\"25:1-25:34\"><strong>Tipy na d\u00e1mske topy na zimu:<\/strong><\/h3>\n<ul data-sourcepos=\"27:1-30:0\">\n<li data-sourcepos=\"27:1-27:222\"><strong>Zv\u00e1\u017ete kl\u00edmu:<\/strong> Ak \u017eijete vo ve\u013emi chladnom podneb\u00ed, uprednostnite teplo a vyberte si materi\u00e1ly ako vlna alebo fleece. Ak \u017eijete v miernej\u0161om podneb\u00ed, m\u00f4\u017eete si vybra\u0165 \u013eah\u0161ie materi\u00e1ly, ako je bavlna alebo ten\u0161ie \u00faplety.<\/li>\n<li data-sourcepos=\"28:1-28:107\"><strong>Prem\u00fd\u0161\u013eajte o vrstven\u00ed:<\/strong> Vyberajte si zvr\u0161ky, ktor\u00e9 sa daj\u00fa \u013eahko vrstvi\u0165 pod in\u00e9 oble\u010denie, aby ste sa viac zahriali.<\/li>\n<li data-sourcepos=\"29:1-30:0\"><strong>Nezabudnite na \u0161t\u00fdl:<\/strong> Zimn\u00e9 zvr\u0161ky m\u00f4\u017eu by\u0165 funk\u010dn\u00e9 aj m\u00f3dne. Vyberte si \u0161t\u00fdly a farby, ktor\u00e9 m\u00e1te radi a ktor\u00e9 doplnia v\u00e1\u0161 \u0161atn\u00edk.<\/li>\n<\/ul>\n<p data-sourcepos=\"31:1-31:126\">Zv\u00e1\u017een\u00edm t\u00fdchto faktorov m\u00f4\u017eete n\u00e1js\u0165 dokonal\u00e9 d\u00e1mske topy, ktor\u00e9 v\u00e1s udr\u017eia v teple a \u0161t\u00fdle po\u010das celej zimnej sez\u00f3ny.<\/p>","protected":false},"excerpt":{"rendered":"<table style=\"height: 515px;\" width=\"480\">\n<tbody>\n<tr>\n<td width=\"146\"><strong><b>Produkt<\/b><\/strong>\u00a0<strong><b>N\u00e1zov:<\/b><\/strong><\/td>\n<td width=\"601\"><strong>D\u00e1mske topy na zimu<\/strong><\/td>\n<\/tr>\n<tr>\n<td width=\"146\"><strong><b>Materstvo:<\/b><\/strong><\/td>\n<td width=\"601\">Pletenie<\/td>\n<\/tr>\n<tr>\n<td width=\"146\"><strong><b>Technika:<\/b><\/strong><\/td>\n<td width=\"601\">Vy\u0161\u00edvan\u00e9<\/td>\n<\/tr>\n<tr>\n<td width=\"146\"><strong><b>\u0160t\u00fdl:<\/b><\/strong><\/td>\n<td width=\"601\">Pr\u00edle\u017eitostn\u00e9<\/td>\n<\/tr>\n<tr>\n<td width=\"146\"><strong><b>Farba<\/b><\/strong><strong><b>:<\/b><\/strong><\/td>\n<td width=\"601\">\u00a0Vlastn\u00e9 farby<\/td>\n<\/tr>\n<tr>\n<td width=\"146\"><strong><b>Ve\u013ekos\u0165:<\/b><\/strong><\/td>\n<td width=\"601\">S \/M \/L \/XL \/2XL<\/td>\n<\/tr>\n<tr>\n<td width=\"146\"><strong><b>OEM\/ODM:<\/b><\/strong><\/td>\n<td width=\"601\">Prijate\u013en\u00e9<\/td>\n<\/tr>\n<tr>\n<td width=\"146\"><strong><b>Kvalita:<\/b><\/strong><\/td>\n<td width=\"601\">100% Vysok\u00e1 kvalita<\/td>\n<\/tr>\n<tr>\n<td width=\"146\"><strong><b>M<\/b><\/strong><strong><b>OQ:<\/b><\/strong><\/td>\n<td width=\"601\">200 ks<\/td>\n<\/tr>\n<\/tbody>\n<\/table>","protected":false},"featured_media":2088,"template":"","meta":[],"product_brand":[],"product_cat":[39],"product_tag":[],"class_list":{"0":"post-2003","1":"product","2":"type-product","3":"status-publish","4":"has-post-thumbnail","6":"product_cat-womens-clothing","8":"first","9":"instock","10":"shipping-taxable","11":"product-type-simple"},"_links":{"self":[{"href":"https:\/\/mj-clothing.com\/sk\/wp-json\/wp\/v2\/product\/2003","targetHints":{"allow":["GET"]}}],"collection":[{"href":"https:\/\/mj-clothing.com\/sk\/wp-json\/wp\/v2\/product"}],"about":[{"href":"https:\/\/mj-clothing.com\/sk\/wp-json\/wp\/v2\/types\/product"}],"wp:featuredmedia":[{"embeddable":true,"href":"https:\/\/mj-clothing.com\/sk\/wp-json\/wp\/v2\/media\/2088"}],"wp:attachment":[{"href":"https:\/\/mj-clothing.com\/sk\/wp-json\/wp\/v2\/media?parent=2003"}],"wp:term":[{"taxonomy":"product_brand","embeddable":true,"href":"https:\/\/mj-clothing.com\/sk\/wp-json\/wp\/v2\/product_brand?post=2003"},{"taxonomy":"product_cat","embeddable":true,"href":"https:\/\/mj-clothing.com\/sk\/wp-json\/wp\/v2\/product_cat?post=2003"},{"taxonomy":"product_tag","embeddable":true,"href":"https:\/\/mj-clothing.com\/sk\/wp-json\/wp\/v2\/product_tag?post=2003"}],"curies":[{"name":"wp","href":"https:\/\/api.w.org\/{rel}","templated":true}]}}