{"id":2005,"date":"2024-12-17T08:27:39","date_gmt":"2024-12-17T08:27:39","guid":{"rendered":"https:\/\/mj-clothing.com\/?post_type=product&#038;p=2005"},"modified":"2024-12-18T06:08:53","modified_gmt":"2024-12-18T06:08:53","slug":"glorya-long-sleeve-hooded-top-womens","status":"publish","type":"product","link":"https:\/\/mj-clothing.com\/sk\/manufacturer\/glorya-long-sleeve-hooded-top-womens\/","title":{"rendered":"Glorya Tielko s dlh\u00fdm ruk\u00e1vom a kapuc\u0148ou - d\u00e1mske"},"content":{"rendered":"<div id=\"model-response-message-contentr_2042c454bde921df\" class=\"markdown markdown-main-panel response-optimization\" dir=\"ltr\">\n<p data-sourcepos=\"1:1-1:220\">Zd\u00e1 sa, \u017ee m\u00e1te z\u00e1ujem o Patagonia Long-Sleeve Glorya Long-Sleeve Hooded Top-Women's. Ide o ob\u013e\u00faben\u00fd k\u00fasok od spolo\u010dnosti Patagonia, ktor\u00fd je zn\u00e1my svoj\u00edm pohodl\u00edm a v\u0161estrannos\u0165ou. Tu je rozpis toho, \u010d\u00edm vynik\u00e1:<\/p>\n<h3 data-sourcepos=\"3:1-3:17\"><strong>K\u013e\u00fa\u010dov\u00e9 vlastnosti Glorya Long-Sleeve Hooded Top-Women's:<\/strong><\/h3>\n<ul data-sourcepos=\"5:1-12:0\">\n<li data-sourcepos=\"5:1-5:186\"><strong>\u013dahk\u00e9 a pohodln\u00e9:<\/strong> <span class=\"citation-0 recitation citation-end-0\">T\u00e1to mikina s kapuc\u0148ou je vyroben\u00e1 z m\u00e4kkej zmesi recyklovan\u00e9ho polyesteru, lyocellu TENCEL\u2122 a spandexu a je navrhnut\u00e1 pre pohodlie a vo\u013enos\u0165 pohybu.<\/span>\n<div class=\"container ng-tns-c2960411664-80 hide\">\n<div class=\"carousel-container ng-tns-c2960411664-80\"><\/div>\n<\/div>\n<\/li>\n<li data-sourcepos=\"6:1-6:176\"><strong>Odv\u00e1dzanie vlhkosti a r\u00fdchle su\u0161enie:<\/strong> <span class=\"citation-1 recitation citation-end-1\">Tkanina v\u00fdborne odv\u00e1dza vlhkos\u0165 a r\u00fdchlo schne, tak\u017ee je vhodn\u00e1 na akt\u00edvne nosenie alebo ka\u017edodenn\u00e9 pou\u017e\u00edvanie.<\/span><span class=\"button-container hide-from-message-actions ng-star-inserted\">\u00a0 \u00a0<\/span>\n<div class=\"container ng-tns-c2960411664-81 hide\">\n<div class=\"carousel-container ng-tns-c2960411664-81\"><\/div>\n<\/div>\n<\/li>\n<li data-sourcepos=\"7:1-7:106\"><strong>Uvo\u013enen\u00fd strih:<\/strong> <span class=\"citation-2 recitation citation-end-2\">Mikina Glorya Hoody m\u00e1 vo\u013en\u00fd strih, ktor\u00fd umo\u017e\u0148uje pohodln\u00e9 vrstvenie.<\/span><span class=\"button-container hide-from-message-actions ng-star-inserted\">\u00a0<\/span>\n<div class=\"container ng-tns-c2960411664-82 hide\">\n<div class=\"carousel-container ng-tns-c2960411664-82\"><\/div>\n<\/div>\n<\/li>\n<li data-sourcepos=\"8:1-8:121\"><strong>Nastavite\u013en\u00e1 kapuc\u0148a:<\/strong> <span class=\"citation-3 recitation citation-end-3\">Kapuc\u0148a m\u00e1 s\u0165ahovaciu \u0161n\u00farku, v\u010faka ktorej si ju m\u00f4\u017eete nastavi\u0165 tak, aby optim\u00e1lne zakr\u00fdvala a hriala.<\/span><span class=\"button-container hide-from-message-actions ng-star-inserted\">\u00a0<\/span>\n<div class=\"container ng-tns-c2960411664-83 hide\">\n<div class=\"carousel-container ng-tns-c2960411664-83\"><\/div>\n<\/div>\n<\/li>\n<li data-sourcepos=\"9:1-9:157\"><strong>V\u0161estrannos\u0165:<\/strong> <span class=\"citation-4 recitation citation-end-4\">D\u00e1 sa nosi\u0165 samostatne alebo navrstven\u00e1 na in\u00e9 zvr\u0161ky, tak\u017ee je skvelou vo\u013ebou pre r\u00f4zne aktivity a poveternostn\u00e9 podmienky.<\/span><span class=\"button-container hide-from-message-actions ng-star-inserted\"> \u00a0<\/span>\n<div class=\"container ng-tns-c2960411664-84 hide\">\n<div class=\"carousel-container ng-tns-c2960411664-84\"><\/div>\n<\/div>\n<\/li>\n<li data-sourcepos=\"10:1-10:148\"><strong><span class=\"citation-5 recitation\">Udr\u017eate\u013en\u00e9 materi\u00e1ly:<\/span><\/strong><span class=\"citation-5 recitation citation-end-5\"> T\u00e1to mikina je vyroben\u00e1 z recyklovan\u00e9ho polyesteru a lyocellu TENCEL\u2122, tak\u017ee je \u0161etrnej\u0161ia k \u017eivotn\u00e9mu prostrediu.<\/span><span class=\"button-container hide-from-message-actions ng-star-inserted\"> \u00a0<\/span>\n<div class=\"container ng-tns-c2960411664-85 hide\">\n<div class=\"carousel-container ng-tns-c2960411664-85\"><\/div>\n<\/div>\n<\/li>\n<li data-sourcepos=\"11:1-12:0\"><strong><span class=\"citation-6 recitation\">Fair Trade Certified\u2122 \u0160it\u00e9:<\/span><\/strong><span class=\"citation-6 recitation citation-end-6\"> To znamen\u00e1, \u017ee \u013eudia, ktor\u00ed odev vyrobili, z\u00edskali za svoju pr\u00e1cu pr\u00edplatok.<\/span><span class=\"button-container hide-from-message-actions ng-star-inserted\">\u00a0<\/span>\n<div class=\"container ng-tns-c2960411664-86 hide\">\n<div class=\"carousel-container ng-tns-c2960411664-86\"><\/div>\n<\/div>\n<\/li>\n<\/ul>\n<h3 data-sourcepos=\"13:1-13:30\"><strong>Pre\u010do je to ob\u013e\u00faben\u00e1 vo\u013eba Glorya Tielko s dlh\u00fdm ruk\u00e1vom a kapuc\u0148ou - d\u00e1mske:<\/strong><\/h3>\n<ul data-sourcepos=\"15:1-19:0\">\n<li data-sourcepos=\"15:1-15:151\"><strong>Pohodlie pri pohybe:<\/strong> <span class=\"citation-7 recitation citation-end-7\">V\u010faka \u013eahkej a elastickej tkanine je ide\u00e1lna na aktivity, ako je turistika, joga alebo len be\u017en\u00e9 poch\u00f4dzky.<\/span><span class=\"button-container hide-from-message-actions ng-star-inserted\">\u00a0<\/span>\n<div class=\"container ng-tns-c2960411664-87 hide\">\n<div class=\"carousel-container ng-tns-c2960411664-87\"><\/div>\n<\/div>\n<\/li>\n<li data-sourcepos=\"16:1-16:101\"><strong>Ka\u017edodenn\u00e9 nosenie:<\/strong> V\u010faka svojmu le\u017e\u00e9rnemu \u0161t\u00fdlu a pohodln\u00e9mu strihu je skvelou vo\u013ebou na ka\u017edodenn\u00e9 nosenie.<\/li>\n<li data-sourcepos=\"17:1-17:91\"><strong>Vrstvenie kusov:<\/strong> Je ide\u00e1lna na vrstvenie pod bundy alebo vesty v chladnej\u0161om po\u010das\u00ed.<\/li>\n<li data-sourcepos=\"18:1-19:0\"><strong>Kvalita a odolnos\u0165:<\/strong> Spolo\u010dnos\u0165 Patagonia je zn\u00e1ma v\u00fdrobou vysokokvalitn\u00fdch a odoln\u00fdch v\u00fdrobkov.<\/li>\n<\/ul>\n<h3 data-sourcepos=\"20:1-20:21\"><strong>Kde n\u00e1js\u0165 Glorya Top s dlh\u00fdm ruk\u00e1vom a kapuc\u0148ou - d\u00e1msky:<\/strong><\/h3>\n<p data-sourcepos=\"22:1-22:86\">Tielko Patagonia Glorya s dlh\u00fdm ruk\u00e1vom a kapuc\u0148ou zvy\u010dajne n\u00e1jdete u t\u00fdchto predajcov:<\/p>\n<ul data-sourcepos=\"24:1-27:0\">\n<li data-sourcepos=\"24:1-24:80\"><strong>Webov\u00e1 str\u00e1nka spolo\u010dnosti Patagonia:<\/strong> Toto je ofici\u00e1lny zdroj produktov Patagonia.<\/li>\n<li data-sourcepos=\"25:1-25:114\"><strong>Maloobchodn\u00ed predajcovia v exteri\u00e9ri:<\/strong> <span class=\"citation-8 recitation citation-end-8\">V obchodoch ako REI, Backcountry a Moosejaw \u010dasto n\u00e1jdete oble\u010denie zna\u010dky Patagonia.<\/span><span class=\"button-container hide-from-message-actions ng-star-inserted\">\u00a0<\/span>\n<div class=\"container ng-tns-c2960411664-88 hide\">\n<div class=\"carousel-container ng-tns-c2960411664-88\"><\/div>\n<\/div>\n<\/li>\n<li data-sourcepos=\"26:1-27:0\"><strong>Obchodn\u00e9 domy:<\/strong> V\u00fdrobky Patagonia m\u00f4\u017eu by\u0165 dostupn\u00e9 aj v niektor\u00fdch obchodn\u00fdch domoch.<\/li>\n<\/ul>\n<p data-sourcepos=\"28:1-28:153\">Ak h\u013ead\u00e1te pohodln\u00fa, v\u0161estrann\u00fa a udr\u017eate\u013ene vyroben\u00fa mikinu, mikina Patagonia Glorya s dlh\u00fdm ruk\u00e1vom a kapuc\u0148ou ur\u010dite stoj\u00ed za zv\u00e1\u017eenie.<\/p>\n<\/div>\n<div class=\"skeleton-loader-container\"><\/div>\n<div class=\"response-footer gap complete\">\n<div class=\"container ng-tns-c2960411664-79\">\n<div class=\"carousel-container ng-tns-c2960411664-79\">\n<div class=\"carousel-content ng-tns-c2960411664-79\">\n<div class=\"sources-carousel-source ng-tns-c2960411664-79 ng-star-inserted\" data-test-id=\"sources-carousel-source\">\n<div class=\"source-card-container\">\n<div class=\"source-card-content\">\n<div class=\"source-card-body\">\n<div class=\"source-card-header\">\n<div class=\"source-card-title\"><\/div>\n<\/div>\n<\/div>\n<\/div>\n<\/div>\n<\/div>\n<\/div>\n<\/div>\n<\/div>\n<\/div>","protected":false},"excerpt":{"rendered":"<table style=\"height: 661px;\" width=\"527\">\n<tbody>\n<tr>\n<td width=\"146\"><strong><b>Produkt<\/b><\/strong>\u00a0<strong><b>N\u00e1zov:<\/b><\/strong><\/td>\n<td width=\"601\"><strong>Glorya Tielko s dlh\u00fdm ruk\u00e1vom a kapuc\u0148ou - d\u00e1mske<\/strong><\/td>\n<\/tr>\n<tr>\n<td width=\"146\"><strong><b>Materstvo:<\/b><\/strong><\/td>\n<td width=\"601\">Pletenie<\/td>\n<\/tr>\n<tr>\n<td width=\"146\"><strong><b>Technika:<\/b><\/strong><\/td>\n<td width=\"601\">Vy\u0161\u00edvan\u00e9<\/td>\n<\/tr>\n<tr>\n<td width=\"146\"><strong><b>\u0160t\u00fdl:<\/b><\/strong><\/td>\n<td width=\"601\">Pr\u00edle\u017eitostn\u00e9<\/td>\n<\/tr>\n<tr>\n<td width=\"146\"><strong><b>Farba<\/b><\/strong><strong><b>:<\/b><\/strong><\/td>\n<td width=\"601\">\u00a0Vlastn\u00e9 farby<\/td>\n<\/tr>\n<tr>\n<td width=\"146\"><strong><b>Ve\u013ekos\u0165:<\/b><\/strong><\/td>\n<td width=\"601\">S \/M \/L \/XL \/2XL<\/td>\n<\/tr>\n<tr>\n<td width=\"146\"><strong><b>OEM\/ODM:<\/b><\/strong><\/td>\n<td width=\"601\">Prijate\u013en\u00e9<\/td>\n<\/tr>\n<tr>\n<td width=\"146\"><strong><b>Kvalita:<\/b><\/strong><\/td>\n<td width=\"601\">100% Vysok\u00e1 kvalita<\/td>\n<\/tr>\n<tr>\n<td width=\"146\"><strong><b>M<\/b><\/strong><strong><b>OQ:<\/b><\/strong><\/td>\n<td width=\"601\">200 ks<\/td>\n<\/tr>\n<\/tbody>\n<\/table>","protected":false},"featured_media":2006,"template":"","meta":[],"product_brand":[],"product_cat":[39],"product_tag":[],"class_list":{"0":"post-2005","1":"product","2":"type-product","3":"status-publish","4":"has-post-thumbnail","6":"product_cat-womens-clothing","8":"first","9":"instock","10":"shipping-taxable","11":"product-type-simple"},"_links":{"self":[{"href":"https:\/\/mj-clothing.com\/sk\/wp-json\/wp\/v2\/product\/2005","targetHints":{"allow":["GET"]}}],"collection":[{"href":"https:\/\/mj-clothing.com\/sk\/wp-json\/wp\/v2\/product"}],"about":[{"href":"https:\/\/mj-clothing.com\/sk\/wp-json\/wp\/v2\/types\/product"}],"wp:featuredmedia":[{"embeddable":true,"href":"https:\/\/mj-clothing.com\/sk\/wp-json\/wp\/v2\/media\/2006"}],"wp:attachment":[{"href":"https:\/\/mj-clothing.com\/sk\/wp-json\/wp\/v2\/media?parent=2005"}],"wp:term":[{"taxonomy":"product_brand","embeddable":true,"href":"https:\/\/mj-clothing.com\/sk\/wp-json\/wp\/v2\/product_brand?post=2005"},{"taxonomy":"product_cat","embeddable":true,"href":"https:\/\/mj-clothing.com\/sk\/wp-json\/wp\/v2\/product_cat?post=2005"},{"taxonomy":"product_tag","embeddable":true,"href":"https:\/\/mj-clothing.com\/sk\/wp-json\/wp\/v2\/product_tag?post=2005"}],"curies":[{"name":"wp","href":"https:\/\/api.w.org\/{rel}","templated":true}]}}