{"id":2008,"date":"2024-12-17T08:49:20","date_gmt":"2024-12-17T08:49:20","guid":{"rendered":"https:\/\/mj-clothing.com\/?post_type=product&#038;p=2008"},"modified":"2024-12-17T08:56:51","modified_gmt":"2024-12-17T08:56:51","slug":"womens-cashmere-long-coat","status":"publish","type":"product","link":"https:\/\/mj-clothing.com\/sk\/manufacturer\/womens-cashmere-long-coat\/","title":{"rendered":"D\u00e1msky ka\u0161m\u00edrov\u00fd dlh\u00fd kab\u00e1t"},"content":{"rendered":"<div id=\"model-response-message-contentr_21586b4a0aa106d5\" class=\"markdown markdown-main-panel response-optimization\" dir=\"ltr\">\n<p data-sourcepos=\"1:1-1:191\">D\u00e1msky ka\u0161m\u00edrov\u00fd dlh\u00fd kab\u00e1t je stelesnen\u00edm luxusu, tepla a nad\u010dasov\u00e9ho \u0161t\u00fdlu. Je to v\u00fdznamn\u00fd investi\u010dn\u00fd k\u00fasok, ktor\u00fd dok\u00e1\u017ee pozdvihn\u00fa\u0165 ka\u017ed\u00fd zimn\u00fd \u0161atn\u00edk. Tu sa dozviete, \u010d\u00edm s\u00fa tak\u00e9 v\u00fdnimo\u010dn\u00e9:<\/p>\n<h3 data-sourcepos=\"3:1-3:17\"><strong>Pre\u010do pr\u00e1ve d\u00e1msky ka\u0161m\u00edrov\u00fd dlh\u00fd kab\u00e1t?<\/strong><\/h3>\n<ul data-sourcepos=\"5:1-9:0\">\n<li data-sourcepos=\"5:1-5:146\"><strong><span class=\"citation-0 recitation\">Bezkonkuren\u010dn\u00e1 m\u00e4kkos\u0165:<\/span><\/strong><span class=\"citation-0 recitation citation-end-0\"> Ka\u0161m\u00edrov\u00e9 vl\u00e1kna s\u00fa neuverite\u013ene jemn\u00e9, tak\u017ee na poko\u017eke p\u00f4sobia luxusne m\u00e4kko a hladko.<\/span><span class=\"button-container hide-from-message-actions ng-star-inserted\"> \u00a0<\/span>\n<div class=\"container ng-tns-c2960411664-95 hide\">\n<div class=\"carousel-container ng-tns-c2960411664-95\"><\/div>\n<\/div>\n<\/li>\n<li data-sourcepos=\"6:1-6:147\"><strong><span class=\"citation-1 recitation\">V\u00fdnimo\u010dn\u00e9 teplo:<\/span><\/strong><span class=\"citation-1 recitation citation-end-1\"> Napriek tomu, \u017ee je ka\u0161m\u00edr \u013eahk\u00fd, v\u00fdborne izoluje a udr\u017eiava teplo bez pocitu \u0165a\u017ekop\u00e1dnosti.<\/span><span class=\"button-container hide-from-message-actions ng-star-inserted\">\u00a0<\/span>\n<div class=\"container ng-tns-c2960411664-96 hide\">\n<div class=\"carousel-container ng-tns-c2960411664-96\"><\/div>\n<\/div>\n<\/li>\n<li data-sourcepos=\"7:1-7:152\"><strong>\u013dahk\u00e9 a pohodln\u00e9:<\/strong> <span class=\"citation-2 recitation citation-end-2\">Ka\u0161m\u00edrov\u00e9 odevy s\u00fa zn\u00e1me svojou \u013eahkos\u0165ou, v\u010faka ktorej sa pohodlne nosia dlh\u0161\u00ed \u010das.<\/span><span class=\"button-container hide-from-message-actions ng-star-inserted\">\u00a0 \u00a0<\/span>\n<div class=\"container ng-tns-c2960411664-97 hide\">\n<div class=\"carousel-container ng-tns-c2960411664-97\"><\/div>\n<\/div>\n<\/li>\n<li data-sourcepos=\"8:1-9:0\"><strong><span class=\"citation-3 recitation\">Odolnos\u0165:<\/span><\/strong><span class=\"citation-3 recitation citation-end-3\"> Kvalitn\u00fd ka\u0161m\u00edrov\u00fd kab\u00e1t m\u00f4\u017ee pri spr\u00e1vnej starostlivosti vydr\u017ea\u0165 mnoho rokov, tak\u017ee sa do\u0148 oplat\u00ed investova\u0165.<\/span><span class=\"button-container hide-from-message-actions ng-star-inserted\">\u00a0 \u00a0<\/span>\n<div class=\"container ng-tns-c2960411664-98 hide\">\n<div class=\"carousel-container ng-tns-c2960411664-98\"><\/div>\n<\/div>\n<\/li>\n<\/ul>\n<h3 data-sourcepos=\"10:1-10:41\"><strong>K\u013e\u00fa\u010dov\u00e9 vlastnosti d\u00e1mskeho ka\u0161m\u00edrov\u00e9ho dlh\u00e9ho kab\u00e1ta:<\/strong><\/h3>\n<ul data-sourcepos=\"12:1-22:0\">\n<li data-sourcepos=\"12:1-12:85\"><strong>D\u013a\u017eka:<\/strong> Zvy\u010dajne spad\u00e1 pod kolen\u00e1, \u010d\u00edm poskytuje maxim\u00e1lne pokrytie a teplo.<\/li>\n<li data-sourcepos=\"13:1-16:93\"><strong>Klasick\u00e9 \u0161t\u00fdly:<\/strong> \u010casto pon\u00faka nad\u010dasov\u00e9 siluety, ako napr\u00edklad:\n<ul data-sourcepos=\"14:5-16:93\">\n<li data-sourcepos=\"14:5-14:88\"><strong>Jednoradov\u00e9:<\/strong> Klasick\u00fd a univerz\u00e1lny \u0161t\u00fdl s jedn\u00fdm radom gomb\u00edkov.<\/li>\n<li data-sourcepos=\"15:5-15:87\"><strong>Dvojradov\u00e9:<\/strong> <span class=\"citation-4 recitation citation-end-4\">Form\u00e1lnej\u0161\u00ed \u0161t\u00fdl s dvoma radmi gomb\u00edkov.<\/span><span class=\"button-container hide-from-message-actions ng-star-inserted\">\u00a0 \u00a0<\/span>\n<div class=\"container ng-tns-c2960411664-99 hide\">\n<div class=\"carousel-container ng-tns-c2960411664-99\"><\/div>\n<\/div>\n<\/li>\n<li data-sourcepos=\"16:5-16:93\"><strong><span class=\"citation-5 recitation\">Zavinovac\u00ed pl\u00e1\u0161\u0165:<\/span><\/strong><span class=\"citation-5 recitation citation-end-5\"> Uvo\u013enen\u00fd a elegantn\u00fd \u0161t\u00fdl, ktor\u00fd mo\u017eno previaza\u0165 opaskom.<\/span><span class=\"button-container hide-from-message-actions ng-star-inserted\"> \u00a0<\/span>\n<div class=\"container ng-tns-c2960411664-100 hide\">\n<div class=\"carousel-container ng-tns-c2960411664-100\">\n<div class=\"carousel-content ng-tns-c2960411664-100\">\n<div class=\"sources-carousel-source ng-tns-c2960411664-100 hide ng-star-inserted\" data-test-id=\"sources-carousel-source\"><\/div>\n<\/div>\n<\/div>\n<\/div>\n<\/li>\n<\/ul>\n<\/li>\n<li data-sourcepos=\"17:1-20:67\"><strong>Mo\u017enosti goliera:<\/strong> M\u00f4\u017ee ma\u0165 r\u00f4zne \u0161t\u00fdly goliera, ako napr\u00edklad:\n<ul data-sourcepos=\"18:5-20:67\">\n<li data-sourcepos=\"18:5-18:69\"><strong><span class=\"citation-6 recitation\">Z\u00e1rez na klope:<\/span><\/strong><span class=\"citation-6 recitation citation-end-6\"> Klasick\u00fd a univerz\u00e1lny golier.<\/span><span class=\"button-container hide-from-message-actions ng-star-inserted\">\u00a0<\/span>\n<div class=\"container ng-tns-c2960411664-101 hide\">\n<div class=\"carousel-container ng-tns-c2960411664-101\"><\/div>\n<\/div>\n<\/li>\n<li data-sourcepos=\"19:5-19:57\"><strong>\u0160\u00e1lov\u00fd golier:<\/strong> Uvo\u013enenej\u0161\u00ed a \u00fatulnej\u0161\u00ed golier.<\/li>\n<li data-sourcepos=\"20:5-20:67\"><strong>Stojanov\u00fd golier:<\/strong> Poskytuje dodato\u010dn\u00e9 teplo okolo krku.<\/li>\n<\/ul>\n<\/li>\n<li data-sourcepos=\"21:1-22:0\"><strong>Minim\u00e1lne detaily:<\/strong> \u010casto sa vyzna\u010duje \u010dist\u00fdmi l\u00edniami a minim\u00e1lnymi detailmi, ktor\u00e9 prezentuj\u00fa luxusn\u00fa tkaninu.<\/li>\n<\/ul>\n<h3 data-sourcepos=\"23:1-23:56\"><strong>\u010co treba zv\u00e1\u017ei\u0165 pri k\u00fape d\u00e1mskeho ka\u0161m\u00edrov\u00e9ho dlh\u00e9ho kab\u00e1ta:<\/strong><\/h3>\n<ul data-sourcepos=\"25:1-30:0\">\n<li data-sourcepos=\"25:1-25:129\"><strong>Ka\u0161m\u00edr Kvalita:<\/strong> H\u013eadajte kab\u00e1ty vyroben\u00e9 z ka\u0161m\u00edru 100% alebo z ka\u0161m\u00edru s vysok\u00fdm podielom zmesi s in\u00fdmi jemn\u00fdmi vl\u00e1knami.<\/li>\n<li data-sourcepos=\"26:1-26:134\"><strong>Hmotnos\u0165:<\/strong> Hmotnos\u0165 ka\u0161m\u00edru ovplyv\u0148uje jeho hrejivos\u0165 a prie\u0165a\u017enos\u0165. \u0164a\u017e\u0161\u00ed ka\u0161m\u00edr je v\u0161eobecne teplej\u0161\u00ed, ale m\u00f4\u017ee by\u0165 aj objemnej\u0161\u00ed.<\/li>\n<li data-sourcepos=\"27:1-27:89\"><strong>Kon\u0161trukcia:<\/strong> Skontrolujte kvalitu \u0161itia a pod\u0161\u00edvky, aby ste zaistili ich trvanlivos\u0165.<\/li>\n<li data-sourcepos=\"28:1-28:99\"><strong>Vhodn\u00e1:<\/strong> Vyberte si kab\u00e1t, ktor\u00fd dobre sed\u00ed na ramen\u00e1ch a umo\u017e\u0148uje pohodln\u00e9 vrstvenie.<\/li>\n<li data-sourcepos=\"29:1-30:0\"><strong>Cena:<\/strong> <span class=\"citation-7 recitation citation-end-7\">Ka\u0161m\u00edrov\u00e9 kab\u00e1ty s\u00fa invest\u00edciou, preto sa pripravte na zna\u010dn\u00e9 v\u00fddavky.<\/span> Pri spr\u00e1vnej starostlivosti v\u0161ak vydr\u017e\u00ed mnoho rokov.<span class=\"button-container hide-from-message-actions ng-star-inserted\">\u00a0<\/span>\n<div class=\"container ng-tns-c2960411664-102 hide\">\n<div class=\"carousel-container ng-tns-c2960411664-102\"><\/div>\n<\/div>\n<\/li>\n<\/ul>\n<h3 data-sourcepos=\"31:1-31:46\"><strong>Kde n\u00e1js\u0165 d\u00e1mske ka\u0161m\u00edrov\u00e9 dlh\u00e9 kab\u00e1ty:<\/strong><\/h3>\n<ul data-sourcepos=\"33:1-37:0\">\n<li data-sourcepos=\"33:1-33:80\"><strong>\u0160pi\u010dkov\u00e9 obchodn\u00e9 domy:<\/strong> Nordstrom, Saks Fifth Avenue, Bloomingdale's<\/li>\n<li data-sourcepos=\"34:1-34:52\"><strong>Luxusn\u00e9 zna\u010dky:<\/strong> Max Mara, Loro Piana, The Row<\/li>\n<li data-sourcepos=\"35:1-35:80\"><strong>\u0160pecializovan\u00ed predajcovia ka\u0161m\u00edru:<\/strong> <span class=\"citation-8 recitation citation-end-8\">GOBI Cashmere, Sofia Cashmere<\/span><span class=\"button-container hide-from-message-actions ng-star-inserted\">\u00a0 \u00a0<\/span>\n<div class=\"container ng-tns-c2960411664-103 hide\">\n<div class=\"carousel-container ng-tns-c2960411664-103\"><\/div>\n<\/div>\n<\/li>\n<li data-sourcepos=\"36:1-37:0\"><strong>Internetov\u00ed predajcovia:<\/strong> Farfetch, Net-a-Porter, Mytheresa<\/li>\n<\/ul>\n<p data-sourcepos=\"38:1-38:122\">D\u00e1msky dlh\u00fd ka\u0161m\u00edrov\u00fd kab\u00e1t je luxusn\u00e1 a nad\u010dasov\u00e1 invest\u00edcia, ktor\u00e1 v\u00e1s udr\u017e\u00ed v teple a \u0161t\u00fdle dlh\u00e9 roky.<\/p>\n<\/div>\n<div class=\"response-footer gap complete\">\n<div class=\"container ng-tns-c2960411664-94\">\n<div class=\"carousel-container ng-tns-c2960411664-94\">\n<div class=\"carousel-content ng-tns-c2960411664-94\">\n<div class=\"sources-carousel-source ng-tns-c2960411664-94 ng-star-inserted\" data-test-id=\"sources-carousel-source\">\n<div class=\"source-card-container\">\n<div class=\"source-card-content\">\n<div class=\"source-card-body\">\n<div class=\"source-card-header\">\n<div class=\"source-card-title\"><\/div>\n<\/div>\n<\/div>\n<\/div>\n<\/div>\n<\/div>\n<\/div>\n<\/div>\n<\/div>\n<\/div>","protected":false},"excerpt":{"rendered":"<table style=\"height: 596px;\" width=\"487\">\n<tbody>\n<tr>\n<td width=\"146\"><strong><b>Produkt<\/b><\/strong>\u00a0<strong><b>N\u00e1zov:<\/b><\/strong><\/td>\n<td width=\"601\"><strong>D\u00e1msky ka\u0161m\u00edrov\u00fd dlh\u00fd kab\u00e1t<\/strong><\/td>\n<\/tr>\n<tr>\n<td width=\"146\"><strong><b>Materstvo:<\/b><\/strong><\/td>\n<td width=\"601\">Pletenie<\/td>\n<\/tr>\n<tr>\n<td width=\"146\"><strong><b>Technika:<\/b><\/strong><\/td>\n<td width=\"601\">Vy\u0161\u00edvan\u00e9<\/td>\n<\/tr>\n<tr>\n<td width=\"146\"><strong><b>\u0160t\u00fdl:<\/b><\/strong><\/td>\n<td width=\"601\">Pr\u00edle\u017eitostn\u00e9<\/td>\n<\/tr>\n<tr>\n<td width=\"146\"><strong><b>Farba<\/b><\/strong><strong><b>:<\/b><\/strong><\/td>\n<td width=\"601\">\u00a0Vlastn\u00e9 farby<\/td>\n<\/tr>\n<tr>\n<td width=\"146\"><strong><b>Ve\u013ekos\u0165:<\/b><\/strong><\/td>\n<td width=\"601\">S \/M \/L \/XL \/2XL<\/td>\n<\/tr>\n<tr>\n<td width=\"146\"><strong><b>OEM\/ODM:<\/b><\/strong><\/td>\n<td width=\"601\">Prijate\u013en\u00e9<\/td>\n<\/tr>\n<tr>\n<td width=\"146\"><strong><b>Kvalita:<\/b><\/strong><\/td>\n<td width=\"601\">100% Vysok\u00e1 kvalita<\/td>\n<\/tr>\n<tr>\n<td width=\"146\"><strong><b>M<\/b><\/strong><strong><b>OQ:<\/b><\/strong><\/td>\n<td width=\"601\">200 ks<\/td>\n<\/tr>\n<\/tbody>\n<\/table>","protected":false},"featured_media":2009,"template":"","meta":[],"product_brand":[],"product_cat":[39],"product_tag":[],"class_list":{"0":"post-2008","1":"product","2":"type-product","3":"status-publish","4":"has-post-thumbnail","6":"product_cat-womens-clothing","8":"first","9":"instock","10":"shipping-taxable","11":"product-type-simple"},"_links":{"self":[{"href":"https:\/\/mj-clothing.com\/sk\/wp-json\/wp\/v2\/product\/2008","targetHints":{"allow":["GET"]}}],"collection":[{"href":"https:\/\/mj-clothing.com\/sk\/wp-json\/wp\/v2\/product"}],"about":[{"href":"https:\/\/mj-clothing.com\/sk\/wp-json\/wp\/v2\/types\/product"}],"wp:featuredmedia":[{"embeddable":true,"href":"https:\/\/mj-clothing.com\/sk\/wp-json\/wp\/v2\/media\/2009"}],"wp:attachment":[{"href":"https:\/\/mj-clothing.com\/sk\/wp-json\/wp\/v2\/media?parent=2008"}],"wp:term":[{"taxonomy":"product_brand","embeddable":true,"href":"https:\/\/mj-clothing.com\/sk\/wp-json\/wp\/v2\/product_brand?post=2008"},{"taxonomy":"product_cat","embeddable":true,"href":"https:\/\/mj-clothing.com\/sk\/wp-json\/wp\/v2\/product_cat?post=2008"},{"taxonomy":"product_tag","embeddable":true,"href":"https:\/\/mj-clothing.com\/sk\/wp-json\/wp\/v2\/product_tag?post=2008"}],"curies":[{"name":"wp","href":"https:\/\/api.w.org\/{rel}","templated":true}]}}