{"id":2010,"date":"2024-12-17T08:55:56","date_gmt":"2024-12-17T08:55:56","guid":{"rendered":"https:\/\/mj-clothing.com\/?post_type=product&#038;p=2010"},"modified":"2024-12-17T08:55:56","modified_gmt":"2024-12-17T08:55:56","slug":"black-long-wool-coat-womens","status":"publish","type":"product","link":"https:\/\/mj-clothing.com\/sk\/manufacturer\/black-long-wool-coat-womens\/","title":{"rendered":"\u010cierny dlh\u00fd vlnen\u00fd kab\u00e1t d\u00e1msky"},"content":{"rendered":"<p data-sourcepos=\"1:1-1:191\">\u010cierny d\u00e1msky dlh\u00fd vlnen\u00fd kab\u00e1t je skuto\u010dn\u00fdm z\u00e1kladom \u0161atn\u00edka ka\u017edej \u017eeny. Je to klasick\u00fd k\u00fasok, ktor\u00fd sp\u00e1ja praktickos\u0165, teplo a nad\u010dasov\u00fd \u0161t\u00fdl. Tu je rozpis toho, \u010do ich rob\u00ed tak\u00fdmi skvel\u00fdmi:<\/p>\n<h3 data-sourcepos=\"3:1-3:13\"><strong>Pre\u010do \u010dierny dlh\u00fd vlnen\u00fd kab\u00e1t D\u00e1mska vlna?<\/strong><\/h3>\n<ul data-sourcepos=\"5:1-9:0\">\n<li data-sourcepos=\"5:1-5:116\"><strong><span class=\"citation-0 recitation\">Teplo:<\/span><\/strong><span class=\"citation-0 recitation citation-end-0\"> Vlna je prirodzen\u00fd izolant, ktor\u00fd v\u00fdborne hreje aj pri ve\u013emi n\u00edzkych teplot\u00e1ch.<\/span><span class=\"button-container hide-from-message-actions ng-star-inserted\"> \u00a0<\/span>\n<div class=\"container ng-tns-c2960411664-110 hide\">\n<div class=\"carousel-container ng-tns-c2960411664-110\"><\/div>\n<\/div>\n<\/li>\n<li data-sourcepos=\"6:1-6:114\"><strong><span class=\"citation-1 recitation\">Odolnos\u0165:<\/span><\/strong><span class=\"citation-1 recitation citation-end-1\"> Vlnen\u00e9 vl\u00e1kna s\u00fa siln\u00e9 a pru\u017en\u00e9, tak\u017ee vlnen\u00e9 kab\u00e1ty s\u00fa odoln\u00e9 a maj\u00fa dlh\u00fa \u017eivotnos\u0165.<\/span><span class=\"button-container hide-from-message-actions ng-star-inserted\"> \u00a0<\/span>\n<div class=\"container ng-tns-c2960411664-111 hide\">\n<div class=\"carousel-container ng-tns-c2960411664-111\"><\/div>\n<\/div>\n<\/li>\n<li data-sourcepos=\"7:1-7:130\"><strong><span class=\"citation-2 recitation\">Odolnos\u0165 vo\u010di vode:<\/span><\/strong><span class=\"citation-2 recitation citation-end-2\"> Vlna m\u00e1 prirodzen\u00e9 vodoodpudiv\u00e9 vlastnosti, v\u010faka ktor\u00fdm v\u00e1s udr\u017e\u00ed v suchu aj pri slabom da\u017edi alebo sne\u017een\u00ed.<\/span><span class=\"button-container hide-from-message-actions ng-star-inserted\"> \u00a0<\/span>\n<div class=\"container ng-tns-c2960411664-112 hide\">\n<div class=\"carousel-container ng-tns-c2960411664-112\"><\/div>\n<\/div>\n<\/li>\n<li data-sourcepos=\"8:1-9:0\"><strong><span class=\"citation-3 recitation\">Priedu\u0161nos\u0165:<\/span><\/strong><span class=\"citation-3 recitation citation-end-3\"> Vlna je priedu\u0161n\u00e1, \u010do pom\u00e1ha regulova\u0165 telesn\u00fa teplotu a zabra\u0148uje prehriatiu.<\/span><span class=\"button-container hide-from-message-actions ng-star-inserted\">\u00a0 \u00a0<\/span>\n<div class=\"container ng-tns-c2960411664-113 hide\">\n<div class=\"carousel-container ng-tns-c2960411664-113\"><\/div>\n<\/div>\n<\/li>\n<\/ul>\n<h3 data-sourcepos=\"10:1-10:43\"><strong>K\u013e\u00fa\u010dov\u00e9 vlastnosti \u010dierneho dlh\u00e9ho vlnen\u00e9ho kab\u00e1ta pre \u017eeny:<\/strong><\/h3>\n<ul data-sourcepos=\"12:1-23:0\">\n<li data-sourcepos=\"12:1-12:137\"><strong>D\u013a\u017eka:<\/strong> Zvy\u010dajne spad\u00e1 pod kolen\u00e1, \u010d\u00edm poskytuje maxim\u00e1lne pokrytie a teplo. T\u00e1to d\u013a\u017eka je tie\u017e ve\u013emi lichotiv\u00e1 a predl\u017euj\u00faca.<\/li>\n<li data-sourcepos=\"13:1-13:125\"><strong>Farba:<\/strong> \u010cierna je neuverite\u013ene univerz\u00e1lna a hod\u00ed sa ku v\u0161etk\u00e9mu. Je to klasick\u00e1 vo\u013eba, ktor\u00e1 nikdy nevyjde z m\u00f3dy.<\/li>\n<li data-sourcepos=\"14:1-18:62\"><strong>Klasick\u00e9 \u0161t\u00fdly:<\/strong> Medzi be\u017en\u00e9 \u0161t\u00fdly patria:\n<ul data-sourcepos=\"15:5-18:62\">\n<li data-sourcepos=\"15:5-15:89\"><strong>Jednoradov\u00e9:<\/strong> Nad\u010dasov\u00fd a univerz\u00e1lny \u0161t\u00fdl s jedn\u00fdm radom gomb\u00edkov.<\/li>\n<li data-sourcepos=\"16:5-16:102\"><strong>Dvojradov\u00e9:<\/strong> <span class=\"citation-4 recitation citation-end-4\">Form\u00e1lnej\u0161\u00ed a \u0161trukt\u00farovanej\u0161\u00ed \u0161t\u00fdl s dvoma radmi gomb\u00edkov.<\/span><span class=\"button-container hide-from-message-actions ng-star-inserted\">\u00a0<\/span>\n<div class=\"container ng-tns-c2960411664-114 hide\">\n<div class=\"carousel-container ng-tns-c2960411664-114\"><\/div>\n<\/div>\n<\/li>\n<li data-sourcepos=\"17:5-17:93\"><strong><span class=\"citation-5 recitation\">Zavinovac\u00ed pl\u00e1\u0161\u0165:<\/span><\/strong><span class=\"citation-5 recitation citation-end-5\"> Uvo\u013enen\u00fd a elegantn\u00fd \u0161t\u00fdl, ktor\u00fd mo\u017eno previaza\u0165 opaskom.<\/span><span class=\"button-container hide-from-message-actions ng-star-inserted\"> \u00a0<\/span>\n<div class=\"container ng-tns-c2960411664-115 hide\">\n<div class=\"carousel-container ng-tns-c2960411664-115\"><\/div>\n<\/div>\n<\/li>\n<li data-sourcepos=\"18:5-18:62\"><strong>Chesterfield:<\/strong> Form\u00e1lny \u0161t\u00fdl so zamatov\u00fdm golierom.<\/li>\n<\/ul>\n<\/li>\n<li data-sourcepos=\"19:1-23:0\"><strong>Mo\u017enosti goliera:<\/strong>\n<ul data-sourcepos=\"20:5-23:0\">\n<li data-sourcepos=\"20:5-20:69\"><strong><span class=\"citation-6 recitation\">Z\u00e1rez na klope:<\/span><\/strong><span class=\"citation-6 recitation citation-end-6\"> Klasick\u00fd a univerz\u00e1lny golier.<\/span><span class=\"button-container hide-from-message-actions ng-star-inserted\"> \u00a0<\/span>\n<div class=\"container ng-tns-c2960411664-116 hide\">\n<div class=\"carousel-container ng-tns-c2960411664-116\"><\/div>\n<\/div>\n<\/li>\n<li data-sourcepos=\"21:5-21:71\"><strong><span class=\"citation-7 recitation\">Vrcholov\u00e1 klopa:<\/span><\/strong><span class=\"citation-7 recitation citation-end-7\"> Form\u00e1lnej\u0161\u00ed a dramatickej\u0161\u00ed golier.<\/span><span class=\"button-container hide-from-message-actions ng-star-inserted\"> \u00a0<\/span>\n<div class=\"container ng-tns-c2960411664-117 hide\">\n<div class=\"carousel-container ng-tns-c2960411664-117\"><\/div>\n<\/div>\n<\/li>\n<li data-sourcepos=\"22:5-23:0\"><strong>Stojanov\u00fd golier:<\/strong> Poskytuje dodato\u010dn\u00e9 teplo okolo krku.<\/li>\n<\/ul>\n<\/li>\n<\/ul>\n<h3 data-sourcepos=\"24:1-24:58\"><strong>\u010co treba zv\u00e1\u017ei\u0165 pri k\u00fape \u010dierneho dlh\u00e9ho vlnen\u00e9ho kab\u00e1ta pre \u017eeny:<\/strong><\/h3>\n<ul data-sourcepos=\"26:1-31:0\">\n<li data-sourcepos=\"26:1-26:101\"><strong>Kvalita vlny:<\/strong> H\u013eadajte kab\u00e1ty vyroben\u00e9 z vysokokvalitnej vlny, napr\u00edklad z merino vlny alebo panenskej vlny.<\/li>\n<li data-sourcepos=\"27:1-27:75\"><strong>Oblo\u017eenie:<\/strong> Dobr\u00e1 pod\u0161\u00edvka zv\u00fd\u0161i hrejivos\u0165 a odolnos\u0165 kab\u00e1tu.<\/li>\n<li data-sourcepos=\"28:1-28:99\"><strong>Vhodn\u00e1:<\/strong> Uistite sa, \u017ee kab\u00e1t dobre sed\u00ed na ramen\u00e1ch a umo\u017e\u0148uje pohodln\u00e9 vrstvenie.<\/li>\n<li data-sourcepos=\"29:1-29:72\"><strong>Podrobnosti:<\/strong> Zv\u00e1\u017ete detaily, ako s\u00fa vreck\u00e1, gomb\u00edky a p\u00fatka na opasok.<\/li>\n<li data-sourcepos=\"30:1-31:0\"><strong><span class=\"citation-8 recitation\">Cena:<\/span><\/strong><span class=\"citation-8 recitation citation-end-8\"> Kvalitn\u00fd vlnen\u00fd kab\u00e1t je invest\u00edciou, ktor\u00e1 v\u0161ak vydr\u017e\u00ed dlh\u00e9 roky.<\/span><span class=\"button-container hide-from-message-actions ng-star-inserted\">\u00a0 \u00a0<\/span>\n<div class=\"container ng-tns-c2960411664-118 hide\">\n<div class=\"carousel-container ng-tns-c2960411664-118\"><\/div>\n<\/div>\n<\/li>\n<\/ul>\n<h3 data-sourcepos=\"32:1-32:40\"><strong>Ako si obliec\u0165 \u010dierny dlh\u00fd vlnen\u00fd kab\u00e1t pre \u017eeny:<\/strong><\/h3>\n<ul data-sourcepos=\"34:1-37:0\">\n<li data-sourcepos=\"34:1-34:85\"><strong>Pr\u00edle\u017eitostn\u00e9:<\/strong> Kombinujte ju s d\u017e\u00ednsami, svetrom a top\u00e1nkami, aby ste z\u00edskali klasick\u00fd ka\u017edodenn\u00fd vzh\u013ead.<\/li>\n<li data-sourcepos=\"35:1-35:95\"><strong>Business Casual:<\/strong> Noste ho cez bl\u00fazku a nohavice alebo suk\u0148u, aby ste p\u00f4sobili profesion\u00e1lne.<\/li>\n<li data-sourcepos=\"36:1-37:0\"><strong>\u0160aty:<\/strong> Navrstvite ho na \u0161aty alebo ve\u010dern\u00e9 oble\u010denie a dosiahnite sofistikovan\u00fd vzh\u013ead.<\/li>\n<\/ul>\n<p data-sourcepos=\"38:1-38:217\"><span class=\"citation-9 recitation citation-end-9\">\u010cierny dlh\u00fd vlnen\u00fd kab\u00e1t je univerz\u00e1lny a nevyhnutn\u00fd k\u00fasok, ktor\u00fd v\u00e1s udr\u017e\u00ed v teple a \u0161t\u00fdle po\u010das celej zimnej sez\u00f3ny.<\/span> Je to v\u00fdhodn\u00e1 invest\u00edcia, ktor\u00fa budete m\u00f4c\u0165 nosi\u0165 e\u0161te mnoho rokov.<span class=\"button-container hide-from-message-actions ng-star-inserted\"> \u00a0 <\/span><\/p>","protected":false},"excerpt":{"rendered":"<table style=\"height: 647px;\" width=\"508\">\n<tbody>\n<tr>\n<td width=\"146\"><strong><b>Produkt<\/b><\/strong>\u00a0<strong><b>N\u00e1zov:<\/b><\/strong><\/td>\n<td width=\"601\"><strong>\u010cierny dlh\u00fd vlnen\u00fd kab\u00e1t d\u00e1msky<\/strong><\/td>\n<\/tr>\n<tr>\n<td width=\"146\"><strong><b>Materstvo:<\/b><\/strong><\/td>\n<td width=\"601\">Pletenie<\/td>\n<\/tr>\n<tr>\n<td width=\"146\"><strong><b>Technika:<\/b><\/strong><\/td>\n<td width=\"601\">Vy\u0161\u00edvan\u00e9<\/td>\n<\/tr>\n<tr>\n<td width=\"146\"><strong><b>\u0160t\u00fdl:<\/b><\/strong><\/td>\n<td width=\"601\">Pr\u00edle\u017eitostn\u00e9<\/td>\n<\/tr>\n<tr>\n<td width=\"146\"><strong><b>Farba<\/b><\/strong><strong><b>:<\/b><\/strong><\/td>\n<td width=\"601\">\u00a0Vlastn\u00e9 farby<\/td>\n<\/tr>\n<tr>\n<td width=\"146\"><strong><b>Ve\u013ekos\u0165:<\/b><\/strong><\/td>\n<td width=\"601\">S \/M \/L \/XL \/2XL<\/td>\n<\/tr>\n<tr>\n<td width=\"146\"><strong><b>OEM\/ODM:<\/b><\/strong><\/td>\n<td width=\"601\">Prijate\u013en\u00e9<\/td>\n<\/tr>\n<tr>\n<td width=\"146\"><strong><b>Kvalita:<\/b><\/strong><\/td>\n<td width=\"601\">100% Vysok\u00e1 kvalita<\/td>\n<\/tr>\n<tr>\n<td width=\"146\"><strong><b>M<\/b><\/strong><strong><b>OQ:<\/b><\/strong><\/td>\n<td width=\"601\">200 ks<\/td>\n<\/tr>\n<\/tbody>\n<\/table>","protected":false},"featured_media":2011,"template":"","meta":[],"product_brand":[],"product_cat":[39],"product_tag":[],"class_list":{"0":"post-2010","1":"product","2":"type-product","3":"status-publish","4":"has-post-thumbnail","6":"product_cat-womens-clothing","8":"first","9":"instock","10":"shipping-taxable","11":"product-type-simple"},"_links":{"self":[{"href":"https:\/\/mj-clothing.com\/sk\/wp-json\/wp\/v2\/product\/2010","targetHints":{"allow":["GET"]}}],"collection":[{"href":"https:\/\/mj-clothing.com\/sk\/wp-json\/wp\/v2\/product"}],"about":[{"href":"https:\/\/mj-clothing.com\/sk\/wp-json\/wp\/v2\/types\/product"}],"wp:featuredmedia":[{"embeddable":true,"href":"https:\/\/mj-clothing.com\/sk\/wp-json\/wp\/v2\/media\/2011"}],"wp:attachment":[{"href":"https:\/\/mj-clothing.com\/sk\/wp-json\/wp\/v2\/media?parent=2010"}],"wp:term":[{"taxonomy":"product_brand","embeddable":true,"href":"https:\/\/mj-clothing.com\/sk\/wp-json\/wp\/v2\/product_brand?post=2010"},{"taxonomy":"product_cat","embeddable":true,"href":"https:\/\/mj-clothing.com\/sk\/wp-json\/wp\/v2\/product_cat?post=2010"},{"taxonomy":"product_tag","embeddable":true,"href":"https:\/\/mj-clothing.com\/sk\/wp-json\/wp\/v2\/product_tag?post=2010"}],"curies":[{"name":"wp","href":"https:\/\/api.w.org\/{rel}","templated":true}]}}