{"id":2015,"date":"2024-12-17T09:10:45","date_gmt":"2024-12-17T09:10:45","guid":{"rendered":"https:\/\/mj-clothing.com\/?post_type=product&#038;p=2015"},"modified":"2024-12-17T09:10:45","modified_gmt":"2024-12-17T09:10:45","slug":"womens-petite-long-coats","status":"publish","type":"product","link":"https:\/\/mj-clothing.com\/sk\/manufacturer\/womens-petite-long-coats\/","title":{"rendered":"D\u00e1mske dlh\u00e9 kab\u00e1ty Petite"},"content":{"rendered":"<p data-sourcepos=\"1:1-1:144\">H\u013ead\u00e1te d\u00e1mske dlh\u00e9 kab\u00e1ty Petite, ktor\u00e9 s\u00fa v zimnom kab\u00e1te tepl\u00e9, \u0161t\u00fdlov\u00e9 a vhodn\u00e9! Tu je sprievodca pri h\u013eadan\u00ed ide\u00e1lneho d\u00e1mskeho petite dlh\u00e9ho kab\u00e1tu:<\/p>\n<h3 data-sourcepos=\"3:1-3:39\"><strong>Pre\u010do je pri dlh\u00fdch kab\u00e1toch d\u00f4le\u017eit\u00fd pr\u00edvlastok \"Petite\"<\/strong><\/h3>\n<p data-sourcepos=\"5:1-5:132\">Dlh\u00e9 kab\u00e1ty \u0161tandardn\u00fdch rozmerov m\u00f4\u017eu \u010dasto ohromi\u0165 drobn\u00fa postavu (v\u0161eobecne sa za \u0148u pova\u017euje v\u00fd\u0161ka 175 cm a menej). Drobn\u00e9 ve\u013ekosti to rie\u0161ia:<\/p>\n<ul data-sourcepos=\"7:1-11:0\">\n<li data-sourcepos=\"7:1-7:128\"><strong>Skr\u00e1ten\u00e1 d\u013a\u017eka:<\/strong> Celkov\u00e1 d\u013a\u017eka kab\u00e1tu je skr\u00e1ten\u00e1, tak\u017ee v\u00e1s nezaval\u00ed. Zamerajte sa na d\u013a\u017eku okolo kolien alebo o nie\u010do ni\u017e\u0161ie.<\/li>\n<li data-sourcepos=\"8:1-8:112\"><strong>Krat\u0161ie ruk\u00e1vy:<\/strong> Ruk\u00e1vy s\u00fa prisp\u00f4soben\u00e9 tak, aby dosahovali na z\u00e1p\u00e4stie, \u010d\u00edm sa predch\u00e1dza potrebe n\u00e1kladn\u00fdch \u00faprav.<\/li>\n<li data-sourcepos=\"9:1-9:107\"><strong>Vy\u0161\u0161ie prieramky:<\/strong> T\u00fdm sa zabr\u00e1ni zh\u0155\u0148aniu prebyto\u010dnej l\u00e1tky v podpazu\u0161\u00ed a vytvor\u00ed sa kraj\u0161ia silueta.<\/li>\n<li data-sourcepos=\"10:1-11:0\"><strong>U\u017e\u0161ie ramen\u00e1:<\/strong> Ramenn\u00e9 \u0161vy s\u00fa upraven\u00e9 tak, aby sa prisp\u00f4sobili men\u0161iemu r\u00e1miku, \u010d\u00edm sa zabr\u00e1ni poklesnut\u00e9mu alebo zle padn\u00facemu vzh\u013eadu.<\/li>\n<\/ul>\n<h3 data-sourcepos=\"12:1-12:46\"><strong>V\u00fdhody d\u00e1mskych dlh\u00fdch kab\u00e1tov (aj pre drobn\u00e9)<\/strong><\/h3>\n<ul data-sourcepos=\"14:1-17:0\">\n<li data-sourcepos=\"14:1-14:103\"><strong>Maxim\u00e1lne teplo:<\/strong> Dlh\u00e9 kab\u00e1ty poskytuj\u00fa vynikaj\u00face krytie a udr\u017eia v\u00e1s v pohodl\u00ed aj v tom najchladnej\u0161om po\u010das\u00ed.<\/li>\n<li data-sourcepos=\"15:1-15:106\"><strong>Elegantn\u00e1 silueta:<\/strong> Dobre padn\u00faci dlh\u00fd kab\u00e1t m\u00f4\u017ee by\u0165 neuverite\u013ene lichotiv\u00fd a pred\u013a\u017ei\u0165 va\u0161u postavu.<\/li>\n<li data-sourcepos=\"16:1-17:0\"><strong>V\u0161estrannos\u0165:<\/strong> Oble\u010dte si ho k \u0161at\u00e1m na podp\u00e4tkoch alebo k d\u017e\u00ednsom a \u010di\u017em\u00e1m - dlh\u00fd kab\u00e1t sa prisp\u00f4sob\u00ed r\u00f4znym \u0161t\u00fdlom.<\/li>\n<\/ul>\n<h3 data-sourcepos=\"18:1-18:30\"><strong>K\u013e\u00fa\u010dov\u00e9 vlastnosti d\u00e1mskych dlh\u00fdch kab\u00e1tov Petite<\/strong><\/h3>\n<ul data-sourcepos=\"20:1-30:0\">\n<li data-sourcepos=\"20:1-20:156\"><strong>D\u013a\u017eka:<\/strong> Ako u\u017e bolo spomenut\u00e9, zamerajte sa na d\u013a\u017eku po kolen\u00e1 alebo mierne pod ne. Vyhnite sa kab\u00e1tom s d\u013a\u017ekou po zem, ak nechcete dosiahnu\u0165 dramatick\u00fd, m\u00f3dny vzh\u013ead.<\/li>\n<li data-sourcepos=\"21:1-21:174\"><strong>Vhodn\u00e1:<\/strong> To je ve\u013emi d\u00f4le\u017eit\u00e9! D\u00e1vajte pozor na to, aby d\u00e1mske dlh\u00e9 kab\u00e1ty Petite sedeli na ramen\u00e1ch (\u0161vy by mali sedie\u0165 na okraji va\u0161ich ramien) a na prsiach (mali by sa pohodlne zatv\u00e1ra\u0165 bez toho, aby \u0165ahali).<\/li>\n<li data-sourcepos=\"22:1-22:52\"><strong>Ruk\u00e1vy:<\/strong> Mali by kon\u010di\u0165 pri z\u00e1p\u00e4stnej kosti.<\/li>\n<li data-sourcepos=\"23:1-27:84\"><strong>\u0160t\u00fdl:<\/strong>\n<ul data-sourcepos=\"24:5-27:84\">\n<li data-sourcepos=\"24:5-24:87\"><strong>Jednoradov\u00e9:<\/strong> Klasick\u00e9 a univerz\u00e1lne, \u010dasto s jedn\u00fdm radom gomb\u00edkov.<\/li>\n<li data-sourcepos=\"25:5-25:142\"><strong>Dvojradov\u00e9:<\/strong> \u0160trukt\u00farovanej\u0161ie a form\u00e1lnej\u0161ie, s dvoma radmi gomb\u00edkov. Pre drobn\u00e9 postavy m\u00f4\u017ee by\u0165 zlo\u017eitej\u0161\u00ed, preto venujte zv\u00fd\u0161en\u00fa pozornos\u0165 strihu.<\/li>\n<li data-sourcepos=\"26:5-26:78\"><strong>Zavinovac\u00ed pl\u00e1\u0161\u0165:<\/strong> Vytv\u00e1ra definovan\u00fd p\u00e1s a nastavite\u013en\u00fd strih pomocou opasku.<\/li>\n<li data-sourcepos=\"27:5-27:84\"><strong>L\u00ednia A:<\/strong> Mierne roz\u0161\u00edren\u00e9 na spodnom okraji, vyrovn\u00e1vaj\u00face \u0161ir\u0161ie ramen\u00e1 alebo boky.<\/li>\n<\/ul>\n<\/li>\n<li data-sourcepos=\"28:1-28:112\"><strong>Tkanina:<\/strong> Vlna je klasickou vo\u013ebou pre teplo, ale zv\u00e1\u017ete aj zmesi pre ni\u017e\u0161iu hmotnos\u0165 alebo vy\u0161\u0161iu odolnos\u0165.<\/li>\n<li data-sourcepos=\"29:1-30:0\"><strong>Farba:<\/strong> \u010cierna, n\u00e1morn\u00edcka a siv\u00e1 s\u00fa nad\u010dasov\u00e9. Zv\u00e1\u017ete \u0165avu, bord\u00f3 alebo lesn\u00fa zelen\u00fa, aby ste o\u017eivili farby.<\/li>\n<\/ul>\n<h3 data-sourcepos=\"31:1-31:28\"><strong>Tipy na styling pre drobn\u00e9 postavy<\/strong><\/h3>\n<ul data-sourcepos=\"33:1-37:0\">\n<li data-sourcepos=\"33:1-33:86\"><strong>Vyhnite sa nadmernej ve\u013ekosti:<\/strong> M\u00f4\u017ee to utopi\u0165 v\u00e1\u0161 r\u00e1m. Zvo\u013ete si strih na mieru alebo na mieru.<\/li>\n<li data-sourcepos=\"34:1-34:78\"><strong>Opasky s\u00fa v\u00e1\u0161 priate\u013e:<\/strong> Zv\u00fdraznite si p\u00e1s, aby ste nep\u00f4sobili beztvar\u00fdm dojmom.<\/li>\n<li data-sourcepos=\"35:1-35:94\"><strong>Top\u00e1nky na podp\u00e4tku alebo na podp\u00e4tku:<\/strong> Zv\u00fd\u0161te v\u00fd\u0161ku a pred\u013a\u017ete nohy, aby ste vyv\u00e1\u017eili d\u013a\u017eku kab\u00e1tu.<\/li>\n<li data-sourcepos=\"36:1-37:0\"><strong>Zachovajte jednoduchos\u0165:<\/strong> Vyhnite sa nadmern\u00e9mu objemu alebo ozdob\u00e1m, ktor\u00e9 by mohli pre\u0165a\u017ei\u0165 v\u00e1\u0161 r\u00e1m.<\/li>\n<\/ul>","protected":false},"excerpt":{"rendered":"<table style=\"height: 612px;\" width=\"488\">\n<tbody>\n<tr>\n<td width=\"146\"><strong><b>Produkt<\/b><\/strong>\u00a0<strong><b>N\u00e1zov:<\/b><\/strong><\/td>\n<td width=\"601\"><strong>D\u00e1mske dlh\u00e9 kab\u00e1ty Petite<\/strong><\/td>\n<\/tr>\n<tr>\n<td width=\"146\"><strong><b>Materstvo:<\/b><\/strong><\/td>\n<td width=\"601\">Pletenie<\/td>\n<\/tr>\n<tr>\n<td width=\"146\"><strong><b>Technika:<\/b><\/strong><\/td>\n<td width=\"601\">Vy\u0161\u00edvan\u00e9<\/td>\n<\/tr>\n<tr>\n<td width=\"146\"><strong><b>\u0160t\u00fdl:<\/b><\/strong><\/td>\n<td width=\"601\">Pr\u00edle\u017eitostn\u00e9<\/td>\n<\/tr>\n<tr>\n<td width=\"146\"><strong><b>Farba<\/b><\/strong><strong><b>:<\/b><\/strong><\/td>\n<td width=\"601\">\u00a0Vlastn\u00e9 farby<\/td>\n<\/tr>\n<tr>\n<td width=\"146\"><strong><b>Ve\u013ekos\u0165:<\/b><\/strong><\/td>\n<td width=\"601\">S \/M \/L \/XL \/2XL<\/td>\n<\/tr>\n<tr>\n<td width=\"146\"><strong><b>OEM\/ODM:<\/b><\/strong><\/td>\n<td width=\"601\">Prijate\u013en\u00e9<\/td>\n<\/tr>\n<tr>\n<td width=\"146\"><strong><b>Kvalita:<\/b><\/strong><\/td>\n<td width=\"601\">100% Vysok\u00e1 kvalita<\/td>\n<\/tr>\n<tr>\n<td width=\"146\"><strong><b>M<\/b><\/strong><strong><b>OQ:<\/b><\/strong><\/td>\n<td width=\"601\">200 ks<\/td>\n<\/tr>\n<\/tbody>\n<\/table>","protected":false},"featured_media":2017,"template":"","meta":[],"product_brand":[],"product_cat":[39],"product_tag":[],"class_list":{"0":"post-2015","1":"product","2":"type-product","3":"status-publish","4":"has-post-thumbnail","6":"product_cat-womens-clothing","8":"first","9":"instock","10":"shipping-taxable","11":"product-type-simple"},"_links":{"self":[{"href":"https:\/\/mj-clothing.com\/sk\/wp-json\/wp\/v2\/product\/2015","targetHints":{"allow":["GET"]}}],"collection":[{"href":"https:\/\/mj-clothing.com\/sk\/wp-json\/wp\/v2\/product"}],"about":[{"href":"https:\/\/mj-clothing.com\/sk\/wp-json\/wp\/v2\/types\/product"}],"wp:featuredmedia":[{"embeddable":true,"href":"https:\/\/mj-clothing.com\/sk\/wp-json\/wp\/v2\/media\/2017"}],"wp:attachment":[{"href":"https:\/\/mj-clothing.com\/sk\/wp-json\/wp\/v2\/media?parent=2015"}],"wp:term":[{"taxonomy":"product_brand","embeddable":true,"href":"https:\/\/mj-clothing.com\/sk\/wp-json\/wp\/v2\/product_brand?post=2015"},{"taxonomy":"product_cat","embeddable":true,"href":"https:\/\/mj-clothing.com\/sk\/wp-json\/wp\/v2\/product_cat?post=2015"},{"taxonomy":"product_tag","embeddable":true,"href":"https:\/\/mj-clothing.com\/sk\/wp-json\/wp\/v2\/product_tag?post=2015"}],"curies":[{"name":"wp","href":"https:\/\/api.w.org\/{rel}","templated":true}]}}