{"id":2020,"date":"2024-12-17T09:14:47","date_gmt":"2024-12-17T09:14:47","guid":{"rendered":"https:\/\/mj-clothing.com\/?post_type=product&#038;p=2020"},"modified":"2024-12-19T03:40:02","modified_gmt":"2024-12-19T03:40:02","slug":"long-shearling-coat-womens","status":"publish","type":"product","link":"https:\/\/mj-clothing.com\/sk\/manufacturer\/long-shearling-coat-womens\/","title":{"rendered":"Dlh\u00fd d\u00e1msky kab\u00e1t zo stri\u017ee"},"content":{"rendered":"<p data-sourcepos=\"1:1-1:209\">Dlh\u00fd d\u00e1msky kab\u00e1t zo stri\u017ee je luxusn\u00e1 a neuverite\u013ene tepl\u00e1 mo\u017enos\u0165 vrchn\u00e9ho oble\u010denia pre \u017eeny. Je to v\u00fdrazn\u00fd k\u00fasok, ktor\u00fd sp\u00e1ja praktickos\u0165 s nepopierate\u013en\u00fdm \u0161t\u00fdlom. Tu je rozpis toho, \u010do ich rob\u00ed tak\u00fdmi \u017eiadan\u00fdmi:<\/p>\n<h3 data-sourcepos=\"3:1-3:22\"><strong>\u010co je D\u00e1msky dlh\u00fd kab\u00e1t zo stri\u017ee?<\/strong><\/h3>\n<p data-sourcepos=\"5:1-5:190\">Strihanie sa vyr\u00e1ba z ov\u010dej alebo jah\u0148acej ko\u017ee, ktor\u00e1 bola vy\u010dinen\u00e1 a spracovan\u00e1 so zachovanou vlnou. T\u00fdm sa vytvor\u00ed m\u00e4kk\u00fd, ply\u0161ov\u00fd vn\u00fatraj\u0161ok a v\u00fdrazn\u00fd semi\u0161ov\u00fd alebo ko\u017een\u00fd zvr\u0161ok.<\/p>\n<h3 data-sourcepos=\"5:1-5:190\"><strong>Pre\u010do si vybra\u0165 dlh\u00fd d\u00e1msky kab\u00e1t zo stri\u017ee?<\/strong><\/h3>\n<ul data-sourcepos=\"9:1-13:0\">\n<li data-sourcepos=\"9:1-9:190\"><strong>V\u00fdnimo\u010dn\u00e9 teplo:<\/strong> Strihanie je jedn\u00fdm z najteplej\u0161\u00edch pr\u00edrodn\u00fdch materi\u00e1lov. Hust\u00e9 vlnen\u00e9 vl\u00e1kna zachyt\u00e1vaj\u00fa vzduch a poskytuj\u00fa vynikaj\u00facu izol\u00e1ciu aj pri t\u00fdch najchladnej\u0161\u00edch teplot\u00e1ch.<\/li>\n<li data-sourcepos=\"9:1-9:190\"><strong>Pohodlie:<\/strong> M\u00e4kk\u00fd, ply\u0161ov\u00fd vn\u00fatraj\u0161ok stri\u017en\u00e9ho kab\u00e1ta je neuverite\u013ene pr\u00edjemn\u00fd na poko\u017eku.<\/li>\n<li data-sourcepos=\"11:1-11:98\"><strong>Odolnos\u0165:<\/strong> Strihanie je odoln\u00fd materi\u00e1l, ktor\u00fd pri spr\u00e1vnej starostlivosti vydr\u017e\u00ed dlh\u00e9 roky.<\/li>\n<li data-sourcepos=\"12:1-13:0\"><strong>\u0160t\u00fdl:<\/strong> Dlh\u00fd stri\u017en\u00fd kab\u00e1t je v\u00fdrazn\u00fdm k\u00faskom, ktor\u00fd dod\u00e1 ka\u017ed\u00e9mu outfitu n\u00e1dych luxusu a sofistikovanosti.<\/li>\n<\/ul>\n<h3 data-sourcepos=\"14:1-14:42\"><strong>K\u013e\u00fa\u010dov\u00e9 vlastnosti dlh\u00e9ho d\u00e1mskeho kab\u00e1ta zo stri\u017ee:<\/strong><\/h3>\n<ul data-sourcepos=\"16:1-21:0\">\n<li data-sourcepos=\"16:1-16:86\"><strong>D\u013a\u017eka:<\/strong> Zvy\u010dajne spad\u00e1 pod kolen\u00e1, \u010d\u00edm poskytuje maxim\u00e1lne pokrytie a teplo.<\/li>\n<li data-sourcepos=\"17:1-17:66\"><strong>Exteri\u00e9r:<\/strong> M\u00f4\u017eu by\u0165 semi\u0161ov\u00e9, ko\u017een\u00e9 alebo kombinovan\u00e9.<\/li>\n<li data-sourcepos=\"18:1-18:46\"><strong>Interi\u00e9r:<\/strong> M\u00e4kk\u00e1, ply\u0161ov\u00e1 vlnen\u00e1 pod\u0161\u00edvka.<\/li>\n<li data-sourcepos=\"19:1-19:100\"><strong>Obojok:<\/strong> M\u00f4\u017ee ma\u0165 r\u00f4zne \u0161t\u00fdly goliera, napr\u00edklad \u0161\u00e1lov\u00fd golier, vr\u00fabkovan\u00fd golier alebo kapuc\u0148u.<\/li>\n<li data-sourcepos=\"20:1-21:0\"><strong>Uzavretie:<\/strong> M\u00f4\u017ee ma\u0165 gomb\u00edky, zipsy alebo prep\u00edna\u010de.<\/li>\n<\/ul>\n<h3 data-sourcepos=\"22:1-22:57\"><strong>\u010co treba zv\u00e1\u017ei\u0165 pri k\u00fape dlh\u00e9ho stri\u017en\u00e9ho kab\u00e1ta:<\/strong><\/h3>\n<ul data-sourcepos=\"24:1-28:0\">\n<li data-sourcepos=\"24:1-24:87\"><strong>Kvalita:<\/strong> H\u013eadajte kab\u00e1ty vyroben\u00e9 z kvalitnej stri\u017ee s hustou, rovnomernou vlnou.<\/li>\n<li data-sourcepos=\"25:1-25:129\"><strong>Hmotnos\u0165:<\/strong> Strieborn\u00e9 kab\u00e1ty m\u00f4\u017eu by\u0165 \u0165a\u017ek\u00e9, preto zv\u00e1\u017ete ich hmotnos\u0165 a to, ako pohodlne sa bud\u00fa nosi\u0165 dlh\u0161\u00ed \u010das.<\/li>\n<li data-sourcepos=\"26:1-26:99\"><strong>Vhodn\u00e1:<\/strong> Uistite sa, \u017ee kab\u00e1t dobre sed\u00ed na ramen\u00e1ch a umo\u017e\u0148uje pohodln\u00e9 vrstvenie.<\/li>\n<li data-sourcepos=\"27:1-28:0\"><strong>Cena:<\/strong> Kab\u00e1ty zo stri\u017ee s\u00fa invest\u00edciou, preto sa pripravte na zna\u010dn\u00e9 v\u00fddavky.<\/li>\n<\/ul>\n<h3 data-sourcepos=\"29:1-29:39\"><strong>Ako si obliec\u0165 dlh\u00fd kab\u00e1t zo stri\u017ee:<\/strong><\/h3>\n<ul data-sourcepos=\"31:1-33:0\">\n<li data-sourcepos=\"31:1-31:94\"><strong>Pr\u00edle\u017eitostn\u00e9:<\/strong> Kombinujte ju s d\u017e\u00ednsami, svetrom a \u010di\u017emami, aby ste z\u00edskali tepl\u00fd a \u0161t\u00fdlov\u00fd ka\u017edodenn\u00fd vzh\u013ead.<\/li>\n<li data-sourcepos=\"32:1-33:0\"><strong>\u0160aty:<\/strong> Navrstvite ho na \u0161aty alebo ve\u010dern\u00e9 oble\u010denie a z\u00edskajte luxusn\u00fd a sofistikovan\u00fd vzh\u013ead.<\/li>\n<\/ul>\n<h3 data-sourcepos=\"34:1-34:35\"><strong>Starostlivos\u0165 o dlh\u00fd stri\u017en\u00fd kab\u00e1t:<\/strong><\/h3>\n<ul data-sourcepos=\"36:1-39:0\">\n<li data-sourcepos=\"36:1-36:115\"><strong>Profesion\u00e1lne \u010distenie:<\/strong> Odpor\u00fa\u010da sa, aby ste si dali ko\u017eu\u0161inu zo stri\u017ee odborne vy\u010disti\u0165.<\/li>\n<li data-sourcepos=\"36:1-36:115\"><strong>Bodov\u00e9 \u010distenie:<\/strong> Mal\u00e9 \u0161kvrny m\u00f4\u017eete vy\u010disti\u0165 vlhkou handri\u010dkou a jemn\u00fdm \u010distiacim prostriedkom.<\/li>\n<li data-sourcepos=\"38:1-39:0\"><strong>Skladovanie:<\/strong> Skladujte svoj stri\u017en\u00fd kab\u00e1t na chladnom a suchom mieste mimo dosahu priameho slne\u010dn\u00e9ho svetla.<\/li>\n<\/ul>\n<p data-sourcepos=\"40:1-40:121\">Dlh\u00fd stri\u017en\u00fd kab\u00e1t je luxusn\u00e1 a praktick\u00e1 invest\u00edcia, ktor\u00e1 v\u00e1s udr\u017e\u00ed v teple a \u0161t\u00fdle po mnoho rokov.<\/p>","protected":false},"excerpt":{"rendered":"<table style=\"height: 560px;\" width=\"542\">\n<tbody>\n<tr>\n<td width=\"146\"><strong><b>Produkt<\/b><\/strong>\u00a0<strong><b>N\u00e1zov:<\/b><\/strong><\/td>\n<td width=\"601\"><strong>Dlh\u00fd d\u00e1msky kab\u00e1t zo stri\u017ee<\/strong><\/td>\n<\/tr>\n<tr>\n<td width=\"146\"><strong><b>Materstvo:<\/b><\/strong><\/td>\n<td width=\"601\">Pletenie<\/td>\n<\/tr>\n<tr>\n<td width=\"146\"><strong><b>Technika:<\/b><\/strong><\/td>\n<td width=\"601\">Vy\u0161\u00edvan\u00e9<\/td>\n<\/tr>\n<tr>\n<td width=\"146\"><strong><b>\u0160t\u00fdl:<\/b><\/strong><\/td>\n<td width=\"601\">Pr\u00edle\u017eitostn\u00e9<\/td>\n<\/tr>\n<tr>\n<td width=\"146\"><strong><b>Farba<\/b><\/strong><strong><b>:<\/b><\/strong><\/td>\n<td width=\"601\">\u00a0Vlastn\u00e9 farby<\/td>\n<\/tr>\n<tr>\n<td width=\"146\"><strong><b>Ve\u013ekos\u0165:<\/b><\/strong><\/td>\n<td width=\"601\">S \/M \/L \/XL \/2XL<\/td>\n<\/tr>\n<tr>\n<td width=\"146\"><strong><b>OEM\/ODM:<\/b><\/strong><\/td>\n<td width=\"601\">Prijate\u013en\u00e9<\/td>\n<\/tr>\n<tr>\n<td width=\"146\"><strong><b>Kvalita:<\/b><\/strong><\/td>\n<td width=\"601\">100% Vysok\u00e1 kvalita<\/td>\n<\/tr>\n<tr>\n<td width=\"146\"><strong><b>M<\/b><\/strong><strong><b>OQ:<\/b><\/strong><\/td>\n<td width=\"601\">200 ks<\/td>\n<\/tr>\n<\/tbody>\n<\/table>","protected":false},"featured_media":2026,"template":"","meta":[],"product_brand":[],"product_cat":[39],"product_tag":[],"class_list":{"0":"post-2020","1":"product","2":"type-product","3":"status-publish","4":"has-post-thumbnail","6":"product_cat-womens-clothing","8":"first","9":"instock","10":"shipping-taxable","11":"product-type-simple"},"_links":{"self":[{"href":"https:\/\/mj-clothing.com\/sk\/wp-json\/wp\/v2\/product\/2020","targetHints":{"allow":["GET"]}}],"collection":[{"href":"https:\/\/mj-clothing.com\/sk\/wp-json\/wp\/v2\/product"}],"about":[{"href":"https:\/\/mj-clothing.com\/sk\/wp-json\/wp\/v2\/types\/product"}],"wp:featuredmedia":[{"embeddable":true,"href":"https:\/\/mj-clothing.com\/sk\/wp-json\/wp\/v2\/media\/2026"}],"wp:attachment":[{"href":"https:\/\/mj-clothing.com\/sk\/wp-json\/wp\/v2\/media?parent=2020"}],"wp:term":[{"taxonomy":"product_brand","embeddable":true,"href":"https:\/\/mj-clothing.com\/sk\/wp-json\/wp\/v2\/product_brand?post=2020"},{"taxonomy":"product_cat","embeddable":true,"href":"https:\/\/mj-clothing.com\/sk\/wp-json\/wp\/v2\/product_cat?post=2020"},{"taxonomy":"product_tag","embeddable":true,"href":"https:\/\/mj-clothing.com\/sk\/wp-json\/wp\/v2\/product_tag?post=2020"}],"curies":[{"name":"wp","href":"https:\/\/api.w.org\/{rel}","templated":true}]}}