{"id":2041,"date":"2024-12-18T03:08:39","date_gmt":"2024-12-18T03:08:39","guid":{"rendered":"https:\/\/mj-clothing.com\/?post_type=product&#038;p=2041"},"modified":"2024-12-18T03:23:38","modified_gmt":"2024-12-18T03:23:38","slug":"womens-long-wrap-coat","status":"publish","type":"product","link":"https:\/\/mj-clothing.com\/sk\/manufacturer\/womens-long-wrap-coat\/","title":{"rendered":"D\u00e1msky dlh\u00fd zavinovac\u00ed kab\u00e1t"},"content":{"rendered":"<p data-sourcepos=\"1:1-1:121\">D\u00e1msky dlh\u00fd zavinovac\u00ed kab\u00e1t je \u0161t\u00fdlov\u00fd a v\u0161estrann\u00fd vrchn\u00fd odev, ktor\u00fd pon\u00faka n\u00e1dych elegancie a sofistikovanosti.<\/p>\n<h3 data-sourcepos=\"3:1-3:17\"><strong>D\u00e1msky dlh\u00fd zavinovac\u00ed kab\u00e1t K\u013e\u00fa\u010dov\u00e9 vlastnosti:<\/strong><\/h3>\n<ul data-sourcepos=\"5:1-9:0\">\n<li data-sourcepos=\"5:1-5:132\"><strong>Dizajn z\u00e1balu:<\/strong> Charakteristick\u00fdm znakom je zavinovac\u00ed \u0161t\u00fdl, pri ktorom sa kab\u00e1t prekr\u00fdva a zvy\u010dajne sa zav\u00e4zuje alebo opaskuje v p\u00e1se.<\/li>\n<li data-sourcepos=\"6:1-6:83\"><strong>D\u013a\u017eka:<\/strong> Siaha pod boky, \u010dasto a\u017e po kolen\u00e1 alebo dokonca do polovice l\u00fdtok.<\/li>\n<li data-sourcepos=\"7:1-7:126\"><strong>Rozmanitos\u0165 materi\u00e1lov:<\/strong> M\u00f4\u017eu by\u0165 vyroben\u00e9 z r\u00f4znych tkan\u00edn vr\u00e1tane vlny, ka\u0161m\u00edru, bavlnen\u00fdch zmes\u00ed a dokonca aj z umelej ko\u017eu\u0161iny.<\/li>\n<li data-sourcepos=\"8:1-9:0\"><strong><span class=\"citation-0 interactive-span-selected-v2\">V\u0161estrannos\u0165:<\/span><\/strong><span class=\"citation-0 citation-end-0 interactive-span-selected-v2\"> Daj\u00fa sa obliec\u0165 nahor alebo nadol, tak\u017ee sa hodia na r\u00f4zne pr\u00edle\u017eitosti, od be\u017en\u00fdch v\u00fdletov a\u017e po form\u00e1lne podujatia. <\/span>\n<div class=\"container ng-tns-c3353360079-34\">\n<div class=\"carousel-container ng-tns-c3353360079-34\">\n<div class=\"carousel-content ng-tns-c3353360079-34\">\n<div class=\"sources-carousel-source ng-tns-c3353360079-34 ng-star-inserted\" data-test-id=\"sources-carousel-source\">\n<div class=\"source-card-container\">\n<div class=\"source-card-content\">\n<div class=\"source-card-body\">\n<div class=\"source-card-header\"><\/div>\n<\/div>\n<div class=\"source-card-footer\">\n<div class=\"source-card-attribution\"><\/div>\n<\/div>\n<\/div>\n<\/div>\n<\/div>\n<\/div>\n<\/div>\n<\/div>\n<\/li>\n<\/ul>\n<h3 data-sourcepos=\"10:1-10:24\"><strong>Pre\u010do ich \u017eeny miluj\u00fa:<\/strong><\/h3>\n<ul data-sourcepos=\"12:1-15:0\">\n<li data-sourcepos=\"12:1-12:108\"><strong>Lichotiv\u00e1 silueta:<\/strong> Zavinovac\u00ed dizajn zv\u00fdraz\u0148uje p\u00e1s a vytv\u00e1ra lichotiv\u00fd tvar pres\u00fdpac\u00edch hod\u00edn.<\/li>\n<li data-sourcepos=\"13:1-13:64\"><strong>Pohodlie:<\/strong> \u010casto poskytuj\u00fa pohodln\u00fd a uvo\u013enen\u00fd strih.<\/li>\n<li data-sourcepos=\"14:1-15:0\"><strong>\u0160t\u00fdl:<\/strong> Ka\u017ed\u00e9mu oble\u010deniu dodaj\u00fa n\u00e1dych \u017eenskosti a elegancie.<\/li>\n<\/ul>\n<h3 data-sourcepos=\"16:1-16:17\"><strong>Tipy na styling:<\/strong><\/h3>\n<ul data-sourcepos=\"18:1-20:0\">\n<li data-sourcepos=\"18:1-18:101\"><strong>Sp\u00e1rova\u0165 s:<\/strong> D\u017e\u00ednsy a \u010di\u017emy pre le\u017e\u00e9rny vzh\u013ead alebo \u0161aty a podp\u00e4tky pre elegantnej\u0161\u00ed komplet.<\/li>\n<li data-sourcepos=\"19:1-20:0\"><strong>Doplnky:<\/strong> Dopl\u0148te ho \u0161\u00e1lom, rukavicami a \u0161t\u00fdlov\u00fdm klob\u00fakom.<\/li>\n<\/ul>\n<p data-sourcepos=\"21:1-21:140\">Ak h\u013ead\u00e1te \u0161t\u00fdlov\u00fd a univerz\u00e1lny kab\u00e1t do svojho zimn\u00e9ho \u0161atn\u00edka, ur\u010dite stoj\u00ed za zv\u00e1\u017eenie d\u00e1msky dlh\u00fd zavinovac\u00ed kab\u00e1t.<\/p>","protected":false},"excerpt":{"rendered":"<table style=\"height: 617px;\" width=\"599\">\n<tbody>\n<tr>\n<td width=\"146\"><strong><b>Produkt<\/b><\/strong>\u00a0<strong><b>N\u00e1zov:<\/b><\/strong><\/td>\n<td width=\"601\"><strong>D\u00e1msky dlh\u00fd zavinovac\u00ed kab\u00e1t<\/strong><\/td>\n<\/tr>\n<tr>\n<td width=\"146\"><strong><b>Materstvo:<\/b><\/strong><\/td>\n<td width=\"601\">Pletenie<\/td>\n<\/tr>\n<tr>\n<td width=\"146\"><strong><b>Technika:<\/b><\/strong><\/td>\n<td width=\"601\">Vy\u0161\u00edvan\u00e9<\/td>\n<\/tr>\n<tr>\n<td width=\"146\"><strong><b>\u0160t\u00fdl:<\/b><\/strong><\/td>\n<td width=\"601\">Pr\u00edle\u017eitostn\u00e9<\/td>\n<\/tr>\n<tr>\n<td width=\"146\"><strong><b>Farba<\/b><\/strong><strong><b>:<\/b><\/strong><\/td>\n<td width=\"601\">\u00a0Vlastn\u00e9 farby<\/td>\n<\/tr>\n<tr>\n<td width=\"146\"><strong><b>Ve\u013ekos\u0165:<\/b><\/strong><\/td>\n<td width=\"601\">S \/M \/L \/XL \/2XL<\/td>\n<\/tr>\n<tr>\n<td width=\"146\"><strong><b>OEM\/ODM:<\/b><\/strong><\/td>\n<td width=\"601\">Prijate\u013en\u00e9<\/td>\n<\/tr>\n<tr>\n<td width=\"146\"><strong><b>Kvalita:<\/b><\/strong><\/td>\n<td width=\"601\">100% Vysok\u00e1 kvalita<\/td>\n<\/tr>\n<tr>\n<td width=\"146\"><strong><b>M<\/b><\/strong><strong><b>OQ:<\/b><\/strong><\/td>\n<td width=\"601\">200 ks<\/td>\n<\/tr>\n<\/tbody>\n<\/table>","protected":false},"featured_media":2042,"template":"","meta":[],"product_brand":[],"product_cat":[39],"product_tag":[],"class_list":{"0":"post-2041","1":"product","2":"type-product","3":"status-publish","4":"has-post-thumbnail","6":"product_cat-womens-clothing","8":"first","9":"instock","10":"shipping-taxable","11":"product-type-simple"},"_links":{"self":[{"href":"https:\/\/mj-clothing.com\/sk\/wp-json\/wp\/v2\/product\/2041","targetHints":{"allow":["GET"]}}],"collection":[{"href":"https:\/\/mj-clothing.com\/sk\/wp-json\/wp\/v2\/product"}],"about":[{"href":"https:\/\/mj-clothing.com\/sk\/wp-json\/wp\/v2\/types\/product"}],"wp:featuredmedia":[{"embeddable":true,"href":"https:\/\/mj-clothing.com\/sk\/wp-json\/wp\/v2\/media\/2042"}],"wp:attachment":[{"href":"https:\/\/mj-clothing.com\/sk\/wp-json\/wp\/v2\/media?parent=2041"}],"wp:term":[{"taxonomy":"product_brand","embeddable":true,"href":"https:\/\/mj-clothing.com\/sk\/wp-json\/wp\/v2\/product_brand?post=2041"},{"taxonomy":"product_cat","embeddable":true,"href":"https:\/\/mj-clothing.com\/sk\/wp-json\/wp\/v2\/product_cat?post=2041"},{"taxonomy":"product_tag","embeddable":true,"href":"https:\/\/mj-clothing.com\/sk\/wp-json\/wp\/v2\/product_tag?post=2041"}],"curies":[{"name":"wp","href":"https:\/\/api.w.org\/{rel}","templated":true}]}}