{"id":2066,"date":"2024-12-19T03:05:05","date_gmt":"2024-12-19T03:05:05","guid":{"rendered":"https:\/\/mj-clothing.com\/?post_type=product&#038;p=2066"},"modified":"2024-12-19T03:05:05","modified_gmt":"2024-12-19T03:05:05","slug":"spring-coats-for-ladies","status":"publish","type":"product","link":"https:\/\/mj-clothing.com\/sk\/manufacturer\/spring-coats-for-ladies\/","title":{"rendered":"Jarn\u00e9 kab\u00e1ty pre d\u00e1my"},"content":{"rendered":"<p data-sourcepos=\"1:1-1:154\">Jarn\u00e9 kab\u00e1ty pre d\u00e1my je kr\u00e1sne obdobie a je to ide\u00e1lny \u010das na aktualiz\u00e1ciu v\u00e1\u0161ho \u0161atn\u00edka o \u0161t\u00fdlov\u00e9 jarn\u00e9 kab\u00e1ty. Tu je nieko\u013eko ob\u013e\u00faben\u00fdch mo\u017enost\u00ed pre d\u00e1my:<\/p>\n<h3 data-sourcepos=\"3:1-3:19\"><strong>1. Jarn\u00e9 kab\u00e1ty pre d\u00e1my:<\/strong><\/h3>\n<ul data-sourcepos=\"5:1-8:0\">\n<li style=\"list-style-type: none;\">\n<ul data-sourcepos=\"5:1-8:0\">\n<li data-sourcepos=\"5:1-5:94\"><strong>Klasick\u00e9 a nad\u010dasov\u00e9:<\/strong> Kab\u00e1t je z\u00e1kladom \u0161atn\u00edka, ktor\u00fd sa d\u00e1 obliec\u0165 hore aj dole.<\/li>\n<li data-sourcepos=\"6:1-6:60\"><strong>V\u0161estrannos\u0165:<\/strong> Je ide\u00e1lny na da\u017ediv\u00e9 aj slne\u010dn\u00e9 dni.<\/li>\n<li data-sourcepos=\"7:1-8:0\"><strong>\u0160t\u00fdlov\u00e9:<\/strong> Vyberte si z r\u00f4znych farieb a \u0161t\u00fdlov pod\u013ea vlastn\u00e9ho vkusu.<\/li>\n<\/ul>\n<\/li>\n<\/ul>\n<div class=\"attachment-container search-images\">\n<div class=\"image-container hide-from-message-actions ng-star-inserted\"><strong style=\"color: #555555; font-size: 14.4px;\">2. D\u017e\u00ednsov\u00e1 bunda:<\/strong><\/div>\n<\/div>\n<ul data-sourcepos=\"13:1-16:0\">\n<li style=\"list-style-type: none;\">\n<ul data-sourcepos=\"13:1-16:0\">\n<li data-sourcepos=\"13:1-13:91\"><strong>Le\u017e\u00e9rne a v pohode:<\/strong> D\u017e\u00ednsov\u00e1 bunda je skvel\u00fd sp\u00f4sob, ako svojmu outfitu doda\u0165 \u0161mrnc.<\/li>\n<li data-sourcepos=\"14:1-14:65\"><strong>V\u0161estrannos\u0165:<\/strong> D\u00e1 sa kombinova\u0165 s d\u017e\u00ednsami, \u0161atami alebo suk\u0148ami.<\/li>\n<li data-sourcepos=\"15:1-16:0\"><strong>Pohodln\u00e9:<\/strong> D\u017e\u00ednsovina je odoln\u00e1 a pohodln\u00e1 tkanina.<\/li>\n<\/ul>\n<\/li>\n<\/ul>\n<div class=\"attachment-container search-images\">\n<div class=\"image-container hide-from-message-actions ng-star-inserted\">\n<div class=\"caption ellipsis gds-label-m-alt ng-star-inserted\" aria-hidden=\"true\"><strong style=\"color: #555555; font-size: 14.4px;\">3.Jarn\u00e9 kab\u00e1ty pre d\u00e1my Sako:<\/strong><\/div>\n<\/div>\n<\/div>\n<ul data-sourcepos=\"21:1-24:0\">\n<li style=\"list-style-type: none;\">\n<ul data-sourcepos=\"21:1-24:0\">\n<li data-sourcepos=\"21:1-21:75\"><strong>Elegantn\u00e9 a sofistikovan\u00e9:<\/strong> Sako je skvel\u00fd sp\u00f4sob, ako pozdvihn\u00fa\u0165 svoj vzh\u013ead.<\/li>\n<li data-sourcepos=\"22:1-22:80\"><strong>V\u0161estrannos\u0165:<\/strong> D\u00e1 sa nosi\u0165 do pr\u00e1ce, na ve\u010deru alebo na be\u017en\u00fd v\u00edkend.<\/li>\n<li data-sourcepos=\"23:1-24:0\"><strong>\u0160t\u00fdlov\u00e9:<\/strong> Vyberte si z r\u00f4znych farieb, vzorov a \u0161t\u00fdlov.<\/li>\n<\/ul>\n<\/li>\n<\/ul>\n<div class=\"attachment-container search-images\">\n<div class=\"image-container hide-from-message-actions ng-star-inserted\">\n<div class=\"caption ellipsis gds-label-m-alt ng-star-inserted\" aria-hidden=\"true\"><strong style=\"color: #555555; font-size: 14.4px;\">4. Jarn\u00e9 kab\u00e1ty pre d\u00e1my Ko\u017een\u00e1 bunda:<\/strong><\/div>\n<\/div>\n<\/div>\n<ul data-sourcepos=\"29:1-32:0\">\n<li style=\"list-style-type: none;\">\n<ul data-sourcepos=\"29:1-32:0\">\n<li data-sourcepos=\"29:1-29:89\"><strong>Drsn\u00e9 a chladn\u00e9:<\/strong> Ko\u017een\u00e1 bunda je skvel\u00fd sp\u00f4sob, ako doda\u0165 svojmu outfitu trochu postoja.<\/li>\n<li data-sourcepos=\"30:1-30:46\"><strong>V\u0161estrannos\u0165:<\/strong> D\u00e1 sa obliec\u0165 hore alebo dole.<\/li>\n<li data-sourcepos=\"31:1-32:0\"><strong>\u0160t\u00fdlov\u00e9:<\/strong> Vyberte si z r\u00f4znych farieb a \u0161t\u00fdlov.<\/li>\n<\/ul>\n<\/li>\n<\/ul>\n<div class=\"attachment-container search-images\">\n<div class=\"image-container hide-from-message-actions ng-star-inserted\">\n<div class=\"caption ellipsis gds-label-m-alt ng-star-inserted\" aria-hidden=\"true\"><strong style=\"color: #555555; font-size: 14.4px;\">5. Puffer Jacket:<\/strong><\/div>\n<\/div>\n<\/div>\n<ul data-sourcepos=\"37:1-40:0\">\n<li style=\"list-style-type: none;\">\n<ul data-sourcepos=\"37:1-40:0\">\n<li data-sourcepos=\"37:1-37:87\"><strong>Tepl\u00e9 a \u00fatuln\u00e9:<\/strong> Puzdrov\u00e1 bunda je skvel\u00fd sp\u00f4sob, ako zosta\u0165 v teple po\u010das chladn\u00fdch jarn\u00fdch dn\u00ed.<\/li>\n<li data-sourcepos=\"38:1-38:66\"><strong>V\u0161estrannos\u0165:<\/strong> D\u00e1 sa kombinova\u0165 s d\u017e\u00ednsami, leg\u00ednami alebo suk\u0148ami.<\/li>\n<li data-sourcepos=\"39:1-40:0\"><strong>\u0160t\u00fdlov\u00e9:<\/strong> Vyberte si z r\u00f4znych farieb a \u0161t\u00fdlov.<\/li>\n<\/ul>\n<\/li>\n<\/ul>\n<div class=\"attachment-container search-images\"><\/div>\n<p data-sourcepos=\"43:1-43:46\"><strong>Tipy na v\u00fdber ide\u00e1lneho jarn\u00e9ho kab\u00e1tu:<\/strong><\/p>\n<ul data-sourcepos=\"45:1-49:0\">\n<li data-sourcepos=\"45:1-45:184\"><strong>Zv\u00e1\u017ete svoje podnebie:<\/strong> Ak \u017eijete v teplom podneb\u00ed, mo\u017eno si budete chcie\u0165 vybra\u0165 \u013eah\u0161\u00ed kab\u00e1t. Ak \u017eijete v chladnej\u0161om podneb\u00ed, mo\u017eno si budete chcie\u0165 vybra\u0165 kab\u00e1t s vy\u0161\u0161ou hmotnos\u0165ou.<\/li>\n<li data-sourcepos=\"46:1-46:188\"><strong>Prem\u00fd\u0161\u013eajte o svojom \u017eivotnom \u0161t\u00fdle:<\/strong> Ak ste akt\u00edvny, mo\u017eno si budete chcie\u0165 vybra\u0165 kab\u00e1t, v ktorom sa d\u00e1 \u013eahko pohybova\u0165. Ak pracujete v profesion\u00e1lnom prostred\u00ed, mo\u017eno si budete chcie\u0165 vybra\u0165 form\u00e1lnej\u0161\u00ed kab\u00e1t.<\/li>\n<li data-sourcepos=\"47:1-47:87\"><strong>Vyberte si farbu, ktor\u00e1 sa v\u00e1m p\u00e1\u010di:<\/strong> Kab\u00e1t, ktor\u00fd sa v\u00e1m p\u00e1\u010di, budete nosi\u0165 s v\u00e4\u010d\u0161ou pravdepodobnos\u0165ou.<\/li>\n<li data-sourcepos=\"48:1-49:0\"><strong>Zv\u00e1\u017ete vhodnos\u0165:<\/strong> Dobre padn\u00faci kab\u00e1t bude vyzera\u0165 a c\u00edti\u0165 sa v \u0148om skvele.<\/li>\n<\/ul>\n<p data-sourcepos=\"50:1-50:202\">Nez\u00e1le\u017e\u00ed na tom, ak\u00fd je v\u00e1\u0161 \u0161t\u00fdl, je tu pre v\u00e1s dokonal\u00fd jarn\u00fd kab\u00e1t. V\u010faka mno\u017estvu skvel\u00fdch mo\u017enost\u00ed na v\u00fdber si ur\u010dite n\u00e1jdete dokonal\u00fd kab\u00e1t, ktor\u00fd v\u00e1s udr\u017e\u00ed v teple a \u0161t\u00fdle po\u010das celej sez\u00f3ny.<\/p>","protected":false},"excerpt":{"rendered":"<table style=\"height: 611px;\" width=\"429\">\n<tbody>\n<tr>\n<td width=\"146\"><strong><b>Produkt<\/b><\/strong>\u00a0<strong><b>N\u00e1zov:<\/b><\/strong><\/td>\n<td width=\"601\"><strong>Jarn\u00e9 kab\u00e1ty pre d\u00e1my<\/strong><\/td>\n<\/tr>\n<tr>\n<td width=\"146\"><strong><b>Materstvo:<\/b><\/strong><\/td>\n<td width=\"601\">Pletenie<\/td>\n<\/tr>\n<tr>\n<td width=\"146\"><strong><b>Technika:<\/b><\/strong><\/td>\n<td width=\"601\">Vy\u0161\u00edvan\u00e9<\/td>\n<\/tr>\n<tr>\n<td width=\"146\"><strong><b>\u0160t\u00fdl:<\/b><\/strong><\/td>\n<td width=\"601\">Pr\u00edle\u017eitostn\u00e9<\/td>\n<\/tr>\n<tr>\n<td width=\"146\"><strong><b>Farba<\/b><\/strong><strong><b>:<\/b><\/strong><\/td>\n<td width=\"601\">\u00a0Vlastn\u00e9 farby<\/td>\n<\/tr>\n<tr>\n<td width=\"146\"><strong><b>Ve\u013ekos\u0165:<\/b><\/strong><\/td>\n<td width=\"601\">S \/M \/L \/XL \/2XL<\/td>\n<\/tr>\n<tr>\n<td width=\"146\"><strong><b>OEM\/ODM:<\/b><\/strong><\/td>\n<td width=\"601\">Prijate\u013en\u00e9<\/td>\n<\/tr>\n<tr>\n<td width=\"146\"><strong><b>Kvalita:<\/b><\/strong><\/td>\n<td width=\"601\">100% Vysok\u00e1 kvalita<\/td>\n<\/tr>\n<tr>\n<td width=\"146\"><strong><b>M<\/b><\/strong><strong><b>OQ:<\/b><\/strong><\/td>\n<td width=\"601\">200 ks<\/td>\n<\/tr>\n<\/tbody>\n<\/table>","protected":false},"featured_media":2075,"template":"","meta":[],"product_brand":[],"product_cat":[39],"product_tag":[],"class_list":{"0":"post-2066","1":"product","2":"type-product","3":"status-publish","4":"has-post-thumbnail","6":"product_cat-womens-clothing","8":"first","9":"instock","10":"shipping-taxable","11":"product-type-simple"},"_links":{"self":[{"href":"https:\/\/mj-clothing.com\/sk\/wp-json\/wp\/v2\/product\/2066","targetHints":{"allow":["GET"]}}],"collection":[{"href":"https:\/\/mj-clothing.com\/sk\/wp-json\/wp\/v2\/product"}],"about":[{"href":"https:\/\/mj-clothing.com\/sk\/wp-json\/wp\/v2\/types\/product"}],"wp:featuredmedia":[{"embeddable":true,"href":"https:\/\/mj-clothing.com\/sk\/wp-json\/wp\/v2\/media\/2075"}],"wp:attachment":[{"href":"https:\/\/mj-clothing.com\/sk\/wp-json\/wp\/v2\/media?parent=2066"}],"wp:term":[{"taxonomy":"product_brand","embeddable":true,"href":"https:\/\/mj-clothing.com\/sk\/wp-json\/wp\/v2\/product_brand?post=2066"},{"taxonomy":"product_cat","embeddable":true,"href":"https:\/\/mj-clothing.com\/sk\/wp-json\/wp\/v2\/product_cat?post=2066"},{"taxonomy":"product_tag","embeddable":true,"href":"https:\/\/mj-clothing.com\/sk\/wp-json\/wp\/v2\/product_tag?post=2066"}],"curies":[{"name":"wp","href":"https:\/\/api.w.org\/{rel}","templated":true}]}}