{"id":2078,"date":"2024-12-19T03:32:27","date_gmt":"2024-12-19T03:32:27","guid":{"rendered":"https:\/\/mj-clothing.com\/?post_type=product&#038;p=2078"},"modified":"2024-12-19T03:32:27","modified_gmt":"2024-12-19T03:32:27","slug":"womens-winter-coats","status":"publish","type":"product","link":"https:\/\/mj-clothing.com\/sk\/manufacturer\/womens-winter-coats\/","title":{"rendered":"D\u00e1mske zimn\u00e9 kab\u00e1ty"},"content":{"rendered":"<p data-sourcepos=\"1:1-1:131\">D\u00e1mske zimn\u00e9 kab\u00e1ty s\u00fa nevyhnutn\u00e9 na to, aby ste zostali v teple a \u0161t\u00fdlov\u00ed po\u010das chladnej\u0161\u00edch mesiacov. Tu je nieko\u013eko ob\u013e\u00faben\u00fdch \u0161t\u00fdlov, ktor\u00e9 treba zv\u00e1\u017ei\u0165:<\/p>\n<h3 data-sourcepos=\"3:1-3:19\"><strong>1. D\u00e1mske zimn\u00e9 kab\u00e1ty:<\/strong><\/h3>\n<ul data-sourcepos=\"5:1-8:0\">\n<li style=\"list-style-type: none;\">\n<ul data-sourcepos=\"5:1-8:0\">\n<li data-sourcepos=\"5:1-5:113\"><strong>Tepl\u00e9 a \u00fatuln\u00e9:<\/strong> Puzdrov\u00e9 kab\u00e1ty s\u00fa zn\u00e1me svojou vynikaj\u00facou izol\u00e1ciou, v\u010faka ktorej s\u00fa ide\u00e1lne do chladn\u00e9ho po\u010dasia.<\/li>\n<li data-sourcepos=\"6:1-6:96\"><strong>V\u0161estrannos\u0165:<\/strong> Dod\u00e1vaj\u00fa sa v r\u00f4znych d\u013a\u017ekach, \u0161t\u00fdloch a farb\u00e1ch, aby vyhovovali r\u00f4znym preferenci\u00e1m.<\/li>\n<li data-sourcepos=\"7:1-8:0\"><strong>Funk\u010dn\u00e9:<\/strong> Mnoh\u00e9 puzdrov\u00e9 kab\u00e1ty maj\u00fa kapucne, vreck\u00e1 a \u010fal\u0161ie praktick\u00e9 detaily.<\/li>\n<\/ul>\n<\/li>\n<\/ul>\n<div class=\"attachment-container search-images\"><\/div>\n<h3 data-sourcepos=\"11:1-11:17\"><strong>2. Vlnen\u00e9 d\u00e1mske zimn\u00e9 kab\u00e1ty:<\/strong><\/h3>\n<ul data-sourcepos=\"13:1-16:0\">\n<li style=\"list-style-type: none;\">\n<ul data-sourcepos=\"13:1-16:0\">\n<li data-sourcepos=\"13:1-13:85\"><strong>Elegantn\u00e9 a nad\u010dasov\u00e9:<\/strong> Vlnen\u00e9 kab\u00e1ty s\u00fa klasickou vo\u013ebou pre sofistikovan\u00fd vzh\u013ead.<\/li>\n<li data-sourcepos=\"14:1-14:95\"><strong>Tepl\u00e9 a odoln\u00e9:<\/strong> Vlna je pr\u00edrodn\u00fd izolant, ktor\u00fd odol\u00e1va drsn\u00fdm zimn\u00fdm podmienkam.<\/li>\n<li data-sourcepos=\"15:1-16:0\"><strong>V\u0161estrannos\u0165:<\/strong> Vlnen\u00e9 kab\u00e1ty sa daj\u00fa pod\u013ea pr\u00edle\u017eitosti obliec\u0165 hore alebo dole.<\/li>\n<\/ul>\n<\/li>\n<\/ul>\n<div class=\"attachment-container search-images\">\n<div class=\"image-container hide-from-message-actions ng-star-inserted\">\n<h3 class=\"caption ellipsis gds-label-m-alt ng-star-inserted\" aria-hidden=\"true\"><strong style=\"color: #555555; font-size: 14.4px;\">3. Kab\u00e1t typu parka:<\/strong><\/h3>\n<\/div>\n<\/div>\n<ul data-sourcepos=\"21:1-24:0\">\n<li style=\"list-style-type: none;\">\n<ul data-sourcepos=\"21:1-24:0\">\n<li data-sourcepos=\"21:1-21:88\"><strong>Tepl\u00e9 a ochrann\u00e9:<\/strong> Parky s\u00fa navrhnut\u00e9 tak, aby v\u00e1s udr\u017eali v teple v extr\u00e9mne chladnom po\u010das\u00ed.<\/li>\n<li data-sourcepos=\"22:1-22:75\"><strong>Funk\u010dn\u00e9:<\/strong> \u010casto maj\u00fa kapucne, ko\u017eu\u0161inov\u00e9 lemovanie a viacero vreciek.<\/li>\n<li data-sourcepos=\"23:1-24:0\"><strong>\u0160t\u00fdlov\u00e9:<\/strong> Parky m\u00f4\u017eu by\u0165 \u0161t\u00fdlov\u00e9 a m\u00f3dne, najm\u00e4 s modern\u00fdmi vzormi a farbami.<\/li>\n<\/ul>\n<\/li>\n<\/ul>\n<div class=\"attachment-container search-images\">\n<div class=\"image-container hide-from-message-actions ng-star-inserted\">\n<h3 class=\"caption ellipsis gds-label-m-alt ng-star-inserted\" aria-hidden=\"true\"><strong style=\"color: #555555; font-size: 14.4px;\">4. D\u00e1mske zimn\u00e9 kab\u00e1ty Peacoat:<\/strong><\/h3>\n<\/div>\n<\/div>\n<ul data-sourcepos=\"29:1-32:0\">\n<li style=\"list-style-type: none;\">\n<ul data-sourcepos=\"29:1-32:0\">\n<li data-sourcepos=\"29:1-29:83\"><strong>Klasick\u00e9 a n\u00e1morn\u00edcke:<\/strong> Peacoats s\u00fa nad\u010dasov\u00fdm \u0161t\u00fdlom s n\u00e1morn\u00edckym dedi\u010dstvom.<\/li>\n<li data-sourcepos=\"30:1-30:102\"><strong>Tepl\u00e9 a \u0161t\u00fdlov\u00e9:<\/strong> S\u00fa vyroben\u00e9 z hrubej, teplej vlny a \u010dasto maj\u00fa dvojradov\u00fa predn\u00fa \u010das\u0165.<\/li>\n<li data-sourcepos=\"31:1-32:0\"><strong>V\u0161estrannos\u0165:<\/strong> V z\u00e1vislosti od pr\u00edle\u017eitosti sa daj\u00fa obliec\u0165 do kab\u00e1tov.<\/li>\n<\/ul>\n<\/li>\n<\/ul>\n<div class=\"attachment-container search-images\">\n<div class=\"image-container hide-from-message-actions ng-star-inserted\">\n<div class=\"caption ellipsis gds-label-m-alt ng-star-inserted\" aria-hidden=\"true\"><strong style=\"color: #555555; font-size: 14.4px;\">5. Ko\u017een\u00fd kab\u00e1t:<\/strong><\/div>\n<\/div>\n<\/div>\n<ul data-sourcepos=\"37:1-40:0\">\n<li style=\"list-style-type: none;\">\n<ul data-sourcepos=\"37:1-40:0\">\n<li data-sourcepos=\"37:1-37:72\"><strong>Elegantn\u00e9 a \u0161t\u00fdlov\u00e9:<\/strong> Ko\u017een\u00e9 kab\u00e1ty dodaj\u00fa ka\u017ed\u00e9mu oble\u010deniu \u0161mrnc.<\/li>\n<li data-sourcepos=\"38:1-38:87\"><strong>Odoln\u00e9 a nad\u010dasov\u00e9:<\/strong> Ko\u017ea je odoln\u00fd materi\u00e1l, ktor\u00fd vydr\u017e\u00ed dlh\u00e9 roky.<\/li>\n<li data-sourcepos=\"39:1-40:0\"><strong>V\u0161estrannos\u0165:<\/strong> Ko\u017een\u00e9 kab\u00e1ty sa daj\u00fa obliec\u0165 nahor alebo nadol, v z\u00e1vislosti od \u0161t\u00fdlu a pr\u00edle\u017eitosti.<\/li>\n<\/ul>\n<\/li>\n<\/ul>\n<div class=\"attachment-container search-images\">\n<div class=\"image-container hide-from-message-actions ng-star-inserted\">\n<div class=\"caption ellipsis gds-label-m-alt ng-star-inserted\" aria-hidden=\"true\"><strong style=\"color: #555555; font-size: 14.4px;\">Tipy na v\u00fdber d\u00e1mskych zimn\u00fdch kab\u00e1tov:<\/strong><\/div>\n<\/div>\n<\/div>\n<ul data-sourcepos=\"45:1-50:0\">\n<li data-sourcepos=\"45:1-45:91\"><strong>Zv\u00e1\u017ete svoje podnebie:<\/strong> Vyberte si kab\u00e1t, ktor\u00fd je vhodn\u00fd pre podnebie, v ktorom \u017eijete.<\/li>\n<li data-sourcepos=\"46:1-46:117\"><strong>Prem\u00fd\u0161\u013eajte o svojom \u017eivotnom \u0161t\u00fdle:<\/strong> Zv\u00e1\u017ete svoje ka\u017edodenn\u00e9 aktivity a vyberte si kab\u00e1t, ktor\u00fd je praktick\u00fd a pohodln\u00fd.<\/li>\n<li data-sourcepos=\"47:1-47:91\"><strong>Venujte pozornos\u0165 prisp\u00f4sobeniu:<\/strong> Kab\u00e1t by mal dobre sedie\u0165 a nemal by by\u0165 pr\u00edli\u0161 tesn\u00fd ani pr\u00edli\u0161 vo\u013en\u00fd.<\/li>\n<li data-sourcepos=\"48:1-48:98\"><strong>Vyberte si \u0161t\u00fdl, ktor\u00fd vyhovuje va\u0161ej osobnosti:<\/strong> Vyberte si kab\u00e1t, ktor\u00fd odr\u00e1\u017ea v\u00e1\u0161 osobn\u00fd \u0161t\u00fdl.<\/li>\n<li data-sourcepos=\"49:1-50:0\"><strong>Zv\u00e1\u017ete materi\u00e1ly:<\/strong> H\u013eadajte kvalitn\u00e9 materi\u00e1ly, ktor\u00e9 v\u00e1s udr\u017eia v teple a suchu.<\/li>\n<\/ul>\n<p data-sourcepos=\"51:1-51:149\">V\u010faka mno\u017estvu r\u00f4znych \u0161t\u00fdlov a materi\u00e1lov si ur\u010dite n\u00e1jdete dokonal\u00fd zimn\u00fd kab\u00e1t, ktor\u00fd v\u00e1s udr\u017e\u00ed v teple a \u0161t\u00fdle po\u010das celej sez\u00f3ny.<\/p>","protected":false},"excerpt":{"rendered":"<table style=\"height: 500px;\" width=\"479\">\n<tbody>\n<tr>\n<td width=\"146\"><strong><b>Produkt<\/b><\/strong>\u00a0<strong><b>N\u00e1zov:<\/b><\/strong><\/td>\n<td width=\"601\"><strong>D\u00e1mske zimn\u00e9 kab\u00e1ty<\/strong><\/td>\n<\/tr>\n<tr>\n<td width=\"146\"><strong><b>Materstvo:<\/b><\/strong><\/td>\n<td width=\"601\">Pletenie<\/td>\n<\/tr>\n<tr>\n<td width=\"146\"><strong><b>Technika:<\/b><\/strong><\/td>\n<td width=\"601\">Vy\u0161\u00edvan\u00e9<\/td>\n<\/tr>\n<tr>\n<td width=\"146\"><strong><b>\u0160t\u00fdl:<\/b><\/strong><\/td>\n<td width=\"601\">Pr\u00edle\u017eitostn\u00e9<\/td>\n<\/tr>\n<tr>\n<td width=\"146\"><strong><b>Farba<\/b><\/strong><strong><b>:<\/b><\/strong><\/td>\n<td width=\"601\">\u00a0Vlastn\u00e9 farby<\/td>\n<\/tr>\n<tr>\n<td width=\"146\"><strong><b>Ve\u013ekos\u0165:<\/b><\/strong><\/td>\n<td width=\"601\">S \/M \/L \/XL \/2XL<\/td>\n<\/tr>\n<tr>\n<td width=\"146\"><strong><b>OEM\/ODM:<\/b><\/strong><\/td>\n<td width=\"601\">Prijate\u013en\u00e9<\/td>\n<\/tr>\n<tr>\n<td width=\"146\"><strong><b>Kvalita:<\/b><\/strong><\/td>\n<td width=\"601\">100% Vysok\u00e1 kvalita<\/td>\n<\/tr>\n<tr>\n<td width=\"146\"><strong><b>M<\/b><\/strong><strong><b>OQ:<\/b><\/strong><\/td>\n<td width=\"601\">200 ks<\/td>\n<\/tr>\n<\/tbody>\n<\/table>","protected":false},"featured_media":2079,"template":"","meta":[],"product_brand":[],"product_cat":[39],"product_tag":[],"class_list":{"0":"post-2078","1":"product","2":"type-product","3":"status-publish","4":"has-post-thumbnail","6":"product_cat-womens-clothing","8":"first","9":"instock","10":"shipping-taxable","11":"product-type-simple"},"_links":{"self":[{"href":"https:\/\/mj-clothing.com\/sk\/wp-json\/wp\/v2\/product\/2078","targetHints":{"allow":["GET"]}}],"collection":[{"href":"https:\/\/mj-clothing.com\/sk\/wp-json\/wp\/v2\/product"}],"about":[{"href":"https:\/\/mj-clothing.com\/sk\/wp-json\/wp\/v2\/types\/product"}],"wp:featuredmedia":[{"embeddable":true,"href":"https:\/\/mj-clothing.com\/sk\/wp-json\/wp\/v2\/media\/2079"}],"wp:attachment":[{"href":"https:\/\/mj-clothing.com\/sk\/wp-json\/wp\/v2\/media?parent=2078"}],"wp:term":[{"taxonomy":"product_brand","embeddable":true,"href":"https:\/\/mj-clothing.com\/sk\/wp-json\/wp\/v2\/product_brand?post=2078"},{"taxonomy":"product_cat","embeddable":true,"href":"https:\/\/mj-clothing.com\/sk\/wp-json\/wp\/v2\/product_cat?post=2078"},{"taxonomy":"product_tag","embeddable":true,"href":"https:\/\/mj-clothing.com\/sk\/wp-json\/wp\/v2\/product_tag?post=2078"}],"curies":[{"name":"wp","href":"https:\/\/api.w.org\/{rel}","templated":true}]}}