{"id":1662,"date":"2024-12-12T03:40:11","date_gmt":"2024-12-12T03:40:11","guid":{"rendered":"https:\/\/mj-clothing.com\/?post_type=product&#038;p=1662"},"modified":"2024-12-17T07:20:07","modified_gmt":"2024-12-17T07:20:07","slug":"mens-lounge-shirts","status":"publish","type":"product","link":"https:\/\/mj-clothing.com\/sl\/manufacturer\/mens-lounge-shirts\/","title":{"rendered":"Mo\u0161ke salonske srajce"},"content":{"rendered":"<div class=\"user-query-container ng-star-inserted\">\n<div id=\"user-query-content-5\" class=\"query-content\">\n<div class=\"query-text ng-star-inserted\" dir=\"ltr\" role=\"heading\" aria-level=\"2\">\n<h2 class=\"query-text-line ng-star-inserted\">Mo\u0161ke salonske srajce<\/h2>\n<\/div>\n<\/div>\n<div class=\"button-gutter\"><span class=\"citation-0 recitation citation-end-0\" style=\"font-size: 14.4px; color: #555555;\">Mo\u0161ke srajce za prosti \u010das so udobna in elegantna obla\u010dila za sprostitev in prosti \u010das.<\/span><span style=\"font-size: 14.4px; color: #555555;\"> Odli\u010dna je za pole\u017eavanje po hi\u0161i, opravljanje opravkov ali preprosto u\u017eivanje v prostem dnevu.<\/span><\/div>\n<div>\n<p data-sourcepos=\"3:1-3:61\">Tukaj je nekaj klju\u010dnih zna\u010dilnosti in stilov mo\u0161kih srajc za prosti \u010das:<\/p>\n<p data-sourcepos=\"5:1-5:17\"><strong>Klju\u010dne lastnosti:<\/strong><\/p>\n<ul data-sourcepos=\"7:1-10:0\">\n<li data-sourcepos=\"7:1-7:123\"><strong><span class=\"citation-1 recitation\">Udobje:<\/span><\/strong><span class=\"citation-1 recitation citation-end-1\"> Srajce za prosti \u010das so obi\u010dajno izdelane iz mehkih in zra\u010dnih tkanin, kot so bomba\u017e, flanel ali jersey.<\/span><\/li>\n<li data-sourcepos=\"7:1-7:123\"><strong>Spro\u0161\u010den kroj:<\/strong> Pogosto so spro\u0161\u010denega ali prevelikega kroja za \u010dim ve\u010dje udobje.<\/li>\n<li data-sourcepos=\"7:1-7:123\"><strong>Prilo\u017enostni slog:<\/strong> Srajce za prosti \u010das so na voljo v razli\u010dnih vsakdanjih slogih, vklju\u010dno z enobarvnimi, \u010drtastimi in vzor\u010dastimi.\n<p data-sourcepos=\"11:1-11:19\"><strong>Priljubljeni slogi:<\/strong><\/p>\n<\/li>\n<li data-sourcepos=\"7:1-7:123\">\n<p data-sourcepos=\"11:1-11:19\"><strong style=\"color: #333333; font-size: 14.4px;\">Flanelna srajca:<\/strong><span style=\"color: #333333; font-size: 14.4px;\"> Flanelne srajce so klasi\u010dna izbira za hladnej\u0161e vreme in so kot nala\u0161\u010d za udobno le\u017eanje na kav\u010du.<\/span><\/p>\n<\/li>\n<li data-sourcepos=\"7:1-7:123\"><strong><span class=\"citation-2 recitation\">Srajca Oxford:<\/span><\/strong><span class=\"citation-2 recitation citation-end-2\"> Srajce oxford so bolj uglajene in jih lahko oble\u010dete navzgor ali navzdol.<\/span><\/li>\n<li data-sourcepos=\"7:1-7:123\"><strong><span class=\"citation-3 recitation\">Majica iz dresa:<\/span><\/strong><span class=\"citation-3 recitation citation-end-3\"> Mehke in raztegljive majice iz d\u017eersija so idealne za pole\u017eavanje okoli hi\u0161e.<sup class=\"superscript visible\" data-turn-source-index=\"4\">\u00a0<\/sup><\/span><\/li>\n<li data-sourcepos=\"7:1-7:123\"><strong><span class=\"citation-4 recitation\">Srajca Henley:<\/span><\/strong><span class=\"citation-4 recitation citation-end-4\"> Srajce Henley so prilo\u017enostne in udobne ter so kot nala\u0161\u010d za spro\u0161\u010den videz.<\/span>\n<div class=\"container\">\n<p data-sourcepos=\"22:1-22:38\"><strong>Kako stilirati mo\u0161ke srajce za dnevni prostor:<\/strong><\/p>\n<ul data-sourcepos=\"24:1-27:0\">\n<li data-sourcepos=\"24:1-24:88\"><strong>Prilo\u017enostni videz:<\/strong> Flanelno srajco ali majico iz d\u017einsov ali trenirke in superge kombinirajte s flanelno srajco ali majico iz dresa.<\/li>\n<li data-sourcepos=\"25:1-25:85\"><strong>Pove\u010dan videz:<\/strong> Srajco oxford oblecite s hla\u010dami chinos ali obleko in mokasini.<\/li>\n<li data-sourcepos=\"26:1-27:0\"><strong>Ve\u010dplastni videz:<\/strong> Flanelno srajco prekrijte z majico in si zagotovite udoben in eleganten videz.<\/li>\n<\/ul>\n<\/div>\n<\/li>\n<\/ul>\n<\/div>\n<\/div>","protected":false},"excerpt":{"rendered":"<table style=\"height: 527px;\" width=\"492\">\n<tbody>\n<tr>\n<td width=\"146\"><strong><b>Izdelek<\/b><\/strong>\u00a0<strong><b>Ime:<\/b><\/strong><\/td>\n<td width=\"601\"><strong>Mo\u0161ke salonske srajce<\/strong><\/td>\n<\/tr>\n<tr>\n<td width=\"146\"><strong><b>Materlal:<\/b><\/strong><\/td>\n<td width=\"601\">Poliester\/bomba\u017e<\/td>\n<\/tr>\n<tr>\n<td width=\"146\"><strong><b>Tehnika:<\/b><\/strong><\/td>\n<td width=\"601\">Tiskanje in barvanje<\/td>\n<\/tr>\n<tr>\n<td width=\"146\"><strong><b>Slog:<\/b><\/strong><\/td>\n<td width=\"601\">Prilo\u017enostno<\/td>\n<\/tr>\n<tr>\n<td width=\"146\"><strong><b>Barva<\/b><\/strong><strong><b>:<\/b><\/strong><\/td>\n<td width=\"601\">\u00a0Barve po meri<\/td>\n<\/tr>\n<tr>\n<td width=\"146\"><strong><b>Velikost:<\/b><\/strong><\/td>\n<td width=\"601\">S \/M \/L \/XL \/2XL<\/td>\n<\/tr>\n<tr>\n<td width=\"146\"><strong><b>OEM\/ODM:<\/b><\/strong><\/td>\n<td width=\"601\">Sprejemljivo<\/td>\n<\/tr>\n<tr>\n<td width=\"146\"><strong><b>Kakovost:<\/b><\/strong><\/td>\n<td width=\"601\">100% Visoka kakovost<\/td>\n<\/tr>\n<tr>\n<td width=\"146\"><strong><b>M<\/b><\/strong><strong><b>OQ:<\/b><\/strong><\/td>\n<td width=\"601\">200 kosov<\/td>\n<\/tr>\n<\/tbody>\n<\/table>","protected":false},"featured_media":1747,"template":"","meta":[],"product_brand":[],"product_cat":[38],"product_tag":[],"class_list":{"0":"post-1662","1":"product","2":"type-product","3":"status-publish","4":"has-post-thumbnail","6":"product_cat-mens-clothing","8":"first","9":"instock","10":"shipping-taxable","11":"product-type-simple"},"_links":{"self":[{"href":"https:\/\/mj-clothing.com\/sl\/wp-json\/wp\/v2\/product\/1662","targetHints":{"allow":["GET"]}}],"collection":[{"href":"https:\/\/mj-clothing.com\/sl\/wp-json\/wp\/v2\/product"}],"about":[{"href":"https:\/\/mj-clothing.com\/sl\/wp-json\/wp\/v2\/types\/product"}],"wp:featuredmedia":[{"embeddable":true,"href":"https:\/\/mj-clothing.com\/sl\/wp-json\/wp\/v2\/media\/1747"}],"wp:attachment":[{"href":"https:\/\/mj-clothing.com\/sl\/wp-json\/wp\/v2\/media?parent=1662"}],"wp:term":[{"taxonomy":"product_brand","embeddable":true,"href":"https:\/\/mj-clothing.com\/sl\/wp-json\/wp\/v2\/product_brand?post=1662"},{"taxonomy":"product_cat","embeddable":true,"href":"https:\/\/mj-clothing.com\/sl\/wp-json\/wp\/v2\/product_cat?post=1662"},{"taxonomy":"product_tag","embeddable":true,"href":"https:\/\/mj-clothing.com\/sl\/wp-json\/wp\/v2\/product_tag?post=1662"}],"curies":[{"name":"wp","href":"https:\/\/api.w.org\/{rel}","templated":true}]}}