{"id":1687,"date":"2024-12-12T06:29:02","date_gmt":"2024-12-12T06:29:02","guid":{"rendered":"https:\/\/mj-clothing.com\/?post_type=product&#038;p=1687"},"modified":"2024-12-13T03:09:53","modified_gmt":"2024-12-13T03:09:53","slug":"mens-linnen-ecru-shirt","status":"publish","type":"product","link":"https:\/\/mj-clothing.com\/sl\/manufacturer\/mens-linnen-ecru-shirt\/","title":{"rendered":"Mo\u0161ka srajca Linnen Ecru"},"content":{"rendered":"<h2><strong>Mo\u0161ka srajca Linnen Ecru<\/strong><\/h2>\n<p><span class=\"citation-0 recitation citation-end-0\">Mo\u0161ka srajca Linnen Ecru je eleganten in vsestranski kos obla\u010dila, kot nala\u0161\u010d za toplo vreme.<\/span> Zakaj:<\/p>\n<h3 data-sourcepos=\"3:1-3:14\"><strong>\u00a0 \u00a0 \u00a0 Zakaj perilo?<\/strong><\/h3>\n<ul data-sourcepos=\"5:1-9:0\">\n<li data-sourcepos=\"5:1-5:157\"><strong>Prepustnost za dihanje:<\/strong> <span class=\"citation-1 recitation citation-end-1\">Lan je naravno vlakno, ki odli\u010dno absorbira vlago in omogo\u010da kro\u017eenje zraka, zaradi \u010desar vam je hladno in udobno.<\/span><\/li>\n<li data-sourcepos=\"5:1-5:157\"><strong style=\"font-size: 14.4px;\"><span class=\"citation-2 recitation\">Trajnost:<\/span><\/strong><span class=\"citation-2 recitation citation-end-2\" style=\"font-size: 14.4px;\"> Kljub ne\u017enemu videzu je lan presenetljivo trpe\u017een in dolgotrajen.<\/span><\/li>\n<li data-sourcepos=\"5:1-5:157\"><strong><span class=\"citation-3 recitation\">Mehkoba:<\/span><\/strong><span class=\"citation-3 recitation citation-end-3\"> Z vsakim pranjem postane perilo mehkej\u0161e, zato je s\u010dasoma vedno bolj udobno.<\/span><\/li>\n<li data-sourcepos=\"5:1-5:157\"><strong style=\"font-size: 14.4px;\">Odporen na gube:<\/strong><span style=\"font-size: 14.4px;\"> Lan je znan po tem, da se naravno gublje, kar pa mu daje \u0161e dodaten le\u017eeren in spro\u0161\u010den \u010dar.<\/span><br \/>\n<h3 data-sourcepos=\"10:1-10:13\"><strong>Zakaj ecru?<\/strong><\/h3>\n<\/li>\n<li data-sourcepos=\"5:1-5:157\"><strong>Vsestranskost:<\/strong> <span class=\"citation-4 recitation citation-end-4\">Ecru, svetlo be\u017e ali skoraj bela barva, je izjemno vsestranska.<\/span>Dobro se ujema z razli\u010dnimi barvami, od temnega d\u017einsa do svetlega chinosa.<\/li>\n<li data-sourcepos=\"13:1-13:96\"><strong>Brez\u010dasno:<\/strong> Zaradi nevtralnega tona ecru je brez\u010dasen kos, ki nikoli ne gre iz mode.<\/li>\n<li data-sourcepos=\"14:1-15:0\"><strong>Enostaven slog:<\/strong> <span class=\"citation-5 recitation citation-end-5\"><span class=\"citation-5 recitation citation-end-5\"><span class=\"citation-5 recitation citation-end-5\">Lahko jo oble\u010dete navzgor ali navzdol, zato je kot nala\u0161\u010d za razli\u010dne prilo\u017enosti.<\/span><\/span><\/span><br \/>\n<h3 data-sourcepos=\"16:1-16:36\"><strong>Kako oblikovati mo\u0161ko srajco Linnen Ecru?<\/strong><\/h3>\n<\/li>\n<li data-sourcepos=\"14:1-15:0\"><strong>Prilo\u017enostno:<\/strong> Zdru\u017eite jo s kavbojkami, \u010drnimi hla\u010dami ali kratkimi hla\u010dami in \u0161portnimi copati, da boste videti spro\u0161\u010deno in vsakdanje.<\/li>\n<li data-sourcepos=\"14:1-15:0\"><strong>Smart Casual:<\/strong> Zdru\u017eite jo s krojenimi hla\u010dami in mokasini za prefinjen, a spro\u0161\u010den videz.<\/li>\n<li data-sourcepos=\"14:1-15:0\"><strong>Tropski:<\/strong> Nosite jo s platnenimi hla\u010dami ali kratkimi hla\u010dami v kontrastni barvi in si zagotovite brezskrbno poletno obleko.<\/li>\n<\/ul>","protected":false},"excerpt":{"rendered":"<p>Materiali: Poliester\/bomba\u017e\/laknen<\/p>\n<p>Tehnika: Tehnike: Vezenina<\/p>\n<p>Slog: Prilo\u017enostni<\/p>\n<p>Barva\uff1a\u010crna in barve po meri<\/p>\n<p>Velikost: S \/M \/L \/XL \/2XL<\/p>","protected":false},"featured_media":1750,"template":"","meta":[],"product_brand":[],"product_cat":[38],"product_tag":[],"class_list":{"0":"post-1687","1":"product","2":"type-product","3":"status-publish","4":"has-post-thumbnail","6":"product_cat-mens-clothing","8":"first","9":"instock","10":"shipping-taxable","11":"product-type-simple"},"_links":{"self":[{"href":"https:\/\/mj-clothing.com\/sl\/wp-json\/wp\/v2\/product\/1687","targetHints":{"allow":["GET"]}}],"collection":[{"href":"https:\/\/mj-clothing.com\/sl\/wp-json\/wp\/v2\/product"}],"about":[{"href":"https:\/\/mj-clothing.com\/sl\/wp-json\/wp\/v2\/types\/product"}],"wp:featuredmedia":[{"embeddable":true,"href":"https:\/\/mj-clothing.com\/sl\/wp-json\/wp\/v2\/media\/1750"}],"wp:attachment":[{"href":"https:\/\/mj-clothing.com\/sl\/wp-json\/wp\/v2\/media?parent=1687"}],"wp:term":[{"taxonomy":"product_brand","embeddable":true,"href":"https:\/\/mj-clothing.com\/sl\/wp-json\/wp\/v2\/product_brand?post=1687"},{"taxonomy":"product_cat","embeddable":true,"href":"https:\/\/mj-clothing.com\/sl\/wp-json\/wp\/v2\/product_cat?post=1687"},{"taxonomy":"product_tag","embeddable":true,"href":"https:\/\/mj-clothing.com\/sl\/wp-json\/wp\/v2\/product_tag?post=1687"}],"curies":[{"name":"wp","href":"https:\/\/api.w.org\/{rel}","templated":true}]}}