{"id":1759,"date":"2024-12-14T02:59:47","date_gmt":"2024-12-14T02:59:47","guid":{"rendered":"https:\/\/mj-clothing.com\/?post_type=product&#038;p=1759"},"modified":"2024-12-17T07:16:49","modified_gmt":"2024-12-17T07:16:49","slug":"black-denim-jacket","status":"publish","type":"product","link":"https:\/\/mj-clothing.com\/sl\/manufacturer\/black-denim-jacket\/","title":{"rendered":"\u010crna jakna iz d\u017einsa"},"content":{"rendered":"<h2 data-sourcepos=\"1:1-1:173\">\u010crna jakna iz d\u017einsa<\/h2>\n<p data-sourcepos=\"1:1-1:173\">\u010crna jakna iz d\u017einsa je vsestranski kos, ki lahko izbolj\u0161a vsako obleko. Je klasi\u010den, brez\u010dasen kos, ki ga lahko oble\u010dete navzgor ali navzdol, zato ga morate imeti v vsaki garderobi.<\/p>\n<p data-sourcepos=\"3:1-3:54\"><strong>Zakaj je \u010drna jakna iz d\u017einsa odli\u010dna izbira:<\/strong><\/p>\n<ul data-sourcepos=\"5:1-9:0\">\n<li data-sourcepos=\"5:1-5:94\"><strong>Vsestranskost:<\/strong> Kombinirate jo lahko s kavbojkami, hla\u010dami ali celo z obleko za bolj formalen videz.<\/li>\n<li data-sourcepos=\"6:1-6:70\"><strong>Brez\u010dasno:<\/strong> \u010crni d\u017eins je klasika, ki nikoli ne gre iz mode.<\/li>\n<li data-sourcepos=\"7:1-7:76\"><strong>Trajnost:<\/strong> D\u017eins je trpe\u017ena tkanina, ki je odporna na obrabo.<\/li>\n<li data-sourcepos=\"8:1-9:0\"><strong>Izrazito:<\/strong> \u010crni d\u017eins doda pridih ostrine vsaki obleki.<\/li>\n<\/ul>\n<p data-sourcepos=\"10:1-10:38\"><strong>Kako oblikovati \u010drno jakno iz d\u017einsa:<\/strong><\/p>\n<ul data-sourcepos=\"12:1-16:0\">\n<li data-sourcepos=\"12:1-12:84\"><strong>Prilo\u017enostni videz:<\/strong> Zdru\u017eite jo s kavbojkami, majico in \u0161portnimi copati za spro\u0161\u010den videz.<\/li>\n<li data-sourcepos=\"13:1-13:99\"><strong>Smart Casual:<\/strong> Nosite jo s hla\u010dami chinos, srajco z gumbi in mokasini za bolj uglajen videz.<\/li>\n<li data-sourcepos=\"14:1-14:95\"><strong>Izviren videz:<\/strong> Zdru\u017eite jo z usnjenimi hla\u010dami, grafi\u010dno majico in \u0161kornji, da boste ustvarili rock and roll vzdu\u0161je.<\/li>\n<li data-sourcepos=\"15:1-16:0\"><strong>Formalni videz:<\/strong> Prevlecite jo \u010dez suknji\u010d in si tako zagotovite edinstven preobrat pri formalnih obla\u010dilih.<\/li>\n<\/ul>\n<p data-sourcepos=\"17:1-17:43\"><strong>Nasveti za izbiro \u010drne jakne iz d\u017einsa:<\/strong><\/p>\n<ul data-sourcepos=\"19:1-22:0\">\n<li data-sourcepos=\"19:1-19:71\"><strong>Prileganje:<\/strong> Izberite jakno, ki se dobro prilega in laska va\u0161i postavi.<\/li>\n<li data-sourcepos=\"20:1-20:78\"><strong>Material:<\/strong> Poi\u0161\u010dite visokokakovosten d\u017eins, ki je trpe\u017een in udoben.<\/li>\n<li data-sourcepos=\"21:1-22:0\"><strong>Slog:<\/strong> Upo\u0161tevajte svoj osebni slog in izberite jakno, ki odra\u017ea va\u0161 okus.<\/li>\n<\/ul>","protected":false},"excerpt":{"rendered":"<table style=\"height: 491px;\" width=\"498\">\n<tbody>\n<tr>\n<td width=\"146\"><strong><b>Izdelek<\/b><\/strong>\u00a0<strong><b>Ime:<\/b><\/strong><\/td>\n<td width=\"601\"><strong>\u010crna jakna iz d\u017einsa<\/strong><\/td>\n<\/tr>\n<tr>\n<td width=\"146\"><strong><b>Materlal:<\/b><\/strong><\/td>\n<td width=\"601\">Poliester\/bomba\u017e<\/td>\n<\/tr>\n<tr>\n<td width=\"146\"><strong><b>Tehnika:<\/b><\/strong><\/td>\n<td width=\"601\">Tiskanje in barvanje<\/td>\n<\/tr>\n<tr>\n<td width=\"146\"><strong><b>Slog:<\/b><\/strong><\/td>\n<td width=\"601\">Prilo\u017enostno<\/td>\n<\/tr>\n<tr>\n<td width=\"146\"><strong><b>Barva<\/b><\/strong><strong><b>:<\/b><\/strong><\/td>\n<td width=\"601\">\u00a0Barve po meri<\/td>\n<\/tr>\n<tr>\n<td width=\"146\"><strong><b>Velikost:<\/b><\/strong><\/td>\n<td width=\"601\">S \/M \/L \/XL \/2XL<\/td>\n<\/tr>\n<tr>\n<td width=\"146\"><strong><b>OEM\/ODM:<\/b><\/strong><\/td>\n<td width=\"601\">Sprejemljivo<\/td>\n<\/tr>\n<tr>\n<td width=\"146\"><strong><b>Kakovost:<\/b><\/strong><\/td>\n<td width=\"601\">100% Visoka kakovost<\/td>\n<\/tr>\n<tr>\n<td width=\"146\"><strong><b>M<\/b><\/strong><strong><b>OQ:<\/b><\/strong><\/td>\n<td width=\"601\">200 kosov<\/td>\n<\/tr>\n<\/tbody>\n<\/table>","protected":false},"featured_media":1760,"template":"","meta":[],"product_brand":[],"product_cat":[38],"product_tag":[],"class_list":{"0":"post-1759","1":"product","2":"type-product","3":"status-publish","4":"has-post-thumbnail","6":"product_cat-mens-clothing","8":"first","9":"instock","10":"shipping-taxable","11":"product-type-simple"},"_links":{"self":[{"href":"https:\/\/mj-clothing.com\/sl\/wp-json\/wp\/v2\/product\/1759","targetHints":{"allow":["GET"]}}],"collection":[{"href":"https:\/\/mj-clothing.com\/sl\/wp-json\/wp\/v2\/product"}],"about":[{"href":"https:\/\/mj-clothing.com\/sl\/wp-json\/wp\/v2\/types\/product"}],"wp:featuredmedia":[{"embeddable":true,"href":"https:\/\/mj-clothing.com\/sl\/wp-json\/wp\/v2\/media\/1760"}],"wp:attachment":[{"href":"https:\/\/mj-clothing.com\/sl\/wp-json\/wp\/v2\/media?parent=1759"}],"wp:term":[{"taxonomy":"product_brand","embeddable":true,"href":"https:\/\/mj-clothing.com\/sl\/wp-json\/wp\/v2\/product_brand?post=1759"},{"taxonomy":"product_cat","embeddable":true,"href":"https:\/\/mj-clothing.com\/sl\/wp-json\/wp\/v2\/product_cat?post=1759"},{"taxonomy":"product_tag","embeddable":true,"href":"https:\/\/mj-clothing.com\/sl\/wp-json\/wp\/v2\/product_tag?post=1759"}],"curies":[{"name":"wp","href":"https:\/\/api.w.org\/{rel}","templated":true}]}}