{"id":1761,"date":"2024-12-14T03:02:38","date_gmt":"2024-12-14T03:02:38","guid":{"rendered":"https:\/\/mj-clothing.com\/?post_type=product&#038;p=1761"},"modified":"2024-12-17T07:15:13","modified_gmt":"2024-12-17T07:15:13","slug":"floral-quilted-jacket","status":"publish","type":"product","link":"https:\/\/mj-clothing.com\/sl\/manufacturer\/floral-quilted-jacket\/","title":{"rendered":"Cvetli\u010dna pre\u0161ita jakna"},"content":{"rendered":"<h2 data-sourcepos=\"1:1-1:143\">Cvetli\u010dna pre\u0161ita jakna<\/h2>\n<p data-sourcepos=\"1:1-1:143\">Cvetli\u010dna pre\u0161ita jakna je eleganten in udoben kos, ki lahko vsaki obleki doda pridih \u017eenstvenosti in topline. Tukaj je razlog, zakaj vam je lahko v\u0161e\u010d:<\/p>\n<p data-sourcepos=\"3:1-3:39\"><strong>Zakaj izbrati cvetli\u010dno pre\u0161ito jakno?<\/strong><\/p>\n<ul data-sourcepos=\"5:1-9:0\">\n<li data-sourcepos=\"5:1-5:159\"><strong>Eleganten in vsestranski:<\/strong> To je popolna me\u0161anica udobja in mode. Lahko jo oble\u010dete s krilom in \u0161kornji ali pa jo pustite le\u017eerno s kavbojkami in \u0161portnimi copati.<\/li>\n<li data-sourcepos=\"6:1-6:100\"><strong>Toplo in udobno:<\/strong> Zaradi pre\u0161ite zasnove in pogosto izolirane podloge je idealna za hladnej\u0161e vreme.<\/li>\n<li data-sourcepos=\"7:1-7:86\"><strong>\u017denska in romanti\u010dna:<\/strong> Cvetli\u010dni vzorec dodaja pridih mehkobe in elegance.<\/li>\n<li data-sourcepos=\"8:1-9:0\"><strong>Modno:<\/strong> Cvetli\u010dni potiski so vedno v modi, zlasti v pomladnem in jesenskem \u010dasu.<\/li>\n<\/ul>\n<p data-sourcepos=\"10:1-10:41\"><strong>Kako oblikovati cvetli\u010dno pre\u0161ito jakno:<\/strong><\/p>\n<ul data-sourcepos=\"12:1-15:0\">\n<li data-sourcepos=\"12:1-12:82\"><strong>Casual Chic:<\/strong> Zdru\u017eite jo s kavbojkami, majico in \u0161portnimi copati za spro\u0161\u010den videz.<\/li>\n<li data-sourcepos=\"13:1-13:85\"><strong>Boho Chic:<\/strong> Prevlecite jo \u010dez plapolajo\u010do obleko in dodajte gle\u017enjarje za boemsko vzdu\u0161je.<\/li>\n<li data-sourcepos=\"14:1-15:0\"><strong>Smart Casual:<\/strong> Nosite jo s puloverjem, hla\u010dami in mokasini, da boste videti uglajeno.<\/li>\n<\/ul>\n<p data-sourcepos=\"16:1-16:46\"><strong>Nasveti za izbiro cvetli\u010dne pre\u0161ite jakne:<\/strong><\/p>\n<ul data-sourcepos=\"18:1-22:0\">\n<li data-sourcepos=\"18:1-18:93\"><strong>Izberite pravo izbiro:<\/strong> Prepri\u010dajte se, da se jakna dobro prilega in ne obremenjuje va\u0161e postave.<\/li>\n<li data-sourcepos=\"19:1-19:80\"><strong>Razmislite o prilo\u017enosti:<\/strong> Izberite vzorec in barvo, ki sta primerna za to prilo\u017enost.<\/li>\n<li data-sourcepos=\"20:1-20:105\"><strong>Bodite pozorni na tkanino:<\/strong> Izberite trpe\u017eno in udobno tkanino, kot sta bomba\u017e ali poliester.<\/li>\n<li data-sourcepos=\"21:1-22:0\"><strong>Dodajte dodatke:<\/strong> Dodajte \u0161al, klobuk ali torbico, da bo va\u0161 videz popoln.<\/li>\n<\/ul>","protected":false},"excerpt":{"rendered":"<table style=\"height: 542px;\" width=\"483\">\n<tbody>\n<tr>\n<td width=\"146\"><strong><b>Izdelek<\/b><\/strong>\u00a0<strong><b>Ime:<\/b><\/strong><\/td>\n<td width=\"601\"><strong>Cvetli\u010dna pre\u0161ita jakna<\/strong><\/td>\n<\/tr>\n<tr>\n<td width=\"146\"><strong><b>Materlal:<\/b><\/strong><\/td>\n<td width=\"601\">Poliester\/bomba\u017e<\/td>\n<\/tr>\n<tr>\n<td width=\"146\"><strong><b>Tehnika:<\/b><\/strong><\/td>\n<td width=\"601\">Tiskanje in barvanje<\/td>\n<\/tr>\n<tr>\n<td width=\"146\"><strong><b>Slog:<\/b><\/strong><\/td>\n<td width=\"601\">Prilo\u017enostno<\/td>\n<\/tr>\n<tr>\n<td width=\"146\"><strong><b>Barva<\/b><\/strong><strong><b>:<\/b><\/strong><\/td>\n<td width=\"601\">\u00a0Barve po meri<\/td>\n<\/tr>\n<tr>\n<td width=\"146\"><strong><b>Velikost:<\/b><\/strong><\/td>\n<td width=\"601\">S \/M \/L \/XL \/2XL<\/td>\n<\/tr>\n<tr>\n<td width=\"146\"><strong><b>OEM\/ODM:<\/b><\/strong><\/td>\n<td width=\"601\">Sprejemljivo<\/td>\n<\/tr>\n<tr>\n<td width=\"146\"><strong><b>Kakovost:<\/b><\/strong><\/td>\n<td width=\"601\">100% Visoka kakovost<\/td>\n<\/tr>\n<tr>\n<td width=\"146\"><strong><b>M<\/b><\/strong><strong><b>OQ:<\/b><\/strong><\/td>\n<td width=\"601\">200 kosov<\/td>\n<\/tr>\n<\/tbody>\n<\/table>","protected":false},"featured_media":1762,"template":"","meta":[],"product_brand":[],"product_cat":[38],"product_tag":[],"class_list":{"0":"post-1761","1":"product","2":"type-product","3":"status-publish","4":"has-post-thumbnail","6":"product_cat-mens-clothing","8":"first","9":"instock","10":"shipping-taxable","11":"product-type-simple"},"_links":{"self":[{"href":"https:\/\/mj-clothing.com\/sl\/wp-json\/wp\/v2\/product\/1761","targetHints":{"allow":["GET"]}}],"collection":[{"href":"https:\/\/mj-clothing.com\/sl\/wp-json\/wp\/v2\/product"}],"about":[{"href":"https:\/\/mj-clothing.com\/sl\/wp-json\/wp\/v2\/types\/product"}],"wp:featuredmedia":[{"embeddable":true,"href":"https:\/\/mj-clothing.com\/sl\/wp-json\/wp\/v2\/media\/1762"}],"wp:attachment":[{"href":"https:\/\/mj-clothing.com\/sl\/wp-json\/wp\/v2\/media?parent=1761"}],"wp:term":[{"taxonomy":"product_brand","embeddable":true,"href":"https:\/\/mj-clothing.com\/sl\/wp-json\/wp\/v2\/product_brand?post=1761"},{"taxonomy":"product_cat","embeddable":true,"href":"https:\/\/mj-clothing.com\/sl\/wp-json\/wp\/v2\/product_cat?post=1761"},{"taxonomy":"product_tag","embeddable":true,"href":"https:\/\/mj-clothing.com\/sl\/wp-json\/wp\/v2\/product_tag?post=1761"}],"curies":[{"name":"wp","href":"https:\/\/api.w.org\/{rel}","templated":true}]}}