{"id":1763,"date":"2024-12-14T03:06:05","date_gmt":"2024-12-14T03:06:05","guid":{"rendered":"https:\/\/mj-clothing.com\/?post_type=product&#038;p=1763"},"modified":"2024-12-17T07:11:45","modified_gmt":"2024-12-17T07:11:45","slug":"black-tweed-jacket","status":"publish","type":"product","link":"https:\/\/mj-clothing.com\/sl\/manufacturer\/black-tweed-jacket\/","title":{"rendered":"Jakna iz \u010drnega tvida"},"content":{"rendered":"<h2 data-sourcepos=\"1:1-1:113\">Jakna iz \u010drnega tvida<\/h2>\n<p data-sourcepos=\"1:1-1:113\">\u010crna jakna iz tvida je vsestranski in eleganten kos, ki lahko izbolj\u0161a vsako obleko. Tukaj je razlog, zakaj vam je lahko v\u0161e\u010d:<\/p>\n<p data-sourcepos=\"3:1-3:36\"><strong>Zakaj izbrati jakno iz \u010drnega tvida?<\/strong><\/p>\n<ul data-sourcepos=\"5:1-9:0\">\n<li data-sourcepos=\"5:1-5:101\"><strong>Brez\u010dasna eleganca:<\/strong> \u010crni tvid je klasi\u010dna, prefinjena tkanina, ki nikoli ne gre iz mode.<\/li>\n<li data-sourcepos=\"6:1-6:95\"><strong>Vsestransko oblikovanje:<\/strong> Lahko jo oble\u010dete navzgor ali navzdol, zato je kot nala\u0161\u010d za razli\u010dne prilo\u017enosti.<\/li>\n<li data-sourcepos=\"7:1-7:103\"><strong>Toplota in udobje:<\/strong> Tvid je trpe\u017ena in izolativna tkanina, zato je idealna za hladnej\u0161e vreme.<\/li>\n<li data-sourcepos=\"8:1-9:0\"><strong>Teksturiran videz:<\/strong> Edinstveno tkanje tvida je vizualno zanimivo za va\u0161o obleko.<\/li>\n<\/ul>\n<p data-sourcepos=\"10:1-10:38\"><strong>Kako oblikovati \u010drno jakno iz tvida:<\/strong><\/p>\n<ul data-sourcepos=\"12:1-15:0\">\n<li data-sourcepos=\"12:1-12:93\"><strong>Smart Casual:<\/strong> Za prefinjen videz jo kombinirajte s hla\u010dami chinos, srajco z gumbi in mokasini.<\/li>\n<li data-sourcepos=\"13:1-13:102\"><strong>Poslovna obleka:<\/strong> Nosite ga s hla\u010dami, srajco in kravato ter si zagotovite profesionalen videz.<\/li>\n<li data-sourcepos=\"14:1-15:0\"><strong>Casual Chic:<\/strong> Zdru\u017eite jo s kavbojkami, majico in \u0161portnimi copati, da boste imeli spro\u0161\u010den slog.<\/li>\n<\/ul>\n<p data-sourcepos=\"16:1-16:43\"><strong>Nasveti za izbiro jakne iz \u010drnega tvida:<\/strong><\/p>\n<ul data-sourcepos=\"18:1-22:0\">\n<li data-sourcepos=\"18:1-18:71\"><strong>Prileganje:<\/strong> Izberite jakno, ki se dobro prilega in laska va\u0161i postavi.<\/li>\n<li data-sourcepos=\"19:1-19:109\"><strong>Vzorec:<\/strong> Upo\u0161tevajte vzorec tvida, bodisi da gre za klasi\u010dno ribjo kost bodisi za sodobnej\u0161i vzorec.<\/li>\n<li data-sourcepos=\"20:1-20:76\"><strong>Te\u017ea:<\/strong> Od te\u017ee tvida je odvisno, kako topla je jakna.<\/li>\n<li data-sourcepos=\"21:1-22:0\"><strong>Dodatki:<\/strong> Za osebno noto se opremite z \u017eepnim trakom, kravato ali \u0161alom.<\/li>\n<\/ul>","protected":false},"excerpt":{"rendered":"<table style=\"height: 587px;\" width=\"485\">\n<tbody>\n<tr>\n<td width=\"146\"><strong><b>Izdelek<\/b><\/strong>\u00a0<strong><b>Ime:<\/b><\/strong><\/td>\n<td width=\"601\"><strong>Jakna iz \u010drnega tvida<\/strong><\/td>\n<\/tr>\n<tr>\n<td width=\"146\"><strong><b>Materlal:<\/b><\/strong><\/td>\n<td width=\"601\">Poliester\/bomba\u017e<\/td>\n<\/tr>\n<tr>\n<td width=\"146\"><strong><b>Tehnika:<\/b><\/strong><\/td>\n<td width=\"601\">Tiskanje in barvanje<\/td>\n<\/tr>\n<tr>\n<td width=\"146\"><strong><b>Slog:<\/b><\/strong><\/td>\n<td width=\"601\">Prilo\u017enostno<\/td>\n<\/tr>\n<tr>\n<td width=\"146\"><strong><b>Barva<\/b><\/strong><strong><b>:<\/b><\/strong><\/td>\n<td width=\"601\">\u00a0Barve po meri<\/td>\n<\/tr>\n<tr>\n<td width=\"146\"><strong><b>Velikost:<\/b><\/strong><\/td>\n<td width=\"601\">S \/M \/L \/XL \/2XL<\/td>\n<\/tr>\n<tr>\n<td width=\"146\"><strong><b>OEM\/ODM:<\/b><\/strong><\/td>\n<td width=\"601\">Sprejemljivo<\/td>\n<\/tr>\n<tr>\n<td width=\"146\"><strong><b>Kakovost:<\/b><\/strong><\/td>\n<td width=\"601\">100% Visoka kakovost<\/td>\n<\/tr>\n<tr>\n<td width=\"146\"><strong><b>M<\/b><\/strong><strong><b>OQ:<\/b><\/strong><\/td>\n<td width=\"601\">200 kosov<\/td>\n<\/tr>\n<\/tbody>\n<\/table>","protected":false},"featured_media":1764,"template":"","meta":[],"product_brand":[],"product_cat":[38],"product_tag":[],"class_list":{"0":"post-1763","1":"product","2":"type-product","3":"status-publish","4":"has-post-thumbnail","6":"product_cat-mens-clothing","8":"first","9":"instock","10":"shipping-taxable","11":"product-type-simple"},"_links":{"self":[{"href":"https:\/\/mj-clothing.com\/sl\/wp-json\/wp\/v2\/product\/1763","targetHints":{"allow":["GET"]}}],"collection":[{"href":"https:\/\/mj-clothing.com\/sl\/wp-json\/wp\/v2\/product"}],"about":[{"href":"https:\/\/mj-clothing.com\/sl\/wp-json\/wp\/v2\/types\/product"}],"wp:featuredmedia":[{"embeddable":true,"href":"https:\/\/mj-clothing.com\/sl\/wp-json\/wp\/v2\/media\/1764"}],"wp:attachment":[{"href":"https:\/\/mj-clothing.com\/sl\/wp-json\/wp\/v2\/media?parent=1763"}],"wp:term":[{"taxonomy":"product_brand","embeddable":true,"href":"https:\/\/mj-clothing.com\/sl\/wp-json\/wp\/v2\/product_brand?post=1763"},{"taxonomy":"product_cat","embeddable":true,"href":"https:\/\/mj-clothing.com\/sl\/wp-json\/wp\/v2\/product_cat?post=1763"},{"taxonomy":"product_tag","embeddable":true,"href":"https:\/\/mj-clothing.com\/sl\/wp-json\/wp\/v2\/product_tag?post=1763"}],"curies":[{"name":"wp","href":"https:\/\/api.w.org\/{rel}","templated":true}]}}