{"id":1765,"date":"2024-12-14T03:13:20","date_gmt":"2024-12-14T03:13:20","guid":{"rendered":"https:\/\/mj-clothing.com\/?post_type=product&#038;p=1765"},"modified":"2024-12-17T07:10:04","modified_gmt":"2024-12-17T07:10:04","slug":"vintage-jacket","status":"publish","type":"product","link":"https:\/\/mj-clothing.com\/sl\/manufacturer\/vintage-jacket\/","title":{"rendered":"Vintage jakna"},"content":{"rendered":"<p data-sourcepos=\"1:1-1:110\">Starinski suknji\u010d je brez\u010dasen kos, ki lahko vsaki obleki doda edinstven pridih. Tukaj je razlog, zakaj vam je lahko v\u0161e\u010d:<\/p>\n<h3 data-sourcepos=\"3:1-3:32\"><strong>Zakaj izbrati vintage jakno?<\/strong><\/h3>\n<ul data-sourcepos=\"5:1-9:0\">\n<li data-sourcepos=\"5:1-5:118\"><strong>Edinstven slog:<\/strong>\u00a0 Jakne imajo pogosto zna\u010dilne vzorce in podrobnosti, ki jih v sodobnih obla\u010dilih ne boste na\u0161li.<\/li>\n<li data-sourcepos=\"6:1-6:111\"><strong>Visoka kakovost:<\/strong> \u0160tevilne jakne so izdelane iz visokokakovostnih materialov, ki so prestali preizkus \u010dasa.<\/li>\n<li data-sourcepos=\"7:1-7:125\"><strong>Trajnostna moda:<\/strong> Z izbiro vintage obla\u010dil zmanj\u0161ate vpliv na okolje in obla\u010dilu podarite drugo \u017eivljenje.<\/li>\n<li data-sourcepos=\"8:1-9:0\"><strong>Zna\u010daj in zgodovina:<\/strong> Jakne lahko pripovedujejo zgodbo, va\u0161i garderobi pa dodajo pridih nostalgije in osebnosti.<\/li>\n<\/ul>\n<h3 data-sourcepos=\"10:1-10:34\"><strong>Kako stilirati vintage jakno:<\/strong><\/h3>\n<ul data-sourcepos=\"12:1-16:0\">\n<li data-sourcepos=\"12:1-12:79\"><strong>Prilo\u017enostno:<\/strong> Zdru\u017eite jo s kavbojkami, majico in \u0161portnimi copati za spro\u0161\u010den videz.<\/li>\n<li data-sourcepos=\"13:1-13:98\"><strong>Smart Casual:<\/strong> Nosite jo s hla\u010dami chinos, srajco z gumbi in mokasini za uglajeno opravo.<\/li>\n<li data-sourcepos=\"14:1-14:93\"><strong>Izrazito:<\/strong> Zdru\u017eite jo z usnjenimi hla\u010dami, grafi\u010dno majico in \u0161kornji, da bi ustvarili rock and roll vzdu\u0161je.<\/li>\n<li data-sourcepos=\"15:1-16:0\"><strong>Formalno:<\/strong> Prevlecite jo \u010dez suknji\u010d in si tako zagotovite edinstven preobrat pri formalnih obla\u010dilih.<\/li>\n<\/ul>\n<h3 data-sourcepos=\"17:1-17:39\"><strong>Nasveti za izbiro vintage jakne:<\/strong><\/h3>\n<ul data-sourcepos=\"19:1-23:0\">\n<li data-sourcepos=\"19:1-19:82\"><strong>Prileganje:<\/strong> Prepri\u010dajte se, da se jakna dobro prilega, in upo\u0161tevajte morebitne spremembe.<\/li>\n<li data-sourcepos=\"20:1-20:64\"><strong>Stanje:<\/strong> Preverite morebitne po\u0161kodbe, made\u017ee ali obrabo.<\/li>\n<li data-sourcepos=\"21:1-21:93\"><strong>Slog:<\/strong> Upo\u0161tevajte svoj osebni slog in izberite jakno, ki dopolnjuje va\u0161o garderobo.<\/li>\n<li data-sourcepos=\"22:1-23:0\"><strong>Material:<\/strong> Poi\u0161\u010dite visokokakovostne materiale, kot so usnje, volna ali d\u017eins.<\/li>\n<\/ul>\n<h3 data-sourcepos=\"24:1-24:34\"><strong>Kje najti Vintage jakno:<\/strong><\/h3>\n<ul data-sourcepos=\"26:1-30:0\">\n<li data-sourcepos=\"26:1-26:76\"><strong>Trgovine s prihranki:<\/strong> Odli\u010den kraj za iskanje skritih draguljev po ugodnih cenah.<\/li>\n<li data-sourcepos=\"27:1-27:89\"><strong>Trgovine s po\u0161iljkami:<\/strong> Te trgovine imajo pogosto urejene zbirke starinskih obla\u010dil.<\/li>\n<li data-sourcepos=\"28:1-28:97\"><strong>Spletne tr\u017enice:<\/strong> Spletna mesta, kot sta eBay in Etsy, ponujajo veliko izbiro jaken.<\/li>\n<li data-sourcepos=\"29:1-30:0\"><strong>Trgovine s starinskimi obla\u010dili:<\/strong> Specializirane trgovine, ki so specializirane za vintage modo.<\/li>\n<\/ul>\n<div class=\"attachment-container search-images\">\n<div class=\"image-container hide-from-message-actions ng-star-inserted\">\n<div class=\"overlay-container ng-star-inserted\"><\/div>\n<\/div>\n<\/div>","protected":false},"excerpt":{"rendered":"<table style=\"height: 442px;\" width=\"514\">\n<tbody>\n<tr>\n<td width=\"146\"><strong><b>Izdelek<\/b><\/strong>\u00a0<strong><b>Ime:<\/b><\/strong><\/td>\n<td width=\"601\"><strong>Vintage jakna<\/strong><\/td>\n<\/tr>\n<tr>\n<td width=\"146\"><strong><b>Materlal:<\/b><\/strong><\/td>\n<td width=\"601\">Poliester\/bomba\u017e<\/td>\n<\/tr>\n<tr>\n<td width=\"146\"><strong><b>Tehnika:<\/b><\/strong><\/td>\n<td width=\"601\">Tiskanje in barvanje<\/td>\n<\/tr>\n<tr>\n<td width=\"146\"><strong><b>Slog:<\/b><\/strong><\/td>\n<td width=\"601\">Prilo\u017enostno<\/td>\n<\/tr>\n<tr>\n<td width=\"146\"><strong><b>Barva<\/b><\/strong><strong><b>:<\/b><\/strong><\/td>\n<td width=\"601\">\u00a0Barve po meri<\/td>\n<\/tr>\n<tr>\n<td width=\"146\"><strong><b>Velikost:<\/b><\/strong><\/td>\n<td width=\"601\">S \/M \/L \/XL \/2XL<\/td>\n<\/tr>\n<tr>\n<td width=\"146\"><strong><b>OEM\/ODM:<\/b><\/strong><\/td>\n<td width=\"601\">Sprejemljivo<\/td>\n<\/tr>\n<tr>\n<td width=\"146\"><strong><b>Kakovost:<\/b><\/strong><\/td>\n<td width=\"601\">100% Visoka kakovost<\/td>\n<\/tr>\n<tr>\n<td width=\"146\"><strong><b>M<\/b><\/strong><strong><b>OQ:<\/b><\/strong><\/td>\n<td width=\"601\">200 kosov<\/td>\n<\/tr>\n<\/tbody>\n<\/table>","protected":false},"featured_media":1769,"template":"","meta":[],"product_brand":[],"product_cat":[38],"product_tag":[],"class_list":{"0":"post-1765","1":"product","2":"type-product","3":"status-publish","4":"has-post-thumbnail","6":"product_cat-mens-clothing","8":"first","9":"instock","10":"shipping-taxable","11":"product-type-simple"},"_links":{"self":[{"href":"https:\/\/mj-clothing.com\/sl\/wp-json\/wp\/v2\/product\/1765","targetHints":{"allow":["GET"]}}],"collection":[{"href":"https:\/\/mj-clothing.com\/sl\/wp-json\/wp\/v2\/product"}],"about":[{"href":"https:\/\/mj-clothing.com\/sl\/wp-json\/wp\/v2\/types\/product"}],"wp:featuredmedia":[{"embeddable":true,"href":"https:\/\/mj-clothing.com\/sl\/wp-json\/wp\/v2\/media\/1769"}],"wp:attachment":[{"href":"https:\/\/mj-clothing.com\/sl\/wp-json\/wp\/v2\/media?parent=1765"}],"wp:term":[{"taxonomy":"product_brand","embeddable":true,"href":"https:\/\/mj-clothing.com\/sl\/wp-json\/wp\/v2\/product_brand?post=1765"},{"taxonomy":"product_cat","embeddable":true,"href":"https:\/\/mj-clothing.com\/sl\/wp-json\/wp\/v2\/product_cat?post=1765"},{"taxonomy":"product_tag","embeddable":true,"href":"https:\/\/mj-clothing.com\/sl\/wp-json\/wp\/v2\/product_tag?post=1765"}],"curies":[{"name":"wp","href":"https:\/\/api.w.org\/{rel}","templated":true}]}}