{"id":1774,"date":"2024-12-14T03:23:26","date_gmt":"2024-12-14T03:23:26","guid":{"rendered":"https:\/\/mj-clothing.com\/?post_type=product&#038;p=1774"},"modified":"2024-12-17T07:06:57","modified_gmt":"2024-12-17T07:06:57","slug":"shell-jacket","status":"publish","type":"product","link":"https:\/\/mj-clothing.com\/sl\/manufacturer\/shell-jacket\/","title":{"rendered":"Jakna iz \u0161koljke"},"content":{"rendered":"<p data-sourcepos=\"1:1-1:266\">Jakna je lahek, nepremo\u010dljiv in vetrovno odporen zunanji sloj, ki vas \u0161\u010diti pred vremenskimi vplivi. Je vsestranski kos vrhnjega obla\u010dila, ki ga lahko nosite v razli\u010dnih vremenskih razmerah, zato je priljubljena izbira za dejavnosti na prostem in vsakodnevno no\u0161enje.<\/p>\n<h3 data-sourcepos=\"3:1-3:35\"><strong>Klju\u010dne lastnosti jakne:<\/strong><\/h3>\n<ul data-sourcepos=\"5:1-9:0\">\n<li data-sourcepos=\"5:1-5:218\"><strong>Vodoodporen in odporen na veter:<\/strong> Glavna naloga jakne je, da vas ohranja suhe in \u0161\u010diti pred vetrom. Obi\u010dajno je izdelana iz vodoodpornih in zra\u010dnih materialov, kot je Gore-Tex ali podobne tehnologije.<\/li>\n<li data-sourcepos=\"6:1-6:155\"><strong>Prepustnost za dihanje:<\/strong> Dobra jakna vas ohranja suhe, hkrati pa omogo\u010da tudi odvajanje vlage, kar prepre\u010duje, da bi se po\u010dutili mlahavo in neprijetno.<\/li>\n<li data-sourcepos=\"7:1-7:97\"><strong>Trajnost:<\/strong> Jakne iz \u0161koljke so zasnovane tako, da so odporne na te\u017eke vremenske razmere in intenzivno uporabo.<\/li>\n<li data-sourcepos=\"8:1-9:0\"><strong>Pakiranje:<\/strong> \u0160tevilne jakne so lahke in pakljive, zato jih je enostavno prena\u0161ati, ko jih ne uporabljate.<\/li>\n<\/ul>\n<h3 data-sourcepos=\"10:1-10:32\"><strong>Kako stilirati \u0161kolj\u010dno jakno:<\/strong><\/h3>\n<ul data-sourcepos=\"12:1-15:0\">\n<li data-sourcepos=\"12:1-12:96\"><strong>Prilo\u017enostno:<\/strong> Zdru\u017eite jo s kavbojkami, majico in \u0161portnimi copati ter si zagotovite udoben in funkcionalen videz.<\/li>\n<li data-sourcepos=\"13:1-13:112\"><strong>Smart Casual:<\/strong> Prevlecite jo \u010dez pulover, hla\u010de in srajco z gumbi ter si zagotovite elegantno in prakti\u010dno obleko.<\/li>\n<li data-sourcepos=\"14:1-15:0\"><strong>Dejavnosti na prostem:<\/strong> Nosite ga s pohodni\u0161kimi hla\u010dami, flisom in robustnimi \u0161kornji za za\u0161\u010dito pred vremenskimi vplivi.<\/li>\n<\/ul>\n<h3 data-sourcepos=\"16:1-16:37\"><strong>Priljubljene blagovne znamke za jakne Shell:<\/strong><\/h3>\n<ul data-sourcepos=\"18:1-21:0\">\n<li data-sourcepos=\"18:1-18:58\"><strong>Zunanje blagovne znamke:<\/strong> Patagonia, The North Face, Arc'teryx<\/li>\n<li data-sourcepos=\"19:1-19:46\"><strong>Tehni\u010dne blagovne znamke:<\/strong> Gore-Tex, Helly Hansen<\/li>\n<li data-sourcepos=\"20:1-21:0\"><strong>Blagovne znamke \u017eivljenjskega sloga:<\/strong> Columbia, Timberland, Jack Wolfskin<\/li>\n<\/ul>","protected":false},"excerpt":{"rendered":"<table style=\"height: 515px;\" width=\"509\">\n<tbody>\n<tr>\n<td width=\"146\"><strong><b>Izdelek<\/b><\/strong>\u00a0<strong><b>Ime:<\/b><\/strong><\/td>\n<td width=\"601\"><strong>Jakna iz \u0161koljke<\/strong><\/td>\n<\/tr>\n<tr>\n<td width=\"146\"><strong><b>Materlal:<\/b><\/strong><\/td>\n<td width=\"601\">Poliester\/bomba\u017e<\/td>\n<\/tr>\n<tr>\n<td width=\"146\"><strong><b>Tehnika:<\/b><\/strong><\/td>\n<td width=\"601\">Tiskanje in barvanje<\/td>\n<\/tr>\n<tr>\n<td width=\"146\"><strong><b>Slog:<\/b><\/strong><\/td>\n<td width=\"601\">Prilo\u017enostno<\/td>\n<\/tr>\n<tr>\n<td width=\"146\"><strong><b>Barva<\/b><\/strong><strong><b>:<\/b><\/strong><\/td>\n<td width=\"601\">\u00a0Barve po meri<\/td>\n<\/tr>\n<tr>\n<td width=\"146\"><strong><b>Velikost:<\/b><\/strong><\/td>\n<td width=\"601\">S \/M \/L \/XL \/2XL<\/td>\n<\/tr>\n<tr>\n<td width=\"146\"><strong><b>OEM\/ODM:<\/b><\/strong><\/td>\n<td width=\"601\">Sprejemljivo<\/td>\n<\/tr>\n<tr>\n<td width=\"146\"><strong><b>Kakovost:<\/b><\/strong><\/td>\n<td width=\"601\">100% Visoka kakovost<\/td>\n<\/tr>\n<tr>\n<td width=\"146\"><strong><b>M<\/b><\/strong><strong><b>OQ:<\/b><\/strong><\/td>\n<td width=\"601\">200 kosov<\/td>\n<\/tr>\n<\/tbody>\n<\/table>","protected":false},"featured_media":1776,"template":"","meta":[],"product_brand":[],"product_cat":[38],"product_tag":[],"class_list":{"0":"post-1774","1":"product","2":"type-product","3":"status-publish","4":"has-post-thumbnail","6":"product_cat-mens-clothing","8":"first","9":"instock","10":"shipping-taxable","11":"product-type-simple"},"_links":{"self":[{"href":"https:\/\/mj-clothing.com\/sl\/wp-json\/wp\/v2\/product\/1774","targetHints":{"allow":["GET"]}}],"collection":[{"href":"https:\/\/mj-clothing.com\/sl\/wp-json\/wp\/v2\/product"}],"about":[{"href":"https:\/\/mj-clothing.com\/sl\/wp-json\/wp\/v2\/types\/product"}],"wp:featuredmedia":[{"embeddable":true,"href":"https:\/\/mj-clothing.com\/sl\/wp-json\/wp\/v2\/media\/1776"}],"wp:attachment":[{"href":"https:\/\/mj-clothing.com\/sl\/wp-json\/wp\/v2\/media?parent=1774"}],"wp:term":[{"taxonomy":"product_brand","embeddable":true,"href":"https:\/\/mj-clothing.com\/sl\/wp-json\/wp\/v2\/product_brand?post=1774"},{"taxonomy":"product_cat","embeddable":true,"href":"https:\/\/mj-clothing.com\/sl\/wp-json\/wp\/v2\/product_cat?post=1774"},{"taxonomy":"product_tag","embeddable":true,"href":"https:\/\/mj-clothing.com\/sl\/wp-json\/wp\/v2\/product_tag?post=1774"}],"curies":[{"name":"wp","href":"https:\/\/api.w.org\/{rel}","templated":true}]}}