{"id":1777,"date":"2024-12-14T03:30:07","date_gmt":"2024-12-14T03:30:07","guid":{"rendered":"https:\/\/mj-clothing.com\/?post_type=product&#038;p=1777"},"modified":"2024-12-17T07:04:15","modified_gmt":"2024-12-17T07:04:15","slug":"cropped-leather-jacket","status":"publish","type":"product","link":"https:\/\/mj-clothing.com\/sl\/manufacturer\/cropped-leather-jacket\/","title":{"rendered":"Obrezana usnjena jakna"},"content":{"rendered":"<p data-sourcepos=\"1:1-1:117\">Urezana usnjena jakna je eleganten in vsestranski kos, ki lahko izbolj\u0161a vsako obleko. Tukaj je razlog, zakaj vam je lahko v\u0161e\u010d:<\/p>\n<h3 data-sourcepos=\"3:1-3:40\"><strong>Zakaj izbrati obrezano usnjeno jakno?<\/strong><\/h3>\n<ul data-sourcepos=\"5:1-9:0\">\n<li data-sourcepos=\"5:1-5:120\"><strong><span class=\"citation-0 recitation\">Modno in sodobno:<\/span><\/strong><span class=\"citation-0 recitation citation-end-0\"> Obrezane jakne so priljubljen trend, ki lahko va\u0161emu videzu doda sodoben pridih.<\/span><\/li>\n<li data-sourcepos=\"5:1-5:120\"><strong style=\"font-size: 14.4px;\">Vsestransko oblikovanje:<\/strong><span style=\"font-size: 14.4px;\"> Lahko jo oble\u010dete navzgor ali navzdol, zato je kot nala\u0161\u010d za razli\u010dne prilo\u017enosti.<\/span><\/li>\n<li data-sourcepos=\"7:1-7:113\"><strong><span class=\"citation-1 recitation\">Prilagajanje:<\/span><\/strong><span class=\"citation-1 recitation citation-end-1\"> Izrezan suknji\u010d lahko poudari va\u0161 pas in ustvari laskavo silhueto.<\/span><\/li>\n<li data-sourcepos=\"7:1-7:113\"><strong style=\"font-size: 14.4px;\">Edgy in Chic:<\/strong><span style=\"font-size: 14.4px;\"> Usnje dodaja pridih trdnosti in prefinjenosti.<\/span><\/li>\n<\/ul>\n<h3 data-sourcepos=\"10:1-10:42\"><strong>Kako oblikovati obrezano usnjeno jakno:<\/strong><\/h3>\n<ul data-sourcepos=\"12:1-15:0\">\n<li data-sourcepos=\"12:1-12:82\"><strong>Casual Chic:<\/strong> Zdru\u017eite jo s kavbojkami, majico in \u0161portnimi copati za spro\u0161\u010den videz.<\/li>\n<li data-sourcepos=\"13:1-13:102\"><strong>Smart Casual:<\/strong> Nosite jo s krilom, bluzo in gle\u017enjarji ter si zagotovite \u017eenstveno in elegantno obleko.<\/li>\n<li data-sourcepos=\"14:1-15:0\"><strong>Izviren videz:<\/strong> Zdru\u017eite jo z usnjenimi hla\u010dami, grafi\u010dno majico in \u0161kornji, da bi ustvarili rock and roll vzdu\u0161je.<\/li>\n<\/ul>\n<h3 data-sourcepos=\"16:1-16:47\"><strong>Nasveti za izbiro obrezane usnjene jakne:<\/strong><\/h3>\n<ul data-sourcepos=\"18:1-22:0\">\n<li data-sourcepos=\"18:1-18:71\"><strong>Prileganje:<\/strong> Izberite jakno, ki se dobro prilega in laska va\u0161i postavi.<\/li>\n<li data-sourcepos=\"19:1-19:60\"><strong>Material:<\/strong> Izberite visokokakovostno usnje, ki bo trajalo dolgo.<\/li>\n<li data-sourcepos=\"20:1-20:87\"><strong>Slog:<\/strong> Upo\u0161tevajte svoj osebni slog in izberite jakno, ki odra\u017ea va\u0161 okus.<\/li>\n<li data-sourcepos=\"21:1-22:0\"><strong>Barva:<\/strong> \u010crna je klasi\u010dna izbira, vendar lahko razmislite tudi o drugih barvah, kot sta rjava ali bordo.<\/li>\n<\/ul>","protected":false},"excerpt":{"rendered":"<table style=\"height: 523px;\" width=\"508\">\n<tbody>\n<tr>\n<td width=\"146\"><strong><b>Izdelek<\/b><\/strong>\u00a0<strong><b>Ime:<\/b><\/strong><\/td>\n<td width=\"601\"><strong>Obrezana usnjena jakna<\/strong><\/td>\n<\/tr>\n<tr>\n<td width=\"146\"><strong><b>Materlal:<\/b><\/strong><\/td>\n<td width=\"601\">Poliester\/bomba\u017e<\/td>\n<\/tr>\n<tr>\n<td width=\"146\"><strong><b>Tehnika:<\/b><\/strong><\/td>\n<td width=\"601\">Ko\u017ea<\/td>\n<\/tr>\n<tr>\n<td width=\"146\"><strong><b>Slog:<\/b><\/strong><\/td>\n<td width=\"601\">Prilo\u017enostno<\/td>\n<\/tr>\n<tr>\n<td width=\"146\"><strong><b>Barva<\/b><\/strong><strong><b>:<\/b><\/strong><\/td>\n<td width=\"601\">\u00a0Barve po meri<\/td>\n<\/tr>\n<tr>\n<td width=\"146\"><strong><b>Velikost:<\/b><\/strong><\/td>\n<td width=\"601\">S \/M \/L \/XL \/2XL<\/td>\n<\/tr>\n<tr>\n<td width=\"146\"><strong><b>OEM\/ODM:<\/b><\/strong><\/td>\n<td width=\"601\">Sprejemljivo<\/td>\n<\/tr>\n<tr>\n<td width=\"146\"><strong><b>Kakovost:<\/b><\/strong><\/td>\n<td width=\"601\">100% Visoka kakovost<\/td>\n<\/tr>\n<tr>\n<td width=\"146\"><strong><b>M<\/b><\/strong><strong><b>OQ:<\/b><\/strong><\/td>\n<td width=\"601\">200 kosov<\/td>\n<\/tr>\n<\/tbody>\n<\/table>","protected":false},"featured_media":1781,"template":"","meta":[],"product_brand":[],"product_cat":[38],"product_tag":[],"class_list":{"0":"post-1777","1":"product","2":"type-product","3":"status-publish","4":"has-post-thumbnail","6":"product_cat-mens-clothing","8":"first","9":"instock","10":"shipping-taxable","11":"product-type-simple"},"_links":{"self":[{"href":"https:\/\/mj-clothing.com\/sl\/wp-json\/wp\/v2\/product\/1777","targetHints":{"allow":["GET"]}}],"collection":[{"href":"https:\/\/mj-clothing.com\/sl\/wp-json\/wp\/v2\/product"}],"about":[{"href":"https:\/\/mj-clothing.com\/sl\/wp-json\/wp\/v2\/types\/product"}],"wp:featuredmedia":[{"embeddable":true,"href":"https:\/\/mj-clothing.com\/sl\/wp-json\/wp\/v2\/media\/1781"}],"wp:attachment":[{"href":"https:\/\/mj-clothing.com\/sl\/wp-json\/wp\/v2\/media?parent=1777"}],"wp:term":[{"taxonomy":"product_brand","embeddable":true,"href":"https:\/\/mj-clothing.com\/sl\/wp-json\/wp\/v2\/product_brand?post=1777"},{"taxonomy":"product_cat","embeddable":true,"href":"https:\/\/mj-clothing.com\/sl\/wp-json\/wp\/v2\/product_cat?post=1777"},{"taxonomy":"product_tag","embeddable":true,"href":"https:\/\/mj-clothing.com\/sl\/wp-json\/wp\/v2\/product_tag?post=1777"}],"curies":[{"name":"wp","href":"https:\/\/api.w.org\/{rel}","templated":true}]}}