{"id":1802,"date":"2024-12-14T06:48:03","date_gmt":"2024-12-14T06:48:03","guid":{"rendered":"https:\/\/mj-clothing.com\/?post_type=product&#038;p=1802"},"modified":"2024-12-17T06:59:40","modified_gmt":"2024-12-17T06:59:40","slug":"mens-mohair-sweater","status":"publish","type":"product","link":"https:\/\/mj-clothing.com\/sl\/manufacturer\/mens-mohair-sweater\/","title":{"rendered":"Mo\u0161ki pulover iz moherja"},"content":{"rendered":"<h2 data-sourcepos=\"1:1-1:44\">Mo\u0161ki puloverji iz moherja: Razko\u0161na izbira<\/h2>\n<p data-sourcepos=\"3:1-3:167\"><span class=\"citation-0 recitation citation-end-0\">Mo\u0161ki moherski pulover je razko\u0161no obla\u010dilo iz finih in mehkih vlaken angorske koze.<\/span> Mohair je znan po svojih izjemnih lastnostih, kot so:<span class=\"button-container hide-from-message-actions ng-star-inserted\">\u00a0<\/span><\/p>\n<div class=\"container ng-tns-c2946245707-308 hide\">\n<div class=\"carousel-container ng-tns-c2946245707-308\">\n<div class=\"carousel-content ng-tns-c2946245707-308\">\n<div class=\"sources-carousel-source ng-tns-c2946245707-308 hide ng-star-inserted\" data-test-id=\"sources-carousel-source\"><\/div>\n<\/div>\n<\/div>\n<\/div>\n<ul data-sourcepos=\"5:1-9:0\">\n<li data-sourcepos=\"5:1-5:70\"><strong>Mehkoba:<\/strong> Mohair je izjemno mehak, pogosto mehkej\u0161i od ka\u0161mirja.<\/li>\n<li data-sourcepos=\"6:1-6:94\"><strong>Toplota:<\/strong> <span class=\"citation-1 recitation citation-end-1\">Zagotavlja odli\u010dno izolacijo, zato vam bo v hladnem vremenu toplo.<\/span><span class=\"button-container hide-from-message-actions ng-star-inserted\"> \u00a0<\/span><\/li>\n<li data-sourcepos=\"6:1-6:94\"><span class=\"button-container hide-from-message-actions ng-star-inserted\"><strong style=\"font-size: 14.4px;\"><span class=\"citation-2 recitation\">Trajnost:<\/span><\/strong><span class=\"citation-2 recitation citation-end-2\" style=\"font-size: 14.4px;\"> Mohair je trpe\u017een in odporen proti razpokanju.<\/span><\/span>\n<div class=\"container ng-tns-c2946245707-310 hide\">\n<div class=\"carousel-container ng-tns-c2946245707-310\"><\/div>\n<\/div>\n<\/li>\n<li data-sourcepos=\"8:1-9:0\"><strong><span class=\"citation-3 recitation\">Luster:<\/span><\/strong><span class=\"citation-3 recitation citation-end-3\"> Mohair ima naravni lesk, ki mu daje edinstven sijaj.<\/span>\n<div class=\"container ng-tns-c2946245707-311 hide\">\n<div class=\"carousel-container ng-tns-c2946245707-311\"><\/div>\n<\/div>\n<\/li>\n<\/ul>\n<h3 data-sourcepos=\"10:1-10:32\"><strong>Zakaj izbrati mo\u0161ko jopico iz moherja?<\/strong><\/h3>\n<ul data-sourcepos=\"12:1-16:0\">\n<li data-sourcepos=\"12:1-12:93\"><strong>Razko\u0161en ob\u010dutek:<\/strong> Mehka in svilnata tekstura mohernih vlaken je \u010dudovita na ko\u017ei.<\/li>\n<li data-sourcepos=\"13:1-13:118\"><strong><span class=\"citation-4 recitation\">Izjemna toplota:<\/span><\/strong><span class=\"citation-4 recitation citation-end-4\"> Puloverji iz moherja so kot nala\u0161\u010d za hladno vreme, saj zagotavljajo udobje in udobje.<\/span><span class=\"button-container hide-from-message-actions ng-star-inserted\">\u00a0<\/span>\n<div class=\"container ng-tns-c2946245707-312 hide\">\n<div class=\"carousel-container ng-tns-c2946245707-312\"><\/div>\n<\/div>\n<\/li>\n<li data-sourcepos=\"14:1-14:99\"><strong>Stil in eleganca:<\/strong> Puloverji iz moherja lahko popestrijo vsako obleko in ji dodajo pridih prefinjenosti.<\/li>\n<li data-sourcepos=\"15:1-16:0\"><strong>Edinstvena tekstura:<\/strong> Edinstvena tekstura moherja je vizualno zanimiva za va\u0161o garderobo.<\/li>\n<\/ul>\n<h3 data-sourcepos=\"17:1-17:34\"><strong>Kako stilirati pulover iz moherja:<\/strong><\/h3>\n<ul data-sourcepos=\"19:1-22:0\">\n<li data-sourcepos=\"19:1-19:77\"><strong>Prilo\u017enostno:<\/strong> Zdru\u017eite jo s kavbojkami, majico in \u0161portnimi copati za spro\u0161\u010den videz.<\/li>\n<li data-sourcepos=\"20:1-20:96\"><strong>Smart Casual:<\/strong> Nosite jo s hla\u010dami chinos, srajco z gumbi in mokasini za uglajeno obleko.<\/li>\n<li data-sourcepos=\"21:1-22:0\"><strong>Formalno:<\/strong> Za prefinjen videz jo prekrijte s srajco in kravato.<\/li>\n<\/ul>\n<h3 data-sourcepos=\"23:1-23:40\"><strong>Kje najti mo\u0161ke puloverje iz moherja:<\/strong><\/h3>\n<ul data-sourcepos=\"25:1-28:0\">\n<li data-sourcepos=\"25:1-25:90\"><strong>Visokokakovostne veleblagovnice:<\/strong> Poi\u0161\u010dite luksuzne blagovne znamke, ki so specializirane za fine pletenine.<\/li>\n<li data-sourcepos=\"26:1-26:130\"><strong><span class=\"citation-5 recitation\">Spletni trgovci na drobno:<\/span><\/strong><span class=\"citation-5 recitation citation-end-5\"> Spletna mesta, kot so Amazon, Etsy in drugi spletni trgovci na drobno, ponujajo \u0161iroko paleto mohernih puloverjev.<\/span>\n<div class=\"container ng-tns-c2946245707-313 hide\">\n<div class=\"carousel-container ng-tns-c2946245707-313\"><\/div>\n<\/div>\n<\/li>\n<li data-sourcepos=\"27:1-28:0\"><strong>Specializirane trgovine:<\/strong> V trgovinah, specializiranih za luksuzna vlakna in trajnostno modo, so lahko na voljo puloverji iz moherja.<\/li>\n<\/ul>\n<p data-sourcepos=\"29:1-29:222\"><strong>Ne pozabite:<\/strong> Pri nakupu puloverja iz moherja poi\u0161\u010dite visokokakovostna vlakna eti\u010dnega izvora. Upo\u0161tevajte tudi te\u017eo in debelino puloverja, saj to vpliva na njegovo toploto in primernost za razli\u010dna podnebja.<\/p>","protected":false},"excerpt":{"rendered":"<table style=\"height: 484px;\" width=\"506\">\n<tbody>\n<tr>\n<td width=\"146\"><strong><b>Izdelek<\/b><\/strong>\u00a0<strong><b>Ime:<\/b><\/strong><\/td>\n<td width=\"601\"><strong>Mo\u0161ki pulover iz moherja<\/strong><\/td>\n<\/tr>\n<tr>\n<td width=\"146\"><strong><b>Materlal:<\/b><\/strong><\/td>\n<td width=\"601\">Poliester\/bomba\u017e<\/td>\n<\/tr>\n<tr>\n<td width=\"146\"><strong><b>Tehnika:<\/b><\/strong><\/td>\n<td width=\"601\">Tkanje<\/td>\n<\/tr>\n<tr>\n<td width=\"146\"><strong><b>Slog:<\/b><\/strong><\/td>\n<td width=\"601\">Prilo\u017enostno<\/td>\n<\/tr>\n<tr>\n<td width=\"146\"><strong><b>Barva<\/b><\/strong><strong><b>:<\/b><\/strong><\/td>\n<td width=\"601\">\u00a0Barve po meri<\/td>\n<\/tr>\n<tr>\n<td width=\"146\"><strong><b>Velikost:<\/b><\/strong><\/td>\n<td width=\"601\">S \/M \/L \/XL \/2XL<\/td>\n<\/tr>\n<tr>\n<td width=\"146\"><strong><b>OEM\/ODM:<\/b><\/strong><\/td>\n<td width=\"601\">Sprejemljivo<\/td>\n<\/tr>\n<tr>\n<td width=\"146\"><strong><b>Kakovost:<\/b><\/strong><\/td>\n<td width=\"601\">100% Visoka kakovost<\/td>\n<\/tr>\n<tr>\n<td width=\"146\"><strong><b>M<\/b><\/strong><strong><b>OQ:<\/b><\/strong><\/td>\n<td width=\"601\">200 kosov<\/td>\n<\/tr>\n<\/tbody>\n<\/table>","protected":false},"featured_media":1803,"template":"","meta":[],"product_brand":[],"product_cat":[38],"product_tag":[],"class_list":{"0":"post-1802","1":"product","2":"type-product","3":"status-publish","4":"has-post-thumbnail","6":"product_cat-mens-clothing","8":"first","9":"instock","10":"shipping-taxable","11":"product-type-simple"},"_links":{"self":[{"href":"https:\/\/mj-clothing.com\/sl\/wp-json\/wp\/v2\/product\/1802","targetHints":{"allow":["GET"]}}],"collection":[{"href":"https:\/\/mj-clothing.com\/sl\/wp-json\/wp\/v2\/product"}],"about":[{"href":"https:\/\/mj-clothing.com\/sl\/wp-json\/wp\/v2\/types\/product"}],"wp:featuredmedia":[{"embeddable":true,"href":"https:\/\/mj-clothing.com\/sl\/wp-json\/wp\/v2\/media\/1803"}],"wp:attachment":[{"href":"https:\/\/mj-clothing.com\/sl\/wp-json\/wp\/v2\/media?parent=1802"}],"wp:term":[{"taxonomy":"product_brand","embeddable":true,"href":"https:\/\/mj-clothing.com\/sl\/wp-json\/wp\/v2\/product_brand?post=1802"},{"taxonomy":"product_cat","embeddable":true,"href":"https:\/\/mj-clothing.com\/sl\/wp-json\/wp\/v2\/product_cat?post=1802"},{"taxonomy":"product_tag","embeddable":true,"href":"https:\/\/mj-clothing.com\/sl\/wp-json\/wp\/v2\/product_tag?post=1802"}],"curies":[{"name":"wp","href":"https:\/\/api.w.org\/{rel}","templated":true}]}}