{"id":1804,"date":"2024-12-14T06:55:24","date_gmt":"2024-12-14T06:55:24","guid":{"rendered":"https:\/\/mj-clothing.com\/?post_type=product&#038;p=1804"},"modified":"2024-12-17T06:56:31","modified_gmt":"2024-12-17T06:56:31","slug":"mens-cashmere-sweater","status":"publish","type":"product","link":"https:\/\/mj-clothing.com\/sl\/manufacturer\/mens-cashmere-sweater\/","title":{"rendered":"Mo\u0161ki pulover iz ka\u0161mirja"},"content":{"rendered":"<p data-sourcepos=\"1:1-1:177\"><span class=\"citation-0 recitation citation-end-0\">Mo\u0161ki pulover iz ka\u0161mirja je razko\u0161en in brez\u010dasen kos obla\u010dila, ki zagotavlja neprimerljivo udobje in toploto.<\/span> Tukaj so razlogi, zakaj bi morali razmisliti o investiciji vanj:<span class=\"button-container hide-from-message-actions ng-star-inserted\"> \u00a0<\/span><\/p>\n<div class=\"container ng-tns-c2946245707-329 hide\">\n<div class=\"carousel-container ng-tns-c2946245707-329\">\n<div class=\"carousel-content ng-tns-c2946245707-329\">\n<div class=\"sources-carousel-source ng-tns-c2946245707-329 hide ng-star-inserted\" data-test-id=\"sources-carousel-source\"><\/div>\n<\/div>\n<\/div>\n<\/div>\n<h3 data-sourcepos=\"3:1-3:34\"><strong>Zakaj izbrati mo\u0161ki pulover iz ka\u0161mirja?<\/strong><\/h3>\n<ul data-sourcepos=\"5:1-9:0\">\n<li data-sourcepos=\"5:1-5:124\"><strong><span class=\"citation-1 recitation\">Izjemna mehkoba:<\/span><\/strong><span class=\"citation-1 recitation citation-end-1\"> Ka\u0161mir je znan po svoji neverjetno mehki teksturi, zato ga je prijetno nositi.<\/span><\/li>\n<li data-sourcepos=\"5:1-5:124\"><span class=\"button-container hide-from-message-actions ng-star-inserted\"><strong style=\"font-size: 14.4px;\"><span class=\"citation-2 recitation\">Vrhunska toplota:<\/span><\/strong><span class=\"citation-2 recitation citation-end-2\" style=\"font-size: 14.4px;\"> Kljub svoji lahkotnosti ka\u0161mir zagotavlja odli\u010dno izolacijo, zato vam bo v hladnem vremenu toplo.<\/span><\/span>\n<div class=\"container ng-tns-c2946245707-331 hide\">\n<div class=\"carousel-container ng-tns-c2946245707-331\"><\/div>\n<\/div>\n<\/li>\n<li data-sourcepos=\"7:1-7:122\"><strong>Trajnost:<\/strong> <span class=\"citation-3 recitation citation-end-3\">Visokokakovostni ka\u0161mir je presenetljivo trpe\u017een in lahko ob ustrezni negi zdr\u017ei ve\u010d let.<\/span><span class=\"button-container hide-from-message-actions ng-star-inserted\">\u00a0<\/span>\n<div class=\"container ng-tns-c2946245707-332 hide\">\n<div class=\"carousel-container ng-tns-c2946245707-332\"><\/div>\n<\/div>\n<\/li>\n<li data-sourcepos=\"8:1-9:0\"><strong><span class=\"citation-4 recitation\">Hipoalergeni:<\/span><\/strong><span class=\"citation-4 recitation citation-end-4\"> Ka\u0161mir je hipoalergeni, zato je primeren za osebe z ob\u010dutljivo ko\u017eo.<\/span><span class=\"button-container hide-from-message-actions ng-star-inserted\">\u00a0<\/span>\n<div class=\"container ng-tns-c2946245707-333 hide\">\n<div class=\"carousel-container ng-tns-c2946245707-333\">\n<div class=\"carousel-content ng-tns-c2946245707-333\">\n<div class=\"sources-carousel-source ng-tns-c2946245707-333 hide ng-star-inserted\" data-test-id=\"sources-carousel-source\"><\/div>\n<\/div>\n<\/div>\n<\/div>\n<\/li>\n<\/ul>\n<h3 data-sourcepos=\"10:1-10:36\"><strong>Kako oblikovati mo\u0161ki pulover iz ka\u0161mirja:<\/strong><\/h3>\n<ul data-sourcepos=\"12:1-15:0\">\n<li data-sourcepos=\"12:1-12:77\">\n<h3><strong>Prilo\u017enostno:<\/strong> Zdru\u017eite jo s kavbojkami, majico in \u0161portnimi copati za spro\u0161\u010den videz.<\/h3>\n<\/li>\n<li data-sourcepos=\"13:1-13:96\"><strong>Smart Casual:<\/strong> Nosite jo s hla\u010dami chinos, srajco z gumbi in mokasini za uglajeno obleko.<\/li>\n<li data-sourcepos=\"14:1-15:0\"><strong>Formalno:<\/strong> Za prefinjen videz jo prekrijte s srajco in kravato.<\/li>\n<\/ul>\n<h3 data-sourcepos=\"16:1-16:42\"><strong>Kje najti mo\u0161ke puloverje iz ka\u0161mirja:<\/strong><\/h3>\n<ul data-sourcepos=\"18:1-21:0\">\n<li data-sourcepos=\"18:1-18:90\"><strong>Visokokakovostne veleblagovnice:<\/strong> Poi\u0161\u010dite luksuzne blagovne znamke, ki so specializirane za fine pletenine.<\/li>\n<li data-sourcepos=\"19:1-19:132\"><strong><span class=\"citation-5 recitation\">Spletni trgovci na drobno:<\/span><\/strong><span class=\"citation-5 recitation citation-end-5\"> Spletna mesta, kot so Amazon, Etsy in drugi spletni trgovci, ponujajo \u0161iroko paleto puloverjev iz ka\u0161mirja.<\/span><\/li>\n<li data-sourcepos=\"19:1-19:132\"><strong style=\"font-size: 14.4px;\">Specializirane trgovine:<\/strong><span style=\"font-size: 14.4px;\"> V trgovinah, ki so specializirane za luksuzna vlakna in trajnostno modo, lahko najdete puloverje iz ka\u0161mirja.<\/span><\/li>\n<\/ul>\n<h3 data-sourcepos=\"22:1-22:41\"><strong>Nasveti za izbiro mo\u0161kega puloverja iz ka\u0161mirja:<\/strong><\/h3>\n<ul data-sourcepos=\"24:1-28:0\">\n<li data-sourcepos=\"24:1-24:94\"><strong>Kakovost:<\/strong> Poi\u0161\u010dite visokokakovosten ka\u0161mir, ki je mehak, gladek in brez nepravilnosti.<\/li>\n<li data-sourcepos=\"25:1-25:95\"><strong>Te\u017ea:<\/strong> Upo\u0161tevajte te\u017eo puloverja, saj bodo te\u017eji puloverji zagotavljali ve\u010d toplote.<\/li>\n<li data-sourcepos=\"26:1-26:72\"><strong>Prileganje:<\/strong> Izberite pulover, ki se dobro prilega in laska va\u0161i postavi.<\/li>\n<li data-sourcepos=\"27:1-28:0\"><strong>Slog:<\/strong> Izberite slog, ki ustreza va\u0161emu osebnemu okusu, naj bo to vrat s posadko, vrat v obliki \u010drke V ali rolo.<\/li>\n<\/ul>\n<h4 data-sourcepos=\"29:1-29:37\"><strong>Skrb za pulover iz ka\u0161mirja:<\/strong><\/h4>\n<ul data-sourcepos=\"31:1-34:0\">\n<li data-sourcepos=\"31:1-31:50\">Ro\u010dno pranje v hladni vodi z ne\u017enim detergentom.<\/li>\n<li data-sourcepos=\"32:1-32:31\">Su\u0161ite v ravnem polo\u017eaju, da se ne raztegnejo.<\/li>\n<li data-sourcepos=\"33:1-34:0\">Shranjujte v hladnem in suhem prostoru, stran od neposredne son\u010dne svetlobe.<\/li>\n<\/ul>\n<p data-sourcepos=\"35:1-35:144\">Z nalo\u017ebo v visokokakovostni pulover iz ka\u0161mirja ne boste dobili le elegantnega in udobnega obla\u010dila, temve\u010d tudi kos brez\u010dasnega razko\u0161ja.<\/p>\n<div class=\"attachment-container search-images\">\n<div class=\"image-container hide-from-message-actions ng-star-inserted\">\n<div class=\"overlay-container ng-star-inserted\"><\/div>\n<\/div>\n<\/div>","protected":false},"excerpt":{"rendered":"<table style=\"height: 529px;\" width=\"500\">\n<tbody>\n<tr>\n<td width=\"146\"><strong><b>Izdelek<\/b><\/strong>\u00a0<strong><b>Ime:<\/b><\/strong><\/td>\n<td width=\"601\"><strong>Mo\u0161ki pulover iz ka\u0161mirja<\/strong><\/td>\n<\/tr>\n<tr>\n<td width=\"146\"><strong><b>Materlal:<\/b><\/strong><\/td>\n<td width=\"601\">Poliester\/bomba\u017e<\/td>\n<\/tr>\n<tr>\n<td width=\"146\"><strong><b>Tehnika:<\/b><\/strong><\/td>\n<td width=\"601\">Tkanje<\/td>\n<\/tr>\n<tr>\n<td width=\"146\"><strong><b>Slog:<\/b><\/strong><\/td>\n<td width=\"601\">Prilo\u017enostno<\/td>\n<\/tr>\n<tr>\n<td width=\"146\"><strong><b>Barva<\/b><\/strong><strong><b>:<\/b><\/strong><\/td>\n<td width=\"601\">\u00a0Barve po meri<\/td>\n<\/tr>\n<tr>\n<td width=\"146\"><strong><b>Velikost:<\/b><\/strong><\/td>\n<td width=\"601\">S \/M \/L \/XL \/2XL<\/td>\n<\/tr>\n<tr>\n<td width=\"146\"><strong><b>OEM\/ODM:<\/b><\/strong><\/td>\n<td width=\"601\">Sprejemljivo<\/td>\n<\/tr>\n<tr>\n<td width=\"146\"><strong><b>Kakovost:<\/b><\/strong><\/td>\n<td width=\"601\">100% Visoka kakovost<\/td>\n<\/tr>\n<tr>\n<td width=\"146\"><strong><b>M<\/b><\/strong><strong><b>OQ:<\/b><\/strong><\/td>\n<td width=\"601\">200 kosov<\/td>\n<\/tr>\n<\/tbody>\n<\/table>","protected":false},"featured_media":1805,"template":"","meta":[],"product_brand":[],"product_cat":[38],"product_tag":[],"class_list":{"0":"post-1804","1":"product","2":"type-product","3":"status-publish","4":"has-post-thumbnail","6":"product_cat-mens-clothing","8":"first","9":"instock","10":"shipping-taxable","11":"product-type-simple"},"_links":{"self":[{"href":"https:\/\/mj-clothing.com\/sl\/wp-json\/wp\/v2\/product\/1804","targetHints":{"allow":["GET"]}}],"collection":[{"href":"https:\/\/mj-clothing.com\/sl\/wp-json\/wp\/v2\/product"}],"about":[{"href":"https:\/\/mj-clothing.com\/sl\/wp-json\/wp\/v2\/types\/product"}],"wp:featuredmedia":[{"embeddable":true,"href":"https:\/\/mj-clothing.com\/sl\/wp-json\/wp\/v2\/media\/1805"}],"wp:attachment":[{"href":"https:\/\/mj-clothing.com\/sl\/wp-json\/wp\/v2\/media?parent=1804"}],"wp:term":[{"taxonomy":"product_brand","embeddable":true,"href":"https:\/\/mj-clothing.com\/sl\/wp-json\/wp\/v2\/product_brand?post=1804"},{"taxonomy":"product_cat","embeddable":true,"href":"https:\/\/mj-clothing.com\/sl\/wp-json\/wp\/v2\/product_cat?post=1804"},{"taxonomy":"product_tag","embeddable":true,"href":"https:\/\/mj-clothing.com\/sl\/wp-json\/wp\/v2\/product_tag?post=1804"}],"curies":[{"name":"wp","href":"https:\/\/api.w.org\/{rel}","templated":true}]}}