{"id":1806,"date":"2024-12-14T06:59:55","date_gmt":"2024-12-14T06:59:55","guid":{"rendered":"https:\/\/mj-clothing.com\/?post_type=product&#038;p=1806"},"modified":"2024-12-17T06:54:59","modified_gmt":"2024-12-17T06:54:59","slug":"mens-slim-fit-sweater","status":"publish","type":"product","link":"https:\/\/mj-clothing.com\/sl\/manufacturer\/mens-slim-fit-sweater\/","title":{"rendered":"Mo\u0161ki pulover Slim Fit"},"content":{"rendered":"<p data-sourcepos=\"1:1-1:224\"><span class=\"citation-0 recitation citation-end-0\">Mo\u0161ki pulover slim fit je vsestranski kos obla\u010dila, ki ponuja eleganten in sodoben videz.<\/span> <span class=\"citation-1 recitation citation-end-1\">Zasnovana je tako, da se prilega telesu, poudari va\u0161o postavo ter zagotavlja udobje in toploto.<\/span><\/p>\n<h3 data-sourcepos=\"1:1-1:224\"><strong>\u00a0 \u00a0 Zakaj izbrati mo\u0161ki pulover Slim Fit?<\/strong><\/h3>\n<ul data-sourcepos=\"5:1-9:0\">\n<li data-sourcepos=\"5:1-5:95\"><strong><span class=\"citation-2 recitation\">Elegantno in sodobno:<\/span><\/strong><span class=\"citation-2 recitation citation-end-2\"> Pulover ozkega kroja je sodobnega in elegantnega videza.<\/span>\n<div class=\"container ng-tns-c2946245707-350 hide\">\n<div class=\"carousel-container ng-tns-c2946245707-350\"><\/div>\n<\/div>\n<\/li>\n<li data-sourcepos=\"6:1-6:103\"><strong>Prilagajanje:<\/strong> Z njim lahko poudarite svojo postavo in oblikujete vitkej\u0161o silhueto.<\/li>\n<li data-sourcepos=\"7:1-7:89\"><strong>Vsestranskost:<\/strong> Lahko jo oble\u010dete navzgor ali navzdol, zato je kot nala\u0161\u010d za razli\u010dne prilo\u017enosti.<\/li>\n<li data-sourcepos=\"8:1-9:0\"><strong>Udobje:<\/strong> Kljub vpadljivemu slogu je lahko dobro izdelan pulover vitkega kroja neverjetno udoben.<\/li>\n<\/ul>\n<h3 data-sourcepos=\"10:1-10:36\"><strong>Kako oblikovati mo\u0161ki pulover Slim Fit:<\/strong><\/h3>\n<ul data-sourcepos=\"12:1-15:0\">\n<li data-sourcepos=\"12:1-12:77\"><strong>Prilo\u017enostno:<\/strong> Zdru\u017eite jo s kavbojkami, majico in \u0161portnimi copati za spro\u0161\u010den videz.<\/li>\n<li data-sourcepos=\"13:1-13:96\"><strong>Smart Casual:<\/strong> Nosite jo s hla\u010dami chinos, srajco z gumbi in mokasini za uglajeno obleko.<\/li>\n<li data-sourcepos=\"14:1-15:0\"><strong>Formalno:<\/strong> Za prefinjen videz jo prekrijte s srajco in kravato.<\/li>\n<\/ul>\n<h3 data-sourcepos=\"16:1-16:41\"><strong>Nasveti za izbiro mo\u0161kega puloverja Slim Fit:<\/strong><\/h3>\n<ul data-sourcepos=\"18:1-22:0\">\n<li data-sourcepos=\"18:1-18:164\"><strong>Material:<\/strong> Upo\u0161tevajte material, saj bo vplival na toploto, udobje in trpe\u017enost puloverja. <span class=\"citation-3 recitation citation-end-3\">Priljubljene so volna, ka\u0161mir in bomba\u017e.<\/span><\/li>\n<li data-sourcepos=\"18:1-18:164\"><strong style=\"font-size: 14.4px;\">Prileganje:<\/strong><span style=\"font-size: 14.4px;\"> Prepri\u010dajte se, da se pulover dobro prilega, da ni pretesen ali preohlapen.<\/span><\/li>\n<li data-sourcepos=\"20:1-20:103\"><strong>Slog:<\/strong> Izberite slog, ki ustreza va\u0161emu okusu, kot so vrat, V-izrez ali rolo.<\/li>\n<li data-sourcepos=\"21:1-22:0\"><strong>Barva:<\/strong> Upo\u0161tevajte barvo in vzorec puloverja, ki dopolnjuje va\u0161o garderobo.<\/li>\n<\/ul>\n<p data-sourcepos=\"23:1-23:96\"><strong>Ne pozabite:<\/strong> Dobro prilegajo\u010d se pulover vitkega kroja lahko izbolj\u0161a va\u0161 slog in poskrbi, da boste videti najbolje.<\/p>","protected":false},"excerpt":{"rendered":"<table style=\"height: 520px;\" width=\"518\">\n<tbody>\n<tr>\n<td width=\"146\"><strong><b>Izdelek<\/b><\/strong>\u00a0<strong><b>Ime:<\/b><\/strong><\/td>\n<td width=\"601\"><strong>Mo\u0161ki pulover Slim Fit<\/strong><\/td>\n<\/tr>\n<tr>\n<td width=\"146\"><strong><b>Materlal:<\/b><\/strong><\/td>\n<td width=\"601\">Poliester\/bomba\u017e<\/td>\n<\/tr>\n<tr>\n<td width=\"146\"><strong><b>Tehnika:<\/b><\/strong><\/td>\n<td width=\"601\">Tkanje<\/td>\n<\/tr>\n<tr>\n<td width=\"146\"><strong><b>Slog:<\/b><\/strong><\/td>\n<td width=\"601\">Prilo\u017enostno<\/td>\n<\/tr>\n<tr>\n<td width=\"146\"><strong><b>Barva<\/b><\/strong><strong><b>:<\/b><\/strong><\/td>\n<td width=\"601\">\u00a0Barve po meri<\/td>\n<\/tr>\n<tr>\n<td width=\"146\"><strong><b>Velikost:<\/b><\/strong><\/td>\n<td width=\"601\">S \/M \/L \/XL \/2XL<\/td>\n<\/tr>\n<tr>\n<td width=\"146\"><strong><b>OEM\/ODM:<\/b><\/strong><\/td>\n<td width=\"601\">Sprejemljivo<\/td>\n<\/tr>\n<tr>\n<td width=\"146\"><strong><b>Kakovost:<\/b><\/strong><\/td>\n<td width=\"601\">100% Visoka kakovost<\/td>\n<\/tr>\n<tr>\n<td width=\"146\"><strong><b>M<\/b><\/strong><strong><b>OQ:<\/b><\/strong><\/td>\n<td width=\"601\">200 kosov<\/td>\n<\/tr>\n<\/tbody>\n<\/table>","protected":false},"featured_media":1807,"template":"","meta":[],"product_brand":[],"product_cat":[38],"product_tag":[],"class_list":{"0":"post-1806","1":"product","2":"type-product","3":"status-publish","4":"has-post-thumbnail","6":"product_cat-mens-clothing","8":"first","9":"instock","10":"shipping-taxable","11":"product-type-simple"},"_links":{"self":[{"href":"https:\/\/mj-clothing.com\/sl\/wp-json\/wp\/v2\/product\/1806","targetHints":{"allow":["GET"]}}],"collection":[{"href":"https:\/\/mj-clothing.com\/sl\/wp-json\/wp\/v2\/product"}],"about":[{"href":"https:\/\/mj-clothing.com\/sl\/wp-json\/wp\/v2\/types\/product"}],"wp:featuredmedia":[{"embeddable":true,"href":"https:\/\/mj-clothing.com\/sl\/wp-json\/wp\/v2\/media\/1807"}],"wp:attachment":[{"href":"https:\/\/mj-clothing.com\/sl\/wp-json\/wp\/v2\/media?parent=1806"}],"wp:term":[{"taxonomy":"product_brand","embeddable":true,"href":"https:\/\/mj-clothing.com\/sl\/wp-json\/wp\/v2\/product_brand?post=1806"},{"taxonomy":"product_cat","embeddable":true,"href":"https:\/\/mj-clothing.com\/sl\/wp-json\/wp\/v2\/product_cat?post=1806"},{"taxonomy":"product_tag","embeddable":true,"href":"https:\/\/mj-clothing.com\/sl\/wp-json\/wp\/v2\/product_tag?post=1806"}],"curies":[{"name":"wp","href":"https:\/\/api.w.org\/{rel}","templated":true}]}}