{"id":1809,"date":"2024-12-14T07:05:10","date_gmt":"2024-12-14T07:05:10","guid":{"rendered":"https:\/\/mj-clothing.com\/?post_type=product&#038;p=1809"},"modified":"2024-12-17T06:53:15","modified_gmt":"2024-12-17T06:53:15","slug":"mens-quilted-sweater","status":"publish","type":"product","link":"https:\/\/mj-clothing.com\/sl\/manufacturer\/mens-quilted-sweater\/","title":{"rendered":"Mo\u0161ki pre\u0161iti pulover"},"content":{"rendered":"<p data-sourcepos=\"1:1-1:189\"><span class=\"citation-0 recitation citation-end-0\">Mo\u0161ki pre\u0161iti pulover je eleganten in funkcionalen kos obla\u010dila, ki zagotavlja toploto in edinstveno estetiko.<\/span> Tukaj je razlog, zakaj bi lahko razmislili o tem, da bi ga dodali v svojo garderobo:<span class=\"button-container hide-from-message-actions ng-star-inserted\"> \u00a0<\/span><\/p>\n<h3 data-sourcepos=\"3:1-3:33\"><strong>\u00a0 Zakaj izbrati mo\u0161ki pre\u0161iti pulover?<\/strong><\/h3>\n<ul data-sourcepos=\"5:1-9:0\">\n<li data-sourcepos=\"5:1-5:139\"><strong>Toplota in udobje:<\/strong> <span class=\"citation-1 recitation citation-end-1\">Pre\u0161ita zasnova zadr\u017euje zrak, zagotavlja odli\u010dno izolacijo in vas greje v hladnej\u0161em vremenu.<\/span><span class=\"button-container hide-from-message-actions ng-star-inserted\"> \u00a0<\/span>\n<div class=\"container ng-tns-c2946245707-367 hide\">\n<div class=\"carousel-container ng-tns-c2946245707-367\"><\/div>\n<\/div>\n<\/li>\n<li data-sourcepos=\"6:1-6:129\"><strong>Stil in vsestranskost:<\/strong> <span class=\"citation-2 recitation citation-end-2\">Pre\u0161ite puloverje lahko oble\u010dete navzgor ali navzdol, zato so primerni za razli\u010dne prilo\u017enosti.<\/span><\/li>\n<li data-sourcepos=\"6:1-6:129\"><strong style=\"font-size: 14.4px;\">Edinstvena estetika:<\/strong><span style=\"font-size: 14.4px;\"> Pre\u0161iti vzorec doda vizualno zanimivost in teksturo va\u0161i obleki.<\/span><\/li>\n<li data-sourcepos=\"8:1-9:0\"><strong>Trajnost:<\/strong> <span class=\"citation-3 recitation citation-end-3\">Pre\u0161iti puloverji so pogosto izdelani iz trpe\u017enih materialov, zato so odporni na redno obrabo.<\/span><span class=\"button-container hide-from-message-actions ng-star-inserted\">\u00a0<\/span>\n<div class=\"container ng-tns-c2946245707-369 hide\">\n<div class=\"carousel-container ng-tns-c2946245707-369\">\n<div class=\"carousel-content ng-tns-c2946245707-369\">\n<div class=\"sources-carousel-source ng-tns-c2946245707-369 hide ng-star-inserted\" data-test-id=\"sources-carousel-source\"><\/div>\n<\/div>\n<\/div>\n<\/div>\n<\/li>\n<\/ul>\n<h3 data-sourcepos=\"10:1-10:35\"><strong>Kako oblikovati mo\u0161ki pre\u0161iti pulover:<\/strong><\/h3>\n<ul data-sourcepos=\"12:1-15:0\">\n<li data-sourcepos=\"12:1-12:77\"><strong>Prilo\u017enostno:<\/strong> Zdru\u017eite jo s kavbojkami, majico in \u0161portnimi copati za spro\u0161\u010den videz.<\/li>\n<li data-sourcepos=\"13:1-13:96\"><strong>Smart Casual:<\/strong> Nosite jo s hla\u010dami chinos, srajco z gumbi in mokasini za uglajeno obleko.<\/li>\n<li data-sourcepos=\"14:1-15:0\"><strong>Dejavnosti na prostem:<\/strong> Za dodatno toploto med pustolov\u0161\u010dinami na prostem jo lahko oble\u010dete \u010dez flis ali jopico s kapuco.<\/li>\n<\/ul>\n<h3 data-sourcepos=\"16:1-16:41\"><strong>Kje najti mo\u0161ke pre\u0161ite puloverje:<\/strong><\/h3>\n<ul data-sourcepos=\"18:1-21:0\">\n<li data-sourcepos=\"18:1-18:86\"><strong>Trgovine:<\/strong> Poi\u0161\u010dite blagovne znamke, ki ponujajo razli\u010dne sloge in materiale.<\/li>\n<li data-sourcepos=\"19:1-19:131\"><strong><span class=\"citation-4 recitation\">Spletni trgovci na drobno:<\/span><\/strong><span class=\"citation-4 recitation citation-end-4\"> Spletna mesta, kot so Amazon, eBay in drugi spletni trgovci, ponujajo \u0161iroko paleto pre\u0161itih puloverjev.<\/span><span class=\"button-container hide-from-message-actions ng-star-inserted\">\u00a0<\/span>\n<div class=\"container ng-tns-c2946245707-370 hide\">\n<div class=\"carousel-container ng-tns-c2946245707-370\">\n<div class=\"carousel-content ng-tns-c2946245707-370\">\n<div class=\"sources-carousel-source ng-tns-c2946245707-370 hide ng-star-inserted\" data-test-id=\"sources-carousel-source\"><\/div>\n<\/div>\n<\/div>\n<\/div>\n<\/li>\n<li data-sourcepos=\"20:1-21:0\"><strong>Trgovine z obla\u010dili na prostem:<\/strong> V trgovinah, specializiranih za opremo za aktivnosti na prostem, so pogosto na voljo pre\u0161iti puloverji, namenjeni dolo\u010denim dejavnostim.<\/li>\n<\/ul>\n<h3 data-sourcepos=\"22:1-22:40\"><strong>Nasveti za izbiro pre\u0161itega puloverja:<\/strong><\/h3>\n<ul data-sourcepos=\"24:1-28:0\">\n<li data-sourcepos=\"24:1-24:169\"><strong>Material:<\/strong> Upo\u0161tevajte material odeje, saj bo vplival na toploto in trpe\u017enost puloverja. Volna, flis in sinteti\u010dni materiali so pogosta izbira.<\/li>\n<li data-sourcepos=\"25:1-25:70\"><strong>Prileganje:<\/strong> Izberite pulover, ki se dobro prilega in je udoben za no\u0161enje.<\/li>\n<li data-sourcepos=\"26:1-26:102\"><strong>Slog:<\/strong> Izberite slog, ki ustreza va\u0161emu osebnemu okusu, na primer s polnim ali polovi\u010dnim zadrganjem ali puloverjem.<\/li>\n<li data-sourcepos=\"27:1-28:0\"><strong>Barva in vzorec:<\/strong> Razmislite o barvi in vzorcu odeje, ki dopolnjuje va\u0161o garderobo.<\/li>\n<\/ul>\n<p data-sourcepos=\"29:1-29:193\">Z nalo\u017ebo v visokokakovostni pre\u0161iti pulover ne boste dobili le elegantnega in funkcionalnega obla\u010dila, temve\u010d tudi kos obla\u010dila, ki vam bo zagotavljal toploto in udobje \u0161e dolga leta.<\/p>","protected":false},"excerpt":{"rendered":"<table style=\"height: 486px;\" width=\"466\">\n<tbody>\n<tr>\n<td width=\"146\"><strong><b>Izdelek<\/b><\/strong>\u00a0<strong><b>Ime:<\/b><\/strong><\/td>\n<td width=\"601\"><strong>Mo\u0161ki pre\u0161iti pulover<\/strong><\/td>\n<\/tr>\n<tr>\n<td width=\"146\"><strong><b>Materlal:<\/b><\/strong><\/td>\n<td width=\"601\">Poliester\/bomba\u017e<\/td>\n<\/tr>\n<tr>\n<td width=\"146\"><strong><b>Tehnika:<\/b><\/strong><\/td>\n<td width=\"601\">Tkanje<\/td>\n<\/tr>\n<tr>\n<td width=\"146\"><strong><b>Slog:<\/b><\/strong><\/td>\n<td width=\"601\">Prilo\u017enostno<\/td>\n<\/tr>\n<tr>\n<td width=\"146\"><strong><b>Barva<\/b><\/strong><strong><b>:<\/b><\/strong><\/td>\n<td width=\"601\">\u00a0Barve po meri<\/td>\n<\/tr>\n<tr>\n<td width=\"146\"><strong><b>Velikost:<\/b><\/strong><\/td>\n<td width=\"601\">S \/M \/L \/XL \/2XL<\/td>\n<\/tr>\n<tr>\n<td width=\"146\"><strong><b>OEM\/ODM:<\/b><\/strong><\/td>\n<td width=\"601\">Sprejemljivo<\/td>\n<\/tr>\n<tr>\n<td width=\"146\"><strong><b>Kakovost:<\/b><\/strong><\/td>\n<td width=\"601\">100% Visoka kakovost<\/td>\n<\/tr>\n<tr>\n<td width=\"146\"><strong><b>M<\/b><\/strong><strong><b>OQ:<\/b><\/strong><\/td>\n<td width=\"601\">200 kosov<\/td>\n<\/tr>\n<\/tbody>\n<\/table>","protected":false},"featured_media":1810,"template":"","meta":[],"product_brand":[],"product_cat":[38],"product_tag":[],"class_list":{"0":"post-1809","1":"product","2":"type-product","3":"status-publish","4":"has-post-thumbnail","6":"product_cat-mens-clothing","8":"first","9":"instock","10":"shipping-taxable","11":"product-type-simple"},"_links":{"self":[{"href":"https:\/\/mj-clothing.com\/sl\/wp-json\/wp\/v2\/product\/1809","targetHints":{"allow":["GET"]}}],"collection":[{"href":"https:\/\/mj-clothing.com\/sl\/wp-json\/wp\/v2\/product"}],"about":[{"href":"https:\/\/mj-clothing.com\/sl\/wp-json\/wp\/v2\/types\/product"}],"wp:featuredmedia":[{"embeddable":true,"href":"https:\/\/mj-clothing.com\/sl\/wp-json\/wp\/v2\/media\/1810"}],"wp:attachment":[{"href":"https:\/\/mj-clothing.com\/sl\/wp-json\/wp\/v2\/media?parent=1809"}],"wp:term":[{"taxonomy":"product_brand","embeddable":true,"href":"https:\/\/mj-clothing.com\/sl\/wp-json\/wp\/v2\/product_brand?post=1809"},{"taxonomy":"product_cat","embeddable":true,"href":"https:\/\/mj-clothing.com\/sl\/wp-json\/wp\/v2\/product_cat?post=1809"},{"taxonomy":"product_tag","embeddable":true,"href":"https:\/\/mj-clothing.com\/sl\/wp-json\/wp\/v2\/product_tag?post=1809"}],"curies":[{"name":"wp","href":"https:\/\/api.w.org\/{rel}","templated":true}]}}