{"id":1813,"date":"2024-12-14T07:39:40","date_gmt":"2024-12-14T07:39:40","guid":{"rendered":"https:\/\/mj-clothing.com\/?post_type=product&#038;p=1813"},"modified":"2024-12-17T06:49:41","modified_gmt":"2024-12-17T06:49:41","slug":"flannel-lined-jacket","status":"publish","type":"product","link":"https:\/\/mj-clothing.com\/sl\/manufacturer\/flannel-lined-jacket\/","title":{"rendered":"Jakna s flanelno podlogo"},"content":{"rendered":"<h2 data-sourcepos=\"1:1-1:46\">Mo\u0161ke jakne s flanelno podlogo: Prijetna klasika: feljtonske jakne: udobna klasika<\/h2>\n<p data-sourcepos=\"3:1-3:223\"><span class=\"citation-0 recitation citation-end-0\">Jakna s flanelno podlogo je klasi\u010den kos vrhnjega obla\u010dila, ki zagotavlja toploto, udobje in slog.<\/span> Odli\u010dna je za hladne jesenske in zimske dni, ko potrebujete nekaj dodatne toplote, ne da bi pri tem \u017ertvovali slog.<\/p>\n<p data-sourcepos=\"3:1-3:223\"><strong>\u00a0 \u00a0 \u00a0Zakaj izbrati jakno s flanelno podlogo?<\/strong><\/p>\n<ul data-sourcepos=\"7:1-11:0\">\n<li data-sourcepos=\"7:1-7:103\"><strong>Toplota:<\/strong> <span class=\"citation-1 recitation citation-end-1\">Flanelna podloga zagotavlja odli\u010dno izolacijo, zato vam bo toplo in prijetno.<\/span><span class=\"button-container hide-from-message-actions ng-star-inserted\">\u00a0<\/span>\n<div class=\"container ng-tns-c2946245707-430 hide\">\n<div class=\"carousel-container ng-tns-c2946245707-430\"><\/div>\n<\/div>\n<\/li>\n<li data-sourcepos=\"8:1-8:103\"><strong>Udobje:<\/strong> <span class=\"citation-2 recitation citation-end-2\">Flanel je mehka in udobna tkanina, ki se odli\u010dno prilega ko\u017ei.<\/span><span class=\"button-container hide-from-message-actions ng-star-inserted\"> \u00a0<\/span>\n<div class=\"container ng-tns-c2946245707-431 hide\">\n<div class=\"carousel-container ng-tns-c2946245707-431\"><\/div>\n<\/div>\n<\/li>\n<li data-sourcepos=\"9:1-9:119\"><strong>Slog:<\/strong> <span class=\"citation-3 recitation citation-end-3\">Jakne s flanelno podlogo lahko oble\u010dete navzgor ali navzdol, zato so vsestransko uporabne za razli\u010dne prilo\u017enosti.<\/span><span class=\"button-container hide-from-message-actions ng-star-inserted\"> \u00a0<\/span>\n<div class=\"container ng-tns-c2946245707-432 hide\">\n<div class=\"carousel-container ng-tns-c2946245707-432\"><\/div>\n<\/div>\n<\/li>\n<li data-sourcepos=\"10:1-11:0\"><strong><span class=\"citation-4 recitation\">Trajnost:<\/span><\/strong><span class=\"citation-4 recitation citation-end-4\"> Flanel je trpe\u017ena tkanina, ki je odporna na redno obrabo.<\/span><span class=\"button-container hide-from-message-actions ng-star-inserted\">\u00a0<\/span>\n<div class=\"container ng-tns-c2946245707-433 hide\">\n<div class=\"carousel-container ng-tns-c2946245707-433\">\n<div class=\"carousel-content ng-tns-c2946245707-433\">\n<div class=\"sources-carousel-source ng-tns-c2946245707-433 hide ng-star-inserted\" data-test-id=\"sources-carousel-source\"><\/div>\n<\/div>\n<\/div>\n<\/div>\n<\/li>\n<\/ul>\n<p data-sourcepos=\"12:1-12:40\"><strong>Kako oblikovati jakno s flanelno podlogo:<\/strong><\/p>\n<ul data-sourcepos=\"14:1-17:0\">\n<li data-sourcepos=\"14:1-14:77\"><strong>Prilo\u017enostno:<\/strong> Zdru\u017eite jo s kavbojkami, majico in \u0161portnimi copati za spro\u0161\u010den videz.<\/li>\n<li data-sourcepos=\"15:1-15:96\"><strong>Smart Casual:<\/strong> Nosite jo s hla\u010dami chinos, srajco z gumbi in mokasini za uglajeno obleko.<\/li>\n<li data-sourcepos=\"16:1-17:0\"><strong>Dejavnosti na prostem:<\/strong> Za dodatno toploto med pustolov\u0161\u010dinami na prostem jo lahko oble\u010dete \u010dez flis ali jopico s kapuco.<\/li>\n<\/ul>\n<p data-sourcepos=\"18:1-18:46\"><strong>Kje najti mo\u0161ke jakne s flanelno podlogo:<\/strong><\/p>\n<ul data-sourcepos=\"20:1-23:0\">\n<li data-sourcepos=\"20:1-20:86\"><strong>Trgovine:<\/strong> Poi\u0161\u010dite blagovne znamke, ki ponujajo razli\u010dne sloge in materiale.<\/li>\n<li data-sourcepos=\"21:1-21:136\"><strong><span class=\"citation-5 recitation\">Spletni trgovci na drobno:<\/span><\/strong><span class=\"citation-5 recitation citation-end-5\"> Spletna mesta, kot so Amazon, eBay in drugi spletni trgovci na drobno, ponujajo \u0161iroko paleto jaken s flanelno podlogo.<\/span><span class=\"button-container hide-from-message-actions ng-star-inserted\">\u00a0<\/span>\n<div class=\"container ng-tns-c2946245707-434 hide\">\n<div class=\"carousel-container ng-tns-c2946245707-434\"><\/div>\n<\/div>\n<\/li>\n<li data-sourcepos=\"22:1-23:0\"><strong>Trgovine z obla\u010dili na prostem:<\/strong> V trgovinah, specializiranih za opremo za prosti \u010das, so pogosto na voljo jakne s flanelno podlogo, namenjene dolo\u010denim dejavnostim.<\/li>\n<\/ul>\n<p data-sourcepos=\"24:1-24:45\"><strong>Nasveti za izbiro jakne s flanelno podlogo:<\/strong><\/p>\n<ul data-sourcepos=\"26:1-30:0\">\n<li data-sourcepos=\"26:1-26:128\"><strong>Material:<\/strong> Upo\u0161tevajte te\u017eo in debelino flanelne podloge, saj to vpliva na toploto in udobje jakne.<\/li>\n<li data-sourcepos=\"27:1-27:69\"><strong>Prileganje:<\/strong> Izberite jakno, ki se dobro prilega in je udobna za no\u0161enje.<\/li>\n<li data-sourcepos=\"28:1-28:108\"><strong>Slog:<\/strong> Izberite slog, ki ustreza va\u0161emu osebnemu okusu, na primer bomber jakno, terensko jakno ali parko.<\/li>\n<li data-sourcepos=\"29:1-30:0\"><strong>Lastnosti:<\/strong> Upo\u0161tevajte dodatne funkcije, kot so \u017eepi, kapuca z vrvico ter rebrasta man\u0161eta in spodnji rob.<\/li>\n<\/ul>\n<p data-sourcepos=\"31:1-31:198\">Z nalo\u017ebo v visokokakovostno jakno s flanelno podlogo ne boste dobili le elegantnega in funkcionalnega obla\u010dila, temve\u010d tudi kos obla\u010dila, ki vam bo zagotavljal toploto in udobje \u0161e dolga leta.<\/p>","protected":false},"excerpt":{"rendered":"<table style=\"height: 478px;\" width=\"452\">\n<tbody>\n<tr>\n<td width=\"146\"><strong><b>Izdelek<\/b><\/strong>\u00a0<strong><b>Ime:<\/b><\/strong><\/td>\n<td width=\"601\"><strong>Jakna s flanelno podlogo<\/strong><\/td>\n<\/tr>\n<tr>\n<td width=\"146\"><strong><b>Materlal:<\/b><\/strong><\/td>\n<td width=\"601\">Poliester\/bomba\u017e<\/td>\n<\/tr>\n<tr>\n<td width=\"146\"><strong><b>Tehnika:<\/b><\/strong><\/td>\n<td width=\"601\">Navaden bomba\u017e<\/td>\n<\/tr>\n<tr>\n<td width=\"146\"><strong><b>Slog:<\/b><\/strong><\/td>\n<td width=\"601\">Prilo\u017enostno<\/td>\n<\/tr>\n<tr>\n<td width=\"146\"><strong><b>Barva<\/b><\/strong><strong><b>:<\/b><\/strong><\/td>\n<td width=\"601\">\u00a0Barve po meri<\/td>\n<\/tr>\n<tr>\n<td width=\"146\"><strong><b>Velikost:<\/b><\/strong><\/td>\n<td width=\"601\">S \/M \/L \/XL \/2XL<\/td>\n<\/tr>\n<tr>\n<td width=\"146\"><strong><b>OEM\/ODM:<\/b><\/strong><\/td>\n<td width=\"601\">Sprejemljivo<\/td>\n<\/tr>\n<tr>\n<td width=\"146\"><strong><b>Kakovost:<\/b><\/strong><\/td>\n<td width=\"601\">100% Visoka kakovost<\/td>\n<\/tr>\n<tr>\n<td width=\"146\"><strong><b>M<\/b><\/strong><strong><b>OQ:<\/b><\/strong><\/td>\n<td width=\"601\">200 kosov<\/td>\n<\/tr>\n<\/tbody>\n<\/table>","protected":false},"featured_media":1814,"template":"","meta":[],"product_brand":[],"product_cat":[38],"product_tag":[],"class_list":{"0":"post-1813","1":"product","2":"type-product","3":"status-publish","4":"has-post-thumbnail","6":"product_cat-mens-clothing","8":"first","9":"instock","10":"shipping-taxable","11":"product-type-simple"},"_links":{"self":[{"href":"https:\/\/mj-clothing.com\/sl\/wp-json\/wp\/v2\/product\/1813","targetHints":{"allow":["GET"]}}],"collection":[{"href":"https:\/\/mj-clothing.com\/sl\/wp-json\/wp\/v2\/product"}],"about":[{"href":"https:\/\/mj-clothing.com\/sl\/wp-json\/wp\/v2\/types\/product"}],"wp:featuredmedia":[{"embeddable":true,"href":"https:\/\/mj-clothing.com\/sl\/wp-json\/wp\/v2\/media\/1814"}],"wp:attachment":[{"href":"https:\/\/mj-clothing.com\/sl\/wp-json\/wp\/v2\/media?parent=1813"}],"wp:term":[{"taxonomy":"product_brand","embeddable":true,"href":"https:\/\/mj-clothing.com\/sl\/wp-json\/wp\/v2\/product_brand?post=1813"},{"taxonomy":"product_cat","embeddable":true,"href":"https:\/\/mj-clothing.com\/sl\/wp-json\/wp\/v2\/product_cat?post=1813"},{"taxonomy":"product_tag","embeddable":true,"href":"https:\/\/mj-clothing.com\/sl\/wp-json\/wp\/v2\/product_tag?post=1813"}],"curies":[{"name":"wp","href":"https:\/\/api.w.org\/{rel}","templated":true}]}}