{"id":1816,"date":"2024-12-14T07:48:01","date_gmt":"2024-12-14T07:48:01","guid":{"rendered":"https:\/\/mj-clothing.com\/?post_type=product&#038;p=1816"},"modified":"2024-12-17T06:46:30","modified_gmt":"2024-12-17T06:46:30","slug":"black-suede-jacket","status":"publish","type":"product","link":"https:\/\/mj-clothing.com\/sl\/manufacturer\/black-suede-jacket\/","title":{"rendered":"Jakna iz \u010drnega semi\u0161a"},"content":{"rendered":"<p data-sourcepos=\"1:1-1:164\">\u010crna jakna iz semi\u0161a je brez\u010dasen kos, ki lahko izbolj\u0161a vsako obleko. Je vsestranski kos, ki ga lahko oble\u010dete navzgor ali navzdol, zato ga morate imeti v vsaki garderobi.<\/p>\n<h3 data-sourcepos=\"3:1-3:36\"><strong>Zakaj izbrati \u010drno semi\u0161 jopico?<\/strong><\/h3>\n<ul data-sourcepos=\"5:1-9:0\">\n<li data-sourcepos=\"5:1-5:76\"><strong>Brez\u010dasen slog:<\/strong> \u010crni semi\u0161 je klasika, ki nikoli ne gre iz mode.<\/li>\n<li data-sourcepos=\"6:1-6:94\"><strong>Vsestranskost:<\/strong> Kombinirate jo lahko s kavbojkami, hla\u010dami ali celo z obleko za bolj formalen videz.<\/li>\n<li data-sourcepos=\"7:1-7:78\"><strong>Trajnost:<\/strong> Semi\u0161 je trpe\u017een material, ki je odporen na obrabo.<\/li>\n<li data-sourcepos=\"8:1-9:0\"><strong>Izrazito:<\/strong> \u010crni semi\u0161 doda pridih ostrine vsaki obleki.<\/li>\n<\/ul>\n<h3 data-sourcepos=\"10:1-10:38\"><strong>Kako stilirati \u010drno semi\u0161 jopico:<\/strong><\/h3>\n<ul data-sourcepos=\"12:1-16:0\">\n<li data-sourcepos=\"12:1-12:84\"><strong>Prilo\u017enostni videz:<\/strong> Zdru\u017eite jo s kavbojkami, majico in \u0161portnimi copati za spro\u0161\u010den videz.<\/li>\n<li data-sourcepos=\"13:1-13:99\"><strong>Smart Casual:<\/strong> Nosite jo s hla\u010dami chinos, srajco z gumbi in mokasini za bolj uglajen videz.<\/li>\n<li data-sourcepos=\"14:1-14:95\"><strong>Izviren videz:<\/strong> Zdru\u017eite jo z usnjenimi hla\u010dami, grafi\u010dno majico in \u0161kornji, da boste ustvarili rock and roll vzdu\u0161je.<\/li>\n<li data-sourcepos=\"15:1-16:0\"><strong>Formalni videz:<\/strong> Prevlecite jo \u010dez suknji\u010d in si tako zagotovite edinstven preobrat pri formalnih obla\u010dilih.<\/li>\n<\/ul>\n<h3 data-sourcepos=\"17:1-17:43\"><strong>Nasveti za izbiro \u010drne semi\u0161 jakne:<\/strong><\/h3>\n<ul data-sourcepos=\"19:1-22:0\">\n<li data-sourcepos=\"19:1-19:71\"><strong>Prileganje:<\/strong> Izberite jakno, ki se dobro prilega in laska va\u0161i postavi.<\/li>\n<li data-sourcepos=\"20:1-20:78\"><strong>Material:<\/strong> Poi\u0161\u010dite kakovosten semi\u0161, ki je trpe\u017een in udoben.<\/li>\n<li data-sourcepos=\"21:1-22:0\"><strong>Slog:<\/strong> Upo\u0161tevajte svoj osebni slog in izberite jakno, ki odra\u017ea va\u0161 okus.<\/li>\n<\/ul>","protected":false},"excerpt":{"rendered":"<table style=\"height: 494px;\" width=\"458\">\n<tbody>\n<tr>\n<td width=\"146\"><strong><b>Izdelek<\/b><\/strong>\u00a0<strong><b>Ime:<\/b><\/strong><\/td>\n<td width=\"601\"><strong>Jakna iz \u010drnega semi\u0161a<\/strong><\/td>\n<\/tr>\n<tr>\n<td width=\"146\"><strong><b>Materlal:<\/b><\/strong><\/td>\n<td width=\"601\">Poliester\/bomba\u017e<\/td>\n<\/tr>\n<tr>\n<td width=\"146\"><strong><b>Tehnika:<\/b><\/strong><\/td>\n<td width=\"601\">Volna<\/td>\n<\/tr>\n<tr>\n<td width=\"146\"><strong><b>Slog:<\/b><\/strong><\/td>\n<td width=\"601\">Prilo\u017enostno<\/td>\n<\/tr>\n<tr>\n<td width=\"146\"><strong><b>Barva<\/b><\/strong><strong><b>:<\/b><\/strong><\/td>\n<td width=\"601\">\u00a0Barve po meri<\/td>\n<\/tr>\n<tr>\n<td width=\"146\"><strong><b>Velikost:<\/b><\/strong><\/td>\n<td width=\"601\">S \/M \/L \/XL \/2XL<\/td>\n<\/tr>\n<tr>\n<td width=\"146\"><strong><b>OEM\/ODM:<\/b><\/strong><\/td>\n<td width=\"601\">Sprejemljivo<\/td>\n<\/tr>\n<tr>\n<td width=\"146\"><strong><b>Kakovost:<\/b><\/strong><\/td>\n<td width=\"601\">100% Visoka kakovost<\/td>\n<\/tr>\n<tr>\n<td width=\"146\"><strong><b>M<\/b><\/strong><strong><b>OQ:<\/b><\/strong><\/td>\n<td width=\"601\">200 kosov<\/td>\n<\/tr>\n<\/tbody>\n<\/table>","protected":false},"featured_media":1817,"template":"","meta":[],"product_brand":[],"product_cat":[38],"product_tag":[],"class_list":{"0":"post-1816","1":"product","2":"type-product","3":"status-publish","4":"has-post-thumbnail","6":"product_cat-mens-clothing","8":"first","9":"instock","10":"shipping-taxable","11":"product-type-simple"},"_links":{"self":[{"href":"https:\/\/mj-clothing.com\/sl\/wp-json\/wp\/v2\/product\/1816","targetHints":{"allow":["GET"]}}],"collection":[{"href":"https:\/\/mj-clothing.com\/sl\/wp-json\/wp\/v2\/product"}],"about":[{"href":"https:\/\/mj-clothing.com\/sl\/wp-json\/wp\/v2\/types\/product"}],"wp:featuredmedia":[{"embeddable":true,"href":"https:\/\/mj-clothing.com\/sl\/wp-json\/wp\/v2\/media\/1817"}],"wp:attachment":[{"href":"https:\/\/mj-clothing.com\/sl\/wp-json\/wp\/v2\/media?parent=1816"}],"wp:term":[{"taxonomy":"product_brand","embeddable":true,"href":"https:\/\/mj-clothing.com\/sl\/wp-json\/wp\/v2\/product_brand?post=1816"},{"taxonomy":"product_cat","embeddable":true,"href":"https:\/\/mj-clothing.com\/sl\/wp-json\/wp\/v2\/product_cat?post=1816"},{"taxonomy":"product_tag","embeddable":true,"href":"https:\/\/mj-clothing.com\/sl\/wp-json\/wp\/v2\/product_tag?post=1816"}],"curies":[{"name":"wp","href":"https:\/\/api.w.org\/{rel}","templated":true}]}}