{"id":1819,"date":"2024-12-14T07:53:41","date_gmt":"2024-12-14T07:53:41","guid":{"rendered":"https:\/\/mj-clothing.com\/?post_type=product&#038;p=1819"},"modified":"2024-12-17T06:39:12","modified_gmt":"2024-12-17T06:39:12","slug":"royal-blue-jacket","status":"publish","type":"product","link":"https:\/\/mj-clothing.com\/sl\/manufacturer\/royal-blue-jacket\/","title":{"rendered":"Kraljevo modra jakna"},"content":{"rendered":"<p data-sourcepos=\"1:1-1:164\">Kraljevo modra jakna je vsestranski kos, ki lahko izbolj\u0161a vsako obleko. To je bogata, \u017eivahna barva, ki lahko va\u0161i garderobi doda pridih prefinjenosti in sloga.<\/p>\n<h3 data-sourcepos=\"3:1-3:35\"><strong>Zakaj izbrati kraljevsko modro jakno?<\/strong><\/h3>\n<ul data-sourcepos=\"5:1-8:0\">\n<li data-sourcepos=\"5:1-5:106\"><strong>Vsestranskost:<\/strong> Kraljevo modro jakno lahko oble\u010dete navzgor ali navzdol, zato je odli\u010dna za razli\u010dne prilo\u017enosti.<\/li>\n<li data-sourcepos=\"6:1-6:72\"><strong>Prefinjenost:<\/strong> Bogata barva daje pridih elegance in razreda.<\/li>\n<li data-sourcepos=\"7:1-8:0\"><strong>Edinstven slog:<\/strong> Izstopa iz mno\u017eice in daje drzno izjavo.<\/li>\n<\/ul>\n<h3 data-sourcepos=\"9:1-9:37\"><strong>Kako stilirati kraljevsko modro jakno:<\/strong><\/h3>\n<ul data-sourcepos=\"11:1-14:0\">\n<li data-sourcepos=\"11:1-11:77\"><strong>Prilo\u017enostno:<\/strong> Zdru\u017eite jo s kavbojkami, majico in \u0161portnimi copati za spro\u0161\u010den videz.<\/li>\n<li data-sourcepos=\"12:1-12:96\"><strong>Smart Casual:<\/strong> Nosite jo s hla\u010dami chinos, srajco z gumbi in mokasini za uglajeno obleko.<\/li>\n<li data-sourcepos=\"13:1-14:0\"><strong>Formalno:<\/strong> Prevlecite jo \u010dez suknji\u010d in si tako zagotovite edinstven preobrat pri formalnih obla\u010dilih.<\/li>\n<\/ul>\n<h3 data-sourcepos=\"15:1-15:42\"><strong>Nasveti za izbiro kraljevsko modre jakne:<\/strong><\/h3>\n<ul data-sourcepos=\"17:1-20:0\">\n<li data-sourcepos=\"17:1-17:154\"><strong>Material:<\/strong> Upo\u0161tevajte material, saj bo vplival na toploto, trpe\u017enost in splo\u0161ni videz jakne. Volna, bomba\u017e in usnje so priljubljena izbira.<\/li>\n<li data-sourcepos=\"18:1-18:71\"><strong>Prileganje:<\/strong> Izberite jakno, ki se dobro prilega in laska va\u0161i postavi.<\/li>\n<li data-sourcepos=\"19:1-20:0\"><strong>Slog:<\/strong> Izberite slog, ki ustreza va\u0161emu osebnemu okusu, na primer bomber jakno, terensko jakno ali blazer.<\/li>\n<\/ul>","protected":false},"excerpt":{"rendered":"<table style=\"height: 563px;\" width=\"468\">\n<tbody>\n<tr>\n<td width=\"146\"><strong><b>Izdelek<\/b><\/strong>\u00a0<strong><b>Ime:<\/b><\/strong><\/td>\n<td width=\"601\"><strong>Kraljevo modra jakna<\/strong><\/td>\n<\/tr>\n<tr>\n<td width=\"146\"><strong><b>Materlal:<\/b><\/strong><\/td>\n<td width=\"601\">Poliester\/bomba\u017e<\/td>\n<\/tr>\n<tr>\n<td width=\"146\"><strong><b>Tehnika:<\/b><\/strong><\/td>\n<td width=\"601\">Navaden bomba\u017e<\/td>\n<\/tr>\n<tr>\n<td width=\"146\"><strong><b>Slog:<\/b><\/strong><\/td>\n<td width=\"601\">Prilo\u017enostno<\/td>\n<\/tr>\n<tr>\n<td width=\"146\"><strong><b>Barva<\/b><\/strong><strong><b>:<\/b><\/strong><\/td>\n<td width=\"601\">\u00a0Barve po meri<\/td>\n<\/tr>\n<tr>\n<td width=\"146\"><strong><b>Velikost:<\/b><\/strong><\/td>\n<td width=\"601\">S \/M \/L \/XL \/2XL<\/td>\n<\/tr>\n<tr>\n<td width=\"146\"><strong><b>OEM\/ODM:<\/b><\/strong><\/td>\n<td width=\"601\">Sprejemljivo<\/td>\n<\/tr>\n<tr>\n<td width=\"146\"><strong><b>Kakovost:<\/b><\/strong><\/td>\n<td width=\"601\">100% Visoka kakovost<\/td>\n<\/tr>\n<tr>\n<td width=\"146\"><strong><b>M<\/b><\/strong><strong><b>OQ:<\/b><\/strong><\/td>\n<td width=\"601\">200 kosov<\/td>\n<\/tr>\n<\/tbody>\n<\/table>","protected":false},"featured_media":1820,"template":"","meta":[],"product_brand":[],"product_cat":[38],"product_tag":[],"class_list":{"0":"post-1819","1":"product","2":"type-product","3":"status-publish","4":"has-post-thumbnail","6":"product_cat-mens-clothing","8":"first","9":"instock","10":"shipping-taxable","11":"product-type-simple"},"_links":{"self":[{"href":"https:\/\/mj-clothing.com\/sl\/wp-json\/wp\/v2\/product\/1819","targetHints":{"allow":["GET"]}}],"collection":[{"href":"https:\/\/mj-clothing.com\/sl\/wp-json\/wp\/v2\/product"}],"about":[{"href":"https:\/\/mj-clothing.com\/sl\/wp-json\/wp\/v2\/types\/product"}],"wp:featuredmedia":[{"embeddable":true,"href":"https:\/\/mj-clothing.com\/sl\/wp-json\/wp\/v2\/media\/1820"}],"wp:attachment":[{"href":"https:\/\/mj-clothing.com\/sl\/wp-json\/wp\/v2\/media?parent=1819"}],"wp:term":[{"taxonomy":"product_brand","embeddable":true,"href":"https:\/\/mj-clothing.com\/sl\/wp-json\/wp\/v2\/product_brand?post=1819"},{"taxonomy":"product_cat","embeddable":true,"href":"https:\/\/mj-clothing.com\/sl\/wp-json\/wp\/v2\/product_cat?post=1819"},{"taxonomy":"product_tag","embeddable":true,"href":"https:\/\/mj-clothing.com\/sl\/wp-json\/wp\/v2\/product_tag?post=1819"}],"curies":[{"name":"wp","href":"https:\/\/api.w.org\/{rel}","templated":true}]}}