{"id":1821,"date":"2024-12-14T08:09:47","date_gmt":"2024-12-14T08:09:47","guid":{"rendered":"https:\/\/mj-clothing.com\/?post_type=product&#038;p=1821"},"modified":"2024-12-17T06:35:17","modified_gmt":"2024-12-17T06:35:17","slug":"thermal-jacket","status":"publish","type":"product","link":"https:\/\/mj-clothing.com\/sl\/manufacturer\/thermal-jacket\/","title":{"rendered":"Toplotni jopi\u010d"},"content":{"rendered":"<h2 data-sourcepos=\"1:1-1:38\">Termalne jakne: Zimske nepogre\u0161ljive zimske jakne<\/h2>\n<p data-sourcepos=\"3:1-3:216\">Termo jakna je vsestranski kos vrhnjega obla\u010dila, namenjen ohranjanju toplote in udobja v hladnem vremenu. Na voljo so v razli\u010dnih slogih, iz razli\u010dnih materialov in z razli\u010dnimi stopnjami izolacije, ki ustrezajo razli\u010dnim potrebam in \u017eeljam.<\/p>\n<p data-sourcepos=\"5:1-5:36\"><strong>Klju\u010dne lastnosti termi\u010dnih jopi\u010dev:<\/strong><\/p>\n<ul data-sourcepos=\"7:1-11:0\">\n<li data-sourcepos=\"7:1-7:93\"><strong>Toplota:<\/strong> Termi\u010dne jakne so zasnovane tako, da zadr\u017eujejo toploto in ohranjajo toploto v hladnih razmerah.<\/li>\n<li data-sourcepos=\"8:1-8:119\"><strong>Odpornost na vodo:<\/strong> \u0160tevilne termo jakne so vodoodporne ali celo nepremo\u010dljive in vas \u0161\u010ditijo pred de\u017ejem in snegom.<\/li>\n<li data-sourcepos=\"9:1-9:87\"><strong>Odpornost na veter:<\/strong> Pogosto so opremljene z vetru odpornimi tkaninami, ki prepre\u010dujejo hladne vetrove.<\/li>\n<li data-sourcepos=\"10:1-11:0\"><strong>Prepustnost za dihanje:<\/strong> Dobre termo jakne omogo\u010dajo odvajanje vlage, tako da ostanete suhi in udobni.<\/li>\n<\/ul>\n<p data-sourcepos=\"12:1-12:29\"><strong>Vrste toplotnih jopi\u010dev:<\/strong><\/p>\n<ul data-sourcepos=\"14:1-17:0\">\n<li data-sourcepos=\"14:1-14:129\"><strong>Puffer jakne:<\/strong> Te jakne so napolnjene z izolacijskimi materiali, kot so puh ali sinteti\u010dna vlakna, kar zagotavlja najve\u010djo toploto.<\/li>\n<li data-sourcepos=\"15:1-15:120\"><strong>Jakne iz mehke \u0161koljke:<\/strong> Te jakne so izdelane iz kombinacije materialov, ki zagotavljajo toploto in prilagodljivost.<\/li>\n<li data-sourcepos=\"16:1-17:0\"><strong>Izolirane jakne:<\/strong> Te jakne za ohranjanje toplote uporabljajo razli\u010dne izolacijske tehnologije, kot sta PrimaLoft ali Thinsulate.<\/li>\n<\/ul>\n<p data-sourcepos=\"18:1-18:35\"><strong>Kako izbrati termo jopi\u010d:<\/strong><\/p>\n<ol data-sourcepos=\"20:1-24:0\">\n<li data-sourcepos=\"20:1-20:158\"><strong>Upo\u0161tevajte podnebje:<\/strong> \u010ce \u017eivite v zelo hladnem podnebju, izberite mo\u010dno izolirano jakno. V milej\u0161em podnebju lahko zadostuje la\u017eja jakna.<\/li>\n<li data-sourcepos=\"21:1-21:155\"><strong>Stopnja dejavnosti:<\/strong> \u010ce se nameravate ukvarjati z dejavnostmi na prostem, izberite jakno z nastavljivimi kapucami, \u017eepi in prezra\u010devanjem.<\/li>\n<li data-sourcepos=\"22:1-22:90\"><strong>Prileganje:<\/strong> Prepri\u010dajte se, da se jakna dobro prilega in omogo\u010da plastenje brez ob\u010dutka omejitve.<\/li>\n<li data-sourcepos=\"23:1-24:0\"><strong>Material:<\/strong> Upo\u0161tevajte material zunanjega ovoja in izolacije. Za te\u017eke vremenske razmere so idealni vodoodporni in vetrovni materiali.<\/li>\n<\/ol>\n<p data-sourcepos=\"25:1-25:37\"><strong>Nasveti za stiliranje termalnih jopi\u010dev:<\/strong><\/p>\n<ul data-sourcepos=\"27:1-30:0\">\n<li data-sourcepos=\"27:1-27:90\"><strong>Prilo\u017enostno:<\/strong> Zdru\u017eite jo s kavbojkami, puloverjem in \u0161kornji ter si zagotovite udoben in eleganten videz.<\/li>\n<li data-sourcepos=\"28:1-28:100\"><strong>Smart Casual:<\/strong> Nosite jo s hla\u010dami chinos, srajco z gumbi in \u0161portnimi copati za bolj uglajen videz.<\/li>\n<li data-sourcepos=\"29:1-30:0\"><strong>Dejavnosti na prostem:<\/strong> Za dodatno toploto med pustolov\u0161\u010dinami na prostem jo lahko oble\u010dete \u010dez flis ali jopico s kapuco.<\/li>\n<\/ul>\n<p data-sourcepos=\"31:1-31:105\">Z izbiro prave termo jakne boste ne glede na vreme ostali topli, udobni in elegantni.<\/p>\n<div class=\"attachment-container search-images\">\n<div class=\"image-container hide-from-message-actions ng-star-inserted\">\n<div class=\"overlay-container ng-star-inserted\"><\/div>\n<\/div>\n<\/div>","protected":false},"excerpt":{"rendered":"<table style=\"height: 510px;\" width=\"461\">\n<tbody>\n<tr>\n<td width=\"146\"><strong><b>Izdelek<\/b><\/strong>\u00a0<strong><b>Ime:<\/b><\/strong><\/td>\n<td width=\"601\"><strong>Toplotni jopi\u010d<\/strong><\/td>\n<\/tr>\n<tr>\n<td width=\"146\"><strong><b>Materlal:<\/b><\/strong><\/td>\n<td width=\"601\">Poliester\/bomba\u017e<\/td>\n<\/tr>\n<tr>\n<td width=\"146\"><strong><b>Tehnika:<\/b><\/strong><\/td>\n<td width=\"601\">Navaden bomba\u017e<\/td>\n<\/tr>\n<tr>\n<td width=\"146\"><strong><b>Slog:<\/b><\/strong><\/td>\n<td width=\"601\">Prilo\u017enostno<\/td>\n<\/tr>\n<tr>\n<td width=\"146\"><strong><b>Barva<\/b><\/strong><strong><b>:<\/b><\/strong><\/td>\n<td width=\"601\">\u00a0Barve po meri<\/td>\n<\/tr>\n<tr>\n<td width=\"146\"><strong><b>Velikost:<\/b><\/strong><\/td>\n<td width=\"601\">S \/M \/L \/XL \/2XL<\/td>\n<\/tr>\n<tr>\n<td width=\"146\"><strong><b>OEM\/ODM:<\/b><\/strong><\/td>\n<td width=\"601\">Sprejemljivo<\/td>\n<\/tr>\n<tr>\n<td width=\"146\"><strong><b>Kakovost:<\/b><\/strong><\/td>\n<td width=\"601\">100% Visoka kakovost<\/td>\n<\/tr>\n<tr>\n<td width=\"146\"><strong><b>M<\/b><\/strong><strong><b>OQ:<\/b><\/strong><\/td>\n<td width=\"601\">200 kosov<\/td>\n<\/tr>\n<\/tbody>\n<\/table>","protected":false},"featured_media":1822,"template":"","meta":[],"product_brand":[],"product_cat":[38],"product_tag":[],"class_list":{"0":"post-1821","1":"product","2":"type-product","3":"status-publish","4":"has-post-thumbnail","6":"product_cat-mens-clothing","8":"first","9":"instock","10":"shipping-taxable","11":"product-type-simple"},"_links":{"self":[{"href":"https:\/\/mj-clothing.com\/sl\/wp-json\/wp\/v2\/product\/1821","targetHints":{"allow":["GET"]}}],"collection":[{"href":"https:\/\/mj-clothing.com\/sl\/wp-json\/wp\/v2\/product"}],"about":[{"href":"https:\/\/mj-clothing.com\/sl\/wp-json\/wp\/v2\/types\/product"}],"wp:featuredmedia":[{"embeddable":true,"href":"https:\/\/mj-clothing.com\/sl\/wp-json\/wp\/v2\/media\/1822"}],"wp:attachment":[{"href":"https:\/\/mj-clothing.com\/sl\/wp-json\/wp\/v2\/media?parent=1821"}],"wp:term":[{"taxonomy":"product_brand","embeddable":true,"href":"https:\/\/mj-clothing.com\/sl\/wp-json\/wp\/v2\/product_brand?post=1821"},{"taxonomy":"product_cat","embeddable":true,"href":"https:\/\/mj-clothing.com\/sl\/wp-json\/wp\/v2\/product_cat?post=1821"},{"taxonomy":"product_tag","embeddable":true,"href":"https:\/\/mj-clothing.com\/sl\/wp-json\/wp\/v2\/product_tag?post=1821"}],"curies":[{"name":"wp","href":"https:\/\/api.w.org\/{rel}","templated":true}]}}