{"id":1830,"date":"2024-12-16T02:45:38","date_gmt":"2024-12-16T02:45:38","guid":{"rendered":"https:\/\/mj-clothing.com\/?post_type=product&#038;p=1830"},"modified":"2024-12-17T06:28:33","modified_gmt":"2024-12-17T06:28:33","slug":"plaid-sweatshirt","status":"publish","type":"product","link":"https:\/\/mj-clothing.com\/sl\/manufacturer\/plaid-sweatshirt\/","title":{"rendered":"Pletena majica s kratkimi rokavi"},"content":{"rendered":"<p data-sourcepos=\"1:1-1:178\">Kastelasta jopa je klasi\u010den in vsestranski kos obla\u010dila, ki ga lahko oble\u010dete navzgor ali navzdol. Odli\u010dne so za jesen in zimo ter jih lahko nosite ob razli\u010dnih prilo\u017enostih.<\/p>\n<h3 data-sourcepos=\"3:1-3:70\"><strong>Tukaj je nekaj stvari, ki jih je treba upo\u0161tevati pri izbiri kariraste majice:<\/strong><\/h3>\n<ul data-sourcepos=\"5:1-9:0\">\n<li data-sourcepos=\"5:1-5:137\"><strong>Barva:<\/strong> Pladenj je na voljo v razli\u010dnih barvah in vzorcih. Izberite barvo, ki vam je v\u0161e\u010d in se bo dobro ujemala z drugimi obla\u010dili.<\/li>\n<li data-sourcepos=\"6:1-6:119\"><strong>Prileganje:<\/strong> Izberite prileganje, ki je udobno in pristaja. Ne \u017eelite si pretesne ali preohlapne majice.<\/li>\n<li data-sourcepos=\"7:1-7:101\"><strong>Material:<\/strong> Poi\u0161\u010dite majico iz kakovostnega materiala, ki je mehak in udoben.<\/li>\n<li data-sourcepos=\"8:1-9:0\"><strong>Slog:<\/strong> Kastelaste jopice so na voljo v razli\u010dnih slogih, od klasi\u010dnih do sodobnih. Izberite slog, ki vam je v\u0161e\u010d in ustreza va\u0161emu osebnemu slogu.<\/li>\n<\/ul>\n<h3 data-sourcepos=\"10:1-10:51\"><strong>Tukaj je nekaj na\u010dinov, kako oblikovati karirasto majico:<\/strong><\/h3>\n<ul data-sourcepos=\"12:1-15:0\">\n<li data-sourcepos=\"12:1-12:96\"><strong>Prilo\u017enostno:<\/strong> Ko\u0161ato jopico kombinirajte z d\u017einsom in \u0161portnimi copati, da boste videti spro\u0161\u010deno in udobno.<\/li>\n<li data-sourcepos=\"13:1-13:78\"><strong>Obla\u010dite se:<\/strong> Kra\u0161eno jopico lahko oble\u010dete v krilo ali obleko.<\/li>\n<li data-sourcepos=\"14:1-15:0\"><strong>Ve\u010dplastno:<\/strong> Polo\u017eite karirasto jopico na majico ali srajco z dolgimi rokavi in si zagotovite eleganten in topel videz.<\/li>\n<\/ul>\n<h3 data-sourcepos=\"16:1-16:50\"><strong>Tukaj je nekaj priljubljenih stilov karirastih majic:<\/strong><\/h3>\n<ul data-sourcepos=\"18:1-21:0\">\n<li data-sourcepos=\"18:1-18:48\"><strong>Mikine s kapuco:<\/strong> Klasi\u010dna in udobna mo\u017enost.<\/li>\n<li data-sourcepos=\"19:1-19:49\"><strong>Izrez:<\/strong> Bolj spro\u0161\u010dena in prilo\u017enostna mo\u017enost.<\/li>\n<li data-sourcepos=\"20:1-21:0\"><strong>\u010cetrtina-zip:<\/strong> Vsestranska mo\u017enost, ki jo lahko oble\u010dete navzgor ali navzdol.<\/li>\n<\/ul>\n<h3 data-sourcepos=\"22:1-22:60\"><strong>Tukaj je nekaj nasvetov za nego va\u0161e kariraste majice:<\/strong><\/h3>\n<ul data-sourcepos=\"24:1-27:0\">\n<li data-sourcepos=\"24:1-24:55\">Mikino operite v hladni vodi v blagem ciklu.<\/li>\n<li data-sourcepos=\"25:1-25:21\">Izogibajte se uporabi belila.<\/li>\n<li data-sourcepos=\"26:1-27:0\">Su\u0161ite v su\u0161ilnem stroju na nizki temperaturi ali obesite, da se posu\u0161i.<\/li>\n<\/ul>\n<p data-sourcepos=\"28:1-28:130\">Ker lahko izbirate med \u0161tevilnimi razli\u010dnimi slogi in barvami, boste zagotovo na\u0161li popolno karirasto jopico, ki jo boste dodali v svojo garderobo.<\/p>","protected":false},"excerpt":{"rendered":"<table style=\"height: 421px;\" width=\"443\">\n<tbody>\n<tr>\n<td width=\"146\"><strong><b>Izdelek<\/b><\/strong>\u00a0<strong><b>Ime:<\/b><\/strong><\/td>\n<td width=\"601\"><strong>Pletena majica s kratkimi rokavi<\/strong><\/td>\n<\/tr>\n<tr>\n<td width=\"146\"><strong><b>Materlal:<\/b><\/strong><\/td>\n<td width=\"601\">Poliester\/bomba\u017e<\/td>\n<\/tr>\n<tr>\n<td width=\"146\"><strong><b>Tehnika:<\/b><\/strong><\/td>\n<td width=\"601\">Tiskanje in barvanje<\/td>\n<\/tr>\n<tr>\n<td width=\"146\"><strong><b>Slog:<\/b><\/strong><\/td>\n<td width=\"601\">Prilo\u017enostno<\/td>\n<\/tr>\n<tr>\n<td width=\"146\"><strong><b>Barva<\/b><\/strong><strong><b>:<\/b><\/strong><\/td>\n<td width=\"601\">\u00a0Barve po meri<\/td>\n<\/tr>\n<tr>\n<td width=\"146\"><strong><b>Velikost:<\/b><\/strong><\/td>\n<td width=\"601\">S \/M \/L \/XL \/2XL<\/td>\n<\/tr>\n<tr>\n<td width=\"146\"><strong><b>OEM\/ODM:<\/b><\/strong><\/td>\n<td width=\"601\">Sprejemljivo<\/td>\n<\/tr>\n<tr>\n<td width=\"146\"><strong><b>Kakovost:<\/b><\/strong><\/td>\n<td width=\"601\">100% Visoka kakovost<\/td>\n<\/tr>\n<tr>\n<td width=\"146\"><strong><b>M<\/b><\/strong><strong><b>OQ:<\/b><\/strong><\/td>\n<td width=\"601\">200 kosov<\/td>\n<\/tr>\n<\/tbody>\n<\/table>","protected":false},"featured_media":1831,"template":"","meta":[],"product_brand":[],"product_cat":[38],"product_tag":[],"class_list":{"0":"post-1830","1":"product","2":"type-product","3":"status-publish","4":"has-post-thumbnail","6":"product_cat-mens-clothing","8":"first","9":"instock","10":"shipping-taxable","11":"product-type-simple"},"_links":{"self":[{"href":"https:\/\/mj-clothing.com\/sl\/wp-json\/wp\/v2\/product\/1830","targetHints":{"allow":["GET"]}}],"collection":[{"href":"https:\/\/mj-clothing.com\/sl\/wp-json\/wp\/v2\/product"}],"about":[{"href":"https:\/\/mj-clothing.com\/sl\/wp-json\/wp\/v2\/types\/product"}],"wp:featuredmedia":[{"embeddable":true,"href":"https:\/\/mj-clothing.com\/sl\/wp-json\/wp\/v2\/media\/1831"}],"wp:attachment":[{"href":"https:\/\/mj-clothing.com\/sl\/wp-json\/wp\/v2\/media?parent=1830"}],"wp:term":[{"taxonomy":"product_brand","embeddable":true,"href":"https:\/\/mj-clothing.com\/sl\/wp-json\/wp\/v2\/product_brand?post=1830"},{"taxonomy":"product_cat","embeddable":true,"href":"https:\/\/mj-clothing.com\/sl\/wp-json\/wp\/v2\/product_cat?post=1830"},{"taxonomy":"product_tag","embeddable":true,"href":"https:\/\/mj-clothing.com\/sl\/wp-json\/wp\/v2\/product_tag?post=1830"}],"curies":[{"name":"wp","href":"https:\/\/api.w.org\/{rel}","templated":true}]}}