{"id":1834,"date":"2024-12-16T03:01:13","date_gmt":"2024-12-16T03:01:13","guid":{"rendered":"https:\/\/mj-clothing.com\/?post_type=product&#038;p=1834"},"modified":"2024-12-17T06:27:12","modified_gmt":"2024-12-17T06:27:12","slug":"pullover-hoodie","status":"publish","type":"product","link":"https:\/\/mj-clothing.com\/sl\/manufacturer\/pullover-hoodie\/","title":{"rendered":"Pulover s kapuco"},"content":{"rendered":"<p data-sourcepos=\"1:1-1:345\"><span class=\"citation-0 recitation citation-end-0\">Pulover s kapuco je le\u017eeren in udoben kos obla\u010dila, ki je kot nala\u0161\u010d za vsakodnevno no\u0161enje.<\/span> <span class=\"citation-1 recitation citation-end-1\">Ima kapuco, kengurujski \u017eep ter elasti\u010dne man\u0161ete in pas.<\/span> <span class=\"citation-2 recitation citation-end-2\">Puloverji s kapuco so pogosto izdelani iz mehkih in toplih materialov, kot sta flis ali bomba\u017e, zato so idealni za hladnej\u0161e vreme.<\/span><\/p>\n<h3 data-sourcepos=\"3:1-3:38\"><strong>Glavne zna\u010dilnosti puloverja s kapuco:<\/strong><\/h3>\n<ul data-sourcepos=\"5:1-9:0\">\n<li data-sourcepos=\"5:1-5:61\"><strong>Kapuca:<\/strong> Zagotavlja toploto in za\u0161\u010dito pred vremenskimi vplivi.<\/li>\n<li data-sourcepos=\"6:1-6:125\"><strong><span class=\"citation-3 recitation\">Kenguru \u017eep:<\/span><\/strong><span class=\"citation-3 recitation citation-end-3\"> Velik sprednji \u017eep, ki je kot nala\u0161\u010d za tople roke ali manj\u0161e predmete.<\/span><span class=\"button-container hide-from-message-actions ng-star-inserted\"> \u00a0<\/span>\n<div class=\"container ng-tns-c2946245707-75 hide\">\n<div class=\"carousel-container ng-tns-c2946245707-75\"><\/div>\n<\/div>\n<\/li>\n<li data-sourcepos=\"7:1-7:74\"><strong>Elasti\u010dne man\u0161ete in pas:<\/strong> Zagotavlja udobno in tesno prileganje.<\/li>\n<li data-sourcepos=\"8:1-9:0\"><strong><span class=\"citation-4 recitation\">Mehak in topel material:<\/span><\/strong><span class=\"citation-4 recitation citation-end-4\"> Pogosto so izdelane iz flisa ali bomba\u017ea za optimalno udobje.<\/span>\n<div class=\"container ng-tns-c2946245707-76 hide\">\n<div class=\"carousel-container ng-tns-c2946245707-76\">\n<div class=\"carousel-content ng-tns-c2946245707-76\">\n<div class=\"sources-carousel-source ng-tns-c2946245707-76 hide ng-star-inserted\" data-test-id=\"sources-carousel-source\"><\/div>\n<\/div>\n<\/div>\n<\/div>\n<\/li>\n<\/ul>\n<h3 data-sourcepos=\"10:1-10:35\"><strong>Kako oblikovati pulover s kapuco:<\/strong><\/h3>\n<p data-sourcepos=\"12:1-12:118\"><span class=\"citation-5 recitation citation-end-5\">Puloverji s kapuco so neverjetno vsestranski in jih je mogo\u010de oblikovati na veliko razli\u010dnih na\u010dinov.<\/span> Tukaj je nekaj idej:<\/p>\n<p data-sourcepos=\"12:1-12:118\"><strong>Prilo\u017enostno:<\/strong> Za spro\u0161\u010den in udoben videz kombinirajte pulover s kapuco s kavbojkami in \u0161portnimi copati.<\/p>\n<ul data-sourcepos=\"14:1-18:0\">\n<li data-sourcepos=\"15:1-15:93\"><strong>\u0160portno:<\/strong> Pulover s kapuco nosite s trenirko ali joggerji za \u0161porten in aktiven videz.<\/li>\n<li data-sourcepos=\"16:1-16:92\"><strong>Ve\u010dplastno:<\/strong> Pulover s kapuco lahko za dodatno toploto oble\u010dete \u010dez majico ali srajco z dolgimi rokavi.<\/li>\n<li data-sourcepos=\"17:1-18:0\"><strong>Prilo\u017enostna obleka:<\/strong> Pulover s kapuco oblecite z usnjeno jakno, temnimi kavbojkami in \u0161kornji.<\/li>\n<\/ul>\n<h3 data-sourcepos=\"19:1-19:39\"><strong>Priljubljene blagovne znamke puloverjev s kapuco:<\/strong><\/h3>\n<ul data-sourcepos=\"21:1-26:0\">\n<li data-sourcepos=\"21:1-21:77\"><strong><span class=\"citation-6 recitation\">Prvak:<\/span><\/strong><span class=\"citation-6 recitation citation-end-6\"> Znani so po visokokakovostnih in klasi\u010dnih modelih.<\/span><span class=\"button-container hide-from-message-actions ng-star-inserted\"> \u00a0<\/span>\n<div class=\"container ng-tns-c2946245707-78 hide\">\n<div class=\"carousel-container ng-tns-c2946245707-78\"><\/div>\n<\/div>\n<\/li>\n<li data-sourcepos=\"22:1-22:81\"><strong>Nike:<\/strong> Ponuja \u0161iroko paleto puloverjev s kapuco v razli\u010dnih slogih in barvah.<\/li>\n<li data-sourcepos=\"23:1-23:58\"><strong>Adidas:<\/strong> Znani so po svojih atletskih in \u0161portnih modelih.<\/li>\n<li data-sourcepos=\"24:1-24:63\"><strong>H&amp;M:<\/strong> Zagotavlja cenovno dostopne in modne puloverje.<\/li>\n<li data-sourcepos=\"25:1-26:0\"><strong>Zara:<\/strong> Ponuja elegantne in modne puloverje.<\/li>\n<\/ul>","protected":false},"excerpt":{"rendered":"<table style=\"height: 508px;\" width=\"446\">\n<tbody>\n<tr>\n<td width=\"146\"><strong><b>Izdelek<\/b><\/strong>\u00a0<strong><b>Ime:<\/b><\/strong><\/td>\n<td width=\"601\"><strong>Pulover s kapuco<\/strong><\/td>\n<\/tr>\n<tr>\n<td width=\"146\"><strong><b>Materlal:<\/b><\/strong><\/td>\n<td width=\"601\">Poliester\/bomba\u017e<\/td>\n<\/tr>\n<tr>\n<td width=\"146\"><strong><b>Tehnika:<\/b><\/strong><\/td>\n<td width=\"601\">Tiskanje in barvanje<\/td>\n<\/tr>\n<tr>\n<td width=\"146\"><strong><b>Slog:<\/b><\/strong><\/td>\n<td width=\"601\">Prilo\u017enostno<\/td>\n<\/tr>\n<tr>\n<td width=\"146\"><strong><b>Barva<\/b><\/strong><strong><b>:<\/b><\/strong><\/td>\n<td width=\"601\">\u00a0Barve po meri<\/td>\n<\/tr>\n<tr>\n<td width=\"146\"><strong><b>Velikost:<\/b><\/strong><\/td>\n<td width=\"601\">S \/M \/L \/XL \/2XL<\/td>\n<\/tr>\n<tr>\n<td width=\"146\"><strong><b>OEM\/ODM:<\/b><\/strong><\/td>\n<td width=\"601\">Sprejemljivo<\/td>\n<\/tr>\n<tr>\n<td width=\"146\"><strong><b>Kakovost:<\/b><\/strong><\/td>\n<td width=\"601\">100% Visoka kakovost<\/td>\n<\/tr>\n<tr>\n<td width=\"146\"><strong><b>M<\/b><\/strong><strong><b>OQ:<\/b><\/strong><\/td>\n<td width=\"601\">200 kosov<\/td>\n<\/tr>\n<\/tbody>\n<\/table>","protected":false},"featured_media":1836,"template":"","meta":[],"product_brand":[],"product_cat":[38],"product_tag":[],"class_list":{"0":"post-1834","1":"product","2":"type-product","3":"status-publish","4":"has-post-thumbnail","6":"product_cat-mens-clothing","8":"first","9":"instock","10":"shipping-taxable","11":"product-type-simple"},"_links":{"self":[{"href":"https:\/\/mj-clothing.com\/sl\/wp-json\/wp\/v2\/product\/1834","targetHints":{"allow":["GET"]}}],"collection":[{"href":"https:\/\/mj-clothing.com\/sl\/wp-json\/wp\/v2\/product"}],"about":[{"href":"https:\/\/mj-clothing.com\/sl\/wp-json\/wp\/v2\/types\/product"}],"wp:featuredmedia":[{"embeddable":true,"href":"https:\/\/mj-clothing.com\/sl\/wp-json\/wp\/v2\/media\/1836"}],"wp:attachment":[{"href":"https:\/\/mj-clothing.com\/sl\/wp-json\/wp\/v2\/media?parent=1834"}],"wp:term":[{"taxonomy":"product_brand","embeddable":true,"href":"https:\/\/mj-clothing.com\/sl\/wp-json\/wp\/v2\/product_brand?post=1834"},{"taxonomy":"product_cat","embeddable":true,"href":"https:\/\/mj-clothing.com\/sl\/wp-json\/wp\/v2\/product_cat?post=1834"},{"taxonomy":"product_tag","embeddable":true,"href":"https:\/\/mj-clothing.com\/sl\/wp-json\/wp\/v2\/product_tag?post=1834"}],"curies":[{"name":"wp","href":"https:\/\/api.w.org\/{rel}","templated":true}]}}