{"id":1843,"date":"2024-12-16T03:21:20","date_gmt":"2024-12-16T03:21:20","guid":{"rendered":"https:\/\/mj-clothing.com\/?post_type=product&#038;p=1843"},"modified":"2024-12-17T06:40:16","modified_gmt":"2024-12-17T06:40:16","slug":"golf-hoodie","status":"publish","type":"product","link":"https:\/\/mj-clothing.com\/sl\/manufacturer\/golf-hoodie\/","title":{"rendered":"Mikina s kapuco za golf"},"content":{"rendered":"<p data-sourcepos=\"1:1-1:192\">Kapuca za golf je vrsta \u0161portnega obla\u010dila, posebej zasnovana za igralce golfa, ki zdru\u017euje udobje in toploto obi\u010dajne kapuce z zmogljivostjo, primerno za igri\u0161\u010de za golf.<\/p>\n<h3 data-sourcepos=\"3:1-3:34\"><strong>Klju\u010dne lastnosti kapuce za golf:<\/strong><\/h3>\n<ul data-sourcepos=\"5:1-10:0\">\n<li data-sourcepos=\"5:1-5:283\"><strong>Tkanine za u\u010dinkovitost:<\/strong> Kapuce za golf so pogosto izdelane iz visoko zmogljivih tkanin, kot je poliester ali me\u0161anica poliestra in bomba\u017ea. Te tkanine so zasnovane tako, da odvajajo vlago, dihajo in so raztegljive, tako da so igralci golfa suhi, udobni in neovirani med zamahom.<\/li>\n<li data-sourcepos=\"6:1-6:207\"><strong>Odpornost na vremenske vplive:<\/strong> \u0160tevilne kape za golf so vodoodporne ali vodoodbojne in \u0161\u010ditijo igralce golfa pred rahlim de\u017ejem ali mrzlico. Nekatere imajo tudi toplotno izolacijo, da je igralcem golfa v hladnej\u0161em vremenu toplo.<\/li>\n<li data-sourcepos=\"7:1-7:100\"><strong>Za\u0161\u010dita pred soncem:<\/strong> Nekatere kapuce za golf nudijo za\u0161\u010dito pred UV-\u017earki, ki \u0161\u010diti igralce golfa pred \u0161kodljivimi son\u010dnimi \u017earki.<\/li>\n<li data-sourcepos=\"8:1-8:162\"><strong>Funkcionalno oblikovanje:<\/strong> Golfske majice pogosto vklju\u010dujejo funkcije, kot so \u017eepi z zadrgo za shranjevanje dragocenosti, nastavljive kapuce in odprtine za palec, da rokavi ostanejo na mestu.<\/li>\n<li data-sourcepos=\"9:1-10:0\"><strong>Elegantno oblikovanje:<\/strong> Golfske majice so na voljo v razli\u010dnih slogih, barvah in vzorcih, kar golfistom omogo\u010da, da izrazijo svoj osebni slog in hkrati ostanejo funkcionalni.<\/li>\n<\/ul>\n<h3 data-sourcepos=\"11:1-11:31\"><strong>Kdaj nositi kapuco za golf:<\/strong><\/h3>\n<p data-sourcepos=\"13:1-13:112\">Majice za golf so vsestranske in jih lahko nosite v razli\u010dnih vremenskih razmerah. Posebej uporabne so za:<\/p>\n<ul data-sourcepos=\"15:1-18:0\">\n<li data-sourcepos=\"15:1-15:87\"><strong>Hladnej\u0161e vreme:<\/strong> Kapuce za golf zagotavljajo toploto in udobje med hladnej\u0161imi turnirji.<\/li>\n<li data-sourcepos=\"16:1-16:101\"><strong>De\u017eevno vreme:<\/strong> Vodoodporne kapuce za golf so suhe in udobne tudi v rahlem de\u017eju.<\/li>\n<li data-sourcepos=\"17:1-18:0\"><strong>Ve\u010dplastnost:<\/strong> Golfa -hoodies lahko plastite z drugimi obla\u010dili za golf in tako ustvarite prilagojeno obla\u010dilo za razli\u010dne vremenske razmere.<\/li>\n<\/ul>\n<p data-sourcepos=\"19:1-19:138\">Z izbiro kapuce za golf, ki ustreza va\u0161im posebnim potrebam in \u017eeljam, lahko izbolj\u0161ate svoje udobje in zmogljivost na igri\u0161\u010du za golf.<\/p>","protected":false},"excerpt":{"rendered":"<table style=\"height: 543px;\" width=\"471\">\n<tbody>\n<tr>\n<td width=\"146\"><strong><b>Izdelek<\/b><\/strong>\u00a0<strong><b>Ime:<\/b><\/strong><\/td>\n<td width=\"601\">\n<p data-sourcepos=\"3:1-3:34\"><strong>Mikina s kapuco za golf<\/strong><\/p>\n<\/td>\n<\/tr>\n<tr>\n<td width=\"146\"><strong><b>Materlal:<\/b><\/strong><\/td>\n<td width=\"601\">Poliester\/bomba\u017e<\/td>\n<\/tr>\n<tr>\n<td width=\"146\"><strong><b>Tehnika: <\/b><\/strong><\/td>\n<td width=\"601\">Tiskanje in barvanje<\/td>\n<\/tr>\n<tr>\n<td width=\"146\"><strong><b>Slog: <\/b><\/strong><\/td>\n<td width=\"601\">Prilo\u017enostno<\/td>\n<\/tr>\n<tr>\n<td width=\"146\"><strong><b>Barva<\/b><\/strong><strong><b>:<\/b><\/strong><\/td>\n<td width=\"601\">Bela in barve po meri<\/td>\n<\/tr>\n<tr>\n<td width=\"146\"><strong><b>Velikost:<\/b><\/strong><\/td>\n<td width=\"601\">S \/M \/L \/XL \/2XL<\/td>\n<\/tr>\n<tr>\n<td width=\"146\"><strong><b>OEM\/ODM:<\/b><\/strong><\/td>\n<td width=\"601\">Sprejemljivo<\/td>\n<\/tr>\n<tr>\n<td width=\"146\"><strong><b>Kakovost:<\/b><\/strong><\/td>\n<td width=\"601\">100% Visoka kakovost<\/td>\n<\/tr>\n<tr>\n<td width=\"146\"><strong><b>M<\/b><\/strong><strong><b>OQ:<\/b><\/strong><\/td>\n<td width=\"601\">200 kosov<\/td>\n<\/tr>\n<\/tbody>\n<\/table>","protected":false},"featured_media":1844,"template":"","meta":[],"product_brand":[],"product_cat":[38],"product_tag":[],"class_list":{"0":"post-1843","1":"product","2":"type-product","3":"status-publish","4":"has-post-thumbnail","6":"product_cat-mens-clothing","8":"first","9":"instock","10":"shipping-taxable","11":"product-type-simple"},"_links":{"self":[{"href":"https:\/\/mj-clothing.com\/sl\/wp-json\/wp\/v2\/product\/1843","targetHints":{"allow":["GET"]}}],"collection":[{"href":"https:\/\/mj-clothing.com\/sl\/wp-json\/wp\/v2\/product"}],"about":[{"href":"https:\/\/mj-clothing.com\/sl\/wp-json\/wp\/v2\/types\/product"}],"wp:featuredmedia":[{"embeddable":true,"href":"https:\/\/mj-clothing.com\/sl\/wp-json\/wp\/v2\/media\/1844"}],"wp:attachment":[{"href":"https:\/\/mj-clothing.com\/sl\/wp-json\/wp\/v2\/media?parent=1843"}],"wp:term":[{"taxonomy":"product_brand","embeddable":true,"href":"https:\/\/mj-clothing.com\/sl\/wp-json\/wp\/v2\/product_brand?post=1843"},{"taxonomy":"product_cat","embeddable":true,"href":"https:\/\/mj-clothing.com\/sl\/wp-json\/wp\/v2\/product_cat?post=1843"},{"taxonomy":"product_tag","embeddable":true,"href":"https:\/\/mj-clothing.com\/sl\/wp-json\/wp\/v2\/product_tag?post=1843"}],"curies":[{"name":"wp","href":"https:\/\/api.w.org\/{rel}","templated":true}]}}