{"id":1846,"date":"2024-12-16T03:37:19","date_gmt":"2024-12-16T03:37:19","guid":{"rendered":"https:\/\/mj-clothing.com\/?post_type=product&#038;p=1846"},"modified":"2024-12-17T06:24:41","modified_gmt":"2024-12-17T06:24:41","slug":"weighted-hoodie","status":"publish","type":"product","link":"https:\/\/mj-clothing.com\/sl\/manufacturer\/weighted-hoodie\/","title":{"rendered":"Ute\u017eena jopa s kapuco"},"content":{"rendered":"<p data-sourcepos=\"1:1-1:292\"><span class=\"citation-0 recitation citation-end-0\">Obte\u017eena jopa je vrsta obla\u010dila, ki vsebuje obte\u017eene materiale, obi\u010dajno steklene kroglice ali plasti\u010dne pelete, ki zagotavljajo pomirjujo\u010d in prizemljujo\u010d u\u010dinek.<\/span> <span class=\"citation-1 recitation citation-end-1\">Ta ne\u017een pritisk lahko pomaga zmanj\u0161ati tesnobo, izbolj\u0161ati zbranost in spodbuditi bolj\u0161i spanec.<\/span><span class=\"button-container hide-from-message-actions ng-star-inserted\"> \u00a0<\/span><\/p>\n<h3 data-sourcepos=\"3:1-3:38\"><strong>Klju\u010dne lastnosti jopi\u010dev s kapuco z ute\u017emi:<\/strong><\/h3>\n<ul data-sourcepos=\"5:1-10:0\">\n<li data-sourcepos=\"5:1-5:145\"><strong>Obte\u017eeni materiali:<\/strong> <span class=\"citation-2 recitation citation-end-2\">Majhne kroglice ali pelete so enakomerno razporejene po celotni kapuci in zagotavljajo ne\u017een, pomirjujo\u010d pritisk.<\/span><span class=\"button-container hide-from-message-actions ng-star-inserted\"> \u00a0<\/span>\n<div class=\"container ng-tns-c2946245707-171 hide\">\n<div class=\"carousel-container ng-tns-c2946245707-171\"><\/div>\n<\/div>\n<\/li>\n<li data-sourcepos=\"6:1-6:93\"><strong>Udobje:<\/strong> <span class=\"citation-3 recitation citation-end-3\">Mikina je zasnovana tako, da je mehka, prijetna in udobna za no\u0161enje.<\/span><span class=\"button-container hide-from-message-actions ng-star-inserted\"> \u00a0<\/span>\n<div class=\"container ng-tns-c2946245707-172 hide\">\n<div class=\"carousel-container ng-tns-c2946245707-172\"><\/div>\n<\/div>\n<\/li>\n<li data-sourcepos=\"7:1-7:108\"><strong>Vsestranskost:<\/strong> <span class=\"citation-4 recitation citation-end-4\">Nosite ga lahko podnevi za sprostitev ali pono\u010di za bolj\u0161i spanec.<\/span><span class=\"button-container hide-from-message-actions ng-star-inserted\"> \u00a0<\/span>\n<div class=\"container ng-tns-c2946245707-173 hide\">\n<div class=\"carousel-container ng-tns-c2946245707-173\"><\/div>\n<\/div>\n<\/li>\n<li data-sourcepos=\"8:1-8:127\"><strong>Pomirjevalni u\u010dinek:<\/strong> <span class=\"citation-5 recitation citation-end-5\">Te\u017ea lahko pomaga zmanj\u0161ati stres in tesnobo ter spodbuja ob\u010dutek miru in dobrega po\u010dutja.<\/span><span class=\"button-container hide-from-message-actions ng-star-inserted\">\u00a0<\/span>\n<div class=\"container ng-tns-c2946245707-174 hide\">\n<div class=\"carousel-container ng-tns-c2946245707-174\"><\/div>\n<\/div>\n<\/li>\n<li data-sourcepos=\"9:1-10:0\"><strong><span class=\"citation-6 recitation\">Izbolj\u0161ano osredoto\u010denje:<\/span><\/strong><span class=\"citation-6 recitation citation-end-6\"> Ne\u017een pritisk lahko pomaga izbolj\u0161ati zbranost in koncentracijo.<\/span><span class=\"button-container hide-from-message-actions ng-star-inserted\"> \u00a0<\/span>\n<div class=\"container ng-tns-c2946245707-175 hide\">\n<div class=\"carousel-container ng-tns-c2946245707-175\"><\/div>\n<\/div>\n<\/li>\n<\/ul>\n<h3 data-sourcepos=\"11:1-11:36\"><strong>Kako izbrati jopico s kapuco z ute\u017emi:<\/strong><\/h3>\n<ul data-sourcepos=\"13:1-17:0\">\n<li data-sourcepos=\"13:1-13:82\"><strong>Te\u017ea:<\/strong> Te\u017ea kapuce naj bo pribli\u017eno 5-10% va\u0161e telesne te\u017ee.<\/li>\n<li data-sourcepos=\"14:1-14:75\"><strong>Material:<\/strong> Poi\u0161\u010dite mehak, zra\u010den material, kot sta bomba\u017e ali flis.<\/li>\n<li data-sourcepos=\"15:1-15:92\"><strong>Razporeditev te\u017ee:<\/strong> Prepri\u010dajte se, da je te\u017ea enakomerno razporejena po celotni kapuci.<\/li>\n<li data-sourcepos=\"16:1-17:0\"><strong>Udobje:<\/strong> Mikina s kapuco se mora udobno prilegati in ne sme biti pretesna ali preohlapna.<\/li>\n<\/ul>\n<h3 data-sourcepos=\"18:1-18:33\"><strong>Kako uporabljati obte\u017eeno kapuco:<\/strong><\/h3>\n<ul data-sourcepos=\"20:1-23:0\">\n<li data-sourcepos=\"20:1-20:72\"><strong>Sprostitev:<\/strong> Majico s kapuco lahko nosite med spro\u0161\u010danjem na kav\u010du ali v postelji.<\/li>\n<li data-sourcepos=\"21:1-21:81\"><strong><span class=\"citation-7 recitation\">Spanje:<\/span><\/strong><span class=\"citation-7 recitation citation-end-7\"> Kapuco uporabite kot pomo\u010d pri spanju, da izbolj\u0161ate kakovost spanja.<\/span><span class=\"button-container hide-from-message-actions ng-star-inserted\"> \u00a0<\/span>\n<div class=\"container ng-tns-c2946245707-176 hide\">\n<div class=\"carousel-container ng-tns-c2946245707-176\"><\/div>\n<\/div>\n<\/li>\n<li data-sourcepos=\"22:1-23:0\"><strong><span class=\"citation-8 recitation\">Osredoto\u010denost:<\/span><\/strong><span class=\"citation-8 recitation citation-end-8\"> Kapuco nosite med u\u010denjem, delom ali drugimi dejavnostmi, ki zahtevajo zbranost.<\/span><span class=\"button-container hide-from-message-actions ng-star-inserted\">\u00a0 \u00a0<\/span>\n<div class=\"container ng-tns-c2946245707-177 hide\">\n<div class=\"carousel-container ng-tns-c2946245707-177\"><\/div>\n<\/div>\n<\/li>\n<\/ul>\n<h3 data-sourcepos=\"24:1-24:40\"><strong>Prednosti uporabe obte\u017eene kapuce:<\/strong><\/h3>\n<ul data-sourcepos=\"26:1-30:0\">\n<li data-sourcepos=\"26:1-26:92\"><strong>Zmanj\u0161ana tesnoba:<\/strong> <span class=\"citation-9 recitation citation-end-9\">Ne\u017een pritisk lahko pomaga umiriti \u017eiv\u010dni sistem.<\/span><span class=\"button-container hide-from-message-actions ng-star-inserted\"> \u00a0<\/span>\n<div class=\"container ng-tns-c2946245707-178 hide\">\n<div class=\"carousel-container ng-tns-c2946245707-178\"><\/div>\n<\/div>\n<\/li>\n<li data-sourcepos=\"27:1-27:87\"><strong><span class=\"citation-10 recitation\">Izbolj\u0161ano spanje:<\/span><\/strong><span class=\"citation-10 recitation citation-end-10\"> Te\u017ea lahko spodbuja globlji in mirnej\u0161i spanec.<\/span><span class=\"button-container hide-from-message-actions ng-star-inserted\">\u00a0<\/span>\n<div class=\"container ng-tns-c2946245707-179 hide\">\n<div class=\"carousel-container ng-tns-c2946245707-179\"><\/div>\n<\/div>\n<\/li>\n<li data-sourcepos=\"28:1-28:101\"><strong><span class=\"citation-11 recitation\">Bolj\u0161a osredoto\u010denost:<\/span><\/strong><span class=\"citation-11 recitation citation-end-11\"> Pritisk lahko pomaga izbolj\u0161ati koncentracijo in pozornost.<\/span><span class=\"button-container hide-from-message-actions ng-star-inserted\">\u00a0 \u00a0<\/span>\n<div class=\"container ng-tns-c2946245707-180 hide\">\n<div class=\"carousel-container ng-tns-c2946245707-180\"><\/div>\n<\/div>\n<\/li>\n<li data-sourcepos=\"29:1-30:0\"><strong><span class=\"citation-12 recitation\">Zmanj\u0161anje stresa:<\/span><\/strong><span class=\"citation-12 recitation citation-end-12\"> Pomirjujo\u010d u\u010dinek te\u017ee lahko pomaga zmanj\u0161ati raven stresa.<\/span><span class=\"button-container hide-from-message-actions ng-star-inserted\">\u00a0<\/span>\n<div class=\"container ng-tns-c2946245707-181 hide\">\n<div class=\"carousel-container ng-tns-c2946245707-181\"><\/div>\n<\/div>\n<\/li>\n<\/ul>\n<p data-sourcepos=\"31:1-31:269\">\u010ce i\u0161\u010dete naravni na\u010din za zmanj\u0161anje stresa in tesnobe, je lahko za vas dobra izbira obte\u017eena jopa s kapuco. Vendar se je pomembno, da se pred uporabo obte\u017eenega izdelka posvetujete z zdravstvenim delavcem, zlasti \u010de imate kakr\u0161no koli osnovno zdravstveno stanje.<\/p>","protected":false},"excerpt":{"rendered":"<table style=\"height: 478px;\" width=\"402\">\n<tbody>\n<tr>\n<td width=\"146\"><strong><b>Izdelek<\/b><\/strong>\u00a0<strong><b>Ime:<\/b><\/strong><\/td>\n<td width=\"601\"><strong>Ute\u017eena jopa s kapuco<\/strong><\/td>\n<\/tr>\n<tr>\n<td width=\"146\"><strong><b>Materlal:<\/b><\/strong><\/td>\n<td width=\"601\">Poliester\/bomba\u017e<\/td>\n<\/tr>\n<tr>\n<td width=\"146\"><strong><b>Tehnika:<\/b><\/strong><\/td>\n<td width=\"601\">Tiskanje in barvanje<\/td>\n<\/tr>\n<tr>\n<td width=\"146\"><strong><b>Slog:<\/b><\/strong><\/td>\n<td width=\"601\">Prilo\u017enostno<\/td>\n<\/tr>\n<tr>\n<td width=\"146\"><strong><b>Barva<\/b><\/strong><strong><b>:<\/b><\/strong><\/td>\n<td width=\"601\">\u00a0Barve po meri<\/td>\n<\/tr>\n<tr>\n<td width=\"146\"><strong><b>Velikost:<\/b><\/strong><\/td>\n<td width=\"601\">S \/M \/L \/XL \/2XL<\/td>\n<\/tr>\n<tr>\n<td width=\"146\"><strong><b>OEM\/ODM:<\/b><\/strong><\/td>\n<td width=\"601\">Sprejemljivo<\/td>\n<\/tr>\n<tr>\n<td width=\"146\"><strong><b>Kakovost:<\/b><\/strong><\/td>\n<td width=\"601\">100% Visoka kakovost<\/td>\n<\/tr>\n<tr>\n<td width=\"146\"><strong><b>M<\/b><\/strong><strong><b>OQ:<\/b><\/strong><\/td>\n<td width=\"601\">200 kosov<\/td>\n<\/tr>\n<\/tbody>\n<\/table>","protected":false},"featured_media":1848,"template":"","meta":[],"product_brand":[],"product_cat":[38],"product_tag":[],"class_list":{"0":"post-1846","1":"product","2":"type-product","3":"status-publish","4":"has-post-thumbnail","6":"product_cat-mens-clothing","8":"first","9":"instock","10":"shipping-taxable","11":"product-type-simple"},"_links":{"self":[{"href":"https:\/\/mj-clothing.com\/sl\/wp-json\/wp\/v2\/product\/1846","targetHints":{"allow":["GET"]}}],"collection":[{"href":"https:\/\/mj-clothing.com\/sl\/wp-json\/wp\/v2\/product"}],"about":[{"href":"https:\/\/mj-clothing.com\/sl\/wp-json\/wp\/v2\/types\/product"}],"wp:featuredmedia":[{"embeddable":true,"href":"https:\/\/mj-clothing.com\/sl\/wp-json\/wp\/v2\/media\/1848"}],"wp:attachment":[{"href":"https:\/\/mj-clothing.com\/sl\/wp-json\/wp\/v2\/media?parent=1846"}],"wp:term":[{"taxonomy":"product_brand","embeddable":true,"href":"https:\/\/mj-clothing.com\/sl\/wp-json\/wp\/v2\/product_brand?post=1846"},{"taxonomy":"product_cat","embeddable":true,"href":"https:\/\/mj-clothing.com\/sl\/wp-json\/wp\/v2\/product_cat?post=1846"},{"taxonomy":"product_tag","embeddable":true,"href":"https:\/\/mj-clothing.com\/sl\/wp-json\/wp\/v2\/product_tag?post=1846"}],"curies":[{"name":"wp","href":"https:\/\/api.w.org\/{rel}","templated":true}]}}