{"id":1853,"date":"2024-12-16T06:19:44","date_gmt":"2024-12-16T06:19:44","guid":{"rendered":"https:\/\/mj-clothing.com\/?post_type=product&#038;p=1853"},"modified":"2024-12-17T06:22:58","modified_gmt":"2024-12-17T06:22:58","slug":"drake-hoodie","status":"publish","type":"product","link":"https:\/\/mj-clothing.com\/sl\/manufacturer\/drake-hoodie\/","title":{"rendered":"Mikina s kapuco Drake"},"content":{"rendered":"<p data-sourcepos=\"1:1-1:226\"><span class=\"citation-0 recitation citation-end-0\">Drake Hoodie, znani kanadski raper, je navdihnil vrsto izdelkov, vklju\u010dno s kapucami.<\/span> <span class=\"citation-1 recitation citation-end-1\">Na teh majicah s kapuco je pogosto njegov ikoni\u010dni logotip, obloga albuma ali besedilo, kar pritegne njegovo predano bazo obo\u017eevalcev.<\/span><\/p>\n<h3 data-sourcepos=\"1:1-1:226\"><strong>Klju\u010dne lastnosti kapuce Drake:<\/strong><\/h3>\n<ul data-sourcepos=\"5:1-9:0\">\n<li data-sourcepos=\"5:1-5:125\"><strong><span class=\"citation-2 recitation\">Visokokakovostni material:<\/span><\/strong><span class=\"citation-2 recitation citation-end-2\"> Pogosto so izdelane iz vrhunskih materialov, kot sta bomba\u017e ali flis za udobje in vzdr\u017eljivost.<\/span><span class=\"button-container hide-from-message-actions ng-star-inserted\"> \u00a0<\/span><\/li>\n<li data-sourcepos=\"5:1-5:125\"><span class=\"button-container hide-from-message-actions ng-star-inserted\"><strong style=\"font-size: 14.4px;\"><span class=\"citation-3 recitation\">Elegantno oblikovanje:<\/span><\/strong><span class=\"citation-3 recitation citation-end-3\" style=\"font-size: 14.4px;\"> Vklju\u010duje modne modele, drzne grafike in zna\u010dilno estetiko znamke Drake.<\/span><span class=\"button-container hide-from-message-actions ng-star-inserted\" style=\"font-size: 14.4px;\"> \u00a0<\/span><\/span>\n<div class=\"container ng-tns-c2946245707-199 hide\">\n<div class=\"carousel-container ng-tns-c2946245707-199\"><\/div>\n<\/div>\n<\/li>\n<li data-sourcepos=\"7:1-7:80\"><strong>Udobno prileganje:<\/strong> Zagotavlja spro\u0161\u010deno in udobno prileganje za vsakodnevno no\u0161enje.<\/li>\n<li data-sourcepos=\"8:1-9:0\"><strong>Privla\u010dnost za obo\u017eevalce:<\/strong> <span class=\"citation-4 recitation citation-end-4\">Vsebuje ikoni\u010dne podobe in blagovno znamko Drake.<\/span><span class=\"button-container hide-from-message-actions ng-star-inserted\"> \u00a0<\/span>\n<div class=\"container ng-tns-c2946245707-200 hide\">\n<div class=\"carousel-container ng-tns-c2946245707-200\"><\/div>\n<\/div>\n<\/li>\n<\/ul>\n<h3 data-sourcepos=\"10:1-10:32\"><strong>Kje kupiti kapuco Drake:<\/strong><\/h3>\n<ul data-sourcepos=\"12:1-15:0\">\n<li data-sourcepos=\"12:1-12:146\"><strong>Uradne trgovine z blagom:<\/strong> <span class=\"citation-5 recitation citation-end-5\">V Drakeovi uradni trgovini z blagom ali pri poobla\u0161\u010denih prodajalcih na drobno so pogosto na voljo uradno licencirane jopice s kapuco.<\/span><span class=\"button-container hide-from-message-actions ng-star-inserted\">\u00a0 \u00a0<\/span>\n<div class=\"container ng-tns-c2946245707-201 hide\">\n<div class=\"carousel-container ng-tns-c2946245707-201\"><\/div>\n<\/div>\n<\/li>\n<li data-sourcepos=\"13:1-13:162\"><strong><span class=\"citation-6 recitation\">Spletne tr\u017enice:<\/span><\/strong><span class=\"citation-6 recitation citation-end-6\"> Platforme, kot so eBay, StockX in Grailed, ponujajo \u0161iroko paleto obla\u010dil Drake -hoodies, vklju\u010dno z omejenimi izdajami in starinskimi izdelki.<\/span><span class=\"button-container hide-from-message-actions ng-star-inserted\"> \u00a0<\/span>\n<div class=\"container ng-tns-c2946245707-202 hide\">\n<div class=\"carousel-container ng-tns-c2946245707-202\"><\/div>\n<\/div>\n<\/li>\n<li data-sourcepos=\"14:1-15:0\"><strong>Trgovine za preprodajo:<\/strong> Za morebitne najdbe poi\u0161\u010dite lokalne butike z obla\u010dili in trgovine za preprodajo.<\/li>\n<\/ul>\n<h3 data-sourcepos=\"16:1-16:35\"><strong>Nasveti za nakup kapuce Drake:<\/strong><\/h3>\n<ul data-sourcepos=\"18:1-22:0\">\n<li data-sourcepos=\"18:1-18:101\"><strong>Avtenti\u010dnost:<\/strong> Preverite pristnost mikine s kapuco, tako da preverite, ali ima uradne oznake in blagovno znamko.<\/li>\n<li data-sourcepos=\"19:1-19:85\"><strong>Stanje:<\/strong> \u010ce kupujete rabljeno majico s kapuco, preverite, ali ima znake obrabe ali po\u0161kodb.<\/li>\n<li data-sourcepos=\"20:1-20:84\"><strong>Velikost:<\/strong> Za zagotovitev ustreznega prileganja si oglejte tabelo velikosti, ki jo je pripravil prodajalec.<\/li>\n<li data-sourcepos=\"21:1-22:0\"><strong>Cena:<\/strong> Razi\u0161\u010dite trenutne tr\u017ene cene, da se izognete prepla\u010dilu.<\/li>\n<\/ul>\n<p data-sourcepos=\"23:1-23:123\">Z upo\u0161tevanjem teh nasvetov lahko najdete popolno majico s kapuco Drake, s katero boste pokazali svojo ljubezen do umetnika in izbolj\u0161ali svoj slog.<\/p>","protected":false},"excerpt":{"rendered":"<table style=\"height: 547px;\" width=\"443\">\n<tbody>\n<tr>\n<td width=\"146\"><strong><b>Izdelek<\/b><\/strong>\u00a0<strong><b>Ime:<\/b><\/strong><\/td>\n<td width=\"601\"><strong>Mikina s kapuco Drake<\/strong><\/td>\n<\/tr>\n<tr>\n<td width=\"146\"><strong><b>Materlal:<\/b><\/strong><\/td>\n<td width=\"601\">Poliester\/bomba\u017e<\/td>\n<\/tr>\n<tr>\n<td width=\"146\"><strong><b>Tehnika:<\/b><\/strong><\/td>\n<td width=\"601\">Tiskanje in barvanje<\/td>\n<\/tr>\n<tr>\n<td width=\"146\"><strong><b>Slog:<\/b><\/strong><\/td>\n<td width=\"601\">Prilo\u017enostno<\/td>\n<\/tr>\n<tr>\n<td width=\"146\"><strong><b>Barva<\/b><\/strong><strong><b>:<\/b><\/strong><\/td>\n<td width=\"601\">\u00a0\u010crna in barve po meri<\/td>\n<\/tr>\n<tr>\n<td width=\"146\"><strong><b>Velikost:<\/b><\/strong><\/td>\n<td width=\"601\">S \/M \/L \/XL \/2XL<\/td>\n<\/tr>\n<tr>\n<td width=\"146\"><strong><b>OEM\/ODM:<\/b><\/strong><\/td>\n<td width=\"601\">Sprejemljivo<\/td>\n<\/tr>\n<tr>\n<td width=\"146\"><strong><b>Kakovost:<\/b><\/strong><\/td>\n<td width=\"601\">100% Visoka kakovost<\/td>\n<\/tr>\n<tr>\n<td width=\"146\"><strong><b>M<\/b><\/strong><strong><b>OQ:<\/b><\/strong><\/td>\n<td width=\"601\">200 kosov<\/td>\n<\/tr>\n<\/tbody>\n<\/table>","protected":false},"featured_media":1857,"template":"","meta":[],"product_brand":[],"product_cat":[38],"product_tag":[],"class_list":{"0":"post-1853","1":"product","2":"type-product","3":"status-publish","4":"has-post-thumbnail","6":"product_cat-mens-clothing","8":"first","9":"instock","10":"shipping-taxable","11":"product-type-simple"},"_links":{"self":[{"href":"https:\/\/mj-clothing.com\/sl\/wp-json\/wp\/v2\/product\/1853","targetHints":{"allow":["GET"]}}],"collection":[{"href":"https:\/\/mj-clothing.com\/sl\/wp-json\/wp\/v2\/product"}],"about":[{"href":"https:\/\/mj-clothing.com\/sl\/wp-json\/wp\/v2\/types\/product"}],"wp:featuredmedia":[{"embeddable":true,"href":"https:\/\/mj-clothing.com\/sl\/wp-json\/wp\/v2\/media\/1857"}],"wp:attachment":[{"href":"https:\/\/mj-clothing.com\/sl\/wp-json\/wp\/v2\/media?parent=1853"}],"wp:term":[{"taxonomy":"product_brand","embeddable":true,"href":"https:\/\/mj-clothing.com\/sl\/wp-json\/wp\/v2\/product_brand?post=1853"},{"taxonomy":"product_cat","embeddable":true,"href":"https:\/\/mj-clothing.com\/sl\/wp-json\/wp\/v2\/product_cat?post=1853"},{"taxonomy":"product_tag","embeddable":true,"href":"https:\/\/mj-clothing.com\/sl\/wp-json\/wp\/v2\/product_tag?post=1853"}],"curies":[{"name":"wp","href":"https:\/\/api.w.org\/{rel}","templated":true}]}}