{"id":1859,"date":"2024-12-16T06:23:43","date_gmt":"2024-12-16T06:23:43","guid":{"rendered":"https:\/\/mj-clothing.com\/?post_type=product&#038;p=1859"},"modified":"2024-12-17T06:20:37","modified_gmt":"2024-12-17T06:20:37","slug":"white-crew-neck-sweatshirt","status":"publish","type":"product","link":"https:\/\/mj-clothing.com\/sl\/manufacturer\/white-crew-neck-sweatshirt\/","title":{"rendered":"Bela majica s posadko pri vratu"},"content":{"rendered":"<p data-sourcepos=\"1:1-1:170\"><span class=\"citation-0 recitation citation-end-0\">Bela majica z vratom je klasi\u010den in vsestranski kos obla\u010dila, ki ga lahko oble\u010dete navzgor ali navzdol.<\/span> To je osnovni kos garderobe, ki ga lahko nosite vse leto.<span class=\"button-container hide-from-message-actions ng-star-inserted\"> \u00a0<\/span><\/p>\n<h3 data-sourcepos=\"3:1-3:49\"><strong>Klju\u010dne lastnosti bele mikice z vratom:<\/strong><\/h3>\n<ul data-sourcepos=\"5:1-9:0\">\n<li data-sourcepos=\"5:1-5:89\"><strong>Enostavno oblikovanje:<\/strong> Klasi\u010dna, minimalisti\u010dna oblika z okroglim izrezom in dolgimi rokavi.<\/li>\n<li data-sourcepos=\"6:1-6:97\"><strong>Udobje:<\/strong> <span class=\"citation-1 recitation citation-end-1\">Obi\u010dajno so narejene iz mehkih, zra\u010dnih materialov, kot sta bomba\u017e ali flis.<\/span><span class=\"button-container hide-from-message-actions ng-star-inserted\"> \u00a0<\/span>\n<div class=\"container ng-tns-c2946245707-216 hide\">\n<div class=\"carousel-container ng-tns-c2946245707-216\"><\/div>\n<\/div>\n<\/li>\n<li data-sourcepos=\"7:1-7:91\"><strong><span class=\"citation-2 recitation\">Vsestranskost:<\/span><\/strong><span class=\"citation-2 recitation citation-end-2\"> Lahko jih kombinirate s kavbojkami, gama\u0161ami, krili ali hla\u010dami za obleko.<\/span>\n<div class=\"container ng-tns-c2946245707-217 hide\">\n<div class=\"carousel-container ng-tns-c2946245707-217\"><\/div>\n<\/div>\n<\/li>\n<li data-sourcepos=\"8:1-9:0\"><strong>Brez\u010dasno:<\/strong> Brez\u010dasen kos, ki nikoli ne gre iz mode.<\/li>\n<\/ul>\n<h3 data-sourcepos=\"10:1-10:46\"><strong>Kako stilirati belo jopico z vratom:<\/strong><\/h3>\n<p data-sourcepos=\"12:1-12:66\">Tukaj je nekaj idej, kako oblikovati belo majico z vratom:<\/p>\n<ul data-sourcepos=\"14:1-18:0\">\n<li data-sourcepos=\"14:1-14:67\"><strong>Prilo\u017enostno:<\/strong> Zdru\u017eite jo s kavbojkami in \u0161portnimi copati za spro\u0161\u010den videz.<\/li>\n<li data-sourcepos=\"15:1-15:69\"><strong>\u0160portno:<\/strong> Nosite jo s trenirko ali gama\u0161ami in \u0161portnimi copati.<\/li>\n<li data-sourcepos=\"16:1-16:73\"><strong>Prilo\u017enostna obleka:<\/strong> Oblecite jo z blazerjem, hla\u010dami in mokasini.<\/li>\n<li data-sourcepos=\"17:1-18:0\"><strong>Ve\u010dplastno:<\/strong> Za eleganten videz jo oblecite pod jakno iz d\u017einsa ali usnjeno jakno.<\/li>\n<\/ul>\n<h3 data-sourcepos=\"19:1-19:51\"><strong>Nasveti za izbiro bele majice z vratom:<\/strong><\/h3>\n<ul data-sourcepos=\"21:1-24:0\">\n<li data-sourcepos=\"21:1-21:88\"><strong>Material:<\/strong> Poi\u0161\u010dite mehak in kakovosten material, ki bo udoben za no\u0161enje.<\/li>\n<li data-sourcepos=\"22:1-22:109\"><strong>Prileganje:<\/strong> Izberite kroj, ki ustreza va\u0161emu osebnemu slogu. Izberete lahko spro\u0161\u010den ali bolj prilegajo\u010d se slog.<\/li>\n<li data-sourcepos=\"23:1-24:0\"><strong>Nega:<\/strong> \u010ce \u017eelite, da bo va\u0161a majica vedno videti kar najbolje, upo\u0161tevajte navodila za nego na etiketi.<\/li>\n<\/ul>\n<p data-sourcepos=\"25:1-25:101\">Z upo\u0161tevanjem teh nasvetov lahko poi\u0161\u010dete popolno belo jopico z vogalom, ki jo boste dodali v svojo garderobo.<\/p>","protected":false},"excerpt":{"rendered":"<table style=\"height: 481px;\" width=\"465\">\n<tbody>\n<tr>\n<td width=\"146\"><strong><b>Izdelek<\/b><\/strong>\u00a0<strong><b>Ime:<\/b><\/strong><\/td>\n<td width=\"601\"><strong>Bela majica s posadko pri vratu<\/strong><\/td>\n<\/tr>\n<tr>\n<td width=\"146\"><strong><b>Materlal:<\/b><\/strong><\/td>\n<td width=\"601\">Poliester\/bomba\u017e<\/td>\n<\/tr>\n<tr>\n<td width=\"146\"><strong><b>Tehnika:<\/b><\/strong><\/td>\n<td width=\"601\">Tiskanje in barvanje<\/td>\n<\/tr>\n<tr>\n<td width=\"146\"><strong><b>Slog:<\/b><\/strong><\/td>\n<td width=\"601\">Prilo\u017enostno<\/td>\n<\/tr>\n<tr>\n<td width=\"146\"><strong><b>Barva<\/b><\/strong><strong><b>:<\/b><\/strong><\/td>\n<td width=\"601\">\u00a0Barve po meri<\/td>\n<\/tr>\n<tr>\n<td width=\"146\"><strong><b>Velikost:<\/b><\/strong><\/td>\n<td width=\"601\">S \/M \/L \/XL \/2XL<\/td>\n<\/tr>\n<tr>\n<td width=\"146\"><strong><b>OEM\/ODM:<\/b><\/strong><\/td>\n<td width=\"601\">Sprejemljivo<\/td>\n<\/tr>\n<tr>\n<td width=\"146\"><strong><b>Kakovost:<\/b><\/strong><\/td>\n<td width=\"601\">100% Visoka kakovost<\/td>\n<\/tr>\n<tr>\n<td width=\"146\"><strong><b>M<\/b><\/strong><strong><b>OQ:<\/b><\/strong><\/td>\n<td width=\"601\">200 kosov<\/td>\n<\/tr>\n<\/tbody>\n<\/table>","protected":false},"featured_media":1860,"template":"","meta":[],"product_brand":[],"product_cat":[38],"product_tag":[],"class_list":{"0":"post-1859","1":"product","2":"type-product","3":"status-publish","4":"has-post-thumbnail","6":"product_cat-mens-clothing","8":"first","9":"instock","10":"shipping-taxable","11":"product-type-simple"},"_links":{"self":[{"href":"https:\/\/mj-clothing.com\/sl\/wp-json\/wp\/v2\/product\/1859","targetHints":{"allow":["GET"]}}],"collection":[{"href":"https:\/\/mj-clothing.com\/sl\/wp-json\/wp\/v2\/product"}],"about":[{"href":"https:\/\/mj-clothing.com\/sl\/wp-json\/wp\/v2\/types\/product"}],"wp:featuredmedia":[{"embeddable":true,"href":"https:\/\/mj-clothing.com\/sl\/wp-json\/wp\/v2\/media\/1860"}],"wp:attachment":[{"href":"https:\/\/mj-clothing.com\/sl\/wp-json\/wp\/v2\/media?parent=1859"}],"wp:term":[{"taxonomy":"product_brand","embeddable":true,"href":"https:\/\/mj-clothing.com\/sl\/wp-json\/wp\/v2\/product_brand?post=1859"},{"taxonomy":"product_cat","embeddable":true,"href":"https:\/\/mj-clothing.com\/sl\/wp-json\/wp\/v2\/product_cat?post=1859"},{"taxonomy":"product_tag","embeddable":true,"href":"https:\/\/mj-clothing.com\/sl\/wp-json\/wp\/v2\/product_tag?post=1859"}],"curies":[{"name":"wp","href":"https:\/\/api.w.org\/{rel}","templated":true}]}}