{"id":1861,"date":"2024-12-16T06:40:02","date_gmt":"2024-12-16T06:40:02","guid":{"rendered":"https:\/\/mj-clothing.com\/?post_type=product&#038;p=1861"},"modified":"2024-12-17T06:17:43","modified_gmt":"2024-12-17T06:17:43","slug":"couple-sweatshirt","status":"publish","type":"product","link":"https:\/\/mj-clothing.com\/sl\/manufacturer\/couple-sweatshirt\/","title":{"rendered":"Par jopica s kratkimi rokavi"},"content":{"rendered":"<p data-sourcepos=\"1:1-1:238\">Mikine za pare so priljubljen trend, ki parom omogo\u010da, da svojo ljubezen in povezanost izrazijo z ujemajo\u010dimi se ali dopolnjujo\u010dimi se obla\u010dili. Na voljo so v razli\u010dnih slogih, barvah in vzorcih, ki ustrezajo razli\u010dnim \u017eeljam in prilo\u017enostim.<\/p>\n<h3 data-sourcepos=\"3:1-3:39\"><strong>Klju\u010dne lastnosti jopic za pare:<\/strong><\/h3>\n<ul data-sourcepos=\"5:1-10:0\">\n<li data-sourcepos=\"5:1-5:109\"><strong>Ujemanje modelov:<\/strong> Pogosto imajo ujemajo\u010de se vzorce, barve ali fraze, ki simbolizirajo vez para.<\/li>\n<li data-sourcepos=\"6:1-6:134\"><strong>Dopolnilne zasnove:<\/strong> Lahko imajo razli\u010dne, vendar povezane vzorce, kot so \"kralj\" in \"kraljica\", \"jin\" in \"jang\" ali \"ona\" in \"on\".<\/li>\n<li data-sourcepos=\"7:1-7:105\"><strong>Prilagojena sporo\u010dila:<\/strong> Prilagodite ga lahko z imeni, za\u010detnicami, posebnimi datumi ali osebnimi sporo\u010dili.<\/li>\n<li data-sourcepos=\"8:1-8:95\"><strong>Udobni materiali:<\/strong> Obi\u010dajno so narejene iz mehkih in udobnih materialov, kot sta bomba\u017e ali flis.<\/li>\n<li data-sourcepos=\"9:1-10:0\"><strong>Vsestranski slogi:<\/strong> Na voljo so razli\u010dni slogi, vklju\u010dno s kapucami, majicami s kapuco in puloverji.<\/li>\n<\/ul>\n<h3 data-sourcepos=\"11:1-11:36\"><strong>Kje kupiti majice za pare:<\/strong><\/h3>\n<ul data-sourcepos=\"13:1-16:0\">\n<li data-sourcepos=\"13:1-13:121\"><strong>Spletni trgovci na drobno:<\/strong> Spletna mesta, kot so Etsy, Amazon in specializirane trgovine z obla\u010dili za pare, ponujajo \u0161iroko paleto mo\u017enosti.<\/li>\n<li data-sourcepos=\"14:1-14:94\"><strong>Fizi\u010dne trgovine:<\/strong> Obi\u0161\u010dite lokalne butike in veleblagovnice za osebno nakupovanje.<\/li>\n<li data-sourcepos=\"15:1-16:0\"><strong>Storitve tiskanja po meri:<\/strong> Ustvarite lastne personalizirane majice za pare z vzorci in sporo\u010dili po meri.<\/li>\n<\/ul>\n<h3 data-sourcepos=\"17:1-17:41\"><strong>Nasveti za izbiro jopi\u010dev za pare:<\/strong><\/h3>\n<ul data-sourcepos=\"19:1-24:0\">\n<li data-sourcepos=\"19:1-19:99\"><strong>Upo\u0161tevajte svoj slog:<\/strong> Izberite slog, ki odra\u017ea va\u0161e osebne preference in prilo\u017enost.<\/li>\n<li data-sourcepos=\"20:1-20:97\"><strong>Izberite pravi material:<\/strong> Izberite udobne in trpe\u017ene materiale, kot sta bomba\u017e ali flis.<\/li>\n<li data-sourcepos=\"21:1-21:65\"><strong>Preverite velikost:<\/strong> Poskrbite za natan\u010dno dolo\u010danje velikosti za oba partnerja.<\/li>\n<li data-sourcepos=\"22:1-22:89\"><strong>Prilagodite svoje majice:<\/strong> Dodajte osebno noto s sporo\u010dili ali vzorci po meri.<\/li>\n<li data-sourcepos=\"23:1-24:0\"><strong>Usklajevanje s partnerjem:<\/strong> Pogovorite se o svojih \u017eeljah in uskladite obla\u010dila.<\/li>\n<\/ul>\n<p data-sourcepos=\"25:1-25:123\">Z izbiro pravih bluz za pare lahko ustvarite edinstven in eleganten videz, ki odra\u017ea va\u0161o ljubezen in povezanost.<\/p>","protected":false},"excerpt":{"rendered":"<table style=\"height: 499px;\" width=\"433\">\n<tbody>\n<tr>\n<td width=\"146\"><strong><b>Izdelek<\/b><\/strong>\u00a0<strong><b>Ime:<\/b><\/strong><\/td>\n<td width=\"601\"><strong>Par jopica s kratkimi rokavi<\/strong><\/td>\n<\/tr>\n<tr>\n<td width=\"146\"><strong><b>Materlal:<\/b><\/strong><\/td>\n<td width=\"601\">Poliester\/bomba\u017e<\/td>\n<\/tr>\n<tr>\n<td width=\"146\"><strong><b>Tehnika:<\/b><\/strong><\/td>\n<td width=\"601\">Tiskanje in barvanje<\/td>\n<\/tr>\n<tr>\n<td width=\"146\"><strong><b>Slog:<\/b><\/strong><\/td>\n<td width=\"601\">Prilo\u017enostno<\/td>\n<\/tr>\n<tr>\n<td width=\"146\"><strong><b>Barva<\/b><\/strong><strong><b>:<\/b><\/strong><\/td>\n<td width=\"601\">\u00a0Barve po meri<\/td>\n<\/tr>\n<tr>\n<td width=\"146\"><strong><b>Velikost:<\/b><\/strong><\/td>\n<td width=\"601\">S \/M \/L \/XL \/2XL<\/td>\n<\/tr>\n<tr>\n<td width=\"146\"><strong><b>OEM\/ODM:<\/b><\/strong><\/td>\n<td width=\"601\">Sprejemljivo<\/td>\n<\/tr>\n<tr>\n<td width=\"146\"><strong><b>Kakovost:<\/b><\/strong><\/td>\n<td width=\"601\">100% Visoka kakovost<\/td>\n<\/tr>\n<tr>\n<td width=\"146\"><strong><b>M<\/b><\/strong><strong><b>OQ:<\/b><\/strong><\/td>\n<td width=\"601\">200 kosov<\/td>\n<\/tr>\n<\/tbody>\n<\/table>","protected":false},"featured_media":1862,"template":"","meta":[],"product_brand":[],"product_cat":[38],"product_tag":[],"class_list":{"0":"post-1861","1":"product","2":"type-product","3":"status-publish","4":"has-post-thumbnail","6":"product_cat-mens-clothing","8":"first","9":"instock","10":"shipping-taxable","11":"product-type-simple"},"_links":{"self":[{"href":"https:\/\/mj-clothing.com\/sl\/wp-json\/wp\/v2\/product\/1861","targetHints":{"allow":["GET"]}}],"collection":[{"href":"https:\/\/mj-clothing.com\/sl\/wp-json\/wp\/v2\/product"}],"about":[{"href":"https:\/\/mj-clothing.com\/sl\/wp-json\/wp\/v2\/types\/product"}],"wp:featuredmedia":[{"embeddable":true,"href":"https:\/\/mj-clothing.com\/sl\/wp-json\/wp\/v2\/media\/1862"}],"wp:attachment":[{"href":"https:\/\/mj-clothing.com\/sl\/wp-json\/wp\/v2\/media?parent=1861"}],"wp:term":[{"taxonomy":"product_brand","embeddable":true,"href":"https:\/\/mj-clothing.com\/sl\/wp-json\/wp\/v2\/product_brand?post=1861"},{"taxonomy":"product_cat","embeddable":true,"href":"https:\/\/mj-clothing.com\/sl\/wp-json\/wp\/v2\/product_cat?post=1861"},{"taxonomy":"product_tag","embeddable":true,"href":"https:\/\/mj-clothing.com\/sl\/wp-json\/wp\/v2\/product_tag?post=1861"}],"curies":[{"name":"wp","href":"https:\/\/api.w.org\/{rel}","templated":true}]}}