{"id":1864,"date":"2024-12-16T06:43:48","date_gmt":"2024-12-16T06:43:48","guid":{"rendered":"https:\/\/mj-clothing.com\/?post_type=product&#038;p=1864"},"modified":"2024-12-17T03:58:09","modified_gmt":"2024-12-17T03:58:09","slug":"collared-sweatshirt","status":"publish","type":"product","link":"https:\/\/mj-clothing.com\/sl\/manufacturer\/collared-sweatshirt\/","title":{"rendered":"Ovratna majica s kratkimi rokavi"},"content":{"rendered":"<p data-sourcepos=\"1:1-1:242\">Mikina z ovratnikom, znana tudi kot mikina s kratkim vratom ali mikina z rolojem, je vsestranski kos obla\u010dila, ki zdru\u017euje udobje mikine in slog ovratnika. Je priljubljena izbira tako za prilo\u017enostne kot polformalne prilo\u017enosti.<\/p>\n<h3 data-sourcepos=\"3:1-3:42\"><strong>Klju\u010dne zna\u010dilnosti jopice s karirastim vzorcem:<\/strong><\/h3>\n<ul data-sourcepos=\"5:1-9:0\">\n<li data-sourcepos=\"5:1-5:174\"><strong>Ovratnik:<\/strong> Zna\u010dilnost bluze z ovratnikom je ovratnik, ki je lahko kratek in tesno prilegajo\u010d se vratu ali poln rolo (vi\u0161ji in bolj pokriven).<\/li>\n<li data-sourcepos=\"6:1-6:109\"><strong>Udoben material:<\/strong> Obi\u010dajno so narejene iz mehkih in toplih materialov, kot so bomba\u017e, flis ali me\u0161anica obeh.<\/li>\n<li data-sourcepos=\"7:1-7:96\"><strong>Vsestranski slog:<\/strong> Lahko jo oble\u010dete navzgor ali navzdol, zato je primerna za razli\u010dne prilo\u017enosti.<\/li>\n<li data-sourcepos=\"8:1-9:0\"><strong>Mo\u017enost plastenja:<\/strong> Lahko ga plastite z drugimi obla\u010dili, kot so majica, jakna ali telovnik.<\/li>\n<\/ul>\n<h3 data-sourcepos=\"10:1-10:39\"><strong>Kako stilirati majico z ovratnikom:<\/strong><\/h3>\n<p data-sourcepos=\"12:1-12:59\">Tukaj je nekaj idej, kako oblikovati majico z ovratnikom:<\/p>\n<ul data-sourcepos=\"14:1-18:0\">\n<li data-sourcepos=\"14:1-14:65\"><strong>Prilo\u017enostno:<\/strong> Zdru\u017eite jo s kavbojkami in supergami za spro\u0161\u010den videz.<\/li>\n<li data-sourcepos=\"15:1-15:68\"><strong>\u0160portno:<\/strong> Nosite ga s trenirko ali joggerji in \u0161portnimi copati.<\/li>\n<li data-sourcepos=\"16:1-16:73\"><strong>Prilo\u017enostna obleka:<\/strong> Oblecite jo z blazerjem, hla\u010dami in mokasini.<\/li>\n<li data-sourcepos=\"17:1-18:0\"><strong>Ve\u010dplastno:<\/strong> Za eleganten videz jo oblecite pod jakno iz d\u017einsa ali usnjeno jakno.<\/li>\n<\/ul>\n<h3 data-sourcepos=\"19:1-19:44\"><strong>Nasveti za izbiro majice z ovratnikom:<\/strong><\/h3>\n<ul data-sourcepos=\"21:1-25:0\">\n<li data-sourcepos=\"21:1-21:88\"><strong>Material:<\/strong> Poi\u0161\u010dite mehak in kakovosten material, ki bo udoben za no\u0161enje.<\/li>\n<li data-sourcepos=\"22:1-22:109\"><strong>Prileganje:<\/strong> Izberite kroj, ki ustreza va\u0161emu osebnemu slogu. Izberete lahko spro\u0161\u010den ali bolj prilegajo\u010d se slog.<\/li>\n<li data-sourcepos=\"23:1-23:103\"><strong>Barva:<\/strong> Upo\u0161tevajte barvo majice in kako bo dopolnjevala va\u0161a druga obla\u010dila.<\/li>\n<li data-sourcepos=\"24:1-25:0\"><strong>Na\u010din ovratnika:<\/strong> Odlo\u010dite se, kak\u0161en ovratnik vam je ljub\u0161i, ali gre za izrezan vrat ali popoln rolo.<\/li>\n<\/ul>\n<p data-sourcepos=\"26:1-26:94\">Z upo\u0161tevanjem teh nasvetov lahko najdete popolno jopico z ovratnikom, ki jo boste dodali v svojo garderobo.<\/p>","protected":false},"excerpt":{"rendered":"<table style=\"height: 544px;\" width=\"428\">\n<tbody>\n<tr>\n<td width=\"146\"><strong><b>Izdelek<\/b><\/strong>\u00a0<strong><b>Ime:<\/b><\/strong><\/td>\n<td width=\"601\"><strong>Ovratna majica s kratkimi rokavi<\/strong><\/td>\n<\/tr>\n<tr>\n<td width=\"146\"><strong><b>Materlal:<\/b><\/strong><\/td>\n<td width=\"601\">Poliester\/bomba\u017e<\/td>\n<\/tr>\n<tr>\n<td width=\"146\"><strong><b>Tehnika: <\/b><\/strong><\/td>\n<td width=\"601\">Tiskanje in barvanje<\/td>\n<\/tr>\n<tr>\n<td width=\"146\"><strong><b>Slog: <\/b><\/strong><\/td>\n<td width=\"601\">Prilo\u017enostno<\/td>\n<\/tr>\n<tr>\n<td width=\"146\"><strong><b>Barva<\/b><\/strong><strong><b>:<\/b><\/strong><\/td>\n<td width=\"601\">\u00a0Barve po meri<\/td>\n<\/tr>\n<tr>\n<td width=\"146\"><strong><b>Velikost:<\/b><\/strong><\/td>\n<td width=\"601\">S \/M \/L \/XL \/2XL<\/td>\n<\/tr>\n<tr>\n<td width=\"146\"><strong><b>OEM\/ODM:<\/b><\/strong><\/td>\n<td width=\"601\">Sprejemljivo<\/td>\n<\/tr>\n<tr>\n<td width=\"146\"><strong><b>Kakovost:<\/b><\/strong><\/td>\n<td width=\"601\">100% Visoka kakovost<\/td>\n<\/tr>\n<tr>\n<td width=\"146\"><strong><b>M<\/b><\/strong><strong><b>OQ:<\/b><\/strong><\/td>\n<td width=\"601\">200 kosov<\/td>\n<\/tr>\n<\/tbody>\n<\/table>","protected":false},"featured_media":1865,"template":"","meta":[],"product_brand":[],"product_cat":[38],"product_tag":[],"class_list":{"0":"post-1864","1":"product","2":"type-product","3":"status-publish","4":"has-post-thumbnail","6":"product_cat-mens-clothing","8":"first","9":"instock","10":"shipping-taxable","11":"product-type-simple"},"_links":{"self":[{"href":"https:\/\/mj-clothing.com\/sl\/wp-json\/wp\/v2\/product\/1864","targetHints":{"allow":["GET"]}}],"collection":[{"href":"https:\/\/mj-clothing.com\/sl\/wp-json\/wp\/v2\/product"}],"about":[{"href":"https:\/\/mj-clothing.com\/sl\/wp-json\/wp\/v2\/types\/product"}],"wp:featuredmedia":[{"embeddable":true,"href":"https:\/\/mj-clothing.com\/sl\/wp-json\/wp\/v2\/media\/1865"}],"wp:attachment":[{"href":"https:\/\/mj-clothing.com\/sl\/wp-json\/wp\/v2\/media?parent=1864"}],"wp:term":[{"taxonomy":"product_brand","embeddable":true,"href":"https:\/\/mj-clothing.com\/sl\/wp-json\/wp\/v2\/product_brand?post=1864"},{"taxonomy":"product_cat","embeddable":true,"href":"https:\/\/mj-clothing.com\/sl\/wp-json\/wp\/v2\/product_cat?post=1864"},{"taxonomy":"product_tag","embeddable":true,"href":"https:\/\/mj-clothing.com\/sl\/wp-json\/wp\/v2\/product_tag?post=1864"}],"curies":[{"name":"wp","href":"https:\/\/api.w.org\/{rel}","templated":true}]}}