{"id":1919,"date":"2024-12-16T08:23:18","date_gmt":"2024-12-16T08:23:18","guid":{"rendered":"https:\/\/mj-clothing.com\/?post_type=product&#038;p=1919"},"modified":"2024-12-17T03:44:00","modified_gmt":"2024-12-17T03:44:00","slug":"womens-pink-long-sleeve-tops","status":"publish","type":"product","link":"https:\/\/mj-clothing.com\/sl\/manufacturer\/womens-pink-long-sleeve-tops\/","title":{"rendered":"\u017denske roza dolgi rokav vrhovi"},"content":{"rendered":"<p data-sourcepos=\"1:1-1:189\">\u017denske ro\u017enate majice z dolgimi rokavi so vsestranska in elegantna izbira za \u017eenske. <span class=\"citation-0 recitation citation-end-0\">Na voljo so v razli\u010dnih odtenkih, od ne\u017enega rde\u010dkastega do \u017eivahnega vro\u010dega ro\u017enatega, in jih lahko oblikujete za razli\u010dne prilo\u017enosti.<\/span><span class=\"button-container hide-from-message-actions ng-star-inserted\"> \u00a0<\/span><\/p>\n<h3 data-sourcepos=\"5:1-5:54\">\u00a0 \u00a0 \u00a0 Tukaj je nekaj priljubljenih stilov \u017eenskih ro\u017enatih majic z dolgimi rokavi:<\/h3>\n<ul data-sourcepos=\"7:1-18:0\">\n<li data-sourcepos=\"7:1-9:0\">\n<p data-sourcepos=\"7:3-8:22\"><strong><span class=\"citation-1 recitation\">Bluze:<\/span><\/strong><span class=\"citation-1 recitation citation-end-1\"> Roza bluze so lahko izdelane iz razli\u010dnih tkanin, kot so svila, bomba\u017e ali lan.<\/span> Za eleganten in prefinjen videz jih lahko kombinirate s krili, hla\u010dami ali kavbojkami.<span class=\"button-container hide-from-message-actions ng-star-inserted\">\u00a0 \u00a0<\/span><\/p>\n<\/li>\n<li data-sourcepos=\"7:1-9:0\">\n<p data-sourcepos=\"7:3-8:22\"><strong style=\"font-size: 14.4px;\"><span class=\"citation-2 recitation\">Majice:<\/span><\/strong><span class=\"citation-2 recitation citation-end-2\" style=\"font-size: 14.4px;\"> Roza majice so prilo\u017enostna in udobna izbira, ki jo lahko kombinirate s kavbojkami, kratkimi hla\u010dami ali krili.<\/span><span class=\"button-container hide-from-message-actions ng-star-inserted\" style=\"font-size: 14.4px;\">\u00a0 \u00a0<\/span><\/p>\n<\/li>\n<li data-sourcepos=\"7:1-9:0\">\n<p data-sourcepos=\"7:3-8:22\"><strong style=\"font-size: 14.4px;\"><span class=\"citation-3 recitation\">Puloverji:<\/span><\/strong><span class=\"citation-3 recitation citation-end-3\" style=\"font-size: 14.4px;\"> Roza puloverji so kot nala\u0161\u010d za hladnej\u0161e vreme.<\/span><span style=\"font-size: 14.4px;\"> Nosite jih lahko s kavbojkami, gama\u0161ami ali krili.<\/span><\/p>\n<\/li>\n<li data-sourcepos=\"7:1-9:0\">\n<p data-sourcepos=\"7:3-8:22\"><strong style=\"font-size: 14.4px;\"><span class=\"citation-4 recitation\">Majice:<\/span><\/strong><span class=\"citation-4 recitation citation-end-4\" style=\"font-size: 14.4px;\"> Roza majice so vsestranski kos, ki ga lahko oble\u010dete pod druge majice ali nosite samostojno.<\/span><span class=\"button-container hide-from-message-actions ng-star-inserted\" style=\"font-size: 14.4px;\">\u00a0 \u00a0<\/span><\/p>\n<div class=\"container ng-tns-c2946245707-318 hide\">\n<div class=\"carousel-container ng-tns-c2946245707-318\"><\/div>\n<\/div>\n<div class=\"attachment-container search-images\">\n<div class=\"image-container hide-from-message-actions ng-star-inserted\">\n<div class=\"caption ellipsis gmat-caption ng-star-inserted\" aria-hidden=\"true\"><span style=\"font-size: 20.16px;\">Pri \u017eenskih roza majicah z dolgimi rokavi upo\u0161tevajte naslednje nasvete:<\/span><\/div>\n<\/div>\n<\/div>\n<\/li>\n<\/ul>\n<ul data-sourcepos=\"21:1-25:0\">\n<li data-sourcepos=\"21:1-21:94\"><strong>Dodajte dodatke:<\/strong> Dodajte dodatke, kot so ogrlice, uhani in \u0161ali, ki bodo izbolj\u0161ali va\u0161 videz.<\/li>\n<li data-sourcepos=\"22:1-22:121\"><strong>Igrajte se s teksturami:<\/strong> Me\u0161ajte in kombinirajte razli\u010dne teksture, kot so \u010dipka, \u017eamet ali pletenina, da ustvarite zanimive obleke.<\/li>\n<li data-sourcepos=\"23:1-23:114\"><strong>Eksperimentirajte z barvami:<\/strong> Roza majico kombinirajte z drugimi barvami, kot so \u010drna, bela ali d\u017eins, da boste imeli klasi\u010den videz.<\/li>\n<li data-sourcepos=\"24:1-25:0\"><strong>Bodite preprosti:<\/strong> \u010ce nosite drzno ro\u017enato majico, naj bo preostanek obla\u010dila preprost.<\/li>\n<\/ul>\n<p data-sourcepos=\"26:1-26:192\">Roza topi z dolgimi rokavi so vsestranska in elegantna izbira, ki jo lahko nosite za vsako prilo\u017enost. Z upo\u0161tevanjem teh nasvetov lahko ustvarite osupljive obleke, v katerih boste videti in se po\u010dutili najbolje.<\/p>","protected":false},"excerpt":{"rendered":"<table style=\"height: 488px;\" width=\"438\">\n<tbody>\n<tr>\n<td width=\"146\"><strong><b>Izdelek<\/b><\/strong>\u00a0<strong><b>Ime:<\/b><\/strong><\/td>\n<td width=\"601\"><strong>\u017denske roza dolgi rokav vrhovi<\/strong><\/td>\n<\/tr>\n<tr>\n<td width=\"146\"><strong><b>Materlal:<\/b><\/strong><\/td>\n<td width=\"601\">Pletenje<\/td>\n<\/tr>\n<tr>\n<td width=\"146\"><strong><b>Tehnika:<\/b><\/strong><\/td>\n<td width=\"601\">Izvezen<\/td>\n<\/tr>\n<tr>\n<td width=\"146\"><strong><b>Slog:<\/b><\/strong><\/td>\n<td width=\"601\">Prilo\u017enostno<\/td>\n<\/tr>\n<tr>\n<td width=\"146\"><strong><b>Barva<\/b><\/strong><strong><b>:<\/b><\/strong><\/td>\n<td width=\"601\">\u00a0Barve po meri<\/td>\n<\/tr>\n<tr>\n<td width=\"146\"><strong><b>Velikost:<\/b><\/strong><\/td>\n<td width=\"601\">S \/M \/L \/XL \/2XL<\/td>\n<\/tr>\n<tr>\n<td width=\"146\"><strong><b>OEM\/ODM:<\/b><\/strong><\/td>\n<td width=\"601\">Sprejemljivo<\/td>\n<\/tr>\n<tr>\n<td width=\"146\"><strong><b>Kakovost:<\/b><\/strong><\/td>\n<td width=\"601\">100% Visoka kakovost<\/td>\n<\/tr>\n<tr>\n<td width=\"146\"><strong><b>M<\/b><\/strong><strong><b>OQ:<\/b><\/strong><\/td>\n<td width=\"601\">200 kosov<\/td>\n<\/tr>\n<\/tbody>\n<\/table>","protected":false},"featured_media":1922,"template":"","meta":[],"product_brand":[],"product_cat":[39],"product_tag":[],"class_list":{"0":"post-1919","1":"product","2":"type-product","3":"status-publish","4":"has-post-thumbnail","6":"product_cat-womens-clothing","8":"first","9":"instock","10":"shipping-taxable","11":"product-type-simple"},"_links":{"self":[{"href":"https:\/\/mj-clothing.com\/sl\/wp-json\/wp\/v2\/product\/1919","targetHints":{"allow":["GET"]}}],"collection":[{"href":"https:\/\/mj-clothing.com\/sl\/wp-json\/wp\/v2\/product"}],"about":[{"href":"https:\/\/mj-clothing.com\/sl\/wp-json\/wp\/v2\/types\/product"}],"wp:featuredmedia":[{"embeddable":true,"href":"https:\/\/mj-clothing.com\/sl\/wp-json\/wp\/v2\/media\/1922"}],"wp:attachment":[{"href":"https:\/\/mj-clothing.com\/sl\/wp-json\/wp\/v2\/media?parent=1919"}],"wp:term":[{"taxonomy":"product_brand","embeddable":true,"href":"https:\/\/mj-clothing.com\/sl\/wp-json\/wp\/v2\/product_brand?post=1919"},{"taxonomy":"product_cat","embeddable":true,"href":"https:\/\/mj-clothing.com\/sl\/wp-json\/wp\/v2\/product_cat?post=1919"},{"taxonomy":"product_tag","embeddable":true,"href":"https:\/\/mj-clothing.com\/sl\/wp-json\/wp\/v2\/product_tag?post=1919"}],"curies":[{"name":"wp","href":"https:\/\/api.w.org\/{rel}","templated":true}]}}